{"id":30890,"date":"2023-07-13T16:21:28","date_gmt":"2023-07-13T15:21:28","guid":{"rendered":"https:\/\/raritywatches.com\/product\/charriol-geneva-bangle-ibiza\/"},"modified":"2023-07-13T16:21:28","modified_gmt":"2023-07-13T15:21:28","slug":"charriol-geneva-bangle-ibiza","status":"publish","type":"product","link":"https:\/\/raritywatches.com\/es\/producto\/charriol-geneva-bangle-ibiza\/","title":{"rendered":"Charriol Geneva Bangle Ibiza"},"content":{"rendered":"","protected":false},"excerpt":{"rendered":"<h2>Charriol Geneva Bangle Ibiza&#8217;<\/h2>\n<p>&nbsp;<\/p>\n<p>Un extraordinario cable de acero trenzado en PVD de oro amarillo de 5 mm con un elegante gancho y argolla de acero. La l\u00ednea de brazaletes Ibiza naci\u00f3 de la isla ba\u00f1ada por el sol, Ibiza &#8211; una elegancia n\u00e1utica atemporal con una gota de sol balear. Mucho antes de que una masa de multitudes palpitantes marcara un ritmo palpitante en la isla ba\u00f1ada por el sol, Ibiza era un antiguo puesto avanzado atrapado en los vientos cruzados de la actividad mar\u00edtima. Este popular destino cuenta con una larga historia de herencia marinera, ya que griegos y romanos, noruegos y musulmanes llegaron y conquistaron la escasa isla de pinos. El brazalete Ibiza, disponible en una mezcla de metales cl\u00e1sicos, es apilable.<\/p>\n","protected":false},"featured_media":30673,"comment_status":"open","ping_status":"closed","template":"","meta":{"om_disable_all_campaigns":false,"_monsterinsights_skip_tracking":false,"_monsterinsights_sitenote_active":false,"_monsterinsights_sitenote_note":"","_monsterinsights_sitenote_category":0},"product_brand":[],"product_cat":[635,612],"product_tag":[],"giftcard-category":[],"class_list":{"0":"post-30890","1":"product","2":"type-product","3":"status-publish","4":"has-post-thumbnail","6":"product_cat-joyas-charriol-ginebra","7":"product_cat-joyeria","9":"first","10":"instock","11":"taxable","12":"shipping-taxable","13":"purchasable","14":"product-type-simple"},"aioseo_notices":[],"_links":{"self":[{"href":"https:\/\/raritywatches.com\/es\/wp-json\/wp\/v2\/product\/30890","targetHints":{"allow":["GET"]}}],"collection":[{"href":"https:\/\/raritywatches.com\/es\/wp-json\/wp\/v2\/product"}],"about":[{"href":"https:\/\/raritywatches.com\/es\/wp-json\/wp\/v2\/types\/product"}],"replies":[{"embeddable":true,"href":"https:\/\/raritywatches.com\/es\/wp-json\/wp\/v2\/comments?post=30890"}],"version-history":[{"count":0,"href":"https:\/\/raritywatches.com\/es\/wp-json\/wp\/v2\/product\/30890\/revisions"}],"wp:featuredmedia":[{"embeddable":true,"href":"https:\/\/raritywatches.com\/es\/wp-json\/wp\/v2\/media\/30673"}],"wp:attachment":[{"href":"https:\/\/raritywatches.com\/es\/wp-json\/wp\/v2\/media?parent=30890"}],"wp:term":[{"taxonomy":"product_brand","embeddable":true,"href":"https:\/\/raritywatches.com\/es\/wp-json\/wp\/v2\/product_brand?post=30890"},{"taxonomy":"product_cat","embeddable":true,"href":"https:\/\/raritywatches.com\/es\/wp-json\/wp\/v2\/product_cat?post=30890"},{"taxonomy":"product_tag","embeddable":true,"href":"https:\/\/raritywatches.com\/es\/wp-json\/wp\/v2\/product_tag?post=30890"},{"taxonomy":"giftcard-category","embeddable":true,"href":"https:\/\/raritywatches.com\/es\/wp-json\/wp\/v2\/giftcard-category?post=30890"}],"curies":[{"name":"wp","href":"https:\/\/api.w.org\/{rel}","templated":true}]}}