{"id":30888,"date":"2023-07-13T16:26:09","date_gmt":"2023-07-13T15:26:09","guid":{"rendered":"https:\/\/raritywatches.com\/product\/charriol-geneva-bangle-celtic-clous\/"},"modified":"2023-07-13T16:26:09","modified_gmt":"2023-07-13T15:26:09","slug":"charriol-geneva-bangle-celtic-clous","status":"publish","type":"product","link":"https:\/\/raritywatches.com\/es\/producto\/charriol-geneva-bangle-celtic-clous\/","title":{"rendered":"Charriol Geneva Bangle Celtic Clous"},"content":{"rendered":"","protected":false},"excerpt":{"rendered":"<h2>Charriol Geneva Bangle Celtic Clous<\/h2>\n<p>&nbsp;<\/p>\n<p>Una pieza de joyer\u00eda de oro amarillo PVD y acero con un aire de irreverencia punk. La l\u00ednea de brazaletes Celtic Clous es una atrevida actualizaci\u00f3n de nuestro cl\u00e1sico brazalete de cable cruzado m\u00e1s vendido. Los extremos cil\u00edndricos y ondulados est\u00e1n perforados con tachuelas a juego y engarzados en un brillante cable de PVD de oro amarillo de 5 mm. Llevada sola o apilada, esta pulsera anuncia una din\u00e1mica declaraci\u00f3n de frescura femenina.<\/p>\n","protected":false},"featured_media":30679,"comment_status":"open","ping_status":"closed","template":"","meta":{"om_disable_all_campaigns":false,"_monsterinsights_skip_tracking":false,"_monsterinsights_sitenote_active":false,"_monsterinsights_sitenote_note":"","_monsterinsights_sitenote_category":0},"product_brand":[],"product_cat":[635,612],"product_tag":[],"giftcard-category":[],"class_list":{"0":"post-30888","1":"product","2":"type-product","3":"status-publish","4":"has-post-thumbnail","6":"product_cat-joyas-charriol-ginebra","7":"product_cat-joyeria","9":"first","10":"outofstock","11":"taxable","12":"shipping-taxable","13":"product-type-simple"},"aioseo_notices":[],"_links":{"self":[{"href":"https:\/\/raritywatches.com\/es\/wp-json\/wp\/v2\/product\/30888","targetHints":{"allow":["GET"]}}],"collection":[{"href":"https:\/\/raritywatches.com\/es\/wp-json\/wp\/v2\/product"}],"about":[{"href":"https:\/\/raritywatches.com\/es\/wp-json\/wp\/v2\/types\/product"}],"replies":[{"embeddable":true,"href":"https:\/\/raritywatches.com\/es\/wp-json\/wp\/v2\/comments?post=30888"}],"version-history":[{"count":0,"href":"https:\/\/raritywatches.com\/es\/wp-json\/wp\/v2\/product\/30888\/revisions"}],"wp:featuredmedia":[{"embeddable":true,"href":"https:\/\/raritywatches.com\/es\/wp-json\/wp\/v2\/media\/30679"}],"wp:attachment":[{"href":"https:\/\/raritywatches.com\/es\/wp-json\/wp\/v2\/media?parent=30888"}],"wp:term":[{"taxonomy":"product_brand","embeddable":true,"href":"https:\/\/raritywatches.com\/es\/wp-json\/wp\/v2\/product_brand?post=30888"},{"taxonomy":"product_cat","embeddable":true,"href":"https:\/\/raritywatches.com\/es\/wp-json\/wp\/v2\/product_cat?post=30888"},{"taxonomy":"product_tag","embeddable":true,"href":"https:\/\/raritywatches.com\/es\/wp-json\/wp\/v2\/product_tag?post=30888"},{"taxonomy":"giftcard-category","embeddable":true,"href":"https:\/\/raritywatches.com\/es\/wp-json\/wp\/v2\/giftcard-category?post=30888"}],"curies":[{"name":"wp","href":"https:\/\/api.w.org\/{rel}","templated":true}]}}