{"id":30882,"date":"2023-07-13T16:37:51","date_gmt":"2023-07-13T15:37:51","guid":{"rendered":"https:\/\/raritywatches.com\/product\/charriol-geneva-bracelet-biarritz\/"},"modified":"2023-07-13T16:37:51","modified_gmt":"2023-07-13T15:37:51","slug":"charriol-geneva-bracelet-biarritz-2","status":"publish","type":"product","link":"https:\/\/raritywatches.com\/es\/producto\/charriol-geneva-bracelet-biarritz-2\/","title":{"rendered":"Charriol Geneva Bracelet Biarritz"},"content":{"rendered":"","protected":false},"excerpt":{"rendered":"<h2>Charriol Geneva Bracelet Biarritz<\/h2>\n<p>&nbsp;<\/p>\n<p>Un brazalete que yuxtapone cinco cables trenzados de 1,5 mm en acabados acero y PVD oro amarillo y unidos por una original decoraci\u00f3n rectangular que integra discretamente su cierre en acero PVD oro amarillo. El brazalete Biarritz se inspira en los grandes palacios y la elegante arquitectura de los casinos por los que Biarritz, suntuosa estaci\u00f3n balnearia, es conocida en toda Europa. Durante siglos, una deslumbrante mezcla del m\u00e1s alto escal\u00f3n de la sociedad -patrones adinerados, artistas famosos y realeza europea- ha frecuentado la elegante costa fortificada por estas magn\u00edficas estructuras y sus playas leonadas.<\/p>\n","protected":false},"featured_media":30719,"comment_status":"open","ping_status":"closed","template":"","meta":{"om_disable_all_campaigns":false,"_monsterinsights_skip_tracking":false,"_monsterinsights_sitenote_active":false,"_monsterinsights_sitenote_note":"","_monsterinsights_sitenote_category":0},"product_brand":[],"product_cat":[635,612],"product_tag":[],"giftcard-category":[],"class_list":{"0":"post-30882","1":"product","2":"type-product","3":"status-publish","4":"has-post-thumbnail","6":"product_cat-joyas-charriol-ginebra","7":"product_cat-joyeria","9":"first","10":"instock","11":"taxable","12":"shipping-taxable","13":"purchasable","14":"product-type-simple"},"aioseo_notices":[],"_links":{"self":[{"href":"https:\/\/raritywatches.com\/es\/wp-json\/wp\/v2\/product\/30882","targetHints":{"allow":["GET"]}}],"collection":[{"href":"https:\/\/raritywatches.com\/es\/wp-json\/wp\/v2\/product"}],"about":[{"href":"https:\/\/raritywatches.com\/es\/wp-json\/wp\/v2\/types\/product"}],"replies":[{"embeddable":true,"href":"https:\/\/raritywatches.com\/es\/wp-json\/wp\/v2\/comments?post=30882"}],"version-history":[{"count":0,"href":"https:\/\/raritywatches.com\/es\/wp-json\/wp\/v2\/product\/30882\/revisions"}],"wp:featuredmedia":[{"embeddable":true,"href":"https:\/\/raritywatches.com\/es\/wp-json\/wp\/v2\/media\/30719"}],"wp:attachment":[{"href":"https:\/\/raritywatches.com\/es\/wp-json\/wp\/v2\/media?parent=30882"}],"wp:term":[{"taxonomy":"product_brand","embeddable":true,"href":"https:\/\/raritywatches.com\/es\/wp-json\/wp\/v2\/product_brand?post=30882"},{"taxonomy":"product_cat","embeddable":true,"href":"https:\/\/raritywatches.com\/es\/wp-json\/wp\/v2\/product_cat?post=30882"},{"taxonomy":"product_tag","embeddable":true,"href":"https:\/\/raritywatches.com\/es\/wp-json\/wp\/v2\/product_tag?post=30882"},{"taxonomy":"giftcard-category","embeddable":true,"href":"https:\/\/raritywatches.com\/es\/wp-json\/wp\/v2\/giftcard-category?post=30882"}],"curies":[{"name":"wp","href":"https:\/\/api.w.org\/{rel}","templated":true}]}}