{"id":30871,"date":"2023-07-13T17:11:11","date_gmt":"2023-07-13T16:11:11","guid":{"rendered":"https:\/\/raritywatches.com\/product\/charriol-geneva-st-tropez-watch-24-5mm\/"},"modified":"2023-07-13T17:11:11","modified_gmt":"2023-07-13T16:11:11","slug":"charriol-geneva-st-tropez-watch-24-5mm","status":"publish","type":"product","link":"https:\/\/raritywatches.com\/es\/producto\/charriol-geneva-st-tropez-watch-24-5mm\/","title":{"rendered":"Charriol Geneva St-Tropez watch 24.5mm"},"content":{"rendered":"","protected":false},"excerpt":{"rendered":"<h2>Charriol Geneva St-Tropez watch 24.5mm<\/h2>\n<p>&nbsp;<\/p>\n<p>Con su amor por el estilo, la belleza y la moda, es l\u00f3gico que CHARRIOL haya bautizado una colecci\u00f3n de relojes femeninos, St-Tropez\u00ae, con el nombre de la glamurosa ciudad mediterr\u00e1nea francesa. La variante 028 representa el modelo de tama\u00f1o medio de la colecci\u00f3n (24,5 mm).<\/p>\n","protected":false},"featured_media":30354,"comment_status":"open","ping_status":"closed","template":"","meta":{"om_disable_all_campaigns":false,"_monsterinsights_skip_tracking":false,"_monsterinsights_sitenote_active":false,"_monsterinsights_sitenote_note":"","_monsterinsights_sitenote_category":0},"product_brand":[],"product_cat":[605],"product_tag":[580,416],"giftcard-category":[],"class_list":{"0":"post-30871","1":"product","2":"type-product","3":"status-publish","4":"has-post-thumbnail","6":"product_cat-charriol-geneve-es","7":"product_tag-ladies-dress-watches-es","8":"product_tag-relojes-de-senora","10":"first","11":"instock","12":"taxable","13":"shipping-taxable","14":"purchasable","15":"product-type-simple"},"aioseo_notices":[],"_links":{"self":[{"href":"https:\/\/raritywatches.com\/es\/wp-json\/wp\/v2\/product\/30871","targetHints":{"allow":["GET"]}}],"collection":[{"href":"https:\/\/raritywatches.com\/es\/wp-json\/wp\/v2\/product"}],"about":[{"href":"https:\/\/raritywatches.com\/es\/wp-json\/wp\/v2\/types\/product"}],"replies":[{"embeddable":true,"href":"https:\/\/raritywatches.com\/es\/wp-json\/wp\/v2\/comments?post=30871"}],"version-history":[{"count":0,"href":"https:\/\/raritywatches.com\/es\/wp-json\/wp\/v2\/product\/30871\/revisions"}],"wp:featuredmedia":[{"embeddable":true,"href":"https:\/\/raritywatches.com\/es\/wp-json\/wp\/v2\/media\/30354"}],"wp:attachment":[{"href":"https:\/\/raritywatches.com\/es\/wp-json\/wp\/v2\/media?parent=30871"}],"wp:term":[{"taxonomy":"product_brand","embeddable":true,"href":"https:\/\/raritywatches.com\/es\/wp-json\/wp\/v2\/product_brand?post=30871"},{"taxonomy":"product_cat","embeddable":true,"href":"https:\/\/raritywatches.com\/es\/wp-json\/wp\/v2\/product_cat?post=30871"},{"taxonomy":"product_tag","embeddable":true,"href":"https:\/\/raritywatches.com\/es\/wp-json\/wp\/v2\/product_tag?post=30871"},{"taxonomy":"giftcard-category","embeddable":true,"href":"https:\/\/raritywatches.com\/es\/wp-json\/wp\/v2\/giftcard-category?post=30871"}],"curies":[{"name":"wp","href":"https:\/\/api.w.org\/{rel}","templated":true}]}}