{"id":30845,"date":"2023-07-14T09:32:52","date_gmt":"2023-07-14T08:32:52","guid":{"rendered":"https:\/\/raritywatches.com\/product\/charriol-geneva-necklace-shopping-in-paris\/"},"modified":"2025-05-14T11:23:50","modified_gmt":"2025-05-14T10:23:50","slug":"charriol-geneva-necklace-shopping-in-paris","status":"publish","type":"product","link":"https:\/\/raritywatches.com\/es\/producto\/charriol-geneva-necklace-shopping-in-paris\/","title":{"rendered":"Charriol Geneva Necklace Shopping in Paris"},"content":{"rendered":"","protected":false},"excerpt":{"rendered":"<h2>Charriol Geneva Necklace Shopping in Paris<\/h2>\n<p>&nbsp;<\/p>\n<p>Este collar Charriol est\u00e1 fabricado en lat\u00f3n con un brillante acabado en tono dorado e incorpora un colgante de bolso adornado con el logotipo de la marca. El ic\u00f3nico dise\u00f1o de c\u00edrculo de cable trenzado de la cadena a\u00f1ade un toque de sofisticaci\u00f3n.<\/p>\n<p>&nbsp;<\/p>\n","protected":false},"featured_media":30826,"comment_status":"open","ping_status":"closed","template":"","meta":{"om_disable_all_campaigns":false,"_monsterinsights_skip_tracking":false,"_monsterinsights_sitenote_active":false,"_monsterinsights_sitenote_note":"","_monsterinsights_sitenote_category":0},"product_brand":[],"product_cat":[635,612],"product_tag":[],"giftcard-category":[],"class_list":{"0":"post-30845","1":"product","2":"type-product","3":"status-publish","4":"has-post-thumbnail","6":"product_cat-joyas-charriol-ginebra","7":"product_cat-joyeria","9":"first","10":"instock","11":"taxable","12":"shipping-taxable","13":"purchasable","14":"product-type-simple"},"aioseo_notices":[],"_links":{"self":[{"href":"https:\/\/raritywatches.com\/es\/wp-json\/wp\/v2\/product\/30845","targetHints":{"allow":["GET"]}}],"collection":[{"href":"https:\/\/raritywatches.com\/es\/wp-json\/wp\/v2\/product"}],"about":[{"href":"https:\/\/raritywatches.com\/es\/wp-json\/wp\/v2\/types\/product"}],"replies":[{"embeddable":true,"href":"https:\/\/raritywatches.com\/es\/wp-json\/wp\/v2\/comments?post=30845"}],"version-history":[{"count":1,"href":"https:\/\/raritywatches.com\/es\/wp-json\/wp\/v2\/product\/30845\/revisions"}],"predecessor-version":[{"id":33727,"href":"https:\/\/raritywatches.com\/es\/wp-json\/wp\/v2\/product\/30845\/revisions\/33727"}],"wp:featuredmedia":[{"embeddable":true,"href":"https:\/\/raritywatches.com\/es\/wp-json\/wp\/v2\/media\/30826"}],"wp:attachment":[{"href":"https:\/\/raritywatches.com\/es\/wp-json\/wp\/v2\/media?parent=30845"}],"wp:term":[{"taxonomy":"product_brand","embeddable":true,"href":"https:\/\/raritywatches.com\/es\/wp-json\/wp\/v2\/product_brand?post=30845"},{"taxonomy":"product_cat","embeddable":true,"href":"https:\/\/raritywatches.com\/es\/wp-json\/wp\/v2\/product_cat?post=30845"},{"taxonomy":"product_tag","embeddable":true,"href":"https:\/\/raritywatches.com\/es\/wp-json\/wp\/v2\/product_tag?post=30845"},{"taxonomy":"giftcard-category","embeddable":true,"href":"https:\/\/raritywatches.com\/es\/wp-json\/wp\/v2\/giftcard-category?post=30845"}],"curies":[{"name":"wp","href":"https:\/\/api.w.org\/{rel}","templated":true}]}}