{"id":29158,"date":"2023-05-18T11:01:47","date_gmt":"2023-05-18T10:01:47","guid":{"rendered":"https:\/\/raritywatches.com\/product\/epos-4390-north-star\/"},"modified":"2023-05-18T11:01:47","modified_gmt":"2023-05-18T10:01:47","slug":"epos-4390-north-star","status":"publish","type":"product","link":"https:\/\/raritywatches.com\/es\/producto\/epos-4390-north-star\/","title":{"rendered":"Epos 4390 North Star"},"content":{"rendered":"","protected":false},"excerpt":{"rendered":"<h1 class=\"product_title entry-title\">Epos 4390 North Star<\/h1>\n<p>Sigue la Estrella Polar. Reloj autom\u00e1tico para se\u00f1ora con diamantes aut\u00e9nticos y dise\u00f1o de cielo nocturno luminoso, con la Estrella Polar como luz gu\u00eda.<\/p>\n<div class=\"BoxFormats wpb_column vc_column_container vc_col-sm-4\">\n<div class=\"vc_column-inner\">\n<div class=\"wpb_wrapper\">\n<div class=\"vc_separator wpb_content_element vc_separator_align_left vc_sep_width_100 vc_sep_pos_align_center vc_sep_color_grey vc_separator-has-text\">\n<h4>El dial<\/h4>\n<\/div>\n<div class=\"wpb_single_image wpb_content_element vc_align_left\">\n<figure class=\"wpb_wrapper vc_figure\">\n<div class=\"vc_single_image-wrapper vc_box_border_grey\"><img decoding=\"async\" class=\"vc_single_image-img lazyload\" data-src=\"https:\/\/epos.ch\/wp-content\/uploads\/details\/4390.152.20.96.15_D1.jpg\" src=\"data:image\/gif;base64,R0lGODlhAQABAAAAACH5BAEKAAEALAAAAAABAAEAAAICTAEAOw==\"><\/div>\n<\/figure>\n<\/div>\n<div class=\"wpb_text_column wpb_content_element \">\n<div class=\"wpb_wrapper\">\n<p>Esfera de rayos de sol azul con 11 diamantes aut\u00e9nticos como marcadores horarios. Dise\u00f1o Night Sky con estrellas luminosas y la Estrella Polar en el centro.<\/p>\n<\/div>\n<\/div>\n<\/div>\n<\/div>\n<\/div>\n<div class=\"BoxFormats wpb_column vc_column_container vc_col-sm-4\">\n<div class=\"vc_column-inner\">\n<div class=\"wpb_wrapper\">\n<div class=\"vc_separator wpb_content_element vc_separator_align_left vc_sep_width_100 vc_sep_pos_align_center vc_sep_color_grey vc_separator-has-text\">\n<h4>El Movimiento<\/h4>\n<\/div>\n<div class=\"wpb_single_image wpb_content_element vc_align_left\">\n<figure class=\"wpb_wrapper vc_figure\">\n<div class=\"vc_single_image-wrapper vc_box_border_grey\"><img decoding=\"async\" class=\"vc_single_image-img lazyload\" data-src=\"https:\/\/epos.ch\/wp-content\/uploads\/details\/4390.152.20.96.15_D2.jpg\" src=\"data:image\/gif;base64,R0lGODlhAQABAAAAACH5BAEKAAEALAAAAAABAAEAAAICTAEAOw==\"><\/div>\n<\/figure>\n<\/div>\n<div class=\"wpb_text_column wpb_content_element \">\n<div class=\"wpb_wrapper\">\n<p>Movimiento ETA 2892-A2 de alta gama totalmente decorado y visible a trav\u00e9s del fondo transparente. Movimiento y rotor decorados con un elaborado motivo de perlage.<\/p>\n<\/div>\n<\/div>\n<\/div>\n<\/div>\n<\/div>\n<div class=\"BoxFormats wpb_column vc_column_container vc_col-sm-4\">\n<div class=\"vc_column-inner\">\n<div class=\"wpb_wrapper\">\n<div class=\"vc_separator wpb_content_element vc_separator_align_left vc_sep_width_100 vc_sep_pos_align_center vc_sep_color_grey vc_separator-has-text\">\n<h4>El d\u00edial<\/h4>\n<\/div>\n<div class=\"wpb_single_image wpb_content_element vc_align_left\">\n<figure class=\"wpb_wrapper vc_figure\">\n<div class=\"vc_single_image-wrapper vc_box_border_grey\"><img decoding=\"async\" class=\"vc_single_image-img lazyload\" data-src=\"https:\/\/epos.ch\/wp-content\/uploads\/details\/4390.152.20.96.15_D3.jpg\" src=\"data:image\/gif;base64,R0lGODlhAQABAAAAACH5BAEKAAEALAAAAAABAAEAAAICTAEAOw==\"><\/div>\n<\/figure>\n<\/div>\n<div class=\"wpb_text_column wpb_content_element \">\n<div class=\"wpb_wrapper\">\n<p>Sofisticado dise\u00f1o de la caja Emotion. Totalmente pulido, ranuras Emotion de la firma en los laterales de la caja y correa atornillada.<\/p>\n<\/div>\n<\/div>\n<\/div>\n<\/div>\n<\/div>\n","protected":false},"featured_media":29075,"comment_status":"open","ping_status":"closed","template":"","meta":{"om_disable_all_campaigns":false,"_monsterinsights_skip_tracking":false,"_monsterinsights_sitenote_active":false,"_monsterinsights_sitenote_note":"","_monsterinsights_sitenote_category":0},"product_brand":[],"product_cat":[581],"product_tag":[580,416],"giftcard-category":[],"class_list":{"0":"post-29158","1":"product","2":"type-product","3":"status-publish","4":"has-post-thumbnail","6":"product_cat-epos-ladies-es","7":"product_tag-ladies-dress-watches-es","8":"product_tag-relojes-de-senora","10":"first","11":"onbackorder","12":"taxable","13":"shipping-taxable","14":"product-type-simple"},"aioseo_notices":[],"_links":{"self":[{"href":"https:\/\/raritywatches.com\/es\/wp-json\/wp\/v2\/product\/29158","targetHints":{"allow":["GET"]}}],"collection":[{"href":"https:\/\/raritywatches.com\/es\/wp-json\/wp\/v2\/product"}],"about":[{"href":"https:\/\/raritywatches.com\/es\/wp-json\/wp\/v2\/types\/product"}],"replies":[{"embeddable":true,"href":"https:\/\/raritywatches.com\/es\/wp-json\/wp\/v2\/comments?post=29158"}],"version-history":[{"count":0,"href":"https:\/\/raritywatches.com\/es\/wp-json\/wp\/v2\/product\/29158\/revisions"}],"wp:featuredmedia":[{"embeddable":true,"href":"https:\/\/raritywatches.com\/es\/wp-json\/wp\/v2\/media\/29075"}],"wp:attachment":[{"href":"https:\/\/raritywatches.com\/es\/wp-json\/wp\/v2\/media?parent=29158"}],"wp:term":[{"taxonomy":"product_brand","embeddable":true,"href":"https:\/\/raritywatches.com\/es\/wp-json\/wp\/v2\/product_brand?post=29158"},{"taxonomy":"product_cat","embeddable":true,"href":"https:\/\/raritywatches.com\/es\/wp-json\/wp\/v2\/product_cat?post=29158"},{"taxonomy":"product_tag","embeddable":true,"href":"https:\/\/raritywatches.com\/es\/wp-json\/wp\/v2\/product_tag?post=29158"},{"taxonomy":"giftcard-category","embeddable":true,"href":"https:\/\/raritywatches.com\/es\/wp-json\/wp\/v2\/giftcard-category?post=29158"}],"curies":[{"name":"wp","href":"https:\/\/api.w.org\/{rel}","templated":true}]}}