{"id":29007,"date":"2023-05-13T10:26:53","date_gmt":"2023-05-13T09:26:53","guid":{"rendered":"https:\/\/raritywatches.com\/product\/epic-x-cr7-flight-of-cr7\/"},"modified":"2023-05-13T10:26:53","modified_gmt":"2023-05-13T09:26:53","slug":"epic-x-cr7-flight-of-cr7","status":"publish","type":"product","link":"https:\/\/raritywatches.com\/es\/producto\/epic-x-cr7-flight-of-cr7\/","title":{"rendered":"Epic X CR7 &#8211; Flight of CR7"},"content":{"rendered":"","protected":false},"excerpt":{"rendered":"<section id=\"hero---image-with-callouts-602012\" class=\"layout-hero-image-callouts\" data-page-id=\"602012\" data-theme=\"\" data-layout-id=\"6600\" data-title=\"Hero - Image with Callouts\">\n<div class=\"width-container\">\n<div class=\"callout-container\">\n<h1 class=\"page-title\">Flight of CR7<\/h1>\n<\/div>\n<\/div>\n<\/section>\n<section id=\"story-602015\" class=\"layout-single-content-image\" data-page-id=\"602015\" data-theme=\"\" data-layout-id=\"6596\" data-title=\"STORY\">\n<div class=\"width-container\">\n<div class=\"image-column\"><img decoding=\"async\" class=\"content-image lazyload\" data-src=\"https:\/\/transform.octanecdn.com\/crop\/700x650\/https:\/\/dynamix-cdn.s3.amazonaws.com\/jacobandcocom\/jacobandcocom_718738703.jpg\" alt=\"un reloj rojo y negro\" src=\"data:image\/gif;base64,R0lGODlhAQABAAAAACH5BAEKAAEALAAAAAABAAEAAAICTAEAOw==\"><\/div>\n<div class=\"content-column inview-cascade-fade-up inview\">\n<h2 class=\"section-title\">CUENTO<\/h2>\n<div class=\"content-container\">\n<p>Cristiano Ronaldo es desde hace tiempo un estrecho colaborador de Jacob &amp; Co. \u00c9l y el Fundador y Presidente Jacob Arabo han establecido una s\u00f3lida relaci\u00f3n basada en la confianza y el respeto durante los \u00faltimos veinte a\u00f1os. Jacob Arabo conoci\u00f3 a Cristiano Ronaldo cuando el futbolista nacido en Madeira era una prometedora estrella en ciernes y, desde entonces, su amistad nunca ha dejado de existir.<\/p>\n<p>Ambos encontraron inmediatamente puntos en com\u00fan en su b\u00fasqueda de la excelencia. Ambos forjaron su \u00e9xito desde la base y lo lograron gracias a una determinaci\u00f3n y un trabajo incesantes. Su relaci\u00f3n se ha convertido ahora en una aventura empresarial en la que Jacob &amp; Co dise\u00f1a y fabrica relojes a imagen y semejanza de Cristiano Ronaldo, cuya marca comparten ambas potencias.<\/p>\n<p>&nbsp;<\/p>\n<\/div>\n<div class=\"buttons-container\"><\/div>\n<\/div>\n<\/div>\n<\/section>\n<section id=\"a-celebration-of-cristiano-ronaldo-602102\" class=\"layout-single-content-image\" data-page-id=\"602102\" data-theme=\"\" data-layout-id=\"6596\" data-title=\"A CELEBRATION OF CRISTIANO RONALDO\">\n<div class=\"width-container\">\n<div class=\"image-column\"><img decoding=\"async\" class=\"content-image lazyload\" data-src=\"https:\/\/transform.octanecdn.com\/crop\/700x650\/https:\/\/dynamix-cdn.s3.amazonaws.com\/jacobandcocom\/jacobandcocom_698344413.jpg\" alt=\"Jacob &amp; Co x CR7 Epic X Rose Gold\" src=\"data:image\/gif;base64,R0lGODlhAQABAAAAACH5BAEKAAEALAAAAAABAAEAAAICTAEAOw==\"><\/div>\n<div class=\"content-column inview-cascade-fade-up inview\">\n<h2 class=\"section-title\">UNA CELEBRACI\u00d3N DE CRISTIANO RONALDO<\/h2>\n<div class=\"content-container\">\n<p>La <a href=\"https:\/\/jacobandco.shop\/collections\/jacob-co-cr7\" target=\"_blank\" rel=\"noopener noreferrer\">colecci\u00f3n Jacob &amp; Co x CR7 Epic X<\/a> es una versi\u00f3n profundamente personalizada del Epic X. Tiene todas sus se\u00f1as de identidad: una caja de 44 mm con asas en forma de X, un bisel liso y pulido o engastado con diamantes y una corona y pesta\u00f1a de color. Est\u00e1 propulsado por uno de los calibres m\u00e1s emblem\u00e1ticos de Jacob &amp; Co. Este movimiento esqueleto ofrece una arquitectura sorprendente. Sus dos pilares verticales forman la parte central de la forma de X iniciada por las asas, cuyo dise\u00f1o completo le dio el nombre de Epic X.<\/p>\n<p>En la <a href=\"https:\/\/jacobandco.shop\/collections\/jacob-co-cr7\" target=\"_blank\" rel=\"noopener noreferrer\">colecci\u00f3n Jacob &amp; Co x CR7 Epic X<\/a>, estos dos pilares est\u00e1n dise\u00f1ados para representar a Cristiano Ronaldo y la marca CR7. El pilar izquierdo adopta la forma del propio Cristiano Ronaldo en varias posturas, mientras que el derecho lleva el logotipo CR7 y la firma de la mano del futbolista, ambos grabados en negrita. La tapa del ca\u00f1\u00f3n tiene forma de bal\u00f3n de f\u00fatbol. Otra imagen del propio Cristiano Ronaldo, con su emblem\u00e1tico dorsal n\u00famero 7 de la suerte, est\u00e1 impresa en oro sobre el cristal de zafiro tintado del fondo de la caja.<\/p>\n<p>&nbsp;<\/p>\n<p>&nbsp;<\/p>\n<\/div>\n<div class=\"buttons-container\"><\/div>\n<\/div>\n<\/div>\n<\/section>\n<section id=\"skeletonized-movement-602089\" class=\"layout-single-content-image\" data-page-id=\"602089\" data-theme=\"\" data-layout-id=\"6596\" data-title=\"SKELETONIZED MOVEMENT\">\n<div class=\"width-container\">\n<div class=\"image-column\"><img decoding=\"async\" class=\"content-image lazyload\" data-src=\"https:\/\/dynamix-cdn.s3.amazonaws.com\/jacobandcocom\/jacobandcocom_525517668.gif\" alt=\"Jacob &amp; Co x CR7 Epic X Rose Gold\" src=\"data:image\/gif;base64,R0lGODlhAQABAAAAACH5BAEKAAEALAAAAAABAAEAAAICTAEAOw==\"><\/div>\n<div class=\"content-column inview-cascade-fade-up inview\">\n<h2 class=\"section-title\">MOVIMIENTO ESQUEL\u00c9TICO<\/h2>\n<div class=\"content-container\">\n<p>El calibre JCAM45 forma parte integral de la identidad Jacob &amp; Co x CR7 Epic X. Se dise\u00f1\u00f3 como un esqueleto desde el principio. Se beneficia de una estructura libre y gr\u00e1fica. El ancho barrilete a las 12 horas y el volante a las 6 horas definen la verticalidad del calibre. Lo realzan los puentes verticales que los recorren. El pilar izquierdo adopta la forma del mism\u00edsimo Cristiano Ronaldo con su dorsal n\u00famero 7 de la suerte.<\/p>\n<p>El calibre JCAM45 est\u00e1 calado hasta el extremo. Lo que queda de las superficies chapadas en negro de la placa base se acaba con perlage (granulado circular), chorro de arena y granulado vertical. Un vistazo al fondo del movimiento revela el caracter\u00edstico muelle &#8220;Octopus&#8221;, con tres palas extremadamente finas y elegantemente curvadas, cuya forma es un testimonio de la vocaci\u00f3n de alta relojer\u00eda del Jacob &amp; Co x CR7 Epic X.<\/p>\n<p>&nbsp;<\/p>\n<\/div>\n<div class=\"buttons-container\"><\/div>\n<\/div>\n<\/div>\n<\/section>\n<section id=\"flight-of-cr7-video-681395\" class=\"layout-single-content-image\" data-page-id=\"681395\" data-theme=\"\" data-layout-id=\"6596\" data-title=\"Flight of CR7 Video\">\n<div class=\"width-container\">\n<div class=\"image-column\">\n<div class=\"play-btn js-modal-controller\" data-channel=\"vimeo\" data-video-id=\"815021588\"><\/div>\n<p><img decoding=\"async\" class=\"content-image lazyload\" data-src=\"https:\/\/transform.octanecdn.com\/crop\/700x650\/https:\/\/dynamix-cdn.s3.amazonaws.com\/jacobandcocom\/jacobandcocom_407460663.jpg\" alt=\"un reloj en la mu\u00f1eca de una persona\" src=\"data:image\/gif;base64,R0lGODlhAQABAAAAACH5BAEKAAEALAAAAAABAAEAAAICTAEAOw==\"><\/div>\n<div class=\"content-column inview-cascade-fade-up inview\">\n<h2 class=\"section-title\">Flight of CR7 Video<\/h2>\n<div class=\"content-container\"><\/div>\n<div class=\"buttons-container\"><\/div>\n<\/div>\n<\/div>\n<\/section>\n<section id=\"case-design-602090\" class=\"layout-single-content-image\" data-page-id=\"602090\" data-theme=\"\" data-layout-id=\"6596\" data-title=\"CASE DESIGN\">\n<div class=\"width-container\">\n<div class=\"image-column\"><img decoding=\"async\" class=\"content-image lazyload\" data-src=\"https:\/\/transform.octanecdn.com\/crop\/700x650\/https:\/\/dynamix-cdn.s3.amazonaws.com\/jacobandcocom\/jacobandcocom_244400151.jpg\" alt=\"Jacob &amp; Co x CR7 Epic X Rose Gold\" src=\"data:image\/gif;base64,R0lGODlhAQABAAAAACH5BAEKAAEALAAAAAABAAEAAAICTAEAOw==\"><\/div>\n<div class=\"content-column inview-cascade-fade-up inview\">\n<h2 class=\"section-title\">DISE\u00d1O DE CASOS<\/h2>\n<div class=\"content-container\">\n<p>La actualizaci\u00f3n m\u00e1s llamativa del Epic X V2 es la nueva forma de la carcasa. El bisel, antes escalonado, es ahora liso y pulido, con un \u00e1ngulo m\u00e1s pronunciado. Las asas en forma de X est\u00e1n enrasadas y comienzan ligeramente por encima del cristal de zafiro. Sus extremos son angulosos y verticales, creando un ajuste perfecto para la correa.<\/p>\n<p>La correa se extiende m\u00e1s all\u00e1 del c\u00edrculo de la caja para crear un juego de protectores de corona. Entre ellas, una corona redise\u00f1ada exhibe una punta de acero dentada de dos niveles. Su base introduce un nuevo principio de dise\u00f1o: el Epic X incorpora ahora varios componentes de colores, fabricados en aluminio.<\/p>\n<p>&nbsp;<\/p>\n<p>Un color id\u00e9ntico se aplica a la pesta\u00f1a, que tambi\u00e9n lleva un tipo de letra redise\u00f1ado. A los bordes satinados de los dos puentes verticales, el cuerpo del X. Y m\u00e1s discretamente, a su parte inferior, visible s\u00f3lo a trav\u00e9s del fondo de zafiro, m\u00e1s all\u00e1 del laberinto de componentes del calibre JCAM45.<\/p>\n<p>&nbsp;<\/p>\n<\/div>\n<div class=\"buttons-container\"><\/div>\n<\/div>\n<\/div>\n<\/section>\n<section id=\"dial-and-hands-602092\" class=\"layout-single-content-image\" data-page-id=\"602092\" data-theme=\"\" data-layout-id=\"6596\" data-title=\"DIAL AND HANDS\">\n<div class=\"width-container\">\n<div class=\"image-column\"><img decoding=\"async\" class=\"content-image lazyload\" data-src=\"https:\/\/transform.octanecdn.com\/crop\/700x650\/https:\/\/dynamix-cdn.s3.amazonaws.com\/jacobandcocom\/jacobandcocom_612063660.jpg\" alt=\"Flight of CR7\" src=\"data:image\/gif;base64,R0lGODlhAQABAAAAACH5BAEKAAEALAAAAAABAAEAAAICTAEAOw==\"><\/div>\n<div class=\"content-column inview-cascade-fade-up inview\">\n<h2 class=\"section-title\">Esfera y Agujas:<\/h2>\n<div class=\"content-container\">\n<p>Como reloj esqueleto, el Jacob &amp; Co x CR7 Epic X no tiene esfera propiamente dicha. Una placa llena y decorada impedir\u00eda ver el calibre, que es un gran atractivo. Sin embargo, el sentido del dise\u00f1o de Jacob &amp; Co. llev\u00f3 a la integraci\u00f3n de puentes verticales. Pueden formar parte del movimiento, pero cumplen una de las funciones de la esfera.<\/p>\n<div class=\"content-column\">\n<h2 class=\"section-title\">Especificaciones t\u00e9cnicas<\/h2>\n<div class=\"content-container\">\n<div aria-label=\"Page 2\" data-page-number=\"2\">\n<div><span dir=\"ltr\" role=\"presentation\"><strong>ITEM NUMBER:<\/strong> EX120.43.AE.AA.ABRUA <\/span><br role=\"presentation\"><span dir=\"ltr\" role=\"presentation\"><br \/>\n<\/span><\/div>\n<div><span dir=\"ltr\" role=\"presentation\"><strong>Movimiento:<\/strong><\/span><br role=\"presentation\"><span dir=\"ltr\" role=\"presentation\">Calibre<\/span>: <span dir=\"ltr\" role=\"presentation\">JCAM45, de cuerda manual, esqueleto<\/span> <br role=\"presentation\"><span dir=\"ltr\" role=\"presentation\">Di\u00e1metro <\/span> <span dir=\"ltr\" role=\"presentation\">14.25 mm<\/span><br role=\"presentation\"><span dir=\"ltr\" role=\"presentation\">Altura<\/span>: <span dir=\"ltr\" role=\"presentation\">5.90mm<\/span><br role=\"presentation\"><span dir=\"ltr\" role=\"presentation\">Componentes: <\/span> <span dir=\"ltr\" role=\"presentation\">158<\/span><br role=\"presentation\"><span dir=\"ltr\" role=\"presentation\">Reserva de marcha: <\/span> <span dir=\"ltr\" role=\"presentation\">48 hours<\/span><br role=\"presentation\"><span dir=\"ltr\" role=\"presentation\">Frecuencia: <\/span> <span dir=\"ltr\" role=\"presentation\">28,800 vib\/h (4 Hz)<\/span><br role=\"presentation\"><span dir=\"ltr\" role=\"presentation\">Joyas:<\/span> <span dir=\"ltr\" role=\"presentation\">21<\/span><br role=\"presentation\"><span dir=\"ltr\" role=\"presentation\">Funciones:<\/span> <span dir=\"ltr\" role=\"presentation\">Horas y minutos<\/span><br role=\"presentation\"><span dir=\"ltr\" role=\"presentation\">Estructura: V<\/span><span dir=\"ltr\" role=\"presentation\">estructura esquel\u00e9tica alineada verticalmente. Barril calado con forma de bal\u00f3n de f\u00fatbol <\/span><br role=\"presentation\"><span dir=\"ltr\" role=\"presentation\">cubierta. D<\/span><span dir=\"ltr\" role=\"presentation\">volante del lado de la esfera<\/span><br role=\"presentation\"><span dir=\"ltr\" role=\"presentation\"><br \/>\n<\/span><\/div>\n<div><span dir=\"ltr\" role=\"presentation\"><strong>Caso:<\/strong><\/span><br role=\"presentation\"><span dir=\"ltr\" role=\"presentation\">Di\u00e1metro:<\/span> <span dir=\"ltr\" role=\"presentation\">44 mm<\/span><br role=\"presentation\"><span dir=\"ltr\" role=\"presentation\">Altura: <\/span> <span dir=\"ltr\" role=\"presentation\">13.05 mm<\/span><br role=\"presentation\"><span dir=\"ltr\" role=\"presentation\">Material:<\/span> <span dir=\"ltr\" role=\"presentation\">18k rose gold <\/span> <br role=\"presentation\"><span dir=\"ltr\" role=\"presentation\">Bisel :<\/span> <span dir=\"ltr\" role=\"presentation\">Oro rosa pulido de 18 quilates<\/span><br role=\"presentation\"><span dir=\"ltr\" role=\"presentation\">Corona :<\/span> <span dir=\"ltr\" role=\"presentation\">oro rosa de 18 quilates con tubo de aluminio rojo<\/span><br role=\"presentation\"><span dir=\"ltr\" role=\"presentation\">Brida :<\/span> <span dir=\"ltr\" role=\"presentation\">Anillo minutero de aluminio rojo<\/span><br role=\"presentation\"><span dir=\"ltr\" role=\"presentation\">Cristal :<\/span> <span dir=\"ltr\" role=\"presentation\">Zafiro con tratamiento antirreflejos<\/span><br role=\"presentation\"><span dir=\"ltr\" role=\"presentation\">Fondo de caja:<\/span> <span dir=\"ltr\" role=\"presentation\">Cristal mineral rojo con imagen de Cristiano Ronaldo impresa en oro<\/span><br role=\"presentation\"><span dir=\"ltr\" role=\"presentation\">Resistencia al agua: <\/span> <span dir=\"ltr\" role=\"presentation\">50 m (5 atm)<\/span><br role=\"presentation\"><span dir=\"ltr\" role=\"presentation\"><br \/>\n<\/span><\/div>\n<div><span dir=\"ltr\" role=\"presentation\"><strong>Esfera y agujas:<\/strong><\/span><br role=\"presentation\"><span dir=\"ltr\" role=\"presentation\">Esfera:<\/span> <span dir=\"ltr\" role=\"presentation\">Puente vertical en forma de Cristiano Ronaldo, puente vertical grabado con<\/span> <\/div>\n<div><\/div>\n<\/div>\n<div aria-label=\"Page 3\" data-page-number=\"3\">Firma de la mano de Cristiano Ronaldo y logotipo CR7<\/p>\n<div><span dir=\"ltr\" role=\"presentation\">Manos:<\/span> <span dir=\"ltr\" role=\"presentation\">En f<\/span><span dir=\"ltr\" role=\"presentation\">orma de bast\u00f3n, caladas, punta roja<\/span><br role=\"presentation\"><span dir=\"ltr\" role=\"presentation\"><br \/>\n<\/span><\/div>\n<div><span dir=\"ltr\" role=\"presentation\"><strong>Correa y cierre:<\/strong><\/span><br role=\"presentation\"><span dir=\"ltr\" role=\"presentation\">Correa:<\/span> <span dir=\"ltr\" role=\"presentation\">Cordura negra con forro rojo y hebilla de oro rosa de 18 quilates<\/span><\/div>\n<\/div>\n<\/div>\n<\/div>\n<\/div>\n<\/div>\n<\/div>\n<\/section>\n","protected":false},"featured_media":31768,"comment_status":"open","ping_status":"closed","template":"","meta":{"om_disable_all_campaigns":false,"_monsterinsights_skip_tracking":false,"_monsterinsights_sitenote_active":false,"_monsterinsights_sitenote_note":"","_monsterinsights_sitenote_category":0},"product_brand":[],"product_cat":[414],"product_tag":[418,424,435],"giftcard-category":[],"class_list":{"0":"post-29007","1":"product","2":"type-product","3":"status-publish","4":"has-post-thumbnail","6":"product_cat-jacob-co-es","7":"product_tag-relojes-de-edicion-limitada","8":"product_tag-relojes-deportivos","9":"product_tag-relojes-esqueleto","11":"first","12":"instock","13":"taxable","14":"shipping-taxable","15":"purchasable","16":"product-type-simple"},"aioseo_notices":[],"_links":{"self":[{"href":"https:\/\/raritywatches.com\/es\/wp-json\/wp\/v2\/product\/29007","targetHints":{"allow":["GET"]}}],"collection":[{"href":"https:\/\/raritywatches.com\/es\/wp-json\/wp\/v2\/product"}],"about":[{"href":"https:\/\/raritywatches.com\/es\/wp-json\/wp\/v2\/types\/product"}],"replies":[{"embeddable":true,"href":"https:\/\/raritywatches.com\/es\/wp-json\/wp\/v2\/comments?post=29007"}],"version-history":[{"count":0,"href":"https:\/\/raritywatches.com\/es\/wp-json\/wp\/v2\/product\/29007\/revisions"}],"wp:featuredmedia":[{"embeddable":true,"href":"https:\/\/raritywatches.com\/es\/wp-json\/wp\/v2\/media\/31768"}],"wp:attachment":[{"href":"https:\/\/raritywatches.com\/es\/wp-json\/wp\/v2\/media?parent=29007"}],"wp:term":[{"taxonomy":"product_brand","embeddable":true,"href":"https:\/\/raritywatches.com\/es\/wp-json\/wp\/v2\/product_brand?post=29007"},{"taxonomy":"product_cat","embeddable":true,"href":"https:\/\/raritywatches.com\/es\/wp-json\/wp\/v2\/product_cat?post=29007"},{"taxonomy":"product_tag","embeddable":true,"href":"https:\/\/raritywatches.com\/es\/wp-json\/wp\/v2\/product_tag?post=29007"},{"taxonomy":"giftcard-category","embeddable":true,"href":"https:\/\/raritywatches.com\/es\/wp-json\/wp\/v2\/giftcard-category?post=29007"}],"curies":[{"name":"wp","href":"https:\/\/api.w.org\/{rel}","templated":true}]}}