{"id":27470,"date":"2023-02-08T12:04:39","date_gmt":"2023-02-08T11:04:39","guid":{"rendered":"https:\/\/raritywatches.com\/product\/gotham-city-negro-dlc-titanio\/"},"modified":"2023-02-09T11:46:01","modified_gmt":"2023-02-09T11:46:01","slug":"gotham-city-negro-dlc-titanio","status":"publish","type":"product","link":"https:\/\/raritywatches.com\/es\/producto\/gotham-city-negro-dlc-titanio\/","title":{"rendered":"Jacob&amp;Co Gotham City Negro DLC Titanio"},"content":{"rendered":"","protected":false},"excerpt":{"rendered":"<section id=\"hero---image-with-callouts-487239\" class=\"layout-hero-image-callouts\" data-page-id=\"487239\" data-theme=\"\" data-layout-id=\"6600\" data-title=\"Hero - Image with Callouts\">\n<div class=\"width-container\">\n<div class=\"callout-container\">\n<h1 class=\"page-title\">Gotham City Negro DLC Titanio<\/h1>\n<\/div>\n<\/div>\n<\/section>\n<section id=\"story-487240\" class=\"layout-single-content-image\" data-page-id=\"487240\" data-theme=\"\" data-layout-id=\"6596\" data-title=\"Story\">\n<div class=\"width-container\">\n<div class=\"image-column\">\n<div class=\"play-btn js-modal-controller\" data-channel=\"vimeo\" data-video-id=\"687194237\"><\/div>\n<\/div>\n<\/div>\n<\/section>\n<section id=\"the-strap-487254\" class=\"layout-single-content-image\" data-page-id=\"487254\" data-theme=\"\" data-layout-id=\"6596\" data-title=\"The strap\">\n<div class=\"width-container\">\n<div class=\"content-column inview-cascade-fade-up inview\">\n<div class=\"content-container\">\n<section id=\"story-487240\" class=\"layout-single-content-image\" data-page-id=\"487240\" data-theme=\"\" data-layout-id=\"6596\" data-title=\"Story\">\n<div class=\"width-container\">\n<div class=\"content-column inview-cascade-fade-up inview\">\n<h2 class=\"section-title\">Historia<\/h2>\n<div class=\"content-container\">\n<p>En 2022, Jacob &amp; Co. se asocia con DC Comics para dise\u00f1ar un reloj completamente nuevo. Gotham City es un reloj con tem\u00e1tica de Batman que se inspira en los gustos y preferencias personales de Jacob Arabo. Es fan de Batman, igual que Benjamin Arabov, director general de Jacob &amp; Co. Este reloj es el resultado de una profunda implicaci\u00f3n individual y un s\u00edmbolo de lo que representa Batman. En la mente del creador Bob Kane, la vertical y oscura Gotham City es un suced\u00e1neo de la ciudad de Nueva York, donde se cre\u00f3 y opera Jacob &amp; Co.<\/p>\n<p>Ciudad G\u00f3tica est\u00e1 destinada a un p\u00fablico Jacob &amp; Co. que tambi\u00e9n se relaciona con su identidad secreta: la de un multimillonario playboy, despreocupado y dotado de un gusto extremadamente bueno. La dualidad del personaje del c\u00f3mic inventado por Bob Kane se acent\u00faa en Gotham City. La versi\u00f3n Black DLC de la Gotham City se edita como serie limitada de 36 piezas.<\/p>\n<\/div>\n<div class=\"buttons-container\"><\/div>\n<\/div>\n<\/div>\n<\/section>\n<section id=\"a-metaphorical-tool-487244\" class=\"layout-single-content-image\" data-page-id=\"487244\" data-theme=\"\" data-layout-id=\"6596\" data-title=\"A metaphorical tool\">\n<div class=\"width-container\">\n<div class=\"image-column\"><img decoding=\"async\" class=\"content-image lazyload\" data-src=\"https:\/\/transform.octanecdn.com\/crop\/700x650\/https:\/\/dynamix-cdn.s3.amazonaws.com\/jacobandcocom\/jacobandcocom_736653032.jpg\" alt=\"un primer plano del salpicadero de un coche\" src=\"data:image\/gif;base64,R0lGODlhAQABAAAAACH5BAEKAAEALAAAAAABAAEAAAICTAEAOw==\"><\/div>\n<div class=\"content-column inview-cascade-fade-up inview\">\n<h2 class=\"section-title\">Una herramienta metaf\u00f3rica<\/h2>\n<div class=\"content-container\">\n<p>Al igual que la ciudad que le da nombre, Gotham City es una construcci\u00f3n arquitect\u00f3nica. Su movimiento, su caja y su estructura en capas son el resultado de un proceso de dise\u00f1o exhaustivo y avanzado. Va m\u00e1s all\u00e1 de la est\u00e9tica para entrar en el terreno del simbolismo. Cada parte del reloj, visible u oculta, tiene un significado. Una c\u00e1psula simb\u00f3lica que rinde homenaje a Batman y a todo lo que representa.<\/p>\n<p>La corona est\u00e1 cubierta con una goma el\u00e1stica con la forma de los neum\u00e1ticos del Batm\u00f3vil. La forma de las asas pretende asemejarse al dise\u00f1o polifac\u00e9tico del Bat-traje. Las jaulas del tourbillon volante tienen forma de garfio. Y, de forma destacada, la parte central de la esfera est\u00e1 tallada en una losa de \u00f3nice trasero y tiene la forma del emblema de Batman. Resaltada por un contorno de neoralita que brilla en azul en la oscuridad, es un homenaje a la BatSe\u00f1al.<\/p>\n<\/div>\n<div class=\"buttons-container\"><\/div>\n<\/div>\n<\/div>\n<\/section>\n<section id=\"the-movement-487245\" class=\"layout-single-content-image\" data-page-id=\"487245\" data-theme=\"\" data-layout-id=\"6596\" data-title=\"The movement\">\n<div class=\"width-container\">\n<div class=\"image-column\"><img decoding=\"async\" class=\"content-image lazyload\" data-src=\"https:\/\/transform.octanecdn.com\/crop\/700x650\/https:\/\/dynamix-cdn.s3.amazonaws.com\/jacobandcocom\/jacobandcocom_976710891.jpg\" alt=\"un primer plano del salpicadero de un coche\" src=\"data:image\/gif;base64,R0lGODlhAQABAAAAACH5BAEKAAEALAAAAAABAAEAAAICTAEAOw==\"><\/div>\n<div class=\"content-column inview-cascade-fade-up inview\">\n<h2 class=\"section-title\">El movimiento<\/h2>\n<div class=\"content-container\">\n<p>El calibre JCFM10 cuenta con horas y minutos descentrados, una reserva de marcha m\u00e1xima de 48 horas y est\u00e1 regulado por dos tourbillons volantes secuenciales de triple eje situados a las 5 y las 7 horas. Su naturaleza t\u00e9cnica altamente avanzada est\u00e1 a la altura del arsenal tecnol\u00f3gico de herramientas, dispositivos, m\u00e1quinas y equipos que Batman tiene a su disposici\u00f3n.<\/p>\n<p>Este calibre de 382 componentes tambi\u00e9n forma parte de una ambici\u00f3n m\u00e1s amplia. Como todo lo que compone este reloj, su dise\u00f1o es un homenaje a los s\u00edmbolos y rasgos de Batman. La forma en que est\u00e1n dise\u00f1adas las jaulas del tourbillon, el hecho de que cambien de gris a negro intenso a medida que giran, el puente en forma de murci\u00e9lago que ocupa la mayor parte del fondo del movimiento, todo ello tiene un significado y participa en hacer de este reloj una parte de la caja de herramientas del Caballero Oscuro.<\/p>\n<\/div>\n<div class=\"buttons-container\"><\/div>\n<\/div>\n<\/div>\n<\/section>\n<section id=\"the-tourbillons-487246\" class=\"layout-single-content-image\" data-page-id=\"487246\" data-theme=\"\" data-layout-id=\"6596\" data-title=\"The tourbillons\">\n<div class=\"width-container\">\n<div class=\"image-column\"><img decoding=\"async\" class=\"content-image lazyload\" data-src=\"https:\/\/transform.octanecdn.com\/crop\/700x650\/https:\/\/dynamix-cdn.s3.amazonaws.com\/jacobandcocom\/jacobandcocom_612665840.jpg\" alt=\"un primer plano de una rueda de coche\" src=\"data:image\/gif;base64,R0lGODlhAQABAAAAACH5BAEKAAEALAAAAAABAAEAAAICTAEAOw==\"><\/div>\n<div class=\"content-column inview-cascade-fade-up inview\">\n<h2 class=\"section-title\">Los tourbillones<\/h2>\n<div class=\"content-container\">\n<p>El calibre JCFM10 cuenta con un par de tourbillones de triple eje, secuenciales, volantes y de alta velocidad. Cada uno de ellos gira sobre tres ejes diferentes. Cada eje acciona una jaula independiente. El primero, el m\u00e1s exterior, da una vuelta completa en 180 segundos, el segundo en 24 segundos y el tercero, el m\u00e1s cercano al volante de 3 Hz, en 48 segundos. En comparaci\u00f3n con la tradicional rotaci\u00f3n de un minuto de un tourbillon plano, y con muchos tourbillons multieje, 24 y 48 segundos son cifras muy elevadas. Esto explica por qu\u00e9 Jacob &amp; Co. los llama tourbillones de alta velocidad.<\/p>\n<p>Montado en la rueda que acciona el tourbillon, un muelle acumula energ\u00eda para permitir que las jaulas salten hacia delante. No se mueven s\u00f3lo en peque\u00f1os movimientos incrementales, sino en grandes movimientos, creando una serie de movimientos secuenciales y muy visibles, con pausas entre ellos.<\/p>\n<p>Los tourbillones del calibre JCFM10 no tienen puente superior. Su \u00fanica conexi\u00f3n a tierra en la placa base de cromo negro se produce por debajo, lo que los convierte en tourbillones voladores.<\/p>\n<\/div>\n<div class=\"buttons-container\"><\/div>\n<\/div>\n<\/div>\n<\/section>\n<section id=\"the-dial-487249\" class=\"layout-single-content-image\" data-page-id=\"487249\" data-theme=\"\" data-layout-id=\"6596\" data-title=\"The dial\">\n<div class=\"width-container\">\n<div class=\"image-column\"><img decoding=\"async\" class=\"content-image lazyload\" data-src=\"https:\/\/transform.octanecdn.com\/crop\/700x650\/https:\/\/dynamix-cdn.s3.amazonaws.com\/jacobandcocom\/jacobandcocom_275168939.jpg\" alt=\"un primer plano de una rueda de coche\" src=\"data:image\/gif;base64,R0lGODlhAQABAAAAACH5BAEKAAEALAAAAAABAAEAAAICTAEAOw==\"><\/div>\n<div class=\"content-column inview-cascade-fade-up inview\">\n<h2 class=\"section-title\">El dial<\/h2>\n<div class=\"content-container\">\n<p>Esa superficie central, que es la mayor parte de la esfera de Gotham City, tiene la forma del emblema del murci\u00e9lago. La han cortado y pulido en una losa de \u00f3nice macizo, una piedra dura y perfectamente negra. Se ha perfilado a\u00fan m\u00e1s con un contorno hecho de Neoralithe. Este compuesto est\u00e1 coloreado en amarillo, el otro color de Batman, y contiene SuperLumiNova. Brilla azul en la oscuridad.<\/p>\n<p>Juntos, estos dos atributos son un gui\u00f1o a la Batse\u00f1al: proyectar una sombra en la oscuridad con la ayuda de la luz, un gui\u00f1o m\u00e1s a la naturaleza ambigua de Batman.<\/p>\n<\/div>\n<div class=\"buttons-container\"><\/div>\n<\/div>\n<\/div>\n<\/section>\n<section id=\"the-case-487250\" class=\"layout-single-content-image\" data-page-id=\"487250\" data-theme=\"\" data-layout-id=\"6596\" data-title=\"The case\">\n<div class=\"width-container\">\n<div class=\"image-column\"><img decoding=\"async\" class=\"content-image lazyload\" data-src=\"https:\/\/transform.octanecdn.com\/crop\/700x650\/https:\/\/dynamix-cdn.s3.amazonaws.com\/jacobandcocom\/jacobandcocom_286805684.jpg\" alt=\"un primer plano del salpicadero de un coche\" src=\"data:image\/gif;base64,R0lGODlhAQABAAAAACH5BAEKAAEALAAAAAABAAEAAAICTAEAOw==\"><\/div>\n<div class=\"content-column inview-cascade-fade-up inview\">\n<h2 class=\"section-title\">El caso<\/h2>\n<div class=\"content-container\">\n<p>La caja del Gotham City mide 45,5 mm de di\u00e1metro y 17,2 de grosor, en gran parte debido a la revoluci\u00f3n completa de los tourbillons de triple eje. Est\u00e1 hecho de titanio negro DLC. Para empezar, el titanio es ligero y duro, y se utiliza en muchas aplicaciones a\u00e9reas y avanzadas. El DLC es una tecnolog\u00eda que recubre el metal con una matriz de \u00e1tomos de carbono que imita la de la estructura cristalina c\u00fabica perfecta que proporciona al diamante una resistencia extrema al desgaste.<\/p>\n<p>El dise\u00f1o polifac\u00e9tico de las asas se inspira en varios rasgos del dise\u00f1o de Batman, como sus veh\u00edculos y su m\u00e1scara. La caja de titanio ha sido totalmente acabada con t\u00e9cnicas que la hacen mate. El arenado y el cepillado horizontal suprimen todo rastro de brillo y pulido.<\/p>\n<\/div>\n<div class=\"buttons-container\"><\/div>\n<\/div>\n<\/div>\n<\/section>\n<section id=\"the-caseback-487252\" class=\"layout-single-content-image\" data-page-id=\"487252\" data-theme=\"\" data-layout-id=\"6596\" data-title=\"The caseback\">\n<div class=\"width-container\">\n<div class=\"image-column\"><img decoding=\"async\" class=\"content-image lazyload\" data-src=\"https:\/\/transform.octanecdn.com\/crop\/700x650\/https:\/\/dynamix-cdn.s3.amazonaws.com\/jacobandcocom\/jacobandcocom_249436920.jpg\" alt=\"un objeto circular negro y amarillo\" src=\"data:image\/gif;base64,R0lGODlhAQABAAAAACH5BAEKAAEALAAAAAABAAEAAAICTAEAOw==\"><\/div>\n<div class=\"content-column inview-cascade-fade-up inview\">\n<h2 class=\"section-title\">El fondo de la caja<\/h2>\n<div class=\"content-container\">\n<p>La parte trasera de Gotham City est\u00e1 cubierta con un dibujo de la firma. La figura de Batman que Jacob y compa\u00f1\u00eda utilizaron procede de un episodio de 2003 escrito por Jim Lee. Quiz\u00e1s el artista m\u00e1s influyente de Batman en los \u00faltimos 20 a\u00f1os, Lee cre\u00f3 un retrato seminal e inflexible del Caballero Oscuro. Su representaci\u00f3n es una proeza artesanal en s\u00ed misma.<\/p>\n<p>La parte inferior de una placa de zafiro est\u00e1 grabada con l\u00e1ser con un dise\u00f1o de Batman y las firmas habituales de la marca, la de Jacob &amp; Co. y la de DC comics. Las partes huecas del plato se rellenan con laca negra y el resto con amarilla.<\/p>\n<\/div>\n<div class=\"buttons-container\"><\/div>\n<\/div>\n<\/div>\n<\/section>\n<section id=\"the-strap-487254\" class=\"layout-single-content-image\" data-page-id=\"487254\" data-theme=\"\" data-layout-id=\"6596\" data-title=\"The strap\">\n<div class=\"width-container\">\n<div class=\"image-column\"><img decoding=\"async\" class=\"content-image lazyload\" data-src=\"https:\/\/transform.octanecdn.com\/crop\/700x650\/https:\/\/dynamix-cdn.s3.amazonaws.com\/jacobandcocom\/jacobandcocom_999232880.jpg\" alt=\"logotipo\" src=\"data:image\/gif;base64,R0lGODlhAQABAAAAACH5BAEKAAEALAAAAAABAAEAAAICTAEAOw==\"><\/div>\n<div class=\"content-column inview-cascade-fade-up inview\">\n<h2 class=\"section-title\">La correa<\/h2>\n<div class=\"content-container\">\n<p>La \u00faltima parte del conjunto de rasgos de dise\u00f1o del homenaje a Gotham City es la correa de caucho que lo sujeta. Este \u00faltimo homenaje a Batman es una alusi\u00f3n directa al colorway amarillo y negro de la esfera. La parte en contacto con la piel es de goma amarilla texturizada. Su superficie se ha dise\u00f1ado para mejorar el confort y la comodidad de uso.<\/p>\n<p>La parte superior est\u00e1 dise\u00f1ada como el nailon bal\u00edstico, un tipo de tejido que se encuentra en chalecos antibalas y equipos textiles avanzados. Un gui\u00f1o a la capa con la que se cubre Batman.<\/p>\n<\/div>\n<\/div>\n<\/div>\n<\/section>\n<\/div>\n<\/div>\n<\/div>\n<\/section>\n","protected":false},"featured_media":27500,"comment_status":"open","ping_status":"closed","template":"","meta":{"om_disable_all_campaigns":false,"_monsterinsights_skip_tracking":false,"_monsterinsights_sitenote_active":false,"_monsterinsights_sitenote_note":"","_monsterinsights_sitenote_category":0},"product_brand":[],"product_cat":[414],"product_tag":[460,418,462],"giftcard-category":[],"class_list":{"0":"post-27470","1":"product","2":"type-product","3":"status-publish","4":"has-post-thumbnail","6":"product_cat-jacob-co-es","7":"product_tag-comics-relojes","8":"product_tag-relojes-de-edicion-limitada","9":"product_tag-relojes-de-peliculas-de-culto","11":"first","12":"instock","13":"taxable","14":"shipping-taxable","15":"purchasable","16":"product-type-simple"},"aioseo_notices":[],"_links":{"self":[{"href":"https:\/\/raritywatches.com\/es\/wp-json\/wp\/v2\/product\/27470","targetHints":{"allow":["GET"]}}],"collection":[{"href":"https:\/\/raritywatches.com\/es\/wp-json\/wp\/v2\/product"}],"about":[{"href":"https:\/\/raritywatches.com\/es\/wp-json\/wp\/v2\/types\/product"}],"replies":[{"embeddable":true,"href":"https:\/\/raritywatches.com\/es\/wp-json\/wp\/v2\/comments?post=27470"}],"version-history":[{"count":3,"href":"https:\/\/raritywatches.com\/es\/wp-json\/wp\/v2\/product\/27470\/revisions"}],"predecessor-version":[{"id":27732,"href":"https:\/\/raritywatches.com\/es\/wp-json\/wp\/v2\/product\/27470\/revisions\/27732"}],"wp:featuredmedia":[{"embeddable":true,"href":"https:\/\/raritywatches.com\/es\/wp-json\/wp\/v2\/media\/27500"}],"wp:attachment":[{"href":"https:\/\/raritywatches.com\/es\/wp-json\/wp\/v2\/media?parent=27470"}],"wp:term":[{"taxonomy":"product_brand","embeddable":true,"href":"https:\/\/raritywatches.com\/es\/wp-json\/wp\/v2\/product_brand?post=27470"},{"taxonomy":"product_cat","embeddable":true,"href":"https:\/\/raritywatches.com\/es\/wp-json\/wp\/v2\/product_cat?post=27470"},{"taxonomy":"product_tag","embeddable":true,"href":"https:\/\/raritywatches.com\/es\/wp-json\/wp\/v2\/product_tag?post=27470"},{"taxonomy":"giftcard-category","embeddable":true,"href":"https:\/\/raritywatches.com\/es\/wp-json\/wp\/v2\/giftcard-category?post=27470"}],"curies":[{"name":"wp","href":"https:\/\/api.w.org\/{rel}","templated":true}]}}