{"id":27014,"date":"2023-01-26T20:54:37","date_gmt":"2023-01-26T19:54:37","guid":{"rendered":"https:\/\/raritywatches.com\/product\/jacob-co-epic-x-negro\/"},"modified":"2023-01-26T20:54:37","modified_gmt":"2023-01-26T20:54:37","slug":"jacob-co-epic-x-negro-titanio","status":"publish","type":"product","link":"https:\/\/raritywatches.com\/es\/producto\/jacob-co-epic-x-negro-titanio\/","title":{"rendered":"Jacob &amp; Co. Epic X Negro"},"content":{"rendered":"","protected":false},"excerpt":{"rendered":"<h2>Jacob &amp; Co. Epic X Negro<\/h2>\n<p>N\u00famero de art\u00edculo: EC400.21.AB.AB.A<\/p>\n<h2 class=\"section-title\">CUENTO<\/h2>\n<div class=\"content-container\">\n<p>Llevando el atrevido dise\u00f1o Epic X varios pasos m\u00e1s all\u00e1, Jacob &amp; Co. ha creado el Epic X Chrono, un reloj deportivo de 47 mm que es deportivo, llamativo y sumamente atractivo.<\/p>\n<p>Con un movimiento semiesqueletado, visible a trav\u00e9s de la esfera de cristal mineral de color, el Epic X Chrono incorpora un movimiento cron\u00f3grafo de rueda de pilares de alta gama con dise\u00f1o bi-compax.<\/p>\n<p>Disponible en diversos materiales y colores, el Epic X Chrono es el reloj m\u00e1s deportivo de Jacob &amp; Co.<\/p>\n<\/div>\n<h2 class=\"section-title\">EL ATRACTIVO DEL CRON\u00d3GRAFO<\/h2>\n<div class=\"content-container\">\n<p>Los cron\u00f3grafos son una de las complicaciones m\u00e1s populares en relojer\u00eda y se utilizan en relojes tanto para hombre como para mujer. Hay algo en el cron\u00f3grafo que cautiva la imaginaci\u00f3n de la gente y, como tal, esta complicaci\u00f3n est\u00e1 ciertamente muy solicitada.<\/p>\n<p>Utilizar un cron\u00f3grafo es f\u00e1cil y divertido, y muy funcional. El cron\u00f3grafo es algo que se puede utilizar para medir el tiempo, no s\u00f3lo para leer la hora. Gracias a ello, se produce una interacci\u00f3n con el reloj. La interactividad hace que las cosas sean completamente diferentes, ya que est\u00e1s haciendo algo, no s\u00f3lo leyendo algo. Haciendo esto, no puedes controlar el tiempo, pero vas en esa direcci\u00f3n.<\/p>\n<p>Los cron\u00f3grafos son muy populares porque ofrecen una complicaci\u00f3n muy accesible y cuyo dise\u00f1o est\u00e1ndar es muy atractivo.<\/p>\n<p>El Epic X Chrono se ha fabricado expresamente, por lo que tiene un estilo t\u00e9cnico y deportivo con los pulsadores del cron\u00f3grafo en el lateral de la caja, la equilibrada esfera bicompax y la visi\u00f3n del movimiento a trav\u00e9s del cristal mineral de la esfera.<\/p>\n<\/div>\n<h2 class=\"section-title\">MOVIMIENTO<\/h2>\n<div class=\"content-container\">\n<p>El movimiento cron\u00f3grafo de rueda de pilares de fabricaci\u00f3n suiza se considera el mejor de la gama, ya que es sofisticado y muy fiable. El movimiento autom\u00e1tico del Epic X Chrono est\u00e1 semiesqueletado, mostrando su naturaleza t\u00e9cnica a trav\u00e9s de la esfera de cristal mineral que lo cubre.<\/p>\n<p>Controlado por dos pulsadores (arranque\/parada y puesta a cero), la aguja central del cron\u00f3grafo cuenta los segundos y la subesfera de la derecha los minutos.<\/p>\n<\/div>\n<h2 class=\"section-title\">ESTUCHE Y CRISTAL<\/h2>\n<div class=\"content-container\">\n<p>La caja de 47 mm del Epic X Chrono tiene un dise\u00f1o atrevido, creando una forma de &#8220;X&#8221; con las prominentes asas y recorriendo despu\u00e9s la caja y las estructuras arquitect\u00f3nicas del movimiento.<\/p>\n<p>La caja presenta un cristal de zafiro antirreflejos, un bisel de cer\u00e1mica y pulsadores de caucho, una corona atornillada y un bisel giratorio interior, controlado por la corona a presi\u00f3n situada a las 10 horas.<\/p>\n<p>Resistente al agua hasta 200 metros, el Epic X Chrono es un aut\u00e9ntico reloj deportivo que marca la diferencia y est\u00e1 dise\u00f1ado para aguantar todo lo que le eches.<\/p>\n<\/div>\n<h2 class=\"section-title\">EL DIAL<\/h2>\n<div class=\"content-container\">\n<p>El Epic X Chrono tiene una disposici\u00f3n bi-compax, con la subesfera derecha para los minutos del cron\u00f3grafo y la subesfera izquierda para los segundos. La esfera es de cristal mineral coloreado, lo que permite ver el movimiento de cron\u00f3grafo de rueda de pilares.<\/p>\n<p>Las agujas de las horas y los minutos son esqueletadas y est\u00e1n recubiertas de Super-LumiNova. El segundero central es rojo, al igual que el contador de minutos.<\/p>\n<\/div>\n<h2 class=\"section-title\">DE UN VISTAZO:<\/h2>\n<div class=\"content-container\">\n<p>Movimiento cron\u00f3grafo autom\u00e1tico de rueda de pilares semiesqueletado<\/p>\n<p>Acabado detallado de alta gama en todo el movimiento<\/p>\n<p>Esfera de cristal mineral coloreado, que deja al descubierto el movimiento autom\u00e1tico que hay debajo<\/p>\n<p>Cristal de zafiro antirreflejos en la parte delantera y trasera, para que el movimiento de alta relojer\u00eda est\u00e9 completamente a la vista<\/p>\n<p>Atrevida caja de 47 mm en forma de X<\/p>\n<p>Banda el\u00e1stica perforada exclusiva<\/p>\n<p>Disposici\u00f3n del cron\u00f3grafo Bi-compax<\/p>\n<p>Exclusivo bisel giratorio interno<\/p>\n<\/div>\n<p>&nbsp;<\/p>\n","protected":false},"featured_media":26733,"comment_status":"open","ping_status":"closed","template":"","meta":{"om_disable_all_campaigns":false,"_monsterinsights_skip_tracking":false,"_monsterinsights_sitenote_active":false,"_monsterinsights_sitenote_note":"","_monsterinsights_sitenote_category":0},"product_brand":[],"product_cat":[414],"product_tag":[419,433,435],"giftcard-category":[],"class_list":{"0":"post-27014","1":"product","2":"type-product","3":"status-publish","4":"has-post-thumbnail","6":"product_cat-jacob-co-es","7":"product_tag-relojes-de-superlujo","8":"product_tag-relojes-de-vestir","9":"product_tag-relojes-esqueleto","11":"first","12":"instock","13":"taxable","14":"shipping-taxable","15":"purchasable","16":"product-type-simple"},"aioseo_notices":[],"_links":{"self":[{"href":"https:\/\/raritywatches.com\/es\/wp-json\/wp\/v2\/product\/27014","targetHints":{"allow":["GET"]}}],"collection":[{"href":"https:\/\/raritywatches.com\/es\/wp-json\/wp\/v2\/product"}],"about":[{"href":"https:\/\/raritywatches.com\/es\/wp-json\/wp\/v2\/types\/product"}],"replies":[{"embeddable":true,"href":"https:\/\/raritywatches.com\/es\/wp-json\/wp\/v2\/comments?post=27014"}],"version-history":[{"count":0,"href":"https:\/\/raritywatches.com\/es\/wp-json\/wp\/v2\/product\/27014\/revisions"}],"wp:featuredmedia":[{"embeddable":true,"href":"https:\/\/raritywatches.com\/es\/wp-json\/wp\/v2\/media\/26733"}],"wp:attachment":[{"href":"https:\/\/raritywatches.com\/es\/wp-json\/wp\/v2\/media?parent=27014"}],"wp:term":[{"taxonomy":"product_brand","embeddable":true,"href":"https:\/\/raritywatches.com\/es\/wp-json\/wp\/v2\/product_brand?post=27014"},{"taxonomy":"product_cat","embeddable":true,"href":"https:\/\/raritywatches.com\/es\/wp-json\/wp\/v2\/product_cat?post=27014"},{"taxonomy":"product_tag","embeddable":true,"href":"https:\/\/raritywatches.com\/es\/wp-json\/wp\/v2\/product_tag?post=27014"},{"taxonomy":"giftcard-category","embeddable":true,"href":"https:\/\/raritywatches.com\/es\/wp-json\/wp\/v2\/giftcard-category?post=27014"}],"curies":[{"name":"wp","href":"https:\/\/api.w.org\/{rel}","templated":true}]}}