{"id":26979,"date":"2023-01-03T13:43:37","date_gmt":"2023-01-03T12:43:37","guid":{"rendered":"https:\/\/raritywatches.com\/product\/jacob-co-jean-bugatti-oro-rosa\/"},"modified":"2023-01-31T07:58:44","modified_gmt":"2023-01-31T07:58:44","slug":"jean-bugatti-oro-rosa","status":"publish","type":"product","link":"https:\/\/raritywatches.com\/es\/producto\/jean-bugatti-oro-rosa\/","title":{"rendered":"Jacob &amp; Co Jean Bugatti Oro Rosa"},"content":{"rendered":"","protected":false},"excerpt":{"rendered":"<h2 class=\"section-title\">CUENTO<\/h2>\n<div class=\"content-container\">\n<p><span lang=\"EN-GB\">Tras lanzar relojes tan superlativos como el Chiron o el Twin Turbo Furious Bugatti, todos ellos relacionados con la historia contempor\u00e1nea de Bugatti, Jacob &amp; Co. decidi\u00f3 explorar otra faceta del legado de la marca de hipercoches. La edici\u00f3n limitada en oro rosa del Jean Bugatti rinde homenaje a un innovador extraordinario y a sus interpretaciones automovil\u00edsticas vanguardistas y art\u00edsticas.  <\/span><\/p>\n<p><span lang=\"EN-GB\">Jean Bugatti era el hijo mayor del fundador Ettore Bugatti. Naci\u00f3 en 1909, el mismo a\u00f1o en que Ettore cre\u00f3 su nueva empresa en Molsheim, Alsacia, en el noreste de Francia. De ni\u00f1o, a Jean le encantaba ver a su padre y a los delineantes dise\u00f1ar y desarrollar. A menudo corr\u00eda en secreto por las instalaciones de producci\u00f3n viendo c\u00f3mo los dibujos cobraban vida. Joven, curioso y experimental como era, los &#8220;Ann\u00e9es Folles&#8221; (a\u00f1os locos) franceses de posguerra ejercieron una enorme influencia sobre \u00e9l. Siempre que pod\u00eda visitaba en la capital francesa a su abuelo Carlo, miembro de la Academia de Bellas Artes de Par\u00eds desde 1875. A Carlo Bugatti le encantaba mezclar materiales, culturas y estilos en sus muebles y objetos decorativos, lo que inspir\u00f3 a Jean para hacer lo mismo en sus dise\u00f1os automovil\u00edsticos.  <\/span><\/p>\n<p><span lang=\"EN-GB\">As\u00ed nacieron obras maestras como la serie duotono Type 50, el Type 41 Royale con la mayor distancia entre ejes de la historia y el Type 57SC Atlantic, el coche de colecci\u00f3n m\u00e1s caro del mundo. El Atlantic ten\u00eda un cap\u00f3 extremadamente largo y una zaga ovalada que llegaba casi hasta el suelo, de la que sobresal\u00edan seis finos tubos de escape. La caracter\u00edstica de dise\u00f1o m\u00e1s destacada era la costura en relieve del Atlantic, que discurr\u00eda verticalmente desde la bisagra del cap\u00f3 dividido hasta la cola. Proporciones desconocidas en el mundo del autom\u00f3vil de la \u00e9poca.<\/span><\/p>\n<\/div>\n<h2 class=\"section-title\">SOBRE LA ASOCIACI\u00d3N<\/h2>\n<div class=\"content-container\">\n<p><span lang=\"EN-GB\">En 2019, Bugatti y Jacob &amp; Co. firmaron una colaboraci\u00f3n de varios a\u00f1os para crear relojes \u00fanicos y nunca vistos. Estos relojes son fieles al esp\u00edritu de ambas empresas, al tiempo que llevan la relojer\u00eda a cotas imposibles.<\/span><\/p>\n<p><span lang=\"EN-GB\">Para inaugurar esta asociaci\u00f3n liderada por el rendimiento, se crearon dos relojes. Estos relojes, basados en el Twin Turbo Furious y el Epic X Chrono, se inspiran directamente en el dise\u00f1o y el esp\u00edritu \u00fanicos de los hipercoches Bugatti.<\/span><\/p>\n<p><span lang=\"EN-GB\">En 2020, Jacob &amp; Co. y Bugatti presentaron nuevos relojes de la colecci\u00f3n Twin Turbo Furious, y el Bugatti Chiron, una l\u00ednea completamente nueva. En 2022, esta asociaci\u00f3n a\u00f1ade una faceta hist\u00f3rica, cl\u00e1sica y todav\u00eda de alto rendimiento con el Jean Bugatti.<\/span><\/p>\n<\/div>\n<h2 class=\"section-title\">DISE\u00d1O SINGULAR<\/h2>\n<div class=\"content-container\">\n<p><span lang=\"EN-GB\">El sentido del dise\u00f1o automovil\u00edstico de Jean Bugatti se sal\u00eda de lo convencional. As\u00ed es el aspecto del reloj hom\u00f3nimo. Puede parecer cl\u00e1sico, pero como era de esperar de Jacob &amp; Co, en realidad no lo es. Con dos grandes aberturas a las 5 y a las 7 bajo discos de zafiro ahumado, con agujas que apuntan en una direcci\u00f3n sin sentido aparente, con una gran abertura vertical a las 6, el Jean Bugatti es desconcertante, enga\u00f1oso tal vez.  <\/span><\/p>\n<p><span lang=\"EN-GB\">Hacia el interior, en el borde exterior de la esfera, dos agujas cortas y rojas indican las horas y los minutos. El par de agujas cortas y azuladas ancladas en el centro de la esfera son las agujas del cron\u00f3grafo. La primera, m\u00e1s larga, representa las unidades de segundo del cron\u00f3grafo. El otro se encarga de las decenas de segundo del cron\u00f3grafo. Las dos aberturas de la esfera, a las 5 y 7 horas, albergan un par de tourbillones volantes de un minuto.  <\/span><\/p>\n<\/div>\n<h2 class=\"section-title\">DOBLE RETR\u00d3GRADO Y CRON\u00d3GRAFO DIGITAL<\/h2>\n<div class=\"content-container\">\n<p><span lang=\"EN-GB\">El Jean Bugatti cuenta con un cron\u00f3grafo cuya disposici\u00f3n, funciones y prestaciones son sin duda \u00fanicas. Sus segundos de cron\u00f3grafo son retr\u00f3grados dobles. Los minutos del cron\u00f3grafo son digitales y saltantes. Ambos se basan en un \u00f3rgano regulador independiente de alta frecuencia, 5 Hz, con un barrilete espec\u00edfico. Su acci\u00f3n est\u00e1 coordinada por una rueda de pilares con embrague horizontal.<\/span><\/p>\n<p><span lang=\"EN-GB\">Se basa en agujas situadas en el centro del reloj. Cuando se activa el pulsador de inicio\/parada, la primera manecilla comienza a moverse de 0 a 10. Al llegar a 10, salta hacia atr\u00e1s hasta 0 y comienza de nuevo su recorrido. Mientras tanto, la otra mano ha saltado hacia delante, de 00 a 01. La secuencia se repite mientras el cron\u00f3grafo est\u00e9 en funcionamiento. Despu\u00e9s de 59 segundos, la manecilla m\u00e1s corta llega a 60 y salta hacia atr\u00e1s hasta 00. En ese momento, en el medall\u00f3n ovalado situado a las 6 horas, un disco con n\u00fameros dorados ha saltado instant\u00e1neamente de 00 a 01.  <\/span><\/p>\n<p><span lang=\"EN-GB\">Adem\u00e1s, cuando el cron\u00f3grafo se detiene y se pone a cero, las agujas de los segundos no saltan instant\u00e1neamente hacia atr\u00e1s. Siguen lentamente su curso hasta su posici\u00f3n final, y s\u00f3lo entonces pueden dar su salto retr\u00f3grado definitivo. Esta es una de las muchas caracter\u00edsticas \u00fanicas del Jean Bugatti.<\/span><\/p>\n<\/div>\n<h2 class=\"section-title\">DOBLE TOURBILLON VOLANTE<\/h2>\n<div class=\"content-container\">\n<p><span lang=\"EN-GB\">Las dos aberturas de la esfera Jean Bugatti albergan un par de tourbillons de un minuto. Bajo un cristal de zafiro ahumado, integran un elemento de dise\u00f1o que realza a\u00fan m\u00e1s el car\u00e1cter Buatti de este reloj. Una jaula de tourbillon Jacob &amp; Co. puede modificarse de muchas maneras para transmitir un mensaje de dise\u00f1o. En este caso, se le ha dado la forma del logotipo EB de Bugatti. Este componente est\u00e1 fabricado en acero perfectamente pulido.  <\/span><\/p>\n<p><span lang=\"EN-GB\">Dado que s\u00f3lo est\u00e1n sujetos por su base, estos dos sistemas giratorios son tourbillons volantes. Su periodo de rotaci\u00f3n es el cl\u00e1sico minuto, y la frecuencia del volante que albergan es de 3 Hz.  <\/span><\/p>\n<\/div>\n<h2 class=\"section-title\">MOVIMIENTO<\/h2>\n<div class=\"content-container\">\n<p><span lang=\"EN-GB\">El calibre JCFM09 ha sido desarrollado exclusivamente para el Jean Bugatti. Est\u00e1 formado por un total de 470 componentes. Esta cifra inusualmente elevada es consecuencia directa de las avanzadas complicaciones del movimiento y de su doble estructura. En la misma placa base coexisten dos sistemas diferentes e interconectados. Una es la parte de cronometraje, con un barrilete espec\u00edfico, un tren de engranajes y dos tourbillons, que accionan la indicaci\u00f3n perif\u00e9rica de la hora.  <\/span><\/p>\n<p><span lang=\"EN-GB\">La otra es la parte del cron\u00f3grafo. Posee su propio barrilete, unido a un \u00f3rgano regulador espec\u00edfico, que oscila a 36.000 pulsaciones por hora, es decir, 5 Hz. Al ser accionado por los pulsadores, el volante alcanza inmediatamente su amplitud y frecuencia \u00f3ptimas para accionar las agujas del cron\u00f3grafo con la m\u00e1xima precisi\u00f3n.<\/span><\/p>\n<p><span lang=\"EN-GB\">La impresi\u00f3n gr\u00e1fica que deja el calibre JCFM09 es impresionante. Los componentes calados est\u00e1n muy pulidos y biselados. Destacan sobre el tel\u00f3n de fondo de una placa base circular granulada y totalmente ennegrecida. Un bosque de muelles, palancas, embragues e impresionantes puentes pulidos a espejo crean un denso entorno t\u00e9cnico. En este sentido, como en muchos otros, el Jean Bugatti es un reloj digno de contemplar.  <\/span><\/p>\n<\/div>\n<h2 class=\"section-title\">DIAL ORNATE<\/h2>\n<div class=\"content-container\">\n<p><span lang=\"EN-GB\">El Jean Bugatti alberga una esfera in\u00e9dita en los 20 a\u00f1os de relojer\u00eda de Jacob &amp; Co. Una base lacada en blanco crema est\u00e1 provista de un par de apliques chapados en oro rosa. Definen un sector de 225\u00b0 por el que discurren las agujas del cron\u00f3grafo. Se complementan con n\u00fameros ar\u00e1bigos aplicados que les sirven de escala. La escala exterior va de 0 a 10 y la interior, de 00 a 60.<\/span><\/p>\n<p><span lang=\"EN-GB\">La frontera entre la superficie de la esfera y las tres aberturas entre las 5 y las 7 est\u00e1 marcada por otro aplique chapado en oro rosa. Define las zonas donde se encuentran los tourbillones y los minutos digitales del cron\u00f3grafo.<\/span><\/p>\n<p><span lang=\"EN-GB\">Un aplique chapado en oro rosa y lacado se sit\u00faa justo debajo de las agujas del cron\u00f3grafo, recordando la esencia Bugatti del Jean Bugatti.<\/span><\/p>\n<\/div>\n<h2 class=\"section-title\">CAJA Y CRISTAL<\/h2>\n<div class=\"content-container\">\n<p><span lang=\"EN-GB\">El Jean Bugatti est\u00e1 fabricado en oro rosa de 18 quilates. El metal precioso est\u00e1 pulido en toda su superficie y moldeado en una caja redonda, con bisel redondeado, asas cortas redondeadas y elaboradas para una \u00f3ptima comodidad de uso.  <\/span><\/p>\n<p><span lang=\"EN-GB\">La caja del Jean Bugatti mide 46 mm de di\u00e1metro y 16 mm de grosor. Su cristal de zafiro tiene forma de c\u00fapula, cuyas curvas son una prolongaci\u00f3n de las del bisel y la caja. El fondo de la caja est\u00e1 provisto de un cristal de zafiro transparente y ofrece una visi\u00f3n sin obst\u00e1culos del calibre JCFM09.<\/span><\/p>\n<\/div>\n","protected":false},"featured_media":25854,"comment_status":"open","ping_status":"closed","template":"","meta":{"om_disable_all_campaigns":false,"_monsterinsights_skip_tracking":false,"_monsterinsights_sitenote_active":false,"_monsterinsights_sitenote_note":"","_monsterinsights_sitenote_category":0},"product_brand":[],"product_cat":[414],"product_tag":[418,419],"giftcard-category":[],"class_list":{"0":"post-26979","1":"product","2":"type-product","3":"status-publish","4":"has-post-thumbnail","6":"product_cat-jacob-co-es","7":"product_tag-relojes-de-edicion-limitada","8":"product_tag-relojes-de-superlujo","10":"first","11":"instock","12":"taxable","13":"shipping-taxable","14":"purchasable","15":"product-type-simple"},"aioseo_notices":[],"_links":{"self":[{"href":"https:\/\/raritywatches.com\/es\/wp-json\/wp\/v2\/product\/26979","targetHints":{"allow":["GET"]}}],"collection":[{"href":"https:\/\/raritywatches.com\/es\/wp-json\/wp\/v2\/product"}],"about":[{"href":"https:\/\/raritywatches.com\/es\/wp-json\/wp\/v2\/types\/product"}],"replies":[{"embeddable":true,"href":"https:\/\/raritywatches.com\/es\/wp-json\/wp\/v2\/comments?post=26979"}],"version-history":[{"count":1,"href":"https:\/\/raritywatches.com\/es\/wp-json\/wp\/v2\/product\/26979\/revisions"}],"predecessor-version":[{"id":27361,"href":"https:\/\/raritywatches.com\/es\/wp-json\/wp\/v2\/product\/26979\/revisions\/27361"}],"wp:featuredmedia":[{"embeddable":true,"href":"https:\/\/raritywatches.com\/es\/wp-json\/wp\/v2\/media\/25854"}],"wp:attachment":[{"href":"https:\/\/raritywatches.com\/es\/wp-json\/wp\/v2\/media?parent=26979"}],"wp:term":[{"taxonomy":"product_brand","embeddable":true,"href":"https:\/\/raritywatches.com\/es\/wp-json\/wp\/v2\/product_brand?post=26979"},{"taxonomy":"product_cat","embeddable":true,"href":"https:\/\/raritywatches.com\/es\/wp-json\/wp\/v2\/product_cat?post=26979"},{"taxonomy":"product_tag","embeddable":true,"href":"https:\/\/raritywatches.com\/es\/wp-json\/wp\/v2\/product_tag?post=26979"},{"taxonomy":"giftcard-category","embeddable":true,"href":"https:\/\/raritywatches.com\/es\/wp-json\/wp\/v2\/giftcard-category?post=26979"}],"curies":[{"name":"wp","href":"https:\/\/api.w.org\/{rel}","templated":true}]}}