{"id":26950,"date":"2023-01-10T11:19:34","date_gmt":"2023-01-10T10:19:34","guid":{"rendered":"https:\/\/raritywatches.com\/product\/epos-3441-dd\/"},"modified":"2023-01-31T07:53:15","modified_gmt":"2023-01-31T07:53:15","slug":"epos-3441-dd","status":"publish","type":"product","link":"https:\/\/raritywatches.com\/es\/producto\/epos-3441-dd\/","title":{"rendered":"Epos 3441 DD"},"content":{"rendered":"","protected":false},"excerpt":{"rendered":"<p>Reloj de buceo autom\u00e1tico con indicaci\u00f3n del d\u00eda de la semana, bisel cer\u00e1mico y v\u00e1lvula de helio.<\/p>\n","protected":false},"featured_media":26409,"comment_status":"open","ping_status":"closed","template":"","meta":{"om_disable_all_campaigns":false,"_monsterinsights_skip_tracking":false,"_monsterinsights_sitenote_active":false,"_monsterinsights_sitenote_note":"","_monsterinsights_sitenote_category":0},"product_brand":[],"product_cat":[353],"product_tag":[423],"giftcard-category":[],"class_list":{"0":"post-26950","1":"product","2":"type-product","3":"status-publish","4":"has-post-thumbnail","6":"product_cat-epos-es","7":"product_tag-relojes-de-buceo","9":"first","10":"instock","11":"taxable","12":"shipping-taxable","13":"purchasable","14":"product-type-simple"},"aioseo_notices":[],"_links":{"self":[{"href":"https:\/\/raritywatches.com\/es\/wp-json\/wp\/v2\/product\/26950","targetHints":{"allow":["GET"]}}],"collection":[{"href":"https:\/\/raritywatches.com\/es\/wp-json\/wp\/v2\/product"}],"about":[{"href":"https:\/\/raritywatches.com\/es\/wp-json\/wp\/v2\/types\/product"}],"replies":[{"embeddable":true,"href":"https:\/\/raritywatches.com\/es\/wp-json\/wp\/v2\/comments?post=26950"}],"version-history":[{"count":1,"href":"https:\/\/raritywatches.com\/es\/wp-json\/wp\/v2\/product\/26950\/revisions"}],"predecessor-version":[{"id":27348,"href":"https:\/\/raritywatches.com\/es\/wp-json\/wp\/v2\/product\/26950\/revisions\/27348"}],"wp:featuredmedia":[{"embeddable":true,"href":"https:\/\/raritywatches.com\/es\/wp-json\/wp\/v2\/media\/26409"}],"wp:attachment":[{"href":"https:\/\/raritywatches.com\/es\/wp-json\/wp\/v2\/media?parent=26950"}],"wp:term":[{"taxonomy":"product_brand","embeddable":true,"href":"https:\/\/raritywatches.com\/es\/wp-json\/wp\/v2\/product_brand?post=26950"},{"taxonomy":"product_cat","embeddable":true,"href":"https:\/\/raritywatches.com\/es\/wp-json\/wp\/v2\/product_cat?post=26950"},{"taxonomy":"product_tag","embeddable":true,"href":"https:\/\/raritywatches.com\/es\/wp-json\/wp\/v2\/product_tag?post=26950"},{"taxonomy":"giftcard-category","embeddable":true,"href":"https:\/\/raritywatches.com\/es\/wp-json\/wp\/v2\/giftcard-category?post=26950"}],"curies":[{"name":"wp","href":"https:\/\/api.w.org\/{rel}","templated":true}]}}