{"id":26334,"date":"2023-01-10T10:39:25","date_gmt":"2023-01-10T09:39:25","guid":{"rendered":"https:\/\/raritywatches.com\/product\/epos-3435-verso-2-2\/"},"modified":"2023-01-31T07:57:24","modified_gmt":"2023-01-31T07:57:24","slug":"epos-3435-verso-2-2","status":"publish","type":"product","link":"https:\/\/raritywatches.com\/es\/producto\/epos-3435-verso-2-2\/","title":{"rendered":"Epos 3435 Verso 2"},"content":{"rendered":"","protected":false},"excerpt":{"rendered":"<p>Reloj semiesqueleto de Edici\u00f3n Limitada con esfera en tres partes, modificaci\u00f3n interna &#8220;Verso&#8221; y puls\u00f3metro en la parte trasera.<\/p>\n","protected":false},"featured_media":25308,"comment_status":"open","ping_status":"closed","template":"","meta":{"om_disable_all_campaigns":false,"_monsterinsights_skip_tracking":false,"_monsterinsights_sitenote_active":false,"_monsterinsights_sitenote_note":"","_monsterinsights_sitenote_category":0},"product_brand":[],"product_cat":[353],"product_tag":[433,435],"giftcard-category":[],"class_list":{"0":"post-26334","1":"product","2":"type-product","3":"status-publish","4":"has-post-thumbnail","6":"product_cat-epos-es","7":"product_tag-relojes-de-vestir","8":"product_tag-relojes-esqueleto","10":"first","11":"instock","12":"taxable","13":"shipping-taxable","14":"purchasable","15":"product-type-simple"},"aioseo_notices":[],"_links":{"self":[{"href":"https:\/\/raritywatches.com\/es\/wp-json\/wp\/v2\/product\/26334","targetHints":{"allow":["GET"]}}],"collection":[{"href":"https:\/\/raritywatches.com\/es\/wp-json\/wp\/v2\/product"}],"about":[{"href":"https:\/\/raritywatches.com\/es\/wp-json\/wp\/v2\/types\/product"}],"replies":[{"embeddable":true,"href":"https:\/\/raritywatches.com\/es\/wp-json\/wp\/v2\/comments?post=26334"}],"version-history":[{"count":1,"href":"https:\/\/raritywatches.com\/es\/wp-json\/wp\/v2\/product\/26334\/revisions"}],"predecessor-version":[{"id":26337,"href":"https:\/\/raritywatches.com\/es\/wp-json\/wp\/v2\/product\/26334\/revisions\/26337"}],"wp:featuredmedia":[{"embeddable":true,"href":"https:\/\/raritywatches.com\/es\/wp-json\/wp\/v2\/media\/25308"}],"wp:attachment":[{"href":"https:\/\/raritywatches.com\/es\/wp-json\/wp\/v2\/media?parent=26334"}],"wp:term":[{"taxonomy":"product_brand","embeddable":true,"href":"https:\/\/raritywatches.com\/es\/wp-json\/wp\/v2\/product_brand?post=26334"},{"taxonomy":"product_cat","embeddable":true,"href":"https:\/\/raritywatches.com\/es\/wp-json\/wp\/v2\/product_cat?post=26334"},{"taxonomy":"product_tag","embeddable":true,"href":"https:\/\/raritywatches.com\/es\/wp-json\/wp\/v2\/product_tag?post=26334"},{"taxonomy":"giftcard-category","embeddable":true,"href":"https:\/\/raritywatches.com\/es\/wp-json\/wp\/v2\/giftcard-category?post=26334"}],"curies":[{"name":"wp","href":"https:\/\/api.w.org\/{rel}","templated":true}]}}