{"id":26258,"date":"2023-01-03T13:02:27","date_gmt":"2023-01-03T12:02:27","guid":{"rendered":"https:\/\/raritywatches.com\/product\/epic-x-chrono-messi-titanio-y-oro-blanco\/"},"modified":"2023-01-29T11:13:24","modified_gmt":"2023-01-29T11:13:24","slug":"epic-x-chrono-messi-titanio-y-oro-blanco","status":"publish","type":"product","link":"https:\/\/raritywatches.com\/es\/producto\/epic-x-chrono-messi-titanio-y-oro-blanco\/","title":{"rendered":"Jacob &amp; Co Epic X Chrono Messi Titanio Y Oro Blanco"},"content":{"rendered":"","protected":false},"excerpt":{"rendered":"<p>Lionel Messi, el goleador m\u00e1s prol\u00edfico del f\u00fatbol y posiblemente el mejor jugador de f\u00fatbol moderno, podr\u00eda haber elegido cualquier empresa relojera del mundo para trabajar, y eligi\u00f3 Jacob &amp; Co, una de las marcas de alta relojer\u00eda m\u00e1s creativas. Le dijo a Jacob Arabo, fundador de Jacob &amp; Co, cuando se concret\u00f3 la asociaci\u00f3n: &#8220;Seguir\u00e9 intentando dar lo mejor de m\u00ed en el campo y juntos haremos realidad nuestra visi\u00f3n&#8221;.<\/p>\n<p>Alabado en todo el mundo por su incre\u00edble precisi\u00f3n y velocidad en el deporte rey y seguido por su estilo de vida que marca tendencia, Messi ha colaborado estrechamente con Jacob &amp; Co, aportando su punto de vista personal y su sello exclusivo a la hora de dise\u00f1ar las Ediciones Limitadas Epic X Chrono &#8220;Messi&#8221;.<\/p>\n<p>&#8220;En Jacob &amp; Co. nos aseguramos de asociarnos con los mejores del mundo, o no nos asociamos&#8221;, afirma Jacob Arabo, fundador de Jacob &amp; Co. &#8220;Con Messi y la Epic X Chrono, sin duda lo hemos conseguido&#8221;.<\/p>\n<p>Para esta colaboraci\u00f3n, Jacob &amp; Co. eligi\u00f3 el reloj m\u00e1s deportivo de nuestra l\u00ednea, el Epic X Chrono, para adaptarlo a uno de los atletas de \u00e9lite m\u00e1s deportivos del mundo.<\/p>\n","protected":false},"featured_media":25719,"comment_status":"open","ping_status":"closed","template":"","meta":{"om_disable_all_campaigns":false,"_monsterinsights_skip_tracking":false,"_monsterinsights_sitenote_active":false,"_monsterinsights_sitenote_note":"","_monsterinsights_sitenote_category":0},"product_brand":[],"product_cat":[414],"product_tag":[],"giftcard-category":[],"class_list":{"0":"post-26258","1":"product","2":"type-product","3":"status-publish","4":"has-post-thumbnail","6":"product_cat-jacob-co-es","8":"first","9":"instock","10":"taxable","11":"shipping-taxable","12":"purchasable","13":"product-type-simple"},"aioseo_notices":[],"_links":{"self":[{"href":"https:\/\/raritywatches.com\/es\/wp-json\/wp\/v2\/product\/26258","targetHints":{"allow":["GET"]}}],"collection":[{"href":"https:\/\/raritywatches.com\/es\/wp-json\/wp\/v2\/product"}],"about":[{"href":"https:\/\/raritywatches.com\/es\/wp-json\/wp\/v2\/types\/product"}],"replies":[{"embeddable":true,"href":"https:\/\/raritywatches.com\/es\/wp-json\/wp\/v2\/comments?post=26258"}],"version-history":[{"count":2,"href":"https:\/\/raritywatches.com\/es\/wp-json\/wp\/v2\/product\/26258\/revisions"}],"predecessor-version":[{"id":26974,"href":"https:\/\/raritywatches.com\/es\/wp-json\/wp\/v2\/product\/26258\/revisions\/26974"}],"wp:featuredmedia":[{"embeddable":true,"href":"https:\/\/raritywatches.com\/es\/wp-json\/wp\/v2\/media\/25719"}],"wp:attachment":[{"href":"https:\/\/raritywatches.com\/es\/wp-json\/wp\/v2\/media?parent=26258"}],"wp:term":[{"taxonomy":"product_brand","embeddable":true,"href":"https:\/\/raritywatches.com\/es\/wp-json\/wp\/v2\/product_brand?post=26258"},{"taxonomy":"product_cat","embeddable":true,"href":"https:\/\/raritywatches.com\/es\/wp-json\/wp\/v2\/product_cat?post=26258"},{"taxonomy":"product_tag","embeddable":true,"href":"https:\/\/raritywatches.com\/es\/wp-json\/wp\/v2\/product_tag?post=26258"},{"taxonomy":"giftcard-category","embeddable":true,"href":"https:\/\/raritywatches.com\/es\/wp-json\/wp\/v2\/giftcard-category?post=26258"}],"curies":[{"name":"wp","href":"https:\/\/api.w.org\/{rel}","templated":true}]}}