{"id":26251,"date":"2023-01-03T12:36:33","date_gmt":"2023-01-03T11:36:33","guid":{"rendered":"https:\/\/raritywatches.com\/product\/epic-x-chrono-messi-titanio\/"},"modified":"2023-01-29T11:13:08","modified_gmt":"2023-01-29T11:13:08","slug":"epic-x-chrono-messi-titanium","status":"publish","type":"product","link":"https:\/\/raritywatches.com\/es\/producto\/epic-x-chrono-messi-titanium\/","title":{"rendered":"Jacob &amp; Co Epic X Chrono Messi Titanio"},"content":{"rendered":"","protected":false},"excerpt":{"rendered":"<h2 class=\"section-title\">Historia<\/h2>\n<p>Lionel Messi, el goleador m\u00e1s prol\u00edfico del f\u00fatbol y posiblemente el mejor jugador de f\u00fatbol moderno, podr\u00eda haber elegido cualquier empresa relojera del mundo para trabajar, y eligi\u00f3 Jacob &amp; Co, una de las marcas de alta relojer\u00eda m\u00e1s creativas. Le dijo a Jacob Arabo, fundador de Jacob &amp; Co, cuando se concret\u00f3 la asociaci\u00f3n: &#8220;Seguir\u00e9 intentando dar lo mejor de m\u00ed en el campo y juntos haremos realidad nuestra visi\u00f3n&#8221;.<\/p>\n<p>Alabado en todo el mundo por su incre\u00edble precisi\u00f3n y velocidad en el deporte rey y seguido por su estilo de vida que marca tendencia, Messi ha colaborado estrechamente con Jacob &amp; Co, aportando su punto de vista personal y su sello exclusivo a la hora de dise\u00f1ar las Ediciones Limitadas Epic X Chrono &#8220;Messi&#8221;.<\/p>\n<p>&#8220;En Jacob &amp; Co. nos aseguramos de asociarnos con los mejores del mundo, o no nos asociamos&#8221;, afirma Jacob Arabo, fundador de Jacob &amp; Co. &#8220;Con Messi y la Epic X Chrono, sin duda lo hemos conseguido&#8221;.<\/p>\n<p>Para esta colaboraci\u00f3n, Jacob &amp; Co. eligi\u00f3 el reloj m\u00e1s deportivo de nuestra l\u00ednea, el Epic X Chrono, para adaptarlo a uno de los atletas de \u00e9lite m\u00e1s deportivos del mundo.<\/p>\n<p>&nbsp;<\/p>\n<h2 class=\"section-title\">Asociaci\u00f3n<\/h2>\n<div class=\"content-container\">\n<p>Lionel Messi, el goleador m\u00e1s prol\u00edfico del f\u00fatbol y posiblemente el mejor jugador de f\u00fatbol moderno, podr\u00eda haber elegido cualquier empresa relojera del mundo para trabajar, y eligi\u00f3 Jacob &amp; Co, la marca de alta relojer\u00eda m\u00e1s creativa. Le dijo a Jacob Arabo, fundador de Jacob &amp; Co, cuando se concret\u00f3 la asociaci\u00f3n: &#8220;Seguir\u00e9 intentando dar lo mejor de m\u00ed en el campo y juntos haremos realidad nuestra visi\u00f3n&#8221;.<\/p>\n<p>Esta asociaci\u00f3n a largo plazo entre dos l\u00edderes de sus respectivos campos ya ha creado tres ediciones limitadas del Epic X Chrono Messi, que incorporan los colores de la bandera de Argentina, el famoso n\u00famero 10 de Messi, su estilizado logotipo de la &#8220;M&#8221; y su firma en el fondo de la caja.<\/p>\n<p>Alabado en todo el mundo por su incre\u00edble precisi\u00f3n y velocidad en el deporte rey y seguido por su estilo de vida que marca tendencia, Messi ha colaborado estrechamente con Jacob &amp; Co, aportando su contribuci\u00f3n personal y su sello exclusivo a la hora de dise\u00f1ar la Edici\u00f3n Limitada Epic X Chrono &#8220;Messi&#8221;.<\/p>\n<p>&#8220;En Jacob &amp; Co. nos aseguramos de asociarnos con los mejores del mundo, o no nos asociamos&#8221;, afirma Jacob Arabo, fundador de Jacob &amp; Co. &#8220;Con Messi y la Epic X Chrono, sin duda lo hemos conseguido&#8221;.<\/p>\n<\/div>\n<h2 class=\"section-title\">TOQUES \u00daNICOS DE MESSI<\/h2>\n<div class=\"content-container\">\n<p>Esta asociaci\u00f3n a largo plazo entre dos l\u00edderes de sus respectivos campos ha creado ediciones limitadas y piezas \u00fanicas basadas en el Epic X Chrono.<\/p>\n<p>En cada reloj figuran los colores azul y blanco de la bandera de Argentina, el pa\u00eds natal de Messi.<\/p>\n<p>El famoso n\u00famero 10 de Messi est\u00e1 resaltado en rojo en el bisel, y su estilizado logotipo &#8220;M&#8221; se encuentra en la posici\u00f3n de las seis en punto de la esfera. Y como toque especial, la firma de Messi aparece en el fondo de la caja.<\/p>\n<\/div>\n<div>\n<h2 class=\"section-title\">EL MOVIMIENTO<\/h2>\n<div class=\"content-container\">\n<p>El movimiento de alta calidad es un cron\u00f3grafo de rueda de pilares de fabricaci\u00f3n suiza, parcialmente esqueletizado. Controlado por dos pulsadores (arranque\/parada y puesta a cero), la aguja central del cron\u00f3grafo cuenta los segundos y la subesfera de la derecha los minutos.<\/p>\n<\/div>\n<\/div>\n<h2 class=\"section-title\">EL CASO<\/h2>\n<div class=\"content-container\">\n<p>La caja de titanio de 47 mm incorpora un cristal de zafiro antirreflejos, un bisel de cer\u00e1mica y pulsadores de caucho. Resistente al agua hasta 200 metros, la caja tambi\u00e9n tiene una corona atornillada y un bisel giratorio interior, controlado por la corona a presi\u00f3n situada a las 10 horas.<\/p>\n<\/div>\n<p>&nbsp;<\/p>\n<h2 class=\"section-title\">EL DIAL<\/h2>\n<div class=\"content-container\">\n<p>El Epic X Chrono Messi tiene una disposici\u00f3n bi-compax, con la subesfera derecha para los minutos del cron\u00f3grafo y la subesfera izquierda para los segundos. La esfera es de cristal mineral azulado, lo que permite ver el movimiento de cron\u00f3grafo de rueda de pilares.<\/p>\n<\/div>\n<p>&nbsp;<\/p>\n<h2 class=\"section-title\">La \u00c9pica X Chrono Messi de un vistazo<\/h2>\n<div class=\"content-container\">\n<p>Cron\u00f3grafo de rueda de pilares de fabricaci\u00f3n suiza.<\/p>\n<p>Los colores azul y blanco de Argentina, el pa\u00eds natal de Messi.<\/p>\n<p>El famoso n\u00famero 10 de Messi resaltado en rojo en el bisel.<\/p>\n<p>El logotipo &#8220;M&#8221; estilizado de Messi en la posici\u00f3n de las seis.<\/p>\n<p>Firma de Messi en el fondo de la caja de exposici\u00f3n.<\/p>\n<p>Caja de titanio de 47 mm.<\/p>\n<p>Doble cristal de zafiro antirreflejos.<\/p>\n<p>Resistente al agua hasta 200 metros.<\/p>\n<\/div>\n<p>&nbsp;<\/p>\n<p>&nbsp;<\/p>\n","protected":false},"featured_media":25716,"comment_status":"open","ping_status":"closed","template":"","meta":{"om_disable_all_campaigns":false,"_monsterinsights_skip_tracking":false,"_monsterinsights_sitenote_active":false,"_monsterinsights_sitenote_note":"","_monsterinsights_sitenote_category":0},"product_brand":[],"product_cat":[414],"product_tag":[],"giftcard-category":[],"class_list":{"0":"post-26251","1":"product","2":"type-product","3":"status-publish","4":"has-post-thumbnail","6":"product_cat-jacob-co-es","8":"first","9":"outofstock","10":"taxable","11":"shipping-taxable","12":"purchasable","13":"product-type-simple"},"aioseo_notices":[],"_links":{"self":[{"href":"https:\/\/raritywatches.com\/es\/wp-json\/wp\/v2\/product\/26251","targetHints":{"allow":["GET"]}}],"collection":[{"href":"https:\/\/raritywatches.com\/es\/wp-json\/wp\/v2\/product"}],"about":[{"href":"https:\/\/raritywatches.com\/es\/wp-json\/wp\/v2\/types\/product"}],"replies":[{"embeddable":true,"href":"https:\/\/raritywatches.com\/es\/wp-json\/wp\/v2\/comments?post=26251"}],"version-history":[{"count":2,"href":"https:\/\/raritywatches.com\/es\/wp-json\/wp\/v2\/product\/26251\/revisions"}],"predecessor-version":[{"id":26964,"href":"https:\/\/raritywatches.com\/es\/wp-json\/wp\/v2\/product\/26251\/revisions\/26964"}],"wp:featuredmedia":[{"embeddable":true,"href":"https:\/\/raritywatches.com\/es\/wp-json\/wp\/v2\/media\/25716"}],"wp:attachment":[{"href":"https:\/\/raritywatches.com\/es\/wp-json\/wp\/v2\/media?parent=26251"}],"wp:term":[{"taxonomy":"product_brand","embeddable":true,"href":"https:\/\/raritywatches.com\/es\/wp-json\/wp\/v2\/product_brand?post=26251"},{"taxonomy":"product_cat","embeddable":true,"href":"https:\/\/raritywatches.com\/es\/wp-json\/wp\/v2\/product_cat?post=26251"},{"taxonomy":"product_tag","embeddable":true,"href":"https:\/\/raritywatches.com\/es\/wp-json\/wp\/v2\/product_tag?post=26251"},{"taxonomy":"giftcard-category","embeddable":true,"href":"https:\/\/raritywatches.com\/es\/wp-json\/wp\/v2\/giftcard-category?post=26251"}],"curies":[{"name":"wp","href":"https:\/\/api.w.org\/{rel}","templated":true}]}}