{"id":26235,"date":"2020-05-02T14:37:28","date_gmt":"2020-05-02T13:37:28","guid":{"rendered":"https:\/\/raritywatches.com\/product\/epic-x-chrono-bugatti\/"},"modified":"2023-01-29T11:13:31","modified_gmt":"2023-01-29T11:13:31","slug":"jacob-co-epic-x-chrono-bugatti","status":"publish","type":"product","link":"https:\/\/raritywatches.com\/es\/producto\/jacob-co-epic-x-chrono-bugatti\/","title":{"rendered":"Jacob &amp; Co Epic X Chrono Bugatti"},"content":{"rendered":"<div class=\"content-container\">\n<h2 class=\"section-title\"><\/h2>\n<div class=\"social-container social-col social-col-white\"><\/div>\n<div class=\"content-container\">\n<p>&nbsp;<\/p>\n<\/div>\n<\/div>\n<div><\/div>\n<div><\/div>\n","protected":false},"excerpt":{"rendered":"<h2 class=\"section-title\">CUENTO<\/h2>\n<p>En 2019, Bugatti cumpli\u00f3 110 a\u00f1os. Para celebrar este hito e inaugurar su asociaci\u00f3n con la marca de hipercoches, Jacob &amp; Co. cre\u00f3 el Epic X Chrono Bugatti, una edici\u00f3n limitada de 110 piezas, una por cada a\u00f1o de existencia de Bugatti.<\/p>\n<p>Bugatti, fundada en 1909 por el dise\u00f1ador industrial Ettore Bugatti, es conocida por la belleza de su dise\u00f1o y sus coches de altas prestaciones. Ettore Bugatti proced\u00eda de una familia de artistas y tradujo ese linaje en una serie de veh\u00edculos de asombrosa belleza. El Type 35 Grand Prix, el Type 41 &#8220;Royale&#8221;, el Type 57 &#8220;Atlantic&#8221; y el Type 55 deportivo son algunos ejemplos de sus primeras obras maestras.<\/p>\n<p>El Bugatti actual se toma en serio su historia y aplica muchos de los principios del fundador. Reconocen que Bugatti es diferente de todas las dem\u00e1s marcas de autom\u00f3viles y, por ello, se comprometen a hacer las cosas a la manera Bugatti, siguiendo la famosa cita de Ettore Bugatti: &#8220;Nada es demasiado bello, nada es demasiado caro&#8221;. La empresa actual, adquirida por el Grupo Volkswagen en 1998, ofrece el Veyron, el Chiron, el Centodieci, el EB110, La Voiture Noire, el Chiron PUR Sport, etc.<\/p>\n<h2 class=\"section-title\">TOQUES BUGATTI<\/h2>\n<p>Basado en el Epic X Chrono existente, el reloj m\u00e1s deportivo de la colecci\u00f3n Jacob &amp; Co., este reloj se modifica en varios aspectos clave para hacerlo exclusivamente Bugatti.<\/p>\n<p>Por primera vez, Jacob &amp; Co. ha utilizado carbono forjado para la caja del Epic X, espec\u00edficamente para que coincida con el material utilizado en la carrocer\u00eda del Chiron aniversario.<\/p>\n<p>En el centro de la esfera bicompax est\u00e1n los colores de la bandera francesa (rojo, blanco y azul), ya que Bugatti es una empresa francesa con sede en Molsheim, Francia, en la regi\u00f3n de Alsacia. El logotipo de Bugatti ocupa un lugar destacado a las seis en punto, mientras que el logotipo especial EB, por Ettore Bugatti, fundador de la firma, se sit\u00faa a las 12 en punto.<\/p>\n<p>Flanqueando este colorido gui\u00f1o a los or\u00edgenes franceses de Bugatti hay dos subesferas: la de la izquierda es para los segundos, mientras que la de la derecha es para los minutos transcurridos. El segundero rojo del cron\u00f3grafo se encuentra en el centro de la esfera y se pone en marcha, se detiene y se reinicia con los dos pulsadores situados en el lado derecho de la caja.<\/p>\n<p>En la posici\u00f3n de las 10 hay otra corona. Empuje esta corona hacia dentro y podr\u00e1 mover el bisel giratorio interior de cronometraje, lo que le permitir\u00e1 utilizarlo como temporizador de cuenta atr\u00e1s o para recordar una hora de inicio. Deportivo y robusto, el Epic X Chrono Bugatti es un compa\u00f1ero vers\u00e1til.<\/p>\n<h2 class=\"section-title\">EL MOVIMIENTO<\/h2>\n<div class=\"content-container\">\n<p>El motor de este reloj homenaje es un movimiento cron\u00f3grafo autom\u00e1tico de rueda de pilares de alta relojer\u00eda, el JCAA05, esqueletado y exclusivo de Jacob &amp; Co. Visible a trav\u00e9s del fondo de cristal de zafiro, el movimiento presenta un acabado de la m\u00e1s alta calidad. Tambi\u00e9n en el fondo de la caja hay una reproducci\u00f3n de la placa especial del 110 Aniversario del hiperdeportivo. La correa de caucho negro est\u00e1 inspirada en la parte trasera de los superdeportivos del fabricante franc\u00e9s, y el logotipo EB aparece tambi\u00e9n en la hebilla de la correa.<\/p>\n<\/div>\n","protected":false},"featured_media":24897,"comment_status":"open","ping_status":"closed","template":"","meta":{"om_disable_all_campaigns":false,"_monsterinsights_skip_tracking":false,"_monsterinsights_sitenote_active":false,"_monsterinsights_sitenote_note":"","_monsterinsights_sitenote_category":0},"product_brand":[],"product_cat":[414],"product_tag":[],"giftcard-category":[],"class_list":{"0":"post-26235","1":"product","2":"type-product","3":"status-publish","4":"has-post-thumbnail","6":"product_cat-jacob-co-es","8":"first","9":"outofstock","10":"taxable","11":"shipping-taxable","12":"product-type-simple"},"aioseo_notices":[],"_links":{"self":[{"href":"https:\/\/raritywatches.com\/es\/wp-json\/wp\/v2\/product\/26235","targetHints":{"allow":["GET"]}}],"collection":[{"href":"https:\/\/raritywatches.com\/es\/wp-json\/wp\/v2\/product"}],"about":[{"href":"https:\/\/raritywatches.com\/es\/wp-json\/wp\/v2\/types\/product"}],"replies":[{"embeddable":true,"href":"https:\/\/raritywatches.com\/es\/wp-json\/wp\/v2\/comments?post=26235"}],"version-history":[{"count":2,"href":"https:\/\/raritywatches.com\/es\/wp-json\/wp\/v2\/product\/26235\/revisions"}],"predecessor-version":[{"id":26971,"href":"https:\/\/raritywatches.com\/es\/wp-json\/wp\/v2\/product\/26235\/revisions\/26971"}],"wp:featuredmedia":[{"embeddable":true,"href":"https:\/\/raritywatches.com\/es\/wp-json\/wp\/v2\/media\/24897"}],"wp:attachment":[{"href":"https:\/\/raritywatches.com\/es\/wp-json\/wp\/v2\/media?parent=26235"}],"wp:term":[{"taxonomy":"product_brand","embeddable":true,"href":"https:\/\/raritywatches.com\/es\/wp-json\/wp\/v2\/product_brand?post=26235"},{"taxonomy":"product_cat","embeddable":true,"href":"https:\/\/raritywatches.com\/es\/wp-json\/wp\/v2\/product_cat?post=26235"},{"taxonomy":"product_tag","embeddable":true,"href":"https:\/\/raritywatches.com\/es\/wp-json\/wp\/v2\/product_tag?post=26235"},{"taxonomy":"giftcard-category","embeddable":true,"href":"https:\/\/raritywatches.com\/es\/wp-json\/wp\/v2\/giftcard-category?post=26235"}],"curies":[{"name":"wp","href":"https:\/\/api.w.org\/{rel}","templated":true}]}}