{"id":30114,"date":"2023-06-21T11:12:07","date_gmt":"2023-06-21T10:12:07","guid":{"rendered":"https:\/\/raritywatches.com\/patek-philippe\/"},"modified":"2023-07-10T17:27:13","modified_gmt":"2023-07-10T16:27:13","slug":"patek-philippe","status":"publish","type":"page","link":"https:\/\/raritywatches.com\/es\/marcas\/patek-philippe\/","title":{"rendered":"patek philippe"},"content":{"rendered":"\n<figure class=\"wp-block-image size-frank-jewelry-store-thumb-med\"><img fetchpriority=\"high\" decoding=\"async\" width=\"300\" height=\"230\" src=\"https:\/\/raritywatches.com\/wp-content\/uploads\/2023\/07\/Patek-Logo-300x230.jpeg\" alt=\"\" class=\"wp-image-29988\"\/><\/figure>\n\n<div style=\"height:67px\" aria-hidden=\"true\" class=\"wp-block-spacer\"><\/div>\n<p><strong>PATEK PHILIPPE<\/strong>, uno de los relojeros m\u00e1s prestigiosos del mundo, tiene una historia hist\u00f3rica que se remonta a m\u00e1s de 180 a\u00f1os. Establecida en 1839 en Ginebra, Suiza, por Antoni Patek y Adrien Philippe, la marca se ha convertido en sin\u00f3nimo de artesan\u00eda exquisita y elegancia atemporal. <\/p>\n<p>La asociaci\u00f3n entre Antoni Patek, un noble polaco y hombre de negocios visionario, y Adrien Philippe, un talentoso relojero e inventor, sent\u00f3 las bases para el \u00e9xito de la marca. Juntos compart\u00edan la pasi\u00f3n por crear relojes excepcionales que combinaban innovaci\u00f3n, precisi\u00f3n y belleza est\u00e9tica. <\/p>\n<p>Patek Philippe gan\u00f3 r\u00e1pidamente reconocimiento por su compromiso con la innovaci\u00f3n. En 1845, Adrien Philippe patent\u00f3 un mecanismo de ajuste de tiempo y cuerda sin llave, conocido como sistema de cuerda de corona. Este innovador invento revolucion\u00f3 la forma en que se daba cuerda y engastaba a los relojes, simplificando el proceso para los usuarios.  <\/p>\n<p>A lo largo de finales del siglo XIX y principios del XX, la reputaci\u00f3n de Patek Philippe creci\u00f3 constantemente. La marca mostr\u00f3 su dominio t\u00e9cnico al producir relojes muy complicados, incluidos calendarios perpetuos, repetidores de minutos y cron\u00f3grafos. Los relojes de Patek Philippe se convirtieron en buscados por coleccionistas exigentes y entusiastas de los relojes de todo el mundo.  <\/p>\n<p>En 1925, la marca estableci\u00f3 su ic\u00f3nico Sello de Ginebra, una prestigiosa certificaci\u00f3n otorgada a los relojes que cumplen estrictos criterios de artesan\u00eda y precisi\u00f3n. Esta certificaci\u00f3n consolid\u00f3 a\u00fan m\u00e1s la reputaci\u00f3n de excelencia y calidad intransigente de Patek Philippe. <\/p>\n<p>El compromiso de Patek Philippe con la artesan\u00eda y la atenci\u00f3n al detalle se extendi\u00f3 a su filosof\u00eda de dise\u00f1o. La marca adopt\u00f3 tanto la est\u00e9tica cl\u00e1sica como la contempor\u00e1nea, creando relojes que trascendieron las tendencias pasajeras. Modelos ic\u00f3nicos, como Calatrava, Nautilus y Aquanaut, ejemplificaron la elegancia atemporal y el estilo distintivo de Patek Philippe.  <\/p>\n<p>A lo largo de los a\u00f1os, Patek Philippe continu\u00f3 ampliando los l\u00edmites de la relojer\u00eda. La marca introdujo materiales innovadores, complicaciones intrincadas y movimientos excepcionales elaborados con meticulosa precisi\u00f3n. Cada reloj se convirti\u00f3 en una obra de arte, un testimonio de la inquebrantable dedicaci\u00f3n de la marca a la maestr\u00eda relojera.  <\/p>\n<p>La herencia de excelencia de Patek Philippe est\u00e1 estrechamente ligada a su propiedad familiar. La familia Stern, que adquiri\u00f3 la empresa en 1932, se ha mantenido comprometida con la preservaci\u00f3n del legado de la marca mientras adopta los avances modernos. Bajo su direcci\u00f3n, Patek Philippe ha seguido prosperando como s\u00edmbolo de sofisticaci\u00f3n, legado y exclusividad.  <\/p>\n<p>Hoy, Patek Philippe se erige como un ep\u00edtome de la alta relojer\u00eda. Sus relojes son apreciados por coleccionistas y conocedores de todo el mundo, y sus subastas alcanzan precios r\u00e9cord. El compromiso inquebrantable de la marca con la artesan\u00eda excepcional, la innovaci\u00f3n t\u00e9cnica y el dise\u00f1o atemporal garantiza que Patek Philippe seguir\u00e1 cautivando e inspirando a las generaciones venideras.  <\/p>\n","protected":false},"excerpt":{"rendered":"<p>PATEK PHILIPPE, uno de los relojeros m\u00e1s prestigiosos del mundo, tiene una historia hist\u00f3rica que se remonta a m\u00e1s de 180 a\u00f1os. Establecida en 1839 en Ginebra, Suiza, por Antoni&hellip;<\/p>\n","protected":false},"author":1,"featured_media":0,"parent":30052,"menu_order":0,"comment_status":"closed","ping_status":"closed","template":"","meta":{"om_disable_all_campaigns":false,"_monsterinsights_skip_tracking":false,"_monsterinsights_sitenote_active":false,"_monsterinsights_sitenote_note":"","_monsterinsights_sitenote_category":0,"footnotes":""},"class_list":["post-30114","page","type-page","status-publish","hentry"],"aioseo_notices":[],"_links":{"self":[{"href":"https:\/\/raritywatches.com\/es\/wp-json\/wp\/v2\/pages\/30114","targetHints":{"allow":["GET"]}}],"collection":[{"href":"https:\/\/raritywatches.com\/es\/wp-json\/wp\/v2\/pages"}],"about":[{"href":"https:\/\/raritywatches.com\/es\/wp-json\/wp\/v2\/types\/page"}],"author":[{"embeddable":true,"href":"https:\/\/raritywatches.com\/es\/wp-json\/wp\/v2\/users\/1"}],"replies":[{"embeddable":true,"href":"https:\/\/raritywatches.com\/es\/wp-json\/wp\/v2\/comments?post=30114"}],"version-history":[{"count":1,"href":"https:\/\/raritywatches.com\/es\/wp-json\/wp\/v2\/pages\/30114\/revisions"}],"predecessor-version":[{"id":30115,"href":"https:\/\/raritywatches.com\/es\/wp-json\/wp\/v2\/pages\/30114\/revisions\/30115"}],"up":[{"embeddable":true,"href":"https:\/\/raritywatches.com\/es\/wp-json\/wp\/v2\/pages\/30052"}],"wp:attachment":[{"href":"https:\/\/raritywatches.com\/es\/wp-json\/wp\/v2\/media?parent=30114"}],"curies":[{"name":"wp","href":"https:\/\/api.w.org\/{rel}","templated":true}]}}