{"id":30108,"date":"2023-06-21T10:47:18","date_gmt":"2023-06-21T09:47:18","guid":{"rendered":"https:\/\/raritywatches.com\/rolex\/"},"modified":"2023-07-10T17:40:16","modified_gmt":"2023-07-10T16:40:16","slug":"rolex","status":"publish","type":"page","link":"https:\/\/raritywatches.com\/es\/marcas\/rolex\/","title":{"rendered":"Rolex"},"content":{"rendered":"\n<figure class=\"wp-block-image size-medium\"><img fetchpriority=\"high\" decoding=\"async\" width=\"300\" height=\"225\" src=\"https:\/\/raritywatches.com\/wp-content\/uploads\/2023\/07\/rolex-logo-1-300x225.jpeg\" alt=\"\" class=\"wp-image-30096\" srcset=\"https:\/\/raritywatches.com\/wp-content\/uploads\/2023\/07\/rolex-logo-1-300x225.jpeg 300w, https:\/\/raritywatches.com\/wp-content\/uploads\/2023\/07\/rolex-logo-1-768x576.jpeg 768w, https:\/\/raritywatches.com\/wp-content\/uploads\/2023\/07\/rolex-logo-1-370x278.jpeg 370w, https:\/\/raritywatches.com\/wp-content\/uploads\/2023\/07\/rolex-logo-1-850x638.jpeg 850w, https:\/\/raritywatches.com\/wp-content\/uploads\/2023\/07\/rolex-logo-1-410x308.jpeg 410w, https:\/\/raritywatches.com\/wp-content\/uploads\/2023\/07\/rolex-logo-1-600x450.jpeg 600w, https:\/\/raritywatches.com\/wp-content\/uploads\/2023\/07\/rolex-logo-1.jpeg 866w\" sizes=\"(max-width: 300px) 100vw, 300px\" \/><\/figure>\n\n\n\n<div style=\"height:56px\" aria-hidden=\"true\" class=\"wp-block-spacer\"><\/div>\n\n\n<p><strong>ROLEX<\/strong>, un renombrado fabricante de relojes de lujo, tiene una rica historia que abarca m\u00e1s de un siglo. Fundada en 1905 por Hans Wilsdorf y Alfred Davis en Londres, la empresa operaba inicialmente bajo el nombre de \u201cWilsdorf &amp; Davis\u201d. Su visi\u00f3n era crear relojes precisos y confiables que pudieran usarse en la mu\u00f1eca, un concepto revolucionario en ese momento.  <\/p>\n<p>En 1908, la empresa registr\u00f3 la marca \u201cRolex\u201d y abri\u00f3 una oficina en La Chaux-de-Fonds, Suiza. Rolex se gan\u00f3 r\u00e1pidamente una reputaci\u00f3n por su enfoque innovador de la relojer\u00eda y su compromiso con la precisi\u00f3n. En 1910, se convirti\u00f3 en el primer reloj de pulsera en recibir el Certificado suizo de precisi\u00f3n cronom\u00e9trica, un testimonio de su precisi\u00f3n.  <\/p>\n<p>A lo largo de los a\u00f1os, Rolex continu\u00f3 innovando e introduciendo caracter\u00edsticas innovadoras. En 1926, la marca present\u00f3 la caja Oyster, el primer reloj de pulsera resistente al agua del mundo, que revolucion\u00f3 la durabilidad y la fiabilidad de los relojes. Para demostrar sus capacidades a prueba de agua, Rolex encarg\u00f3 un truco publicitario en el que Mercedes Gleitze, una joven nadadora inglesa, usaba un reloj Oyster mientras cruzaba el Canal de la Mancha.  <\/p>\n<p>En 1931, Rolex introdujo otra innovaci\u00f3n importante: el rotor Perpetual. Este mecanismo de cuerda autom\u00e1tica permiti\u00f3 que el reloj generara energ\u00eda a partir del movimiento natural de la mu\u00f1eca del usuario, eliminando la necesidad de cuerda manual. El movimiento Perpetuo se convirti\u00f3 en un sello distintivo de los relojes Rolex.  <\/p>\n<p>Durante la Segunda Guerra Mundial, Rolex desempe\u00f1\u00f3 un papel crucial al suministrar relojes a los prisioneros de guerra aliados. Estos relojes fueron muy apreciados por su durabilidad y precisi\u00f3n. Despu\u00e9s de la guerra, Rolex continu\u00f3 prosperando y expandiendo su l\u00ednea de productos, presentando modelos ic\u00f3nicos como el Submariner, el GMT-Master y el Day-Date.  <\/p>\n<p>Los relojes Rolex se convirtieron en sin\u00f3nimo de elegancia, precisi\u00f3n y \u00e9xito. Adornaron las mu\u00f1ecas de figuras notables, incluidos exploradores, atletas y l\u00edderes mundiales. La asociaci\u00f3n de la marca con los logros y el lujo consolid\u00f3 su posici\u00f3n como s\u00edmbolo de excelencia.  <\/p>\n<p>En los \u00faltimos a\u00f1os, Rolex ha mantenido su posici\u00f3n como l\u00edder en la industria de relojes de lujo. La marca sigue innovando, incorporando materiales avanzados como la cer\u00e1mica e introduciendo nuevos movimientos con mayor precisi\u00f3n y reserva de marcha. A pesar de evolucionar con el tiempo, Rolex se ha mantenido fiel a sus valores originales de artesan\u00eda, precisi\u00f3n y dise\u00f1o atemporal. \u200b  <\/p>","protected":false},"excerpt":{"rendered":"<p>ROLEX, un renombrado fabricante de relojes de lujo, tiene una rica historia que abarca m\u00e1s de un siglo. Fundada en 1905 por Hans Wilsdorf y Alfred Davis en Londres, la&hellip;<\/p>\n","protected":false},"author":1,"featured_media":0,"parent":30052,"menu_order":0,"comment_status":"closed","ping_status":"closed","template":"","meta":{"om_disable_all_campaigns":false,"_monsterinsights_skip_tracking":false,"_monsterinsights_sitenote_active":false,"_monsterinsights_sitenote_note":"","_monsterinsights_sitenote_category":0,"footnotes":""},"class_list":["post-30108","page","type-page","status-publish","hentry"],"aioseo_notices":[],"_links":{"self":[{"href":"https:\/\/raritywatches.com\/es\/wp-json\/wp\/v2\/pages\/30108","targetHints":{"allow":["GET"]}}],"collection":[{"href":"https:\/\/raritywatches.com\/es\/wp-json\/wp\/v2\/pages"}],"about":[{"href":"https:\/\/raritywatches.com\/es\/wp-json\/wp\/v2\/types\/page"}],"author":[{"embeddable":true,"href":"https:\/\/raritywatches.com\/es\/wp-json\/wp\/v2\/users\/1"}],"replies":[{"embeddable":true,"href":"https:\/\/raritywatches.com\/es\/wp-json\/wp\/v2\/comments?post=30108"}],"version-history":[{"count":2,"href":"https:\/\/raritywatches.com\/es\/wp-json\/wp\/v2\/pages\/30108\/revisions"}],"predecessor-version":[{"id":30127,"href":"https:\/\/raritywatches.com\/es\/wp-json\/wp\/v2\/pages\/30108\/revisions\/30127"}],"up":[{"embeddable":true,"href":"https:\/\/raritywatches.com\/es\/wp-json\/wp\/v2\/pages\/30052"}],"wp:attachment":[{"href":"https:\/\/raritywatches.com\/es\/wp-json\/wp\/v2\/media?parent=30108"}],"curies":[{"name":"wp","href":"https:\/\/api.w.org\/{rel}","templated":true}]}}