{"id":30060,"date":"2023-06-21T11:39:08","date_gmt":"2023-06-21T10:39:08","guid":{"rendered":"https:\/\/raritywatches.com\/charriol-ginebra\/"},"modified":"2023-07-10T10:30:35","modified_gmt":"2023-07-10T09:30:35","slug":"charriol-ginebra","status":"publish","type":"page","link":"https:\/\/raritywatches.com\/es\/marcas\/charriol-ginebra\/","title":{"rendered":"charriol ginebra"},"content":{"rendered":"\n<figure class=\"wp-block-image size-medium\"><img decoding=\"async\" width=\"300\" height=\"126\" data-src=\"https:\/\/raritywatches.com\/wp-content\/uploads\/2023\/07\/Charriol-Logo-300x126.jpeg\" alt=\"\" class=\"wp-image-29928 lazyload\" data-srcset=\"https:\/\/raritywatches.com\/wp-content\/uploads\/2023\/07\/Charriol-Logo-300x126.jpeg 300w, https:\/\/raritywatches.com\/wp-content\/uploads\/2023\/07\/Charriol-Logo-370x156.jpeg 370w, https:\/\/raritywatches.com\/wp-content\/uploads\/2023\/07\/Charriol-Logo-410x172.jpeg 410w, https:\/\/raritywatches.com\/wp-content\/uploads\/2023\/07\/Charriol-Logo.jpeg 435w\" data-sizes=\"(max-width: 300px) 100vw, 300px\" src=\"data:image\/gif;base64,R0lGODlhAQABAAAAACH5BAEKAAEALAAAAAABAAEAAAICTAEAOw==\" style=\"--smush-placeholder-width: 300px; --smush-placeholder-aspect-ratio: 300\/126;\" \/><\/figure>\n\n<div style=\"height:57px\" aria-hidden=\"true\" class=\"wp-block-spacer\"><\/div>\n<p><strong>CHARRIOL GENEVA<\/strong>, una distinguida marca de lujo suiza, tiene una historia fascinante que se remonta a m\u00e1s de tres d\u00e9cadas. Fundada por Philippe Charriol en 1983, la marca se ha convertido en sin\u00f3nimo de artesan\u00eda fina, dise\u00f1os distintivos y una fusi\u00f3n \u00fanica de inspiraci\u00f3n celta y relojer\u00eda suiza. <\/p>\n<p>Philippe Charriol, un emprendedor visionario y h\u00e1bil relojero, se inspir\u00f3 en sus ra\u00edces celtas para crear una marca que combinar\u00eda el arte antiguo con el lujo moderno. El enfoque inicial de Charriol Geneva fue crear colecciones de joyer\u00eda caracterizadas por atrevidos motivos de cable, que luego se convertir\u00edan en el elemento de dise\u00f1o caracter\u00edstico de la marca. <\/p>\n<p>En 1984, Charriol Ginebra ampli\u00f3 su oferta para incluir relojes. Los primeros relojes de la marca capturaron la esencia de sus joyas, con pulseras inspiradas en cables y elegantes esferas. Estos relojes muestran la dedicaci\u00f3n de Charriol Ginebra a la artesan\u00eda exquisita y la atenci\u00f3n al detalle.  <\/p>\n<p>La est\u00e9tica distintiva de la marca, que combina el lujo con un toque de estilo celta, atrajo r\u00e1pidamente la atenci\u00f3n. La reputaci\u00f3n de Charriol Ginebra creci\u00f3 a medida que introdujo nuevas colecciones, incluidas las l\u00edneas Celtic, Alexandre y St-Tropez. Estos relojes adoptaron materiales \u00fanicos, como acero recubierto de PVD, oro rosa y diamantes, al tiempo que mantuvieron el motivo de cable caracter\u00edstico de la marca.  <\/p>\n<p>Charriol Ginebra sigui\u00f3 evolucionando, lanzando relojes innovadores que inclu\u00edan complicaciones avanzadas. En 1998, la marca present\u00f3 el Celtic Chrono, un reloj cron\u00f3grafo que mostraba la experiencia t\u00e9cnica de Charriol Geneva. A lo largo de los a\u00f1os, la marca ampli\u00f3 su oferta relojera para incluir modelos sofisticados con caracter\u00edsticas como tourbillons, fases lunares y pantallas retr\u00f3gradas.  <\/p>\n<p>M\u00e1s all\u00e1 de los relojes y las joyas, Charriol Geneva diversific\u00f3 su l\u00ednea de productos para incluir accesorios, fragancias y anteojos. Cada colecci\u00f3n mantuvo el compromiso de la marca con la calidad, el dise\u00f1o y el motivo distintivo del cable, ofreciendo una experiencia de estilo de vida completa para su clientela exigente. <\/p>\n<p>La hija de Philippe Charriol, Coralie Charriol-Paul, se uni\u00f3 al negocio familiar y se convirti\u00f3 en un instrumento fundamental para expandir la presencia internacional de Charriol Ginebra. Los relojes y las joyas de la marca encontraron popularidad entre celebridades, personas influyentes y personas vanguardistas de la moda en todo el mundo, lo que reforz\u00f3 el estatus de Charriol Ginebra como una marca de lujo mundial. <\/p>\n<p>Hoy, Charriol Ginebra contin\u00faa creando relojes y joyas excepcionales que encarnan la herencia celta de la marca y las tradiciones relojeras suizas. El motivo del cable sigue siendo un elemento de dise\u00f1o central, que refleja el estilo distintivo de la marca. El compromiso de Charriol Ginebra con la artesan\u00eda, la innovaci\u00f3n y la elegancia atemporal garantiza su presencia duradera en el mundo de la moda y la relojer\u00eda de lujo. \u200b  <\/p>\n","protected":false},"excerpt":{"rendered":"<p>CHARRIOL GENEVA, una distinguida marca de lujo suiza, tiene una historia fascinante que se remonta a m\u00e1s de tres d\u00e9cadas. Fundada por Philippe Charriol en 1983, la marca se ha&hellip;<\/p>\n","protected":false},"author":1,"featured_media":0,"parent":30052,"menu_order":0,"comment_status":"closed","ping_status":"closed","template":"","meta":{"om_disable_all_campaigns":false,"_monsterinsights_skip_tracking":false,"_monsterinsights_sitenote_active":false,"_monsterinsights_sitenote_note":"","_monsterinsights_sitenote_category":0,"footnotes":""},"class_list":["post-30060","page","type-page","status-publish","hentry"],"aioseo_notices":[],"_links":{"self":[{"href":"https:\/\/raritywatches.com\/es\/wp-json\/wp\/v2\/pages\/30060","targetHints":{"allow":["GET"]}}],"collection":[{"href":"https:\/\/raritywatches.com\/es\/wp-json\/wp\/v2\/pages"}],"about":[{"href":"https:\/\/raritywatches.com\/es\/wp-json\/wp\/v2\/types\/page"}],"author":[{"embeddable":true,"href":"https:\/\/raritywatches.com\/es\/wp-json\/wp\/v2\/users\/1"}],"replies":[{"embeddable":true,"href":"https:\/\/raritywatches.com\/es\/wp-json\/wp\/v2\/comments?post=30060"}],"version-history":[{"count":1,"href":"https:\/\/raritywatches.com\/es\/wp-json\/wp\/v2\/pages\/30060\/revisions"}],"predecessor-version":[{"id":30061,"href":"https:\/\/raritywatches.com\/es\/wp-json\/wp\/v2\/pages\/30060\/revisions\/30061"}],"up":[{"embeddable":true,"href":"https:\/\/raritywatches.com\/es\/wp-json\/wp\/v2\/pages\/30052"}],"wp:attachment":[{"href":"https:\/\/raritywatches.com\/es\/wp-json\/wp\/v2\/media?parent=30060"}],"curies":[{"name":"wp","href":"https:\/\/api.w.org\/{rel}","templated":true}]}}