{"id":30044,"date":"2023-06-21T11:27:17","date_gmt":"2023-06-21T10:27:17","guid":{"rendered":"https:\/\/raritywatches.com\/audemars-piguet\/"},"modified":"2023-07-10T17:16:26","modified_gmt":"2023-07-10T16:16:26","slug":"audemars-piguet","status":"publish","type":"page","link":"https:\/\/raritywatches.com\/es\/marcas\/audemars-piguet\/","title":{"rendered":"audemars piguet"},"content":{"rendered":"\n<figure class=\"wp-block-image size-medium\"><img decoding=\"async\" width=\"300\" height=\"64\" data-src=\"https:\/\/raritywatches.com\/wp-content\/uploads\/2023\/07\/audemars-piguet-300x64.webp\" alt=\"\" class=\"wp-image-29917 lazyload\" data-srcset=\"https:\/\/raritywatches.com\/wp-content\/uploads\/2023\/07\/audemars-piguet-300x64.webp 300w, https:\/\/raritywatches.com\/wp-content\/uploads\/2023\/07\/audemars-piguet-1024x217.webp 1024w, https:\/\/raritywatches.com\/wp-content\/uploads\/2023\/07\/audemars-piguet-768x163.webp 768w, https:\/\/raritywatches.com\/wp-content\/uploads\/2023\/07\/audemars-piguet-370x78.webp 370w, https:\/\/raritywatches.com\/wp-content\/uploads\/2023\/07\/audemars-piguet-850x180.webp 850w, https:\/\/raritywatches.com\/wp-content\/uploads\/2023\/07\/audemars-piguet-410x87.webp 410w, https:\/\/raritywatches.com\/wp-content\/uploads\/2023\/07\/audemars-piguet-600x127.webp 600w, https:\/\/raritywatches.com\/wp-content\/uploads\/2023\/07\/audemars-piguet.webp 1034w\" data-sizes=\"(max-width: 300px) 100vw, 300px\" src=\"data:image\/gif;base64,R0lGODlhAQABAAAAACH5BAEKAAEALAAAAAABAAEAAAICTAEAOw==\" style=\"--smush-placeholder-width: 300px; --smush-placeholder-aspect-ratio: 300\/64;\" \/><\/figure>\n\n\n\n<p><\/p>\n\n\n\n<p><\/p>\n\n\n\n<div style=\"height:80px\" aria-hidden=\"true\" class=\"wp-block-spacer\"><\/div>\n\n\n\n<p><strong>AUDEMARS PIGUET<\/strong>, un reverenciado relojero suizo, cuenta con una rica e ilustre historia que abarca m\u00e1s de 145 a\u00f1os. Fundada en 1875 por Jules Louis Audemars y Edward Auguste Piguet en Le Brassus, Suiza, la marca se ha hecho famosa por su artesan\u00eda intransigente y su esp\u00edritu pionero. <\/p>\n\n\n\n<p>La asociaci\u00f3n entre Audemars, un relojero talentoso, y Piguet, un relojero h\u00e1bil y experto en el campo de los movimientos complicados, sent\u00f3 las bases del \u00e9xito de Audemars Piguet. Desde el principio, la marca se propuso traspasar los l\u00edmites de la relojer\u00eda combinando la innovaci\u00f3n t\u00e9cnica con la excelencia art\u00edstica. <\/p>\n\n\n\n<p>Audemars Piguet r\u00e1pidamente gan\u00f3 reconocimiento por sus excepcionales creaciones. En 1891, la marca present\u00f3 el primer reloj de pulsera con repetici\u00f3n de minutos del mundo, un logro notable que demostr\u00f3 su dominio de las complicaciones intrincadas. Este avance consolid\u00f3 la reputaci\u00f3n de Audemars Piguet como pionera en innovaci\u00f3n relojera.  <\/p>\n\n\n\n<p>A lo largo del siglo XX, Audemars Piguet sigui\u00f3 avanzando en el arte de la relojer\u00eda. El compromiso de la marca con la precisi\u00f3n y la excelencia mec\u00e1nica condujo al desarrollo de relojes ic\u00f3nicos. En 1972, Audemars Piguet present\u00f3 el Royal Oak, un innovador reloj deportivo de lujo dise\u00f1ado por G\u00e9rald Genta. Con su forma octogonal, tornillos expuestos y brazalete integrado, el Royal Oak desafi\u00f3 las convenciones y redefini\u00f3 el concepto de un reloj deportivo de lujo.   <\/p>\n\n\n\n<p>Sobre la base del \u00e9xito de Royal Oak, Audemars Piguet ampli\u00f3 su repertorio al presentar otras colecciones notables, como Royal Oak Offshore, Royal Oak Concept y Royal Oak Equation of Time. Estos relojes presentaban materiales innovadores, complicaciones intrincadas y dise\u00f1os de vanguardia que cautivaron a los entusiastas de los relojes en todo el mundo. <\/p>\n\n\n\n<p>Audemars Piguet tambi\u00e9n abraz\u00f3 el arte de la artesan\u00eda de alta gama. El compromiso de la marca con los acabados finos y los detalles artesanales se ejemplifica en sus movimientos, que a menudo presentan elaborados grabados, esqueletizaci\u00f3n y exquisitas t\u00e9cnicas decorativas. Cada reloj encarna la dedicaci\u00f3n de la marca tanto al dominio t\u00e9cnico como a la expresi\u00f3n art\u00edstica.  <\/p>\n\n\n\n<p>Como empresa familiar, Audemars Piguet ha mantenido su independencia y compromiso con los valores tradicionales de la relojer\u00eda. Cada reloj est\u00e1 meticulosamente elaborado internamente, combinando t\u00e9cnicas centenarias con tecnolog\u00eda de punta. La devoci\u00f3n de la marca por la excelencia le ha valido la reputaci\u00f3n de ser uno de los mejores relojeros de lujo del mundo.  <\/p>\n\n\n\n<p>El legado de Audemars Piguet se extiende m\u00e1s all\u00e1 de la relojer\u00eda. La marca ha colaborado con artistas, dise\u00f1adores y atletas de renombre, ampliando los l\u00edmites de la creatividad y la innovaci\u00f3n. Su compromiso con la filantrop\u00eda tambi\u00e9n es notable, con Audemars Piguet contribuyendo activamente a la conservaci\u00f3n del medio ambiente a trav\u00e9s de iniciativas como la Fundaci\u00f3n Audemars Piguet.  <\/p>\n\n\n\n<p>Hoy en d\u00eda, Audemars Piguet contin\u00faa siendo celebrada por su esp\u00edritu pionero, experiencia t\u00e9cnica y dise\u00f1os ic\u00f3nicos. Sus relojes son apreciados por coleccionistas y conocedores de todo el mundo, y encarnan el legado de excelencia de la marca. El compromiso inquebrantable de Audemars Piguet con el dominio de la relojer\u00eda garantiza que permanecer\u00e1 a la vanguardia de la relojer\u00eda en las generaciones venideras.  <\/p>\n","protected":false},"excerpt":{"rendered":"<p>AUDEMARS PIGUET, un reverenciado relojero suizo, cuenta con una rica e ilustre historia que abarca m\u00e1s de 145 a\u00f1os. Fundada en 1875 por Jules Louis Audemars y Edward Auguste Piguet&hellip;<\/p>\n","protected":false},"author":1,"featured_media":0,"parent":30052,"menu_order":0,"comment_status":"closed","ping_status":"closed","template":"","meta":{"om_disable_all_campaigns":false,"_monsterinsights_skip_tracking":false,"_monsterinsights_sitenote_active":false,"_monsterinsights_sitenote_note":"","_monsterinsights_sitenote_category":0,"footnotes":""},"class_list":["post-30044","page","type-page","status-publish","hentry"],"aioseo_notices":[],"_links":{"self":[{"href":"https:\/\/raritywatches.com\/es\/wp-json\/wp\/v2\/pages\/30044","targetHints":{"allow":["GET"]}}],"collection":[{"href":"https:\/\/raritywatches.com\/es\/wp-json\/wp\/v2\/pages"}],"about":[{"href":"https:\/\/raritywatches.com\/es\/wp-json\/wp\/v2\/types\/page"}],"author":[{"embeddable":true,"href":"https:\/\/raritywatches.com\/es\/wp-json\/wp\/v2\/users\/1"}],"replies":[{"embeddable":true,"href":"https:\/\/raritywatches.com\/es\/wp-json\/wp\/v2\/comments?post=30044"}],"version-history":[{"count":4,"href":"https:\/\/raritywatches.com\/es\/wp-json\/wp\/v2\/pages\/30044\/revisions"}],"predecessor-version":[{"id":30121,"href":"https:\/\/raritywatches.com\/es\/wp-json\/wp\/v2\/pages\/30044\/revisions\/30121"}],"up":[{"embeddable":true,"href":"https:\/\/raritywatches.com\/es\/wp-json\/wp\/v2\/pages\/30052"}],"wp:attachment":[{"href":"https:\/\/raritywatches.com\/es\/wp-json\/wp\/v2\/media?parent=30044"}],"curies":[{"name":"wp","href":"https:\/\/api.w.org\/{rel}","templated":true}]}}