{"id":26026,"date":"2021-03-24T13:00:34","date_gmt":"2021-03-24T13:00:34","guid":{"rendered":"https:\/\/raritywatches.com\/cheques-regalo\/"},"modified":"2023-01-10T10:06:28","modified_gmt":"2023-01-10T10:06:28","slug":"cheques-regalo","status":"publish","type":"page","link":"https:\/\/raritywatches.com\/es\/cheques-regalo\/","title":{"rendered":"Cheques regalo"},"content":{"rendered":"\t\t<div data-elementor-type=\"wp-page\" data-elementor-id=\"26026\" class=\"elementor elementor-26026\">\n\t\t\t\t\t\t<section class=\"elementor-section elementor-top-section elementor-element elementor-element-75ebce7 elementor-section-boxed elementor-section-height-default elementor-section-height-default sc_fly_static\" data-id=\"75ebce7\" data-element_type=\"section\">\n\t\t\t\t\t\t<div class=\"elementor-container elementor-column-gap-extended\">\n\t\t\t\t\t<div class=\"elementor-column elementor-col-100 elementor-top-column elementor-element elementor-element-0db3d55 sc_inner_width_none sc_content_align_inherit sc_layouts_column_icons_position_left sc_fly_static\" data-id=\"0db3d55\" data-element_type=\"column\">\n\t\t\t<div class=\"elementor-widget-wrap elementor-element-populated\">\n\t\t\t\t\t\t\t<\/div>\n\t\t<\/div>\n\t\t\t\t\t<\/div>\n\t\t<\/section>\n\t\t\t\t<section class=\"elementor-section elementor-top-section elementor-element elementor-element-e39ec41 elementor-section-boxed elementor-section-height-default elementor-section-height-default sc_fly_static\" data-id=\"e39ec41\" data-element_type=\"section\">\n\t\t\t\t\t\t<div class=\"elementor-container elementor-column-gap-extended\">\n\t\t\t\t\t<div class=\"elementor-column elementor-col-100 elementor-top-column elementor-element elementor-element-4e1d6c5 sc_inner_width_none sc_content_align_inherit sc_layouts_column_icons_position_left sc_fly_static\" data-id=\"4e1d6c5\" data-element_type=\"column\">\n\t\t\t<div class=\"elementor-widget-wrap elementor-element-populated\">\n\t\t\t\t\t\t<div class=\"elementor-element elementor-element-bdf2702 sc_height_huge sc_fly_static elementor-widget elementor-widget-spacer\" data-id=\"bdf2702\" data-element_type=\"widget\" data-widget_type=\"spacer.default\">\n\t\t\t\t<div class=\"elementor-widget-container\">\n\t\t\t\t\t\t\t<div class=\"elementor-spacer\">\n\t\t\t<div class=\"elementor-spacer-inner\"><\/div>\n\t\t<\/div>\n\t\t\t\t\t\t<\/div>\n\t\t\t\t<\/div>\n\t\t\t\t\t<\/div>\n\t\t<\/div>\n\t\t\t\t\t<\/div>\n\t\t<\/section>\n\t\t\t\t<section class=\"elementor-section elementor-top-section elementor-element elementor-element-a06bbf3 elementor-section-boxed elementor-section-height-default elementor-section-height-default sc_fly_static\" data-id=\"a06bbf3\" data-element_type=\"section\">\n\t\t\t\t\t\t<div class=\"elementor-container elementor-column-gap-extended\">\n\t\t\t\t\t<div class=\"elementor-column elementor-col-100 elementor-top-column elementor-element elementor-element-406f990 sc_inner_width_none sc_content_align_inherit sc_layouts_column_icons_position_left sc_fly_static\" data-id=\"406f990\" data-element_type=\"column\">\n\t\t\t<div class=\"elementor-widget-wrap elementor-element-populated\">\n\t\t\t\t\t\t<div class=\"elementor-element elementor-element-50a02f9 elementor-view-default sc_fly_static elementor-widget elementor-widget-icon\" data-id=\"50a02f9\" data-element_type=\"widget\" data-widget_type=\"icon.default\">\n\t\t\t\t<div class=\"elementor-widget-container\">\n\t\t\t\t\t\t\t<div class=\"elementor-icon-wrapper\">\n\t\t\t<div class=\"elementor-icon\">\n\t\t\t<svg xmlns=\"http:\/\/www.w3.org\/2000\/svg\" width=\"234.282\" height=\"33.332\" viewBox=\"0 0 234.282 33.332\"><g id=\"&#x421;&#x433;&#x440;&#x443;&#x43F;&#x43F;&#x438;&#x440;&#x43E;&#x432;&#x430;&#x442;&#x44C;_9018\" data-name=\"&#x421;&#x433;&#x440;&#x443;&#x43F;&#x43F;&#x438;&#x440;&#x43E;&#x432;&#x430;&#x442;&#x44C; 9018\" transform=\"translate(-506.696 -367.867)\"><g id=\"&#x421;&#x433;&#x440;&#x443;&#x43F;&#x43F;&#x438;&#x440;&#x43E;&#x432;&#x430;&#x442;&#x44C;_9017\" data-name=\"&#x421;&#x433;&#x440;&#x443;&#x43F;&#x43F;&#x438;&#x440;&#x43E;&#x432;&#x430;&#x442;&#x44C; 9017\"><path id=\"&#x41A;&#x43E;&#x43D;&#x442;&#x443;&#x440;_6827\" data-name=\"&#x41A;&#x43E;&#x43D;&#x442;&#x443;&#x440; 6827\" d=\"M623.73,394.985a53.144,53.144,0,0,0-7.2-3.808c-5.352-2.347-10.876-3.061-10.653-3.243a6.605,6.605,0,0,1,5.313-1.307,16.642,16.642,0,0,1,4.643,1.9c2.507,1.49,5.949,3.485,7.986,5.571\" fill=\"none\" stroke=\"#031119\" stroke-miterlimit=\"10\" stroke-width=\"1.238\"><\/path><path id=\"&#x41A;&#x43E;&#x43D;&#x442;&#x443;&#x440;_6828\" data-name=\"&#x41A;&#x43E;&#x43D;&#x442;&#x443;&#x440; 6828\" d=\"M622.923,394.2a6.542,6.542,0,0,0-2.208-4.278c-3.622-3.766-12.779-10.873-12.724-11.052.07-.23,2.321-.464,3.993.464,5.648,3.138,9.948,8.981,12.216,15.03\" fill=\"none\" stroke=\"#031119\" stroke-miterlimit=\"10\" stroke-width=\"1.238\"><\/path><path id=\"&#x41A;&#x43E;&#x43D;&#x442;&#x443;&#x440;_6829\" data-name=\"&#x41A;&#x43E;&#x43D;&#x442;&#x443;&#x440; 6829\" d=\"M623.932,395.02c-1.316-7.3-9.766-17.725-8.234-21.81.923-.159,2.182,1.532,2.8,2.506,3.428,5.408,4.917,11.891,5.529,18.265\" fill=\"none\" stroke=\"#031119\" stroke-miterlimit=\"10\" stroke-width=\"1.238\"><\/path><path id=\"&#x41A;&#x43E;&#x43D;&#x442;&#x443;&#x440;_6830\" data-name=\"&#x41A;&#x43E;&#x43D;&#x442;&#x443;&#x440; 6830\" d=\"M624.312,395.124a53.141,53.141,0,0,1,7.2-3.807c5.352-2.348,10.877-3.062,10.653-3.244a6.6,6.6,0,0,0-5.313-1.306,16.609,16.609,0,0,0-4.643,1.9c-2.507,1.491-5.949,3.485-7.986,5.572\" fill=\"none\" stroke=\"#031119\" stroke-miterlimit=\"10\" stroke-width=\"1.238\"><\/path><path id=\"&#x41A;&#x43E;&#x43D;&#x442;&#x443;&#x440;_6831\" data-name=\"&#x41A;&#x43E;&#x43D;&#x442;&#x443;&#x440; 6831\" d=\"M625.119,394.343a6.537,6.537,0,0,1,2.208-4.277c3.622-3.767,12.779-10.874,12.724-11.053-.07-.229-2.321-.464-3.993.464-5.647,3.138-9.948,8.981-12.216,15.03\" fill=\"none\" stroke=\"#031119\" stroke-miterlimit=\"10\" stroke-width=\"1.238\"><\/path><path id=\"&#x41A;&#x43E;&#x43D;&#x442;&#x443;&#x440;_6832\" data-name=\"&#x41A;&#x43E;&#x43D;&#x442;&#x443;&#x440; 6832\" d=\"M624.11,395.159c1.317-7.3,9.766-17.724,8.234-21.81-.923-.159-2.182,1.532-2.8,2.506-3.429,5.408-4.917,11.892-5.529,18.266\" fill=\"none\" stroke=\"#031119\" stroke-miterlimit=\"10\" stroke-width=\"1.238\"><\/path><path id=\"&#x41A;&#x43E;&#x43D;&#x442;&#x443;&#x440;_6833\" data-name=\"&#x41A;&#x43E;&#x43D;&#x442;&#x443;&#x440; 6833\" d=\"M623.9,393.809c.512-7.645,3.362-21.017.715-24.917a10.268,10.268,0,0,0-1.9,5.618c-.466,5.947.515,11.912,1.145,17.845\" fill=\"none\" stroke=\"#031119\" stroke-miterlimit=\"10\" stroke-width=\"1.238\"><\/path><\/g><path id=\"&#x41A;&#x43E;&#x43D;&#x442;&#x443;&#x440;_6834\" data-name=\"&#x41A;&#x43E;&#x43D;&#x442;&#x443;&#x440; 6834\" d=\"M630.044,396.935H739.616\" fill=\"#00111a\" stroke=\"#031119\" stroke-miterlimit=\"10\" stroke-width=\"1.098\"><\/path><path id=\"&#x41A;&#x43E;&#x43D;&#x442;&#x443;&#x440;_6835\" data-name=\"&#x41A;&#x43E;&#x43D;&#x442;&#x443;&#x440; 6835\" d=\"M509.33,396.935H618.9\" fill=\"#00111a\" stroke=\"#031119\" stroke-miterlimit=\"10\" stroke-width=\"1.098\"><\/path><path id=\"&#x41A;&#x43E;&#x43D;&#x442;&#x443;&#x440;_6836\" data-name=\"&#x41A;&#x43E;&#x43D;&#x442;&#x443;&#x440; 6836\" d=\"M513.4,392.652a14.659,14.659,0,0,1-4.96,4.218,8.031,8.031,0,0,1,5.288,3.262\" fill=\"#00111a\" stroke=\"#031119\" stroke-miterlimit=\"10\" stroke-width=\"1.098\"><\/path><path id=\"&#x41A;&#x43E;&#x43D;&#x442;&#x443;&#x440;_6837\" data-name=\"&#x41A;&#x43E;&#x43D;&#x442;&#x443;&#x440; 6837\" d=\"M517.848,393.764a5.386,5.386,0,0,1-3.495,2.955,7.307,7.307,0,0,1,4.7,3.337\" fill=\"#00111a\" stroke=\"#031119\" stroke-miterlimit=\"10\" stroke-width=\"1.098\"><\/path><path id=\"&#x41A;&#x43E;&#x43D;&#x442;&#x443;&#x440;_6838\" data-name=\"&#x41A;&#x43E;&#x43D;&#x442;&#x443;&#x440; 6838\" d=\"M734.588,392.8a12.871,12.871,0,0,0,5.375,4.415l-4.106,3.571\" fill=\"#00111a\" stroke=\"#031119\" stroke-miterlimit=\"10\" stroke-width=\"1.098\"><\/path><path id=\"&#x41A;&#x43E;&#x43D;&#x442;&#x443;&#x440;_6839\" data-name=\"&#x41A;&#x43E;&#x43D;&#x442;&#x443;&#x440; 6839\" d=\"M731.324,393.879a16.079,16.079,0,0,0,2.712,2.65l-2.316,3.122\" fill=\"#00111a\" stroke=\"#031119\" stroke-miterlimit=\"10\" stroke-width=\"1.098\"><\/path><\/g><\/svg>\t\t\t<\/div>\n\t\t<\/div>\n\t\t\t\t\t\t<\/div>\n\t\t\t\t<\/div>\n\t\t\t\t<div class=\"elementor-element elementor-element-9b95e7c sc_fly_static elementor-widget elementor-widget-spacer\" data-id=\"9b95e7c\" data-element_type=\"widget\" data-widget_type=\"spacer.default\">\n\t\t\t\t<div class=\"elementor-widget-container\">\n\t\t\t\t\t\t\t<div class=\"elementor-spacer\">\n\t\t\t<div class=\"elementor-spacer-inner\"><\/div>\n\t\t<\/div>\n\t\t\t\t\t\t<\/div>\n\t\t\t\t<\/div>\n\t\t\t\t<div class=\"elementor-element elementor-element-0f18bff sc_fly_static elementor-widget elementor-widget-trx_sc_title\" data-id=\"0f18bff\" data-element_type=\"widget\" data-widget_type=\"trx_sc_title.default\">\n\t\t\t\t<div class=\"elementor-widget-container\">\n\t\t\t\t\t<div\t\tclass=\"sc_title sc_title_default\" ><h2 class=\"sc_item_title sc_title_title sc_align_center sc_item_title_style_default\"\n\t\t\t><span class=\"sc_item_title_text\">Lo que dicen nuestros clientes<\/span><\/h2><span class=\"sc_item_subtitle sc_title_subtitle sc_align_center sc_item_subtitle_below sc_item_title_style_default\">Joyas que se pueden llevar de d\u00eda y de noche para crear un look espectacular con diamantes.<\/span><\/div>\t\t\t\t<\/div>\n\t\t\t\t<\/div>\n\t\t\t\t<div class=\"elementor-element elementor-element-7e9247f sc_fly_static elementor-widget elementor-widget-spacer\" data-id=\"7e9247f\" data-element_type=\"widget\" data-widget_type=\"spacer.default\">\n\t\t\t\t<div class=\"elementor-widget-container\">\n\t\t\t\t\t\t\t<div class=\"elementor-spacer\">\n\t\t\t<div class=\"elementor-spacer-inner\"><\/div>\n\t\t<\/div>\n\t\t\t\t\t\t<\/div>\n\t\t\t\t<\/div>\n\t\t\t\t<div class=\"elementor-element elementor-element-12fd4e1 sc_fly_static elementor-widget elementor-widget-trx_sc_testimonials\" data-id=\"12fd4e1\" data-element_type=\"widget\" data-widget_type=\"trx_sc_testimonials.default\">\n\t\t\t\t<div class=\"elementor-widget-container\">\n\t\t\t\t\t<div \t\tclass=\"sc_testimonials sc_testimonials_accent2\"><div class=\"sc_testimonials_columns_wrap sc_item_columns trx_addons_columns_wrap columns_padding_bottom columns_in_single_row\"><div class=\"trx_addons_column-1_3\"><div data-post-id=\"28410\" class=\"sc_testimonials_item sc_item_container post_container\">\r\n\t<div class=\"sc_testimonials_item_content\"><p>Incre\u00edble artesan\u00eda y servicio. No puedo creer lo r\u00e1pido que lograste ajustar la correa de mi reloj! Ahora encaja perfectamente. Gracias!<\/p>\n<\/div>\r\n\t<div class=\"sc_testimonials_item_author\">\r\n\t\t\t\t<div class=\"sc_testimonials_item_author_data\">\r\n\t\t\t<h4 class=\"sc_testimonials_item_author_title\">Chantal D.<\/h4>\r\n\t\t\t<div class=\"sc_testimonials_item_author_subtitle\">Agente de Bienes Ra\u00edces<\/div>\t\t<\/div>\r\n\t<\/div>\r\n<\/div>\r\n<\/div><div class=\"trx_addons_column-1_3\"><div data-post-id=\"28413\" class=\"sc_testimonials_item sc_item_container post_container\">\r\n\t<div class=\"sc_testimonials_item_content\"><p>El reloj era incluso m\u00e1s bonito en realidad que mirando la imagen web, y estoy muy satisfecho con su servicio y atenci\u00f3n. Muy recomendable.<\/p>\n<\/div>\r\n\t<div class=\"sc_testimonials_item_author\">\r\n\t\t\t\t<div class=\"sc_testimonials_item_author_data\">\r\n\t\t\t<h4 class=\"sc_testimonials_item_author_title\">Tania L.<\/h4>\r\n\t\t\t<div class=\"sc_testimonials_item_author_subtitle\">Dise\u00f1ador de Moda<\/div>\t\t<\/div>\r\n\t<\/div>\r\n<\/div>\r\n<\/div><div class=\"trx_addons_column-1_3\"><div data-post-id=\"28416\" class=\"sc_testimonials_item sc_item_container post_container\">\r\n\t<div class=\"sc_testimonials_item_content\"><p>Estaba buscando un reloj excepcional que encontr\u00e9 con Rarity Watches. Estoy muy impresionado con el excelente servicio. \u00a1Gracias chicos!<\/p>\n<\/div>\r\n\t<div class=\"sc_testimonials_item_author\">\r\n\t\t\t\t<div class=\"sc_testimonials_item_author_data\">\r\n\t\t\t<h4 class=\"sc_testimonials_item_author_title\">Henri R.<\/h4>\r\n\t\t\t<div class=\"sc_testimonials_item_author_subtitle\">Director General Empresa<\/div>\t\t<\/div>\r\n\t<\/div>\r\n<\/div>\r\n<\/div><\/div><\/div><!-- \/.sc_testimonials -->\t\t\t\t<\/div>\n\t\t\t\t<\/div>\n\t\t\t\t<div class=\"elementor-element elementor-element-d56a761 sc_fly_static elementor-widget elementor-widget-spacer\" data-id=\"d56a761\" data-element_type=\"widget\" data-widget_type=\"spacer.default\">\n\t\t\t\t<div class=\"elementor-widget-container\">\n\t\t\t\t\t\t\t<div class=\"elementor-spacer\">\n\t\t\t<div class=\"elementor-spacer-inner\"><\/div>\n\t\t<\/div>\n\t\t\t\t\t\t<\/div>\n\t\t\t\t<\/div>\n\t\t\t\t<div class=\"elementor-element elementor-element-b176bb9 sc_fly_static elementor-widget elementor-widget-heading\" data-id=\"b176bb9\" data-element_type=\"widget\" data-widget_type=\"heading.default\">\n\t\t\t\t<div class=\"elementor-widget-container\">\n\t\t\t\t\t<h2 class=\"elementor-heading-title elementor-size-default\">Nuestros dise\u00f1os nunca se interrumpen.  <br>Son simplemente jubilados.<\/h2>\t\t\t\t<\/div>\n\t\t\t\t<\/div>\n\t\t\t\t\t<\/div>\n\t\t<\/div>\n\t\t\t\t\t<\/div>\n\t\t<\/section>\n\t\t\t\t<\/div>\n\t\t","protected":false},"excerpt":{"rendered":"<p>&#8220;I Love You so Much&#8221; Consectetur adipiscing elit, sed do eiusm od tempor incididunt ut labore. Leer m\u00e1s &#8220;Happy Birthday&#8221; Consectetur adipiscing elit, sed do eiusm od tempor incididunt ut&hellip;<\/p>\n","protected":false},"author":1,"featured_media":0,"parent":0,"menu_order":0,"comment_status":"closed","ping_status":"closed","template":"","meta":{"om_disable_all_campaigns":false,"_monsterinsights_skip_tracking":false,"_monsterinsights_sitenote_active":false,"_monsterinsights_sitenote_note":"","_monsterinsights_sitenote_category":0,"footnotes":""},"class_list":["post-26026","page","type-page","status-publish","hentry"],"aioseo_notices":[],"_links":{"self":[{"href":"https:\/\/raritywatches.com\/es\/wp-json\/wp\/v2\/pages\/26026","targetHints":{"allow":["GET"]}}],"collection":[{"href":"https:\/\/raritywatches.com\/es\/wp-json\/wp\/v2\/pages"}],"about":[{"href":"https:\/\/raritywatches.com\/es\/wp-json\/wp\/v2\/types\/page"}],"author":[{"embeddable":true,"href":"https:\/\/raritywatches.com\/es\/wp-json\/wp\/v2\/users\/1"}],"replies":[{"embeddable":true,"href":"https:\/\/raritywatches.com\/es\/wp-json\/wp\/v2\/comments?post=26026"}],"version-history":[{"count":5,"href":"https:\/\/raritywatches.com\/es\/wp-json\/wp\/v2\/pages\/26026\/revisions"}],"predecessor-version":[{"id":26111,"href":"https:\/\/raritywatches.com\/es\/wp-json\/wp\/v2\/pages\/26026\/revisions\/26111"}],"wp:attachment":[{"href":"https:\/\/raritywatches.com\/es\/wp-json\/wp\/v2\/media?parent=26026"}],"curies":[{"name":"wp","href":"https:\/\/api.w.org\/{rel}","templated":true}]}}