{"id":25981,"date":"2020-04-30T11:12:41","date_gmt":"2020-04-30T10:12:41","guid":{"rendered":"https:\/\/raritywatches.com\/contacto\/"},"modified":"2023-08-10T09:50:30","modified_gmt":"2023-08-10T08:50:30","slug":"contacto","status":"publish","type":"page","link":"https:\/\/raritywatches.com\/es\/contacto\/","title":{"rendered":"Contacto"},"content":{"rendered":"\n<div style=\"height:100px\" aria-hidden=\"true\" class=\"wp-block-spacer\"><\/div>\n\n\n<div class=\"wp-block-image\">\n<figure class=\"aligncenter\"><img decoding=\"async\" data-src=\"https:\/\/raritywatches.com\/wp-content\/uploads\/2023\/06\/LUXURY-WATCHES-PHOTO-225x300.jpg\" alt=\"\" src=\"data:image\/gif;base64,R0lGODlhAQABAAAAACH5BAEKAAEALAAAAAABAAEAAAICTAEAOw==\" class=\"lazyload\" style=\"--smush-placeholder-width: 225px; --smush-placeholder-aspect-ratio: 225\/300;\" \/><\/figure>\n<\/div>\n\n\n<p>Bienvenido a nuestro lujoso Watch Lounge &#8211; <strong>Luxury Watches Andorra<\/strong> &#8211; ubicado en el coraz\u00f3n del hist\u00f3rico barrio relojero de Andorra La Vella. Direcci\u00f2n: Calle Doctor Nequi no9, Andorra La Vella, AD500 Andorra. Tel\u00e8fon:+376 814460 Whatsapp:+376 373277 Email: contact@raritywatches.com<\/p>\n\n\n\n<p><iframe title=\"Luxury Watches Andorra\" data-src=\"https:\/\/maps.google.com\/maps?q=Luxury%20Watches%20Andorra&amp;t=m&amp;z=10&amp;output=embed&amp;iwloc=near\" aria-label=\"Luxury Watches Andorra\" src=\"data:image\/gif;base64,R0lGODlhAQABAAAAACH5BAEKAAEALAAAAAABAAEAAAICTAEAOw==\" class=\"lazyload\" data-load-mode=\"1\"><\/iframe><\/p>\n\n\n\n<p><strong>Parking comunitario a menos de 5 min. a pie &#8211; Aparcament comunal Vinyes &#8211; entrada por Pla\u00e7a Reb\u00e8s.<\/strong><\/p>\n\n\n\n<p><iframe title=\"Aparcamiento Andorra La Vella\" data-src=\"https:\/\/maps.google.com\/maps?q=Andorra%20La%20Vella%20parking&amp;t=m&amp;z=10&amp;output=embed&amp;iwloc=near\" aria-label=\"Andorra La Vella parking\" src=\"data:image\/gif;base64,R0lGODlhAQABAAAAACH5BAEKAAEALAAAAAABAAEAAAICTAEAOw==\" class=\"lazyload\" data-load-mode=\"1\"><\/iframe><\/p>\n\n\n\n<h2 class=\"wp-block-heading\">CONTACTO<\/h2>\n\n\n\n<form action=\"\/wp-admin\/admin-ajax.php#wpcf7-f1326-o1\" method=\"post\" novalidate=\"novalidate\" aria-label=\"Contact form\" data-status=\"init\" data-inited-validation=\"1\">\n<p><input name=\"_wpcf7_posted_data_hash\" type=\"hidden\" value=\"\"><\/p>\n<p><input class=\"fill_inited\" name=\"your-name\" size=\"40\" type=\"text\" value=\"\" placeholder=\"Nombre\" aria-required=\"true\" aria-invalid=\"false\"><\/p>\n<p><input class=\"fill_inited\" name=\"your-email\" size=\"40\" type=\"email\" value=\"\" placeholder=\"Direcci\u00f3n de correo electr\u00f3nico\" aria-required=\"true\" aria-invalid=\"false\"><\/p>\n<p><input class=\"fill_inited\" name=\"subject\" size=\"40\" type=\"text\" value=\"\" placeholder=\"Sujeto\" aria-required=\"true\" aria-invalid=\"false\"><\/p>\n<p><textarea class=\"fill_inited\" cols=\"40\" name=\"your-message\" rows=\"10\" placeholder=\"Como podemos ayudarte? Si\u00e9ntete libre de mantenerte en contacto!\" aria-required=\"true\" aria-invalid=\"false\"><\/textarea><\/p>\n<p><label><input class=\"inited\" name=\"acceptance\" type=\"checkbox\" value=\"1\" aria-invalid=\"false\">Acepto que mis datos enviados se <a href=\"https:\/\/raritywatches.com\/es\/politica-de-privacidad\/\">recopilan y almacenan<\/a>.<\/label><input class=\"inited\" name=\"wpgdprc\" type=\"checkbox\" value=\"1\" aria-required=\"true\" aria-invalid=\"false\">By using this form you agree with the storage and handling of your data by this website.<\/p>\n<p><input type=\"submit\" value=\"Ponerse en contacto\"><\/p>\n<\/form>\n","protected":false},"excerpt":{"rendered":"<p>Bienvenido a nuestro lujoso Watch Lounge &#8211; Luxury Watches Andorra &#8211; ubicado en el coraz\u00f3n del hist\u00f3rico barrio relojero de Andorra La Vella. Direcci\u00f2n: Calle Doctor Nequi no9, Andorra La&hellip;<\/p>\n","protected":false},"author":1,"featured_media":0,"parent":0,"menu_order":0,"comment_status":"closed","ping_status":"closed","template":"","meta":{"om_disable_all_campaigns":false,"_monsterinsights_skip_tracking":false,"_monsterinsights_sitenote_active":false,"_monsterinsights_sitenote_note":"","_monsterinsights_sitenote_category":0,"footnotes":""},"class_list":["post-25981","page","type-page","status-publish","hentry"],"aioseo_notices":[],"_links":{"self":[{"href":"https:\/\/raritywatches.com\/es\/wp-json\/wp\/v2\/pages\/25981","targetHints":{"allow":["GET"]}}],"collection":[{"href":"https:\/\/raritywatches.com\/es\/wp-json\/wp\/v2\/pages"}],"about":[{"href":"https:\/\/raritywatches.com\/es\/wp-json\/wp\/v2\/types\/page"}],"author":[{"embeddable":true,"href":"https:\/\/raritywatches.com\/es\/wp-json\/wp\/v2\/users\/1"}],"replies":[{"embeddable":true,"href":"https:\/\/raritywatches.com\/es\/wp-json\/wp\/v2\/comments?post=25981"}],"version-history":[{"count":26,"href":"https:\/\/raritywatches.com\/es\/wp-json\/wp\/v2\/pages\/25981\/revisions"}],"predecessor-version":[{"id":31381,"href":"https:\/\/raritywatches.com\/es\/wp-json\/wp\/v2\/pages\/25981\/revisions\/31381"}],"wp:attachment":[{"href":"https:\/\/raritywatches.com\/es\/wp-json\/wp\/v2\/media?parent=25981"}],"curies":[{"name":"wp","href":"https:\/\/api.w.org\/{rel}","templated":true}]}}