{"id":32361,"date":"2024-09-13T17:34:09","date_gmt":"2024-09-13T16:34:09","guid":{"rendered":"https:\/\/raritywatches.com\/product\/carl-suchy-sohne-belvedere-danube\/"},"modified":"2024-09-13T17:34:09","modified_gmt":"2024-09-13T16:34:09","slug":"carl-suchy-sohne-belvedere-danube","status":"publish","type":"product","link":"https:\/\/raritywatches.com\/ca\/producte\/carl-suchy-sohne-belvedere-danube\/","title":{"rendered":"Carl Suchy  S\u00f6hne Belvedere Danube"},"content":{"rendered":"","protected":false},"excerpt":{"rendered":"<div class=\"flex max-w-full flex-col flex-grow\">\n<div class=\"min-h-[20px] text-message flex w-full flex-col items-end gap-2 whitespace-normal break-words [.text-message+&amp;]:mt-5\" dir=\"auto\" data-message-author-role=\"assistant\" data-message-id=\"b7b86ad0-d48c-42d4-b9cf-2264ef11fbb5\">\n<div class=\"flex w-full flex-col gap-1 empty:hidden first:pt-[3px]\">\n<div class=\"markdown prose w-full break-words dark:prose-invert light\">\n<h3>Carl Suchy S\u00f6hne Belvedere Danube<\/h3>\n<p> En un blau tan profund com el fam\u00f3s riu, el Danubi Belvedere aconsegueix un equilibri perfecte entre esportiu i cl\u00e0ssic. Aquest distintiu rellotge autom\u00e0tic \u00e9s resistent a l&#8217;aigua i est\u00e0 dissenyat per a la seva versatilitat, el que el fa adequat per a tot, des d&#8217;una immersi\u00f3 refrescant al Danubi fins a un dinar de negocis polit.  <\/p><\/div>\n<\/div>\n<\/div>\n<\/div>\n","protected":false},"featured_media":32133,"comment_status":"open","ping_status":"closed","template":"","meta":{"om_disable_all_campaigns":false,"_monsterinsights_skip_tracking":false,"_monsterinsights_sitenote_active":false,"_monsterinsights_sitenote_note":"","_monsterinsights_sitenote_category":0},"product_brand":[],"product_cat":[626],"product_tag":[],"giftcard-category":[],"class_list":{"0":"post-32361","1":"product","2":"type-product","3":"status-publish","4":"has-post-thumbnail","6":"product_cat-carl-suchy-sohne-ca","8":"first","9":"instock","10":"taxable","11":"shipping-taxable","12":"purchasable","13":"product-type-simple"},"aioseo_notices":[],"_links":{"self":[{"href":"https:\/\/raritywatches.com\/ca\/wp-json\/wp\/v2\/product\/32361","targetHints":{"allow":["GET"]}}],"collection":[{"href":"https:\/\/raritywatches.com\/ca\/wp-json\/wp\/v2\/product"}],"about":[{"href":"https:\/\/raritywatches.com\/ca\/wp-json\/wp\/v2\/types\/product"}],"replies":[{"embeddable":true,"href":"https:\/\/raritywatches.com\/ca\/wp-json\/wp\/v2\/comments?post=32361"}],"version-history":[{"count":0,"href":"https:\/\/raritywatches.com\/ca\/wp-json\/wp\/v2\/product\/32361\/revisions"}],"wp:featuredmedia":[{"embeddable":true,"href":"https:\/\/raritywatches.com\/ca\/wp-json\/wp\/v2\/media\/32133"}],"wp:attachment":[{"href":"https:\/\/raritywatches.com\/ca\/wp-json\/wp\/v2\/media?parent=32361"}],"wp:term":[{"taxonomy":"product_brand","embeddable":true,"href":"https:\/\/raritywatches.com\/ca\/wp-json\/wp\/v2\/product_brand?post=32361"},{"taxonomy":"product_cat","embeddable":true,"href":"https:\/\/raritywatches.com\/ca\/wp-json\/wp\/v2\/product_cat?post=32361"},{"taxonomy":"product_tag","embeddable":true,"href":"https:\/\/raritywatches.com\/ca\/wp-json\/wp\/v2\/product_tag?post=32361"},{"taxonomy":"giftcard-category","embeddable":true,"href":"https:\/\/raritywatches.com\/ca\/wp-json\/wp\/v2\/giftcard-category?post=32361"}],"curies":[{"name":"wp","href":"https:\/\/api.w.org\/{rel}","templated":true}]}}