{"id":32357,"date":"2024-09-13T17:30:49","date_gmt":"2024-09-13T16:30:49","guid":{"rendered":"https:\/\/raritywatches.com\/product\/carl-suchy-sohne-belvedere-night\/"},"modified":"2024-09-13T17:30:49","modified_gmt":"2024-09-13T16:30:49","slug":"carl-suchy-sohne-belvedere-night","status":"publish","type":"product","link":"https:\/\/raritywatches.com\/ca\/producte\/carl-suchy-sohne-belvedere-night\/","title":{"rendered":"Carl Suchy  S\u00f6hne Belvedere Night"},"content":{"rendered":"","protected":false},"excerpt":{"rendered":"<h3>Carl Suchy S\u00f6hne Belvedere Night<\/h3>\n<p>&nbsp; Viena de nit \u00e9s plena de possibilitats, i la Nit del Belvedere tamb\u00e9. Amb una esfera i una corretja negres elegants, aquest rellotge autom\u00e0tic \u00e9s el company ideal per a qualsevol ocasi\u00f3, tant si assistiu a un sopar de gala com si aneu a c\u00f3rrer al mat\u00ed. <\/p>\n","protected":false},"featured_media":33697,"comment_status":"open","ping_status":"closed","template":"","meta":{"om_disable_all_campaigns":false,"_monsterinsights_skip_tracking":false,"_monsterinsights_sitenote_active":false,"_monsterinsights_sitenote_note":"","_monsterinsights_sitenote_category":0},"product_brand":[],"product_cat":[626],"product_tag":[],"giftcard-category":[],"class_list":{"0":"post-32357","1":"product","2":"type-product","3":"status-publish","4":"has-post-thumbnail","6":"product_cat-carl-suchy-sohne-ca","8":"first","9":"instock","10":"taxable","11":"shipping-taxable","12":"purchasable","13":"product-type-simple"},"aioseo_notices":[],"_links":{"self":[{"href":"https:\/\/raritywatches.com\/ca\/wp-json\/wp\/v2\/product\/32357","targetHints":{"allow":["GET"]}}],"collection":[{"href":"https:\/\/raritywatches.com\/ca\/wp-json\/wp\/v2\/product"}],"about":[{"href":"https:\/\/raritywatches.com\/ca\/wp-json\/wp\/v2\/types\/product"}],"replies":[{"embeddable":true,"href":"https:\/\/raritywatches.com\/ca\/wp-json\/wp\/v2\/comments?post=32357"}],"version-history":[{"count":0,"href":"https:\/\/raritywatches.com\/ca\/wp-json\/wp\/v2\/product\/32357\/revisions"}],"wp:featuredmedia":[{"embeddable":true,"href":"https:\/\/raritywatches.com\/ca\/wp-json\/wp\/v2\/media\/33697"}],"wp:attachment":[{"href":"https:\/\/raritywatches.com\/ca\/wp-json\/wp\/v2\/media?parent=32357"}],"wp:term":[{"taxonomy":"product_brand","embeddable":true,"href":"https:\/\/raritywatches.com\/ca\/wp-json\/wp\/v2\/product_brand?post=32357"},{"taxonomy":"product_cat","embeddable":true,"href":"https:\/\/raritywatches.com\/ca\/wp-json\/wp\/v2\/product_cat?post=32357"},{"taxonomy":"product_tag","embeddable":true,"href":"https:\/\/raritywatches.com\/ca\/wp-json\/wp\/v2\/product_tag?post=32357"},{"taxonomy":"giftcard-category","embeddable":true,"href":"https:\/\/raritywatches.com\/ca\/wp-json\/wp\/v2\/giftcard-category?post=32357"}],"curies":[{"name":"wp","href":"https:\/\/api.w.org\/{rel}","templated":true}]}}