{"id":32350,"date":"2024-09-12T12:54:09","date_gmt":"2024-09-12T11:54:09","guid":{"rendered":"https:\/\/raritywatches.com\/product\/jacobco-epic-x-fc-barcelona-125th-anniversary-edition\/"},"modified":"2024-09-12T12:54:09","modified_gmt":"2024-09-12T11:54:09","slug":"jacobco-epic-x-fc-barcelona-125th-anniversary-edition","status":"publish","type":"product","link":"https:\/\/raritywatches.com\/ca\/producte\/jacobco-epic-x-fc-barcelona-125th-anniversary-edition\/","title":{"rendered":"JacobCo Epic X FC BARCELONA 125TH ANNIVERSARY EDITION"},"content":{"rendered":"","protected":false},"excerpt":{"rendered":"<div class=\"flex max-w-full flex-col flex-grow\">\n<div class=\"min-h-[20px] text-message flex w-full flex-col items-end gap-2 whitespace-normal break-words [.text-message+&amp;]:mt-5\" dir=\"auto\" data-message-author-role=\"assistant\" data-message-id=\"631cb38b-0649-4653-8683-f85b91fae6b8\">\n<div class=\"flex w-full flex-col gap-1 empty:hidden first:pt-[3px]\">\n<div class=\"markdown prose w-full break-words dark:prose-invert light\"> L&#8217;Epic X Tourbillon FC Barcelona,&nbsp; dissenyat en col\u00b7laboraci\u00f3 amb el FC Barcelona per celebrar el 125\u00e8 aniversari del club, \u00e9s un rellotge d&#8217;edici\u00f3 limitada a nom\u00e9s 125 peces. Aquest exclusiu rellotge, que presenta l&#8217;escut del FC Barcelona i els seus colors ic\u00f2nics vermell, groc i blau, reflecteix els valors compartits de precisi\u00f3 i excel\u00b7l\u00e8ncia entre Jacob Co. i el club de futbol. Impulsat pel moviment esquelet Calibre JCAM46, el rellotge tourbillon de 44 mm encarna l&#8217;artesania de l&#8217;alta rellotgeria, mentre que la seva robusta caixa d&#8217;or rosa ofereix una resist\u00e8ncia a l&#8217;aigua de fins a 100 metres. Amb detalls intricats com la impressi\u00f3 de &#8220;Bar\u00e7a&#8221; al fons de la caixa, l&#8217;Epic X Tourbillon FC Barcelona \u00e9s un homenatge a l&#8217;her\u00e8ncia del club i als seus aficionats.<\/p><\/div>\n<\/div>\n<\/div>\n<\/div>\n","protected":false},"featured_media":32080,"comment_status":"open","ping_status":"closed","template":"","meta":{"om_disable_all_campaigns":false,"_monsterinsights_skip_tracking":false,"_monsterinsights_sitenote_active":false,"_monsterinsights_sitenote_note":"","_monsterinsights_sitenote_category":0},"product_brand":[],"product_cat":[595,411],"product_tag":[594],"giftcard-category":[],"class_list":{"0":"post-32350","1":"product","2":"type-product","3":"status-publish","4":"has-post-thumbnail","6":"product_cat-certified-pre-owned-ca","7":"product_cat-jacob-co","8":"product_tag-certified-pre-owned-ca","10":"first","11":"instock","12":"taxable","13":"shipping-taxable","14":"purchasable","15":"product-type-simple"},"aioseo_notices":[],"_links":{"self":[{"href":"https:\/\/raritywatches.com\/ca\/wp-json\/wp\/v2\/product\/32350","targetHints":{"allow":["GET"]}}],"collection":[{"href":"https:\/\/raritywatches.com\/ca\/wp-json\/wp\/v2\/product"}],"about":[{"href":"https:\/\/raritywatches.com\/ca\/wp-json\/wp\/v2\/types\/product"}],"replies":[{"embeddable":true,"href":"https:\/\/raritywatches.com\/ca\/wp-json\/wp\/v2\/comments?post=32350"}],"version-history":[{"count":0,"href":"https:\/\/raritywatches.com\/ca\/wp-json\/wp\/v2\/product\/32350\/revisions"}],"wp:featuredmedia":[{"embeddable":true,"href":"https:\/\/raritywatches.com\/ca\/wp-json\/wp\/v2\/media\/32080"}],"wp:attachment":[{"href":"https:\/\/raritywatches.com\/ca\/wp-json\/wp\/v2\/media?parent=32350"}],"wp:term":[{"taxonomy":"product_brand","embeddable":true,"href":"https:\/\/raritywatches.com\/ca\/wp-json\/wp\/v2\/product_brand?post=32350"},{"taxonomy":"product_cat","embeddable":true,"href":"https:\/\/raritywatches.com\/ca\/wp-json\/wp\/v2\/product_cat?post=32350"},{"taxonomy":"product_tag","embeddable":true,"href":"https:\/\/raritywatches.com\/ca\/wp-json\/wp\/v2\/product_tag?post=32350"},{"taxonomy":"giftcard-category","embeddable":true,"href":"https:\/\/raritywatches.com\/ca\/wp-json\/wp\/v2\/giftcard-category?post=32350"}],"curies":[{"name":"wp","href":"https:\/\/api.w.org\/{rel}","templated":true}]}}