{"id":32347,"date":"2024-09-13T17:21:47","date_gmt":"2024-09-13T16:21:47","guid":{"rendered":"https:\/\/raritywatches.com\/product\/carl-suchy-sohne-belvedere-midnight\/"},"modified":"2024-09-13T17:21:47","modified_gmt":"2024-09-13T16:21:47","slug":"carl-suchy-sohne-belvedere-midnight","status":"publish","type":"product","link":"https:\/\/raritywatches.com\/ca\/producte\/carl-suchy-sohne-belvedere-midnight\/","title":{"rendered":"Carl Suchy  S\u00f6hne Belvedere Midnight"},"content":{"rendered":"","protected":false},"excerpt":{"rendered":"<h3>Carl Suchy S\u00f6hne Belvedere Midnight<\/h3>\n<p>&nbsp; El Belvedere Midnight captiva amb la seva paleta de colors negre profund, millorada per la notable brillantor del seu recobriment DLC durador i el bisell atrevit i estriat. Aquest disseny totalment negre confereix una brillantor sorprenent al Belvedere, combinant l&#8217;eleg\u00e0ncia esportiva amb una durabilitat robusta. L&#8217;\u00fas atent del color i els materials emfatitza subtilment l&#8217;atractiu esportiu del Belvedere Midnight, mentre que la seva eleg\u00e0ncia es destaca a trav\u00e9s del seu disseny refinat. La segona m\u00e0 daurada afegeix un toc de brillantor, combinant detalls complexos amb funcionalitat pr\u00e0ctica.   <\/p>\n","protected":false},"featured_media":32177,"comment_status":"open","ping_status":"closed","template":"","meta":{"om_disable_all_campaigns":false,"_monsterinsights_skip_tracking":false,"_monsterinsights_sitenote_active":false,"_monsterinsights_sitenote_note":"","_monsterinsights_sitenote_category":0},"product_brand":[],"product_cat":[626],"product_tag":[],"giftcard-category":[],"class_list":{"0":"post-32347","1":"product","2":"type-product","3":"status-publish","4":"has-post-thumbnail","6":"product_cat-carl-suchy-sohne-ca","8":"first","9":"instock","10":"taxable","11":"shipping-taxable","12":"purchasable","13":"product-type-simple"},"aioseo_notices":[],"_links":{"self":[{"href":"https:\/\/raritywatches.com\/ca\/wp-json\/wp\/v2\/product\/32347","targetHints":{"allow":["GET"]}}],"collection":[{"href":"https:\/\/raritywatches.com\/ca\/wp-json\/wp\/v2\/product"}],"about":[{"href":"https:\/\/raritywatches.com\/ca\/wp-json\/wp\/v2\/types\/product"}],"replies":[{"embeddable":true,"href":"https:\/\/raritywatches.com\/ca\/wp-json\/wp\/v2\/comments?post=32347"}],"version-history":[{"count":0,"href":"https:\/\/raritywatches.com\/ca\/wp-json\/wp\/v2\/product\/32347\/revisions"}],"wp:featuredmedia":[{"embeddable":true,"href":"https:\/\/raritywatches.com\/ca\/wp-json\/wp\/v2\/media\/32177"}],"wp:attachment":[{"href":"https:\/\/raritywatches.com\/ca\/wp-json\/wp\/v2\/media?parent=32347"}],"wp:term":[{"taxonomy":"product_brand","embeddable":true,"href":"https:\/\/raritywatches.com\/ca\/wp-json\/wp\/v2\/product_brand?post=32347"},{"taxonomy":"product_cat","embeddable":true,"href":"https:\/\/raritywatches.com\/ca\/wp-json\/wp\/v2\/product_cat?post=32347"},{"taxonomy":"product_tag","embeddable":true,"href":"https:\/\/raritywatches.com\/ca\/wp-json\/wp\/v2\/product_tag?post=32347"},{"taxonomy":"giftcard-category","embeddable":true,"href":"https:\/\/raritywatches.com\/ca\/wp-json\/wp\/v2\/giftcard-category?post=32347"}],"curies":[{"name":"wp","href":"https:\/\/api.w.org\/{rel}","templated":true}]}}