{"id":32344,"date":"2024-09-13T17:18:17","date_gmt":"2024-09-13T16:18:17","guid":{"rendered":"https:\/\/raritywatches.com\/product\/carl-suchy-sohne-belvedere-titan\/"},"modified":"2024-09-13T17:18:17","modified_gmt":"2024-09-13T16:18:17","slug":"carl-suchy-sohne-belvedere-titan","status":"publish","type":"product","link":"https:\/\/raritywatches.com\/ca\/producte\/carl-suchy-sohne-belvedere-titan\/","title":{"rendered":"Carl Suchy  S\u00f6hne Belvedere Titan"},"content":{"rendered":"","protected":false},"excerpt":{"rendered":"<h3>Carl Suchy S\u00f6hne Belvedere Titan<\/h3>\n<p>&nbsp; El titani \u00e9s excepcionalment lleuger, resistent a les ratllades i altament resistent a la corrosi\u00f3, el que el fa perfecte per a les exig\u00e8ncies esportives de l&#8217;estil de vida actiu alhora que mant\u00e9 un aspecte elegant i elegant amb el seu acabat mat. El Belvedere Titan \u00e9s un testimoni del cim de l&#8217;art de la rellotgeria, un segell distintiu de cada rellotge Carl Suchy  S\u00f6hne. Els materials escollits amb cura i els subtils accents de color milloren subtilment l&#8217;atractiu esportiu del Belvedere Titan. La seva eleg\u00e0ncia es posa a l&#8217;avantguarda gr\u00e0cies al seu disseny refinat, amb la segona m\u00e0 daurada que combina detalls complexos i funcionalitat.   <\/p>\n","protected":false},"featured_media":32213,"comment_status":"open","ping_status":"closed","template":"","meta":{"om_disable_all_campaigns":false,"_monsterinsights_skip_tracking":false,"_monsterinsights_sitenote_active":false,"_monsterinsights_sitenote_note":"","_monsterinsights_sitenote_category":0},"product_brand":[],"product_cat":[626],"product_tag":[],"giftcard-category":[],"class_list":{"0":"post-32344","1":"product","2":"type-product","3":"status-publish","4":"has-post-thumbnail","6":"product_cat-carl-suchy-sohne-ca","8":"first","9":"instock","10":"taxable","11":"shipping-taxable","12":"purchasable","13":"product-type-simple"},"aioseo_notices":[],"_links":{"self":[{"href":"https:\/\/raritywatches.com\/ca\/wp-json\/wp\/v2\/product\/32344","targetHints":{"allow":["GET"]}}],"collection":[{"href":"https:\/\/raritywatches.com\/ca\/wp-json\/wp\/v2\/product"}],"about":[{"href":"https:\/\/raritywatches.com\/ca\/wp-json\/wp\/v2\/types\/product"}],"replies":[{"embeddable":true,"href":"https:\/\/raritywatches.com\/ca\/wp-json\/wp\/v2\/comments?post=32344"}],"version-history":[{"count":0,"href":"https:\/\/raritywatches.com\/ca\/wp-json\/wp\/v2\/product\/32344\/revisions"}],"wp:featuredmedia":[{"embeddable":true,"href":"https:\/\/raritywatches.com\/ca\/wp-json\/wp\/v2\/media\/32213"}],"wp:attachment":[{"href":"https:\/\/raritywatches.com\/ca\/wp-json\/wp\/v2\/media?parent=32344"}],"wp:term":[{"taxonomy":"product_brand","embeddable":true,"href":"https:\/\/raritywatches.com\/ca\/wp-json\/wp\/v2\/product_brand?post=32344"},{"taxonomy":"product_cat","embeddable":true,"href":"https:\/\/raritywatches.com\/ca\/wp-json\/wp\/v2\/product_cat?post=32344"},{"taxonomy":"product_tag","embeddable":true,"href":"https:\/\/raritywatches.com\/ca\/wp-json\/wp\/v2\/product_tag?post=32344"},{"taxonomy":"giftcard-category","embeddable":true,"href":"https:\/\/raritywatches.com\/ca\/wp-json\/wp\/v2\/giftcard-category?post=32344"}],"curies":[{"name":"wp","href":"https:\/\/api.w.org\/{rel}","templated":true}]}}