{"id":32006,"date":"2023-07-28T13:11:36","date_gmt":"2023-07-28T12:11:36","guid":{"rendered":"https:\/\/raritywatches.com\/product\/jacob-co-securus-bangle-3\/"},"modified":"2024-05-15T17:30:54","modified_gmt":"2024-05-15T16:30:54","slug":"jacob-co-securus-bangle-3","status":"publish","type":"product","link":"https:\/\/raritywatches.com\/ca\/producte\/jacob-co-securus-bangle-3\/","title":{"rendered":"Jacob &amp; Co Securus Bangle"},"content":{"rendered":"","protected":false},"excerpt":{"rendered":"<h3 class=\"sc-lgarKF gxWNcd pf-17_\" data-product-type=\"title\" data-product-id=\"6834408882312\" data-pf-type=\"ProductTitle\">Securus Bangle<\/h3>\n<p class=\"sc-BHvUt hbEZlN pf-18_\" data-product-type=\"vendor\" data-product-id=\"6834408882312\" data-pf-type=\"ProductVendor\">Elaborat a m\u00e0 en or blanc de 18 quilates i engastat amb 153 rub\u00eds de talla brillant rod\u00f3 d&#8217;alta qualitat i 25 diamants blancs.<\/p>\n<p>Atrevit, juganer i vers\u00e0til, la col\u00b7lecci\u00f3 Securus ofereix la seva interpretaci\u00f3 deslumbrant del modest fermall de seguretat i es distingeix per la seva est\u00e8tica moderna i contundent.<\/p>\n<p class=\"readmore-text\">L&#8217;est\u00e8tica utilit\u00e0ria de l&#8217;humil objecte s&#8217;aconsegueix magn\u00edficament en peces impactants elaborades amb metalls preciosos i pedres precioses que s\u00f3n 100% elegants<\/p>\n","protected":false},"featured_media":31210,"comment_status":"open","ping_status":"closed","template":"","meta":{"om_disable_all_campaigns":false,"_monsterinsights_skip_tracking":false,"_monsterinsights_sitenote_active":false,"_monsterinsights_sitenote_note":"","_monsterinsights_sitenote_category":0},"product_brand":[],"product_cat":[621,613],"product_tag":[],"giftcard-category":[],"class_list":{"0":"post-32006","1":"product","2":"type-product","3":"status-publish","4":"has-post-thumbnail","6":"product_cat-jacobco-joieria","7":"product_cat-joieria","9":"first","10":"instock","11":"taxable","12":"shipping-taxable","13":"product-type-simple"},"aioseo_notices":[],"_links":{"self":[{"href":"https:\/\/raritywatches.com\/ca\/wp-json\/wp\/v2\/product\/32006","targetHints":{"allow":["GET"]}}],"collection":[{"href":"https:\/\/raritywatches.com\/ca\/wp-json\/wp\/v2\/product"}],"about":[{"href":"https:\/\/raritywatches.com\/ca\/wp-json\/wp\/v2\/types\/product"}],"replies":[{"embeddable":true,"href":"https:\/\/raritywatches.com\/ca\/wp-json\/wp\/v2\/comments?post=32006"}],"version-history":[{"count":1,"href":"https:\/\/raritywatches.com\/ca\/wp-json\/wp\/v2\/product\/32006\/revisions"}],"predecessor-version":[{"id":32007,"href":"https:\/\/raritywatches.com\/ca\/wp-json\/wp\/v2\/product\/32006\/revisions\/32007"}],"wp:featuredmedia":[{"embeddable":true,"href":"https:\/\/raritywatches.com\/ca\/wp-json\/wp\/v2\/media\/31210"}],"wp:attachment":[{"href":"https:\/\/raritywatches.com\/ca\/wp-json\/wp\/v2\/media?parent=32006"}],"wp:term":[{"taxonomy":"product_brand","embeddable":true,"href":"https:\/\/raritywatches.com\/ca\/wp-json\/wp\/v2\/product_brand?post=32006"},{"taxonomy":"product_cat","embeddable":true,"href":"https:\/\/raritywatches.com\/ca\/wp-json\/wp\/v2\/product_cat?post=32006"},{"taxonomy":"product_tag","embeddable":true,"href":"https:\/\/raritywatches.com\/ca\/wp-json\/wp\/v2\/product_tag?post=32006"},{"taxonomy":"giftcard-category","embeddable":true,"href":"https:\/\/raritywatches.com\/ca\/wp-json\/wp\/v2\/giftcard-category?post=32006"}],"curies":[{"name":"wp","href":"https:\/\/api.w.org\/{rel}","templated":true}]}}