{"id":31989,"date":"2023-07-28T14:02:11","date_gmt":"2023-07-28T13:02:11","guid":{"rendered":"https:\/\/raritywatches.com\/product\/jacob-co-securus-earrings\/"},"modified":"2024-05-15T14:48:26","modified_gmt":"2024-05-15T13:48:26","slug":"jacob-co-securus-earrings","status":"publish","type":"product","link":"https:\/\/raritywatches.com\/ca\/producte\/jacob-co-securus-earrings\/","title":{"rendered":"Jacob &amp; Co Securus Earrings"},"content":{"rendered":"","protected":false},"excerpt":{"rendered":"<div class=\"pf-c\">\n<div class=\"sc-gUQvok iVVDxu pf-8_ pfix_\" data-pf-type=\"Column\"><\/div>\n<\/div>\n<div class=\"pf-c\">\n<div class=\"sc-gUQvok iVVDxu pf-16_\" data-pf-type=\"Column\">\n<h3 class=\"sc-lgarKF gxWNcd pf-17_\" data-product-type=\"title\" data-product-id=\"6834377588872\" data-pf-type=\"ProductTitle\">Securus Earrings<\/h3>\n<p class=\"sc-BHvUt hbEZlN pf-18_\" data-product-type=\"vendor\" data-product-id=\"6834377588872\" data-pf-type=\"ProductVendor\">Fets a m\u00e0 en or rosa de 18 quilates i incrustats amb 350 diamants de tall brillant rodons de alta qualitat.<\/p>\n<p>Atrevit, juganer i vers\u00e0til, la col\u00b7lecci\u00f3 Securus ofereix la seva interpretaci\u00f3 deslumbrant del modest fermall de seguretat i es distingeix per la seva est\u00e8tica moderna i contundent.<\/p>\n<p class=\"readmore-text\">L&#8217;est\u00e8tica utilit\u00e0ria de l&#8217;humil objecte s&#8217;aconsegueix magn\u00edficament en peces impactants elaborades amb metalls preciosos i pedres precioses que s\u00f3n 100% elegants<\/p>\n<div class=\"readmoreless-button\">\n<p id=\"readmoreless-button-text\">Llegeix menys<\/p>\n<p><img decoding=\"async\" id=\"arrow-img\" data-src=\"https:\/\/cdn.shopify.com\/s\/files\/1\/0568\/1682\/8552\/files\/icon-right-black-up.png?v=1645735093\" src=\"data:image\/gif;base64,R0lGODlhAQABAAAAACH5BAEKAAEALAAAAAABAAEAAAICTAEAOw==\" class=\"lazyload\"><\/p>\n<\/div>\n<\/div>\n<\/div>\n","protected":false},"featured_media":31301,"comment_status":"open","ping_status":"closed","template":"","meta":{"om_disable_all_campaigns":false,"_monsterinsights_skip_tracking":false,"_monsterinsights_sitenote_active":false,"_monsterinsights_sitenote_note":"","_monsterinsights_sitenote_category":0},"product_brand":[],"product_cat":[621,613],"product_tag":[],"giftcard-category":[],"class_list":{"0":"post-31989","1":"product","2":"type-product","3":"status-publish","4":"has-post-thumbnail","6":"product_cat-jacobco-joieria","7":"product_cat-joieria","9":"first","10":"instock","11":"taxable","12":"shipping-taxable","13":"product-type-simple"},"aioseo_notices":[],"_links":{"self":[{"href":"https:\/\/raritywatches.com\/ca\/wp-json\/wp\/v2\/product\/31989","targetHints":{"allow":["GET"]}}],"collection":[{"href":"https:\/\/raritywatches.com\/ca\/wp-json\/wp\/v2\/product"}],"about":[{"href":"https:\/\/raritywatches.com\/ca\/wp-json\/wp\/v2\/types\/product"}],"replies":[{"embeddable":true,"href":"https:\/\/raritywatches.com\/ca\/wp-json\/wp\/v2\/comments?post=31989"}],"version-history":[{"count":1,"href":"https:\/\/raritywatches.com\/ca\/wp-json\/wp\/v2\/product\/31989\/revisions"}],"predecessor-version":[{"id":31996,"href":"https:\/\/raritywatches.com\/ca\/wp-json\/wp\/v2\/product\/31989\/revisions\/31996"}],"wp:featuredmedia":[{"embeddable":true,"href":"https:\/\/raritywatches.com\/ca\/wp-json\/wp\/v2\/media\/31301"}],"wp:attachment":[{"href":"https:\/\/raritywatches.com\/ca\/wp-json\/wp\/v2\/media?parent=31989"}],"wp:term":[{"taxonomy":"product_brand","embeddable":true,"href":"https:\/\/raritywatches.com\/ca\/wp-json\/wp\/v2\/product_brand?post=31989"},{"taxonomy":"product_cat","embeddable":true,"href":"https:\/\/raritywatches.com\/ca\/wp-json\/wp\/v2\/product_cat?post=31989"},{"taxonomy":"product_tag","embeddable":true,"href":"https:\/\/raritywatches.com\/ca\/wp-json\/wp\/v2\/product_tag?post=31989"},{"taxonomy":"giftcard-category","embeddable":true,"href":"https:\/\/raritywatches.com\/ca\/wp-json\/wp\/v2\/giftcard-category?post=31989"}],"curies":[{"name":"wp","href":"https:\/\/api.w.org\/{rel}","templated":true}]}}