{"id":31746,"date":"2023-11-22T10:48:30","date_gmt":"2023-11-22T09:48:30","guid":{"rendered":"https:\/\/raritywatches.com\/product\/jacob-co-the-world-is-yours-dual-time-zone\/"},"modified":"2023-11-22T10:48:30","modified_gmt":"2023-11-22T09:48:30","slug":"jacob-co-the-world-is-yours-dual-time-zone","status":"publish","type":"product","link":"https:\/\/raritywatches.com\/ca\/producte\/jacob-co-the-world-is-yours-dual-time-zone\/","title":{"rendered":"Jacob &amp; Co The World Is Yours Dual Time Zone"},"content":{"rendered":"","protected":false},"excerpt":{"rendered":"<div class=\"flex flex-grow flex-col max-w-full gap-3 gizmo:gap-0\">\n<div class=\"min-h-[20px] text-message flex flex-col items-start gap-3 whitespace-pre-wrap break-words [.text-message+&amp;]:mt-5 overflow-x-auto\" data-message-author-role=\"assistant\" data-message-id=\"9eede6bd-fb33-49e1-b91e-0aab28f31233\">\n<div class=\"markdown prose w-full break-words dark:prose-invert dark\">\n<p>The World Is Yours Dual Time Zone ret homenatge al rellotge que ho va iniciar tot. Va ser el rellotge que va obrir el m\u00f3n i el regne de la rellotgeria a Jacob Arabo. Aquest rellotge \u00e9s un homenatge a un tresor de la fam\u00edlia Arabov: un rellotge de doble fus horari que Jacob Arabov va rebre als 13 anys del seu pare, Nison Arabov. \u00c9s un rellotge que simbolitza el m\u00f3n com si digu\u00e9s: &#8220;V\u00e9s, fill meu! V\u00e9s a conquerir-lo!&#8221;<\/p>\n<p>Aquest rellotge en particular tenia tanta import\u00e0ncia als seus ulls que li va inculcar el desig i la determinaci\u00f3 de crear algun dia els seus propis rellotges. Va servir com a inspiraci\u00f3 original darrere de cada rellotge de Jacob &amp; Co. Aquest rellotge roman dins de la fam\u00edlia, esperant el seu pas a la seg\u00fcent generaci\u00f3.<\/p>\n<p>Per a Jacob Arabo, la creaci\u00f3 \u00e9s un viatge personal i emocional. I aquesta creaci\u00f3 ocupa un lloc especial en el seu cor. Per tant, The World Is Yours Dual Time Zone transcendeix ser nom\u00e9s un rellotge de dues zones hor\u00e0ries amb hores i minuts separats. Supera ser una mera pe\u00e7a d&#8217;artesania exquisida amb la seva impressionant esfera abovedada que representa la Terra vista des de dalt. \u00c9s una prova que l&#8217;amor d&#8217;un pare pot ser la clau que obre el m\u00f3n, fent-lo realment teu.<\/p>\n<\/div>\n<\/div>\n<\/div>\n","protected":false},"featured_media":31751,"comment_status":"open","ping_status":"closed","template":"","meta":{"om_disable_all_campaigns":false,"_monsterinsights_skip_tracking":false,"_monsterinsights_sitenote_active":false,"_monsterinsights_sitenote_note":"","_monsterinsights_sitenote_category":0},"product_brand":[],"product_cat":[411],"product_tag":[],"giftcard-category":[],"class_list":{"0":"post-31746","1":"product","2":"type-product","3":"status-publish","4":"has-post-thumbnail","6":"product_cat-jacob-co","8":"first","9":"instock","10":"taxable","11":"shipping-taxable","12":"purchasable","13":"product-type-simple"},"aioseo_notices":[],"_links":{"self":[{"href":"https:\/\/raritywatches.com\/ca\/wp-json\/wp\/v2\/product\/31746","targetHints":{"allow":["GET"]}}],"collection":[{"href":"https:\/\/raritywatches.com\/ca\/wp-json\/wp\/v2\/product"}],"about":[{"href":"https:\/\/raritywatches.com\/ca\/wp-json\/wp\/v2\/types\/product"}],"replies":[{"embeddable":true,"href":"https:\/\/raritywatches.com\/ca\/wp-json\/wp\/v2\/comments?post=31746"}],"version-history":[{"count":0,"href":"https:\/\/raritywatches.com\/ca\/wp-json\/wp\/v2\/product\/31746\/revisions"}],"wp:featuredmedia":[{"embeddable":true,"href":"https:\/\/raritywatches.com\/ca\/wp-json\/wp\/v2\/media\/31751"}],"wp:attachment":[{"href":"https:\/\/raritywatches.com\/ca\/wp-json\/wp\/v2\/media?parent=31746"}],"wp:term":[{"taxonomy":"product_brand","embeddable":true,"href":"https:\/\/raritywatches.com\/ca\/wp-json\/wp\/v2\/product_brand?post=31746"},{"taxonomy":"product_cat","embeddable":true,"href":"https:\/\/raritywatches.com\/ca\/wp-json\/wp\/v2\/product_cat?post=31746"},{"taxonomy":"product_tag","embeddable":true,"href":"https:\/\/raritywatches.com\/ca\/wp-json\/wp\/v2\/product_tag?post=31746"},{"taxonomy":"giftcard-category","embeddable":true,"href":"https:\/\/raritywatches.com\/ca\/wp-json\/wp\/v2\/giftcard-category?post=31746"}],"curies":[{"name":"wp","href":"https:\/\/api.w.org\/{rel}","templated":true}]}}