{"id":30925,"date":"2023-07-12T17:18:57","date_gmt":"2023-07-12T16:18:57","guid":{"rendered":"https:\/\/raritywatches.com\/product\/charriol-geneva-ring-forever-marine\/"},"modified":"2023-07-12T17:18:57","modified_gmt":"2023-07-12T16:18:57","slug":"charriol-geneva-ring-forever-marine","status":"publish","type":"product","link":"https:\/\/raritywatches.com\/ca\/producte\/charriol-geneva-ring-forever-marine\/","title":{"rendered":"Charriol Geneva Ring Forever Marine"},"content":{"rendered":"","protected":false},"excerpt":{"rendered":"<h2>Charriol Geneva Ring Forever Marine<\/h2>\n<p>&nbsp;<\/p>\n<p>Moore a l&#8217;estat d&#8217;\u00e0nim de l&#8217;oce\u00e0 amb aquest anell de dos tons fet de 4 cables d&#8217;acer inoxidable i estructura d&#8217;acer PVD d&#8217;or groc. La cadena d&#8217;\u00e0ncora \u00e9s un s\u00edmbol elegant i de moda que pot decorar pells, teixits o complements de moda. Formant part de la col\u00b7lecci\u00f3 Charriol Ocean Tales, aquest element gr\u00e0fic d\u00f3na lloc a la l\u00ednia de joies Forever Marine.<\/p>\n","protected":false},"featured_media":30424,"comment_status":"open","ping_status":"closed","template":"","meta":{"om_disable_all_campaigns":false,"_monsterinsights_skip_tracking":false,"_monsterinsights_sitenote_active":false,"_monsterinsights_sitenote_note":"","_monsterinsights_sitenote_category":0},"product_brand":[],"product_cat":[634,613],"product_tag":[],"giftcard-category":[],"class_list":{"0":"post-30925","1":"product","2":"type-product","3":"status-publish","4":"has-post-thumbnail","6":"product_cat-charriol-geneva-joieria","7":"product_cat-joieria","9":"first","10":"instock","11":"taxable","12":"shipping-taxable","13":"purchasable","14":"product-type-simple"},"aioseo_notices":[],"_links":{"self":[{"href":"https:\/\/raritywatches.com\/ca\/wp-json\/wp\/v2\/product\/30925","targetHints":{"allow":["GET"]}}],"collection":[{"href":"https:\/\/raritywatches.com\/ca\/wp-json\/wp\/v2\/product"}],"about":[{"href":"https:\/\/raritywatches.com\/ca\/wp-json\/wp\/v2\/types\/product"}],"replies":[{"embeddable":true,"href":"https:\/\/raritywatches.com\/ca\/wp-json\/wp\/v2\/comments?post=30925"}],"version-history":[{"count":0,"href":"https:\/\/raritywatches.com\/ca\/wp-json\/wp\/v2\/product\/30925\/revisions"}],"wp:featuredmedia":[{"embeddable":true,"href":"https:\/\/raritywatches.com\/ca\/wp-json\/wp\/v2\/media\/30424"}],"wp:attachment":[{"href":"https:\/\/raritywatches.com\/ca\/wp-json\/wp\/v2\/media?parent=30925"}],"wp:term":[{"taxonomy":"product_brand","embeddable":true,"href":"https:\/\/raritywatches.com\/ca\/wp-json\/wp\/v2\/product_brand?post=30925"},{"taxonomy":"product_cat","embeddable":true,"href":"https:\/\/raritywatches.com\/ca\/wp-json\/wp\/v2\/product_cat?post=30925"},{"taxonomy":"product_tag","embeddable":true,"href":"https:\/\/raritywatches.com\/ca\/wp-json\/wp\/v2\/product_tag?post=30925"},{"taxonomy":"giftcard-category","embeddable":true,"href":"https:\/\/raritywatches.com\/ca\/wp-json\/wp\/v2\/giftcard-category?post=30925"}],"curies":[{"name":"wp","href":"https:\/\/api.w.org\/{rel}","templated":true}]}}