{"id":30922,"date":"2023-07-12T17:22:25","date_gmt":"2023-07-12T16:22:25","guid":{"rendered":"https:\/\/raritywatches.com\/product\/charriol-geneva-ring-st-tropez-mariner\/"},"modified":"2023-07-12T17:22:25","modified_gmt":"2023-07-12T16:22:25","slug":"charriol-geneva-ring-st-tropez-mariner","status":"publish","type":"product","link":"https:\/\/raritywatches.com\/ca\/producte\/charriol-geneva-ring-st-tropez-mariner\/","title":{"rendered":"Charriol Geneva Ring St-Tropez Mariner"},"content":{"rendered":"","protected":false},"excerpt":{"rendered":"<h2>Charriol Geneva Ring St-Tropez Mariner<\/h2>\n<p>&nbsp;<\/p>\n<p>Un anell d&#8217;acer inoxidable PVD d&#8217;or groc amb un element grill\u00f3 \u00fanic decorat amb un cable d&#8217;acer d&#8217;1 mm. Aquest element distintiu de 13,5 mm * 10 mm, amb or\u00edgens n\u00e0utics, tamb\u00e9 apareix a les polseres, collarets i polseres de la l\u00ednia de joieria. Anell unisex disponible en talles S 50 a XXL 64.<\/p>\n","protected":false},"featured_media":30450,"comment_status":"open","ping_status":"closed","template":"","meta":{"om_disable_all_campaigns":false,"_monsterinsights_skip_tracking":false,"_monsterinsights_sitenote_active":false,"_monsterinsights_sitenote_note":"","_monsterinsights_sitenote_category":0},"product_brand":[],"product_cat":[634,613],"product_tag":[],"giftcard-category":[],"class_list":{"0":"post-30922","1":"product","2":"type-product","3":"status-publish","4":"has-post-thumbnail","6":"product_cat-charriol-geneva-joieria","7":"product_cat-joieria","9":"first","10":"instock","11":"taxable","12":"shipping-taxable","13":"purchasable","14":"product-type-simple"},"aioseo_notices":[],"_links":{"self":[{"href":"https:\/\/raritywatches.com\/ca\/wp-json\/wp\/v2\/product\/30922","targetHints":{"allow":["GET"]}}],"collection":[{"href":"https:\/\/raritywatches.com\/ca\/wp-json\/wp\/v2\/product"}],"about":[{"href":"https:\/\/raritywatches.com\/ca\/wp-json\/wp\/v2\/types\/product"}],"replies":[{"embeddable":true,"href":"https:\/\/raritywatches.com\/ca\/wp-json\/wp\/v2\/comments?post=30922"}],"version-history":[{"count":0,"href":"https:\/\/raritywatches.com\/ca\/wp-json\/wp\/v2\/product\/30922\/revisions"}],"wp:featuredmedia":[{"embeddable":true,"href":"https:\/\/raritywatches.com\/ca\/wp-json\/wp\/v2\/media\/30450"}],"wp:attachment":[{"href":"https:\/\/raritywatches.com\/ca\/wp-json\/wp\/v2\/media?parent=30922"}],"wp:term":[{"taxonomy":"product_brand","embeddable":true,"href":"https:\/\/raritywatches.com\/ca\/wp-json\/wp\/v2\/product_brand?post=30922"},{"taxonomy":"product_cat","embeddable":true,"href":"https:\/\/raritywatches.com\/ca\/wp-json\/wp\/v2\/product_cat?post=30922"},{"taxonomy":"product_tag","embeddable":true,"href":"https:\/\/raritywatches.com\/ca\/wp-json\/wp\/v2\/product_tag?post=30922"},{"taxonomy":"giftcard-category","embeddable":true,"href":"https:\/\/raritywatches.com\/ca\/wp-json\/wp\/v2\/giftcard-category?post=30922"}],"curies":[{"name":"wp","href":"https:\/\/api.w.org\/{rel}","templated":true}]}}