{"id":30905,"date":"2023-07-12T18:10:40","date_gmt":"2023-07-12T17:10:40","guid":{"rendered":"https:\/\/raritywatches.com\/product\/charriol-geneva-ring-biarritz\/"},"modified":"2023-07-12T18:10:40","modified_gmt":"2023-07-12T17:10:40","slug":"charriol-geneva-ring-biarritz","status":"publish","type":"product","link":"https:\/\/raritywatches.com\/ca\/producte\/charriol-geneva-ring-biarritz\/","title":{"rendered":"Charriol Geneva Ring Biarritz"},"content":{"rendered":"","protected":false},"excerpt":{"rendered":"<h3>Charriol Geneva Ring Biarritz<\/h3>\n<p>&nbsp;<\/p>\n<p>Anell d&#8217;acer PVD d&#8217;or groc que mostra un patr\u00f3 rectangular contemporani muntat sobre quatre cables trenats d&#8217;1,5 mm d&#8217;acer i acabat PVD d&#8217;or groc. L&#8217;anell de Biarritz s&#8217;inspira en els grans palaus i l&#8217;elegant arquitectura dels casinos pels quals Biarritz, un sumptu\u00f3s complex balneari, \u00e9s conegut a tot Europa. Durant segles, una barreja enlluernadora de l&#8217;escal\u00f3 m\u00e9s alt de la societat -mecenes rics, artistes famosos i reialesa europea- ha freq\u00fcentat l&#8217;elegant litoral fortificat per aquestes magn\u00edfiques estructures i les seves platges rojiques.<\/p>\n","protected":false},"featured_media":30562,"comment_status":"open","ping_status":"closed","template":"","meta":{"om_disable_all_campaigns":false,"_monsterinsights_skip_tracking":false,"_monsterinsights_sitenote_active":false,"_monsterinsights_sitenote_note":"","_monsterinsights_sitenote_category":0},"product_brand":[],"product_cat":[634,613],"product_tag":[],"giftcard-category":[],"class_list":{"0":"post-30905","1":"product","2":"type-product","3":"status-publish","4":"has-post-thumbnail","6":"product_cat-charriol-geneva-joieria","7":"product_cat-joieria","9":"first","10":"instock","11":"taxable","12":"shipping-taxable","13":"purchasable","14":"product-type-simple"},"aioseo_notices":[],"_links":{"self":[{"href":"https:\/\/raritywatches.com\/ca\/wp-json\/wp\/v2\/product\/30905","targetHints":{"allow":["GET"]}}],"collection":[{"href":"https:\/\/raritywatches.com\/ca\/wp-json\/wp\/v2\/product"}],"about":[{"href":"https:\/\/raritywatches.com\/ca\/wp-json\/wp\/v2\/types\/product"}],"replies":[{"embeddable":true,"href":"https:\/\/raritywatches.com\/ca\/wp-json\/wp\/v2\/comments?post=30905"}],"version-history":[{"count":0,"href":"https:\/\/raritywatches.com\/ca\/wp-json\/wp\/v2\/product\/30905\/revisions"}],"wp:featuredmedia":[{"embeddable":true,"href":"https:\/\/raritywatches.com\/ca\/wp-json\/wp\/v2\/media\/30562"}],"wp:attachment":[{"href":"https:\/\/raritywatches.com\/ca\/wp-json\/wp\/v2\/media?parent=30905"}],"wp:term":[{"taxonomy":"product_brand","embeddable":true,"href":"https:\/\/raritywatches.com\/ca\/wp-json\/wp\/v2\/product_brand?post=30905"},{"taxonomy":"product_cat","embeddable":true,"href":"https:\/\/raritywatches.com\/ca\/wp-json\/wp\/v2\/product_cat?post=30905"},{"taxonomy":"product_tag","embeddable":true,"href":"https:\/\/raritywatches.com\/ca\/wp-json\/wp\/v2\/product_tag?post=30905"},{"taxonomy":"giftcard-category","embeddable":true,"href":"https:\/\/raritywatches.com\/ca\/wp-json\/wp\/v2\/giftcard-category?post=30905"}],"curies":[{"name":"wp","href":"https:\/\/api.w.org\/{rel}","templated":true}]}}