{"id":30902,"date":"2023-07-13T16:05:00","date_gmt":"2023-07-13T15:05:00","guid":{"rendered":"https:\/\/raritywatches.com\/product\/charriol-geneva-bracelet-bonifacio\/"},"modified":"2023-07-13T16:05:00","modified_gmt":"2023-07-13T15:05:00","slug":"charriol-geneva-bracelet-bonifacio","status":"publish","type":"product","link":"https:\/\/raritywatches.com\/ca\/producte\/charriol-geneva-bracelet-bonifacio\/","title":{"rendered":"Charriol Geneva Bracelet Bonifacio"},"content":{"rendered":"","protected":false},"excerpt":{"rendered":"<h2>Charriol Geneva Bracelet Bonifacio<\/h2>\n<p>&nbsp;<\/p>\n<p>Polsera de PVD d&#8217;or groc les dues l\u00ednies de cable d&#8217;acer trenat v\u00e9nen que es troben en un tancament de grill\u00f3 ben forma i atractiu. La col\u00b7lecci\u00f3 Bonifacio reflecteix les suaus corbes de la costa corsa, les sorres blanques i les aig\u00fces turqueses de les seves profundes cales. Disponible en quatre colors, el disseny ofereix un estil caracter\u00edstic que \u00e9s delicat, refinat i desitjable.<\/p>\n","protected":false},"featured_media":30585,"comment_status":"open","ping_status":"closed","template":"","meta":{"om_disable_all_campaigns":false,"_monsterinsights_skip_tracking":false,"_monsterinsights_sitenote_active":false,"_monsterinsights_sitenote_note":"","_monsterinsights_sitenote_category":0},"product_brand":[],"product_cat":[613],"product_tag":[],"giftcard-category":[],"class_list":{"0":"post-30902","1":"product","2":"type-product","3":"status-publish","4":"has-post-thumbnail","6":"product_cat-joieria","8":"first","9":"instock","10":"taxable","11":"shipping-taxable","12":"purchasable","13":"product-type-simple"},"aioseo_notices":[],"_links":{"self":[{"href":"https:\/\/raritywatches.com\/ca\/wp-json\/wp\/v2\/product\/30902","targetHints":{"allow":["GET"]}}],"collection":[{"href":"https:\/\/raritywatches.com\/ca\/wp-json\/wp\/v2\/product"}],"about":[{"href":"https:\/\/raritywatches.com\/ca\/wp-json\/wp\/v2\/types\/product"}],"replies":[{"embeddable":true,"href":"https:\/\/raritywatches.com\/ca\/wp-json\/wp\/v2\/comments?post=30902"}],"version-history":[{"count":0,"href":"https:\/\/raritywatches.com\/ca\/wp-json\/wp\/v2\/product\/30902\/revisions"}],"wp:featuredmedia":[{"embeddable":true,"href":"https:\/\/raritywatches.com\/ca\/wp-json\/wp\/v2\/media\/30585"}],"wp:attachment":[{"href":"https:\/\/raritywatches.com\/ca\/wp-json\/wp\/v2\/media?parent=30902"}],"wp:term":[{"taxonomy":"product_brand","embeddable":true,"href":"https:\/\/raritywatches.com\/ca\/wp-json\/wp\/v2\/product_brand?post=30902"},{"taxonomy":"product_cat","embeddable":true,"href":"https:\/\/raritywatches.com\/ca\/wp-json\/wp\/v2\/product_cat?post=30902"},{"taxonomy":"product_tag","embeddable":true,"href":"https:\/\/raritywatches.com\/ca\/wp-json\/wp\/v2\/product_tag?post=30902"},{"taxonomy":"giftcard-category","embeddable":true,"href":"https:\/\/raritywatches.com\/ca\/wp-json\/wp\/v2\/giftcard-category?post=30902"}],"curies":[{"name":"wp","href":"https:\/\/api.w.org\/{rel}","templated":true}]}}