{"id":30895,"date":"2023-07-13T16:14:13","date_gmt":"2023-07-13T15:14:13","guid":{"rendered":"https:\/\/raritywatches.com\/product\/charriol-geneva-bangle-st-tropez-mariner\/"},"modified":"2023-07-13T16:14:13","modified_gmt":"2023-07-13T15:14:13","slug":"charriol-geneva-bangle-st-tropez-mariner","status":"publish","type":"product","link":"https:\/\/raritywatches.com\/ca\/producte\/charriol-geneva-bangle-st-tropez-mariner\/","title":{"rendered":"Charriol Geneva Bangle St-Tropez Mariner"},"content":{"rendered":"","protected":false},"excerpt":{"rendered":"<h2>Charriol Geneva Bangle St-Tropez Mariner<\/h2>\n<p>&nbsp;<\/p>\n<p>Bra\u00e7alet d&#8217;acer inoxidable d&#8217;or groc amb cable d&#8217;acer. Dues manilles adossades l&#8217;una a l&#8217;altra i connectades per un enlla\u00e7 d&#8217;acer componen una decoraci\u00f3 original. Dos zircons adornen amb sobria els extrems de la polsera r\u00edgida d&#8217;acer PVD d&#8217;or groc. Opening by a discreet clasp, dimensions of each shackle 18mm * 14mm * 2.8mm. Aquesta joia unisex s&#8217;ofereix en 5 talles, de la XS a la XL ideal per a canells de 14,5 cm a 18,5 cm.<\/p>\n","protected":false},"featured_media":30631,"comment_status":"open","ping_status":"closed","template":"","meta":{"om_disable_all_campaigns":false,"_monsterinsights_skip_tracking":false,"_monsterinsights_sitenote_active":false,"_monsterinsights_sitenote_note":"","_monsterinsights_sitenote_category":0},"product_brand":[],"product_cat":[634,613],"product_tag":[],"giftcard-category":[],"class_list":{"0":"post-30895","1":"product","2":"type-product","3":"status-publish","4":"has-post-thumbnail","6":"product_cat-charriol-geneva-joieria","7":"product_cat-joieria","9":"first","10":"instock","11":"taxable","12":"shipping-taxable","13":"purchasable","14":"product-type-simple"},"aioseo_notices":[],"_links":{"self":[{"href":"https:\/\/raritywatches.com\/ca\/wp-json\/wp\/v2\/product\/30895","targetHints":{"allow":["GET"]}}],"collection":[{"href":"https:\/\/raritywatches.com\/ca\/wp-json\/wp\/v2\/product"}],"about":[{"href":"https:\/\/raritywatches.com\/ca\/wp-json\/wp\/v2\/types\/product"}],"replies":[{"embeddable":true,"href":"https:\/\/raritywatches.com\/ca\/wp-json\/wp\/v2\/comments?post=30895"}],"version-history":[{"count":0,"href":"https:\/\/raritywatches.com\/ca\/wp-json\/wp\/v2\/product\/30895\/revisions"}],"wp:featuredmedia":[{"embeddable":true,"href":"https:\/\/raritywatches.com\/ca\/wp-json\/wp\/v2\/media\/30631"}],"wp:attachment":[{"href":"https:\/\/raritywatches.com\/ca\/wp-json\/wp\/v2\/media?parent=30895"}],"wp:term":[{"taxonomy":"product_brand","embeddable":true,"href":"https:\/\/raritywatches.com\/ca\/wp-json\/wp\/v2\/product_brand?post=30895"},{"taxonomy":"product_cat","embeddable":true,"href":"https:\/\/raritywatches.com\/ca\/wp-json\/wp\/v2\/product_cat?post=30895"},{"taxonomy":"product_tag","embeddable":true,"href":"https:\/\/raritywatches.com\/ca\/wp-json\/wp\/v2\/product_tag?post=30895"},{"taxonomy":"giftcard-category","embeddable":true,"href":"https:\/\/raritywatches.com\/ca\/wp-json\/wp\/v2\/giftcard-category?post=30895"}],"curies":[{"name":"wp","href":"https:\/\/api.w.org\/{rel}","templated":true}]}}