{"id":30889,"date":"2023-07-13T16:21:28","date_gmt":"2023-07-13T15:21:28","guid":{"rendered":"https:\/\/raritywatches.com\/product\/charriol-geneva-bangle-ibiza\/"},"modified":"2023-07-13T16:21:28","modified_gmt":"2023-07-13T15:21:28","slug":"charriol-geneva-bangle-ibiza","status":"publish","type":"product","link":"https:\/\/raritywatches.com\/ca\/producte\/charriol-geneva-bangle-ibiza\/","title":{"rendered":"Charriol Geneva Bangle Ibiza"},"content":{"rendered":"","protected":false},"excerpt":{"rendered":"<h2>Charriol Geneva Bangle Ibiza&#8217;<\/h2>\n<p>&nbsp;<\/p>\n<p>Un excel\u00b7lent cable d&#8217;acer trenat PVD d&#8217;or groc de 5 mm amb un elegant ganxo i ull d&#8217;acer. La l\u00ednia de bra\u00e7alets d&#8217;Eivissa va n\u00e9ixer de l&#8217;illa assolellada, Eivissa: una eleg\u00e0ncia n\u00e0utica atemporal amb una gota de sol balear. Molt abans que una massa de multituds palpitants establissin un ritme palpitant a l&#8217;illa assolellada, Eivissa era un antic lloc avan\u00e7at atrapat pels vents creuats de l&#8217;activitat mar\u00edtima. La popular destinaci\u00f3 compta amb una llarga hist\u00f2ria d&#8217;her\u00e8ncia marinera, ja que grecs i romans, noruecs i musulmans van arribar i van conquerir l&#8217;escassa illa dels pins. Oferit en una barreja de metalls cl\u00e0ssics, el bra\u00e7alet Ibiza \u00e9s apilable<\/p>\n","protected":false},"featured_media":30671,"comment_status":"open","ping_status":"closed","template":"","meta":{"om_disable_all_campaigns":false,"_monsterinsights_skip_tracking":false,"_monsterinsights_sitenote_active":false,"_monsterinsights_sitenote_note":"","_monsterinsights_sitenote_category":0},"product_brand":[],"product_cat":[634,613],"product_tag":[],"giftcard-category":[],"class_list":{"0":"post-30889","1":"product","2":"type-product","3":"status-publish","4":"has-post-thumbnail","6":"product_cat-charriol-geneva-joieria","7":"product_cat-joieria","9":"first","10":"instock","11":"taxable","12":"shipping-taxable","13":"purchasable","14":"product-type-simple"},"aioseo_notices":[],"_links":{"self":[{"href":"https:\/\/raritywatches.com\/ca\/wp-json\/wp\/v2\/product\/30889","targetHints":{"allow":["GET"]}}],"collection":[{"href":"https:\/\/raritywatches.com\/ca\/wp-json\/wp\/v2\/product"}],"about":[{"href":"https:\/\/raritywatches.com\/ca\/wp-json\/wp\/v2\/types\/product"}],"replies":[{"embeddable":true,"href":"https:\/\/raritywatches.com\/ca\/wp-json\/wp\/v2\/comments?post=30889"}],"version-history":[{"count":0,"href":"https:\/\/raritywatches.com\/ca\/wp-json\/wp\/v2\/product\/30889\/revisions"}],"wp:featuredmedia":[{"embeddable":true,"href":"https:\/\/raritywatches.com\/ca\/wp-json\/wp\/v2\/media\/30671"}],"wp:attachment":[{"href":"https:\/\/raritywatches.com\/ca\/wp-json\/wp\/v2\/media?parent=30889"}],"wp:term":[{"taxonomy":"product_brand","embeddable":true,"href":"https:\/\/raritywatches.com\/ca\/wp-json\/wp\/v2\/product_brand?post=30889"},{"taxonomy":"product_cat","embeddable":true,"href":"https:\/\/raritywatches.com\/ca\/wp-json\/wp\/v2\/product_cat?post=30889"},{"taxonomy":"product_tag","embeddable":true,"href":"https:\/\/raritywatches.com\/ca\/wp-json\/wp\/v2\/product_tag?post=30889"},{"taxonomy":"giftcard-category","embeddable":true,"href":"https:\/\/raritywatches.com\/ca\/wp-json\/wp\/v2\/giftcard-category?post=30889"}],"curies":[{"name":"wp","href":"https:\/\/api.w.org\/{rel}","templated":true}]}}