{"id":30886,"date":"2023-07-13T16:26:09","date_gmt":"2023-07-13T15:26:09","guid":{"rendered":"https:\/\/raritywatches.com\/product\/charriol-geneva-bangle-celtic-clous\/"},"modified":"2023-07-13T16:26:09","modified_gmt":"2023-07-13T15:26:09","slug":"charriol-geneva-bangle-celtic-clous","status":"publish","type":"product","link":"https:\/\/raritywatches.com\/ca\/producte\/charriol-geneva-bangle-celtic-clous\/","title":{"rendered":"Charriol Geneva Bangle Celtic Clous"},"content":{"rendered":"","protected":false},"excerpt":{"rendered":"<h2>Charriol Geneva Bangle Celtic Clous<\/h2>\n<p>&nbsp;<\/p>\n<p>Una joia d&#8217;or groc PVD i acer amb un aire d&#8217;irrever\u00e8ncia punk. La l\u00ednia de bra\u00e7alets Celtic Clous \u00e9s una actualitzaci\u00f3 atrevida del nostre cl\u00e0ssic bra\u00e7alet de cable creuat m\u00e9s venut. Les tapes d&#8217;extrem cil\u00edndriques i ondulades estan perforades amb tacs a joc i col\u00b7locades en un cable PVD d&#8217;or groc brillant de 5 mm. Portat sol o apilat, aquest bra\u00e7alet anuncia una declaraci\u00f3 din\u00e0mica de frescor femen\u00ed.<\/p>\n","protected":false},"featured_media":30677,"comment_status":"open","ping_status":"closed","template":"","meta":{"om_disable_all_campaigns":false,"_monsterinsights_skip_tracking":false,"_monsterinsights_sitenote_active":false,"_monsterinsights_sitenote_note":"","_monsterinsights_sitenote_category":0},"product_brand":[],"product_cat":[634,613],"product_tag":[],"giftcard-category":[],"class_list":{"0":"post-30886","1":"product","2":"type-product","3":"status-publish","4":"has-post-thumbnail","6":"product_cat-charriol-geneva-joieria","7":"product_cat-joieria","9":"first","10":"outofstock","11":"taxable","12":"shipping-taxable","13":"product-type-simple"},"aioseo_notices":[],"_links":{"self":[{"href":"https:\/\/raritywatches.com\/ca\/wp-json\/wp\/v2\/product\/30886","targetHints":{"allow":["GET"]}}],"collection":[{"href":"https:\/\/raritywatches.com\/ca\/wp-json\/wp\/v2\/product"}],"about":[{"href":"https:\/\/raritywatches.com\/ca\/wp-json\/wp\/v2\/types\/product"}],"replies":[{"embeddable":true,"href":"https:\/\/raritywatches.com\/ca\/wp-json\/wp\/v2\/comments?post=30886"}],"version-history":[{"count":0,"href":"https:\/\/raritywatches.com\/ca\/wp-json\/wp\/v2\/product\/30886\/revisions"}],"wp:featuredmedia":[{"embeddable":true,"href":"https:\/\/raritywatches.com\/ca\/wp-json\/wp\/v2\/media\/30677"}],"wp:attachment":[{"href":"https:\/\/raritywatches.com\/ca\/wp-json\/wp\/v2\/media?parent=30886"}],"wp:term":[{"taxonomy":"product_brand","embeddable":true,"href":"https:\/\/raritywatches.com\/ca\/wp-json\/wp\/v2\/product_brand?post=30886"},{"taxonomy":"product_cat","embeddable":true,"href":"https:\/\/raritywatches.com\/ca\/wp-json\/wp\/v2\/product_cat?post=30886"},{"taxonomy":"product_tag","embeddable":true,"href":"https:\/\/raritywatches.com\/ca\/wp-json\/wp\/v2\/product_tag?post=30886"},{"taxonomy":"giftcard-category","embeddable":true,"href":"https:\/\/raritywatches.com\/ca\/wp-json\/wp\/v2\/giftcard-category?post=30886"}],"curies":[{"name":"wp","href":"https:\/\/api.w.org\/{rel}","templated":true}]}}