{"id":30872,"date":"2023-07-13T16:44:57","date_gmt":"2023-07-13T15:44:57","guid":{"rendered":"https:\/\/raritywatches.com\/product\/charriol-geneva-necklace-st-tropez-mariner\/"},"modified":"2025-05-14T14:45:46","modified_gmt":"2025-05-14T13:45:46","slug":"charriol-geneva-necklace-st-tropez-mariner","status":"publish","type":"product","link":"https:\/\/raritywatches.com\/ca\/producte\/charriol-geneva-necklace-st-tropez-mariner\/","title":{"rendered":"Charriol Geneva Necklace St-Tropez Mariner"},"content":{"rendered":"","protected":false},"excerpt":{"rendered":"<h2>Charriol Geneva Necklace St-Tropez Mariner<\/h2>\n<p>&nbsp;<\/p>\n<p>Cadena d&#8217;acer inoxidable PVD d&#8217;or groc amb cadenat Charriol caracter\u00edstic: amb set anells d&#8217;acer i penjolls de manilles d&#8217;or groc PVD d&#8217;acer amb cable. La cadena est\u00e0 feta d&#8217;enlla\u00e7os ovalats retor\u00e7ats, que reprodueixen la cadena de l&#8217;exclusiu polsera de rellotge de 30 mm de St-Tropez. Longitud de la cadena de 40cm regulable per fermall amb una extensi\u00f3 de 5cm. Dimensions de l&#8217;element n\u00e0utic 15,6mm * 12mm * 2mm, dimensions del pany 18,6mm * 15mm * 8,5mm.<\/p>\n","protected":false},"featured_media":30763,"comment_status":"open","ping_status":"closed","template":"","meta":{"om_disable_all_campaigns":false,"_monsterinsights_skip_tracking":false,"_monsterinsights_sitenote_active":false,"_monsterinsights_sitenote_note":"","_monsterinsights_sitenote_category":0},"product_brand":[],"product_cat":[634,613],"product_tag":[],"giftcard-category":[],"class_list":{"0":"post-30872","1":"product","2":"type-product","3":"status-publish","4":"has-post-thumbnail","6":"product_cat-charriol-geneva-joieria","7":"product_cat-joieria","9":"first","10":"instock","11":"taxable","12":"shipping-taxable","13":"purchasable","14":"product-type-simple"},"aioseo_notices":[],"_links":{"self":[{"href":"https:\/\/raritywatches.com\/ca\/wp-json\/wp\/v2\/product\/30872","targetHints":{"allow":["GET"]}}],"collection":[{"href":"https:\/\/raritywatches.com\/ca\/wp-json\/wp\/v2\/product"}],"about":[{"href":"https:\/\/raritywatches.com\/ca\/wp-json\/wp\/v2\/types\/product"}],"replies":[{"embeddable":true,"href":"https:\/\/raritywatches.com\/ca\/wp-json\/wp\/v2\/comments?post=30872"}],"version-history":[{"count":1,"href":"https:\/\/raritywatches.com\/ca\/wp-json\/wp\/v2\/product\/30872\/revisions"}],"predecessor-version":[{"id":33730,"href":"https:\/\/raritywatches.com\/ca\/wp-json\/wp\/v2\/product\/30872\/revisions\/33730"}],"wp:featuredmedia":[{"embeddable":true,"href":"https:\/\/raritywatches.com\/ca\/wp-json\/wp\/v2\/media\/30763"}],"wp:attachment":[{"href":"https:\/\/raritywatches.com\/ca\/wp-json\/wp\/v2\/media?parent=30872"}],"wp:term":[{"taxonomy":"product_brand","embeddable":true,"href":"https:\/\/raritywatches.com\/ca\/wp-json\/wp\/v2\/product_brand?post=30872"},{"taxonomy":"product_cat","embeddable":true,"href":"https:\/\/raritywatches.com\/ca\/wp-json\/wp\/v2\/product_cat?post=30872"},{"taxonomy":"product_tag","embeddable":true,"href":"https:\/\/raritywatches.com\/ca\/wp-json\/wp\/v2\/product_tag?post=30872"},{"taxonomy":"giftcard-category","embeddable":true,"href":"https:\/\/raritywatches.com\/ca\/wp-json\/wp\/v2\/giftcard-category?post=30872"}],"curies":[{"name":"wp","href":"https:\/\/api.w.org\/{rel}","templated":true}]}}