{"id":30846,"date":"2023-07-14T09:32:52","date_gmt":"2023-07-14T08:32:52","guid":{"rendered":"https:\/\/raritywatches.com\/product\/charriol-geneva-necklace-shopping-in-paris\/"},"modified":"2025-05-14T11:49:43","modified_gmt":"2025-05-14T10:49:43","slug":"charriol-geneva-necklace-shopping-in-paris","status":"publish","type":"product","link":"https:\/\/raritywatches.com\/ca\/producte\/charriol-geneva-necklace-shopping-in-paris\/","title":{"rendered":"Charriol Geneva Necklace Shopping in Paris"},"content":{"rendered":"","protected":false},"excerpt":{"rendered":"<h2>Charriol Geneva Necklace Shopping in Paris<\/h2>\n<p>&nbsp;<\/p>\n<p>Aquest collaret Charriol est\u00e0 fet de llaut\u00f3 amb un acabat daurat brillant i inclou un penjoll de bossa adornat amb el logotip de la marca. L&#8217;ic\u00f2nic disseny de cercle de cable trenat a la cadena afegeix un toc de sofisticaci\u00f3.<\/p>\n<p>&nbsp;<\/p>\n","protected":false},"featured_media":30824,"comment_status":"open","ping_status":"closed","template":"","meta":{"om_disable_all_campaigns":false,"_monsterinsights_skip_tracking":false,"_monsterinsights_sitenote_active":false,"_monsterinsights_sitenote_note":"","_monsterinsights_sitenote_category":0},"product_brand":[],"product_cat":[634,613],"product_tag":[],"giftcard-category":[],"class_list":{"0":"post-30846","1":"product","2":"type-product","3":"status-publish","4":"has-post-thumbnail","6":"product_cat-charriol-geneva-joieria","7":"product_cat-joieria","9":"first","10":"instock","11":"taxable","12":"shipping-taxable","13":"purchasable","14":"product-type-simple"},"aioseo_notices":[],"_links":{"self":[{"href":"https:\/\/raritywatches.com\/ca\/wp-json\/wp\/v2\/product\/30846","targetHints":{"allow":["GET"]}}],"collection":[{"href":"https:\/\/raritywatches.com\/ca\/wp-json\/wp\/v2\/product"}],"about":[{"href":"https:\/\/raritywatches.com\/ca\/wp-json\/wp\/v2\/types\/product"}],"replies":[{"embeddable":true,"href":"https:\/\/raritywatches.com\/ca\/wp-json\/wp\/v2\/comments?post=30846"}],"version-history":[{"count":1,"href":"https:\/\/raritywatches.com\/ca\/wp-json\/wp\/v2\/product\/30846\/revisions"}],"predecessor-version":[{"id":33726,"href":"https:\/\/raritywatches.com\/ca\/wp-json\/wp\/v2\/product\/30846\/revisions\/33726"}],"wp:featuredmedia":[{"embeddable":true,"href":"https:\/\/raritywatches.com\/ca\/wp-json\/wp\/v2\/media\/30824"}],"wp:attachment":[{"href":"https:\/\/raritywatches.com\/ca\/wp-json\/wp\/v2\/media?parent=30846"}],"wp:term":[{"taxonomy":"product_brand","embeddable":true,"href":"https:\/\/raritywatches.com\/ca\/wp-json\/wp\/v2\/product_brand?post=30846"},{"taxonomy":"product_cat","embeddable":true,"href":"https:\/\/raritywatches.com\/ca\/wp-json\/wp\/v2\/product_cat?post=30846"},{"taxonomy":"product_tag","embeddable":true,"href":"https:\/\/raritywatches.com\/ca\/wp-json\/wp\/v2\/product_tag?post=30846"},{"taxonomy":"giftcard-category","embeddable":true,"href":"https:\/\/raritywatches.com\/ca\/wp-json\/wp\/v2\/giftcard-category?post=30846"}],"curies":[{"name":"wp","href":"https:\/\/api.w.org\/{rel}","templated":true}]}}