{"id":27767,"date":"2023-02-09T10:47:57","date_gmt":"2023-02-09T09:47:57","guid":{"rendered":"https:\/\/raritywatches.com\/product\/jacobco-epic-x-tourbillon-khabib\/"},"modified":"2023-02-09T10:49:32","modified_gmt":"2023-02-09T10:49:32","slug":"jacobco-epic-x-tourbillon-khabib","status":"publish","type":"product","link":"https:\/\/raritywatches.com\/ca\/producte\/jacobco-epic-x-tourbillon-khabib\/","title":{"rendered":"Jacob&amp;Co Epic X Tourbillon Khabib"},"content":{"rendered":"","protected":false},"excerpt":{"rendered":"<section id=\"epic-x-tourbillon-khabib-324313\" class=\"layout-hero-image-callouts\" data-page-id=\"324313\" data-theme=\"\" data-layout-id=\"6600\" data-title=\"Epic X Tourbillon Khabib\">\n<div class=\"width-container\">\n<div class=\"callout-container\">\n<h1 class=\"page-title\">Epic X Tourbillon Khabib<\/h1>\n<h2 class=\"section-title\">HIST\u00d2RIA<\/h2>\n<div class=\"content-container\">\n<p>L&#8217;Oct\u00f2gon de l&#8217;Ultimate Fighting Championship (UFC), sovint anomenat &#8220;g\u00e0bia&#8221;, \u00e9s un dels llocs m\u00e9s perillosos de la Terra. Es necessita un coratge especial per entrar en aquest camp, i alguna cosa encara m\u00e9s especial per sortir vencedor. Khabib Nurmagomedov ha sortit triomfant de l&#8217;Oct\u00f2gon 29 vegades, i mai ha perdut.<\/p>\n<p>Jacob &amp; Co. nom\u00e9s col\u00b7labora amb el millor dels millors, com Bugatti, Lionel Messi, Supreme i altres. Estem orgullosos d&#8217;associar-nos amb Khabib, el campi\u00f3 mundial de pes lleuger de la UFC i \u00e0mpliament considerat el millor lluitador lliure per lliura en arts marcials mixtes (MMA). Conegut com &#8220;The Eagle&#8221;, Khabib va treballar estretament amb Jacob &amp; Co. per crear quatre rellotges d&#8217;edici\u00f3 limitada.<\/p>\n<\/div>\n<div class=\"buttons-container\"><\/div>\n<\/div>\n<\/div>\n<\/section>\n<section id=\"story-324314\" class=\"layout-single-content-image\" data-page-id=\"324314\" data-theme=\"\" data-layout-id=\"6596\" data-title=\"STORY\">\n<div class=\"width-container\">\n<div class=\"image-column\"><img decoding=\"async\" class=\"content-image lazyload\" data-src=\"https:\/\/transform.octanecdn.com\/crop\/700x650\/https:\/\/dynamix-cdn.s3.amazonaws.com\/jacobandcocom\/jacobandcocom_670436433.jpg\" alt=\"un rellotge blau en bicicleta\" src=\"data:image\/gif;base64,R0lGODlhAQABAAAAACH5BAEKAAEALAAAAAABAAEAAAICTAEAOw==\"><\/div>\n<div class=\"content-column inview-cascade-fade-up inview\">\n<div class=\"buttons-container\"><\/div>\n<\/div>\n<\/div>\n<\/section>\n<section id=\"the-partnership-324317\" class=\"layout-single-content-image\" data-page-id=\"324317\" data-theme=\"\" data-layout-id=\"6596\" data-title=\"THE PARTNERSHIP\">\n<div class=\"width-container\">\n<div class=\"image-column\"><img decoding=\"async\" class=\"content-image lazyload\" data-src=\"https:\/\/transform.octanecdn.com\/crop\/700x650\/https:\/\/dynamix-cdn.s3.amazonaws.com\/jacobandcocom\/jacobandcocom_288532426.jpg\" alt=\"\" src=\"data:image\/gif;base64,R0lGODlhAQABAAAAACH5BAEKAAEALAAAAAABAAEAAAICTAEAOw==\"><\/div>\n<div class=\"content-column inview-cascade-fade-up inview\">\n<h2 class=\"section-title\">L&#8217;ASOCIACI\u00d3<\/h2>\n<div class=\"content-container\">\n<p>El fundador i president de Jacob &amp; Co., Jacob Arabo, \u00e9s un amant del joc de lluita i ha assistit a moltes baralles de MMA al llarg dels anys.<\/p>\n<p>&#8220;S\u00f3c un gran fan de Khabib&#8221;, diu el Sr. Arabo. &#8220;He estat seguint la seva carrera durant molt de temps i quan el seu equip es va acostar a nosaltres per treballar junts per crear uns rellotges d&#8217;edici\u00f3 limitada, estava molt emocionat. Per a mi, Khabib \u00e9s el millor lluitador lliure per lliura del planeta i ajusta la marca a una &#8220;T&#8221;. En m\u00e9s d&#8217;un sentit, \u00e9s el moment de Khabib&#8221;.<\/p>\n<p>Per a Khabib, l&#8217;associaci\u00f3 t\u00e9 tot el sentit. &#8220;S\u00f3c diferent a cap altre lluitador d&#8217;avui i Jacob &amp; Co. \u00e9s de la mateixa manera, diferent de totes les altres marques&#8221;, diu. &#8220;Encaixem perfectament junts&#8221;.<\/p>\n<p>La col\u00b7laboraci\u00f3 inclou quatre rellotges Epic X: dues versions Epic X Chrono, un Epic X Skeleton i un Epic X Tourbillon Skeleton.<\/p>\n<\/div>\n<div class=\"buttons-container\"><\/div>\n<\/div>\n<\/div>\n<\/section>\n<section id=\"29-0-324316\" class=\"layout-single-content-image\" data-page-id=\"324316\" data-theme=\"\" data-layout-id=\"6596\" data-title=\"29-0\">\n<div class=\"width-container\">\n<div class=\"image-column\"><img decoding=\"async\" class=\"content-image lazyload\" data-src=\"https:\/\/transform.octanecdn.com\/crop\/700x650\/https:\/\/dynamix-cdn.s3.amazonaws.com\/jacobandcocom\/jacobandcocom_623783138.jpg\" alt=\"logotip\" src=\"data:image\/gif;base64,R0lGODlhAQABAAAAACH5BAEKAAEALAAAAAABAAEAAAICTAEAOw==\"><\/div>\n<div class=\"content-column inview-cascade-fade-up inview\">\n<h2 class=\"section-title\">29-0<\/h2>\n<div class=\"content-container\">\n<p>Khabib Nurmagomedov mai ha perdut en la seva carrera a l&#8217;Ultimate Fighting Championship (UFC). Com a resultat, aquest rellotge Epic X est\u00e0 estampat amb la llegenda &#8220;29-0&#8221; al costat dret del moviment esqueletitzat, que \u00e9s el r\u00e8cord de Khabib a la UFC. Ara que Khabib s&#8217;ha retirat, aquest r\u00e8cord quedar\u00e0 consagrat a la hist\u00f2ria de les arts marcials mixtes.<\/p>\n<\/div>\n<div class=\"buttons-container\"><\/div>\n<\/div>\n<\/div>\n<\/section>\n<section id=\"the-eagle-engraving-324315\" class=\"layout-single-content-image\" data-page-id=\"324315\" data-theme=\"\" data-layout-id=\"6596\" data-title=\"THE EAGLE ENGRAVING\">\n<div class=\"width-container\">\n<div class=\"image-column\"><img decoding=\"async\" class=\"content-image lazyload\" data-src=\"https:\/\/transform.octanecdn.com\/crop\/700x650\/https:\/\/dynamix-cdn.s3.amazonaws.com\/jacobandcocom\/jacobandcocom_172060991.jpg\" alt=\"interfa\u00e7 gr\u00e0fica d'usuari\" src=\"data:image\/gif;base64,R0lGODlhAQABAAAAACH5BAEKAAEALAAAAAABAAEAAAICTAEAOw==\"><\/div>\n<div class=\"content-column inview-cascade-fade-up inview\">\n<h2 class=\"section-title\">EL GRAVAT DE L&#8217;\u00c0LIGA<\/h2>\n<div class=\"content-container\">\n<p>Quan era un nen, Khabib va comen\u00e7ar a entrenar a Sambo, la forma tradicional de lluita lliure russa. Tamb\u00e9 va ser entrenat pel seu pare en una s\u00e8rie d&#8217;arts marcials diferents. Despr\u00e9s de guanyar el campionat del m\u00f3n a Combat Sambo, Khabib va passar a les MMA, on es va retirar, sense haver estat mai derrotat (i ni tan sols derrocat! &#8211; com a campi\u00f3 del m\u00f3n de pes lleuger UFC. El seu r\u00e8cord? 29-0.<\/p>\n<p>El sobrenom de Khabib \u00e9s &#8220;L&#8217;\u00e0guila&#8221;, de manera que aquest sobrenom est\u00e0 gravat a l&#8217;interior de la caixa per honrar a aquest incre\u00efble lluitador.<\/p>\n<\/div>\n<div class=\"buttons-container\"><\/div>\n<\/div>\n<\/div>\n<\/section>\n<section id=\"movement-324318\" class=\"layout-single-content-image\" data-page-id=\"324318\" data-theme=\"\" data-layout-id=\"6596\" data-title=\"MOVEMENT\">\n<div class=\"width-container\">\n<div class=\"image-column\"><img decoding=\"async\" class=\"content-image lazyload\" data-src=\"https:\/\/transform.octanecdn.com\/crop\/700x650\/https:\/\/dynamix-cdn.s3.amazonaws.com\/jacobandcocom\/jacobandcocom_126063675.jpg\" alt=\"un rellotge blau i blanc\" src=\"data:image\/gif;base64,R0lGODlhAQABAAAAACH5BAEKAAEALAAAAAABAAEAAAICTAEAOw==\"><\/div>\n<div class=\"content-column inview-cascade-fade-up inview\">\n<h2 class=\"section-title\">MOVIMENT<\/h2>\n<div class=\"content-container\">\n<p>El tourbillon es va inventar originalment per ser una g\u00e0bia girat\u00f2ria d&#8217;un sol eix que portava l&#8217;\u00f2rgan regulador d&#8217;un rellotge de butxaca mec\u00e0nic per millorar el rendiment del cronometratge. La versi\u00f3 de l&#8217;\u00e8pica Khabib<\/p>\n<p>X Tourbillon presenta aquest invent de m\u00e9s de 225 anys d&#8217;antiguitat d&#8217;una manera encara m\u00e9s espectacular, ja que tot el moviment est\u00e0 esqueletitzat.<\/p>\n<p>El tourbillon d&#8217;un minut compta amb una g\u00e0bia delicadament decorada que encapsula el volant, el espiral, la roda d&#8217;escapament i una s\u00e8rie d&#8217;altres components crucials. Aquesta g\u00e0bia oberta no nom\u00e9s presenta un elaborat patr\u00f3 web en la seva arquitectura, sin\u00f3 que permet una visi\u00f3 completa i sense obstruccions amb el m\u00e0xim refinament dels seus detalls i funcionament. Es tracta d&#8217;una constel\u00b7laci\u00f3 de components magn\u00edficament acabats que, quan es munten i s&#8217;ajusten de manera experta, permeten que el moviment JCAA03 mantingui l&#8217;hora precisa durant tota la seva reserva d&#8217;energia de 72 hores.<\/p>\n<p>Els rellotgers de Jacob &amp; Co. han estat esqueletitzant els moviments durant d\u00e8cades, de manera que entenen exactament on i quant s&#8217;han de treure, i el resultat \u00e9s un moviment gaireb\u00e9 transparent, configurat verticalment per maximitzar la bellesa d&#8217;aquest motor turbillon a la canell.<\/p>\n<\/div>\n<div class=\"buttons-container\"><\/div>\n<\/div>\n<\/div>\n<\/section>\n<section id=\"video-356064\" class=\"layout-single-content-image\" data-page-id=\"356064\" data-theme=\"\" data-layout-id=\"6596\" data-title=\"Video\">\n<div class=\"width-container\">\n<div class=\"image-column\">\n<div class=\"play-btn js-modal-controller\" data-channel=\"vimeo\" data-video-id=\"522531956\"><\/div>\n<\/div>\n<div class=\"content-column inview-cascade-fade-up inview\">\n<h2 class=\"section-title\"><\/h2>\n<div class=\"content-container\"><\/div>\n<div class=\"buttons-container\"><\/div>\n<\/div>\n<\/div>\n<\/section>\n<section id=\"strap-324320\" class=\"layout-single-content-image\" data-page-id=\"324320\" data-theme=\"\" data-layout-id=\"6596\" data-title=\"STRAP\">\n<div class=\"width-container\">\n<div class=\"image-column\"><img decoding=\"async\" class=\"content-image lazyload\" data-src=\"https:\/\/transform.octanecdn.com\/crop\/700x650\/https:\/\/dynamix-cdn.s3.amazonaws.com\/jacobandcocom\/jacobandcocom_102332643.jpg\" alt=\"logotip\" src=\"data:image\/gif;base64,R0lGODlhAQABAAAAACH5BAEKAAEALAAAAAABAAEAAAICTAEAOw==\"><\/div>\n<div class=\"content-column inview-cascade-fade-up inview\">\n<h2 class=\"section-title\">CORRETJA<\/h2>\n<div class=\"content-container\">\n<p>Aquest rellotge ve amb una corretja de cautx\u00fa negre o Cordura, amb una sivella de titani i PVD negre.<\/p>\n<\/div>\n<div class=\"buttons-container\"><\/div>\n<\/div>\n<\/div>\n<\/section>\n<section id=\"dial-and-hands-324319\" class=\"layout-single-content-image\" data-page-id=\"324319\" data-theme=\"\" data-layout-id=\"6596\" data-title=\"DIAL AND HANDS\">\n<div class=\"width-container\">\n<div class=\"image-column\"><img decoding=\"async\" class=\"content-image lazyload\" data-src=\"https:\/\/transform.octanecdn.com\/crop\/700x650\/https:\/\/dynamix-cdn.s3.amazonaws.com\/jacobandcocom\/jacobandcocom_812133744.jpg\" alt=\"un primer pla d'un rellotge\" src=\"data:image\/gif;base64,R0lGODlhAQABAAAAACH5BAEKAAEALAAAAAABAAEAAAICTAEAOw==\"><\/div>\n<div class=\"content-column inview-cascade-fade-up inview\">\n<h2 class=\"section-title\">ESFER I MANS<\/h2>\n<div class=\"content-container\">\n<p>La bellesa dels rellotges esqueletitzats \u00e9s que no hi ha esfera; en canvi, els cristalls de safir de la m\u00e9s alta qualitat exposen els detalls del moviment, com ara les rodes, els engranatges, l&#8217;equilibri, els ponts i el can\u00f3 del moll principal. Les mans esqueletitzades al centre, que indiquen les hores i els minuts, suren sobre l&#8217;esplendor mec\u00e0nica. La pista de minuts \u00e9s de color verd Neoralite i la llegenda &#8220;L&#8217;\u00c0guila&#8221; est\u00e0 gravada a l&#8217;interior<\/p>\n<\/div>\n<\/div>\n<\/div>\n<\/section>\n","protected":false},"featured_media":27734,"comment_status":"open","ping_status":"closed","template":"","meta":{"om_disable_all_campaigns":false,"_monsterinsights_skip_tracking":false,"_monsterinsights_sitenote_active":false,"_monsterinsights_sitenote_note":"","_monsterinsights_sitenote_category":0},"product_brand":[],"product_cat":[411],"product_tag":[429,425],"giftcard-category":[],"class_list":{"0":"post-27767","1":"product","2":"type-product","3":"status-publish","4":"has-post-thumbnail","6":"product_cat-jacob-co","7":"product_tag-edicio-limitada","8":"product_tag-rellotges-desquelet","10":"first","11":"instock","12":"taxable","13":"shipping-taxable","14":"purchasable","15":"product-type-simple"},"aioseo_notices":[],"_links":{"self":[{"href":"https:\/\/raritywatches.com\/ca\/wp-json\/wp\/v2\/product\/27767","targetHints":{"allow":["GET"]}}],"collection":[{"href":"https:\/\/raritywatches.com\/ca\/wp-json\/wp\/v2\/product"}],"about":[{"href":"https:\/\/raritywatches.com\/ca\/wp-json\/wp\/v2\/types\/product"}],"replies":[{"embeddable":true,"href":"https:\/\/raritywatches.com\/ca\/wp-json\/wp\/v2\/comments?post=27767"}],"version-history":[{"count":1,"href":"https:\/\/raritywatches.com\/ca\/wp-json\/wp\/v2\/product\/27767\/revisions"}],"predecessor-version":[{"id":27770,"href":"https:\/\/raritywatches.com\/ca\/wp-json\/wp\/v2\/product\/27767\/revisions\/27770"}],"wp:featuredmedia":[{"embeddable":true,"href":"https:\/\/raritywatches.com\/ca\/wp-json\/wp\/v2\/media\/27734"}],"wp:attachment":[{"href":"https:\/\/raritywatches.com\/ca\/wp-json\/wp\/v2\/media?parent=27767"}],"wp:term":[{"taxonomy":"product_brand","embeddable":true,"href":"https:\/\/raritywatches.com\/ca\/wp-json\/wp\/v2\/product_brand?post=27767"},{"taxonomy":"product_cat","embeddable":true,"href":"https:\/\/raritywatches.com\/ca\/wp-json\/wp\/v2\/product_cat?post=27767"},{"taxonomy":"product_tag","embeddable":true,"href":"https:\/\/raritywatches.com\/ca\/wp-json\/wp\/v2\/product_tag?post=27767"},{"taxonomy":"giftcard-category","embeddable":true,"href":"https:\/\/raritywatches.com\/ca\/wp-json\/wp\/v2\/giftcard-category?post=27767"}],"curies":[{"name":"wp","href":"https:\/\/api.w.org\/{rel}","templated":true}]}}