{"id":27681,"date":"2023-02-09T10:27:51","date_gmt":"2023-02-09T09:27:51","guid":{"rendered":"https:\/\/raritywatches.com\/product\/jacobco-epic-x-titanium-khabib\/"},"modified":"2023-02-09T10:34:34","modified_gmt":"2023-02-09T10:34:34","slug":"jacobco-epic-x-titanium-khabib","status":"publish","type":"product","link":"https:\/\/raritywatches.com\/ca\/producte\/jacobco-epic-x-titanium-khabib\/","title":{"rendered":"Jacob&amp;Co Epic X Titanium Khabib"},"content":{"rendered":"","protected":false},"excerpt":{"rendered":"<section id=\"hero---image-with-callouts-324303\" class=\"layout-hero-image-callouts\" data-page-id=\"324303\" data-theme=\"\" data-layout-id=\"6600\" data-title=\"Hero - Image with Callouts\">\n<div class=\"width-container\">\n<div class=\"callout-container\">\n<h1 class=\"page-title\">Epic X Titanium Khabib<\/h1>\n<h2 class=\"section-title\">HIST\u00d2RIA<\/h2>\n<div class=\"content-container\">\n<p>L&#8217;Oct\u00f2gon de l&#8217;Ultimate Fighting Championship (UFC), sovint anomenat &#8220;g\u00e0bia&#8221;, \u00e9s un dels llocs m\u00e9s perillosos de la Terra. Es necessita un coratge especial per entrar en aquest camp, i alguna cosa encara m\u00e9s especial per sortir vencedor. Khabib Nurmagomedov ha sortit triomfant de l&#8217;Oct\u00f2gon 29 vegades, i mai ha perdut.<\/p>\n<p>Jacob &amp; Co. nom\u00e9s col\u00b7labora amb el millor dels millors, com Bugatti, Lionel Messi, Supreme i altres. Estem orgullosos d&#8217;associar-nos amb Khabib, el campi\u00f3 mundial de pes lleuger de la UFC i \u00e0mpliament considerat el millor lluitador lliure per lliura en arts marcials mixtes (MMA). Coneguda com &#8220;The Eagle&#8221;, Khabib va treballar estretament amb Jacob &amp; Co. per crear quatre rellotges d&#8217;edici\u00f3 limitada.<\/p>\n<\/div>\n<\/div>\n<\/div>\n<\/section>\n<section id=\"story-324304\" class=\"layout-single-content-image\" data-page-id=\"324304\" data-theme=\"\" data-layout-id=\"6596\" data-title=\"STORY\">\n<div class=\"width-container\">\n<div class=\"image-column\"><img decoding=\"async\" class=\"content-image lazyload\" data-src=\"https:\/\/transform.octanecdn.com\/crop\/700x650\/https:\/\/dynamix-cdn.s3.amazonaws.com\/jacobandcocom\/jacobandcocom_934495670.jpg\" alt=\"un primer pla d'un rellotge\" src=\"data:image\/gif;base64,R0lGODlhAQABAAAAACH5BAEKAAEALAAAAAABAAEAAAICTAEAOw==\"><\/div>\n<div class=\"content-column inview-cascade-fade-up inview\">\n<div class=\"content-container\">\n<p>s.<\/p>\n<\/div>\n<div class=\"buttons-container\"><\/div>\n<\/div>\n<\/div>\n<\/section>\n<section id=\"the-partnership-324307\" class=\"layout-single-content-image\" data-page-id=\"324307\" data-theme=\"\" data-layout-id=\"6596\" data-title=\"THE PARTNERSHIP\">\n<div class=\"width-container\">\n<div class=\"image-column\"><img decoding=\"async\" class=\"content-image lazyload\" data-src=\"https:\/\/transform.octanecdn.com\/crop\/700x650\/https:\/\/dynamix-cdn.s3.amazonaws.com\/jacobandcocom\/jacobandcocom_990163808.jpg\" alt=\"\" src=\"data:image\/gif;base64,R0lGODlhAQABAAAAACH5BAEKAAEALAAAAAABAAEAAAICTAEAOw==\"><\/div>\n<div class=\"content-column inview-cascade-fade-up inview\">\n<h2 class=\"section-title\">L&#8217;ASOCIACI\u00d3<\/h2>\n<div class=\"content-container\">\n<p>El fundador i president de Jacob &amp; Co., Jacob Arabo, \u00e9s un amant del joc de lluita i ha assistit a moltes baralles de MMA al llarg dels anys.<\/p>\n<p>&#8220;S\u00f3c un gran fan de Khabib&#8221;, diu el Sr. Arabo. &#8220;He estat seguint la seva carrera durant molt de temps i quan el seu equip es va acostar a nosaltres per treballar junts per crear uns rellotges d&#8217;edici\u00f3 limitada, estava molt emocionat. Per a mi, Khabib \u00e9s el millor lluitador lliure per lliura del planeta i ajusta la marca a una &#8220;T&#8221;. En m\u00e9s d&#8217;un sentit, \u00e9s el moment de Khabib&#8221;.<\/p>\n<p>Per a Khabib, l&#8217;associaci\u00f3 t\u00e9 tot el sentit. &#8220;S\u00f3c diferent a cap altre lluitador d&#8217;avui i Jacob &amp; Co. \u00e9s de la mateixa manera, diferent de totes les altres marques&#8221;, diu. &#8220;Encaixem perfectament junts&#8221;.<\/p>\n<p>La col\u00b7laboraci\u00f3 inclou quatre rellotges Epic X: dues versions Epic X Chrono, un Epic X Skeleton i un Epic X Tourbillon Skeleton.<\/p>\n<\/div>\n<div class=\"buttons-container\"><\/div>\n<\/div>\n<\/div>\n<\/section>\n<section id=\"29-0-324306\" class=\"layout-single-content-image\" data-page-id=\"324306\" data-theme=\"\" data-layout-id=\"6596\" data-title=\"29-0\">\n<div class=\"width-container\">\n<div class=\"image-column\"><img decoding=\"async\" class=\"content-image lazyload\" data-src=\"https:\/\/transform.octanecdn.com\/crop\/700x650\/https:\/\/dynamix-cdn.s3.amazonaws.com\/jacobandcocom\/jacobandcocom_508332885.jpg\" alt=\"un primer pla d'un rellotge\" src=\"data:image\/gif;base64,R0lGODlhAQABAAAAACH5BAEKAAEALAAAAAABAAEAAAICTAEAOw==\"><\/div>\n<div class=\"content-column inview-cascade-fade-up inview\">\n<h2 class=\"section-title\">29-0<\/h2>\n<div class=\"content-container\">\n<p>Khabib Nurmagomedov mai ha perdut en la seva carrera a l&#8217;Ultimate Fighting Championship (UFC). Com a resultat, aquest rellotge Epic X est\u00e0 estampat amb la llegenda &#8220;29-0&#8221; al costat dret del moviment esqueletitzat, que \u00e9s el r\u00e8cord de Khabib a la UFC. Ara que Khabib s&#8217;ha retirat, aquest r\u00e8cord quedar\u00e0 consagrat a la hist\u00f2ria de les arts marcials mixtes.<\/p>\n<\/div>\n<div class=\"buttons-container\"><\/div>\n<\/div>\n<\/div>\n<\/section>\n<section id=\"the-eagle-engraving-324305\" class=\"layout-single-content-image\" data-page-id=\"324305\" data-theme=\"\" data-layout-id=\"6596\" data-title=\"THE EAGLE ENGRAVING\">\n<div class=\"width-container\">\n<div class=\"image-column\"><img decoding=\"async\" class=\"content-image lazyload\" data-src=\"https:\/\/transform.octanecdn.com\/crop\/700x650\/https:\/\/dynamix-cdn.s3.amazonaws.com\/jacobandcocom\/jacobandcocom_336577124.jpg\" alt=\"un primer pla d'un rellotge\" src=\"data:image\/gif;base64,R0lGODlhAQABAAAAACH5BAEKAAEALAAAAAABAAEAAAICTAEAOw==\"><\/div>\n<div class=\"content-column inview-cascade-fade-up inview\">\n<h2 class=\"section-title\">EL GRAVAT DE L&#8217;\u00c0LIGA<\/h2>\n<div class=\"content-container\">\n<p>Quan era un nen, Khabib va comen\u00e7ar a entrenar a Sambo, la forma tradicional de lluita lliure russa. Tamb\u00e9 va ser entrenat pel seu pare en una s\u00e8rie d&#8217;arts marcials diferents. Despr\u00e9s de guanyar el campionat del m\u00f3n a Combat Sambo, Khabib va passar a les MMA, on es va retirar, sense haver estat mai derrotat (i ni tan sols derrocat! &#8211; com a campi\u00f3 del m\u00f3n de pes lleuger UFC. El seu r\u00e8cord? 29-0.<\/p>\n<p>El sobrenom de Khabib \u00e9s &#8220;L&#8217;\u00e0guila&#8221;, de manera que aquest sobrenom est\u00e0 gravat a l&#8217;interior de la caixa per honrar a aquest incre\u00efble lluitador.<\/p>\n<\/div>\n<div class=\"buttons-container\"><\/div>\n<\/div>\n<\/div>\n<\/section>\n<section id=\"movement-324308\" class=\"layout-single-content-image\" data-page-id=\"324308\" data-theme=\"\" data-layout-id=\"6596\" data-title=\"MOVEMENT\">\n<div class=\"width-container\">\n<div class=\"image-column\"><img decoding=\"async\" class=\"content-image lazyload\" data-src=\"https:\/\/transform.octanecdn.com\/crop\/700x650\/https:\/\/dynamix-cdn.s3.amazonaws.com\/jacobandcocom\/jacobandcocom_594662986.jpg\" alt=\"un primer pla d'un rellotge\" src=\"data:image\/gif;base64,R0lGODlhAQABAAAAACH5BAEKAAEALAAAAAABAAEAAAICTAEAOw==\"><\/div>\n<div class=\"content-column inview-cascade-fade-up inview\">\n<h2 class=\"section-title\">MOVIMENT<\/h2>\n<div class=\"content-container\">\n<p>L&#8217;esqueletitzaci\u00f3 \u00e9s una tradici\u00f3 mil\u00b7len\u00e0ria en la rellotgeria. El repte \u00e9s eliminar prou material del moviment per fer-lo gaireb\u00e9 transparent, sense afectar el seu rendiment, precisi\u00f3 o robustesa.<\/p>\n<p>Els rellotgers de Jacob &amp; Co. han estat esqueletitzant els moviments durant d\u00e8cades, de manera que entenen exactament on i quant s&#8217;han de treure, i el resultat \u00e9s un moviment gaireb\u00e9 transparent, configurat verticalment per maximitzar la bellesa d&#8217;aquest petit motor al canell.<\/p>\n<p>El moviment JCAM02 t\u00e9 una reserva d&#8217;energia de 48 hores i mostra l&#8217;art tradicional de l&#8217;esqueletitzaci\u00f3.<\/p>\n<\/div>\n<div class=\"buttons-container\"><\/div>\n<\/div>\n<\/div>\n<\/section>\n<section id=\"video-377374\" class=\"layout-single-content-image\" data-page-id=\"377374\" data-theme=\"\" data-layout-id=\"6596\" data-title=\"Video\">\n<div class=\"width-container\">\n<div class=\"image-column\">\n<div class=\"play-btn js-modal-controller\" data-channel=\"vimeo\" data-video-id=\"542242689\"><\/div>\n<\/div>\n<div class=\"content-column inview-cascade-fade-up inview\">\n<div class=\"content-container\"><\/div>\n<div class=\"buttons-container\"><\/div>\n<\/div>\n<\/div>\n<\/section>\n<section id=\"strap-324310\" class=\"layout-single-content-image\" data-page-id=\"324310\" data-theme=\"\" data-layout-id=\"6596\" data-title=\"STRAP\">\n<div class=\"width-container\">\n<div class=\"image-column\"><img decoding=\"async\" class=\"content-image lazyload\" data-src=\"https:\/\/transform.octanecdn.com\/crop\/700x650\/https:\/\/dynamix-cdn.s3.amazonaws.com\/jacobandcocom\/jacobandcocom_793372863.jpg\" alt=\"\" src=\"data:image\/gif;base64,R0lGODlhAQABAAAAACH5BAEKAAEALAAAAAABAAEAAAICTAEAOw==\"><\/div>\n<div class=\"content-column inview-cascade-fade-up inview\">\n<h2 class=\"section-title\">CORRETJA<\/h2>\n<div class=\"content-container\">\n<p>Aquest rellotge ve amb una corretja de cautx\u00fa negre o Cordura, amb una sivella de titani i PVD negre.<\/p>\n<\/div>\n<div class=\"buttons-container\"><\/div>\n<\/div>\n<\/div>\n<\/section>\n<section id=\"dial-and-hands-324309\" class=\"layout-single-content-image\" data-page-id=\"324309\" data-theme=\"\" data-layout-id=\"6596\" data-title=\"DIAL AND HANDS\">\n<div class=\"width-container\">\n<div class=\"image-column\"><img decoding=\"async\" class=\"content-image lazyload\" data-src=\"https:\/\/transform.octanecdn.com\/crop\/700x650\/https:\/\/dynamix-cdn.s3.amazonaws.com\/jacobandcocom\/jacobandcocom_144645623.jpg\" alt=\"un primer pla d'un rellotge\" src=\"data:image\/gif;base64,R0lGODlhAQABAAAAACH5BAEKAAEALAAAAAABAAEAAAICTAEAOw==\"><\/div>\n<div class=\"content-column inview-cascade-fade-up inview\">\n<h2 class=\"section-title\">ESFER I MANS<\/h2>\n<div class=\"content-container\">\n<p>La bellesa dels rellotges esqueletitzats \u00e9s que no hi ha esfera; en canvi, els cristalls de safir de la m\u00e9s alta qualitat exposen els detalls del moviment, com ara les rodes, els engranatges, l&#8217;equilibri, els ponts i el can\u00f3 del moll principal. Les mans esqueletitzades al centre, que indiquen les hores i els minuts, suren sobre l&#8217;esplendor mec\u00e0nica. La pista de minuts \u00e9s de color verd Neoralithe i la llegenda &#8220;L&#8217;\u00c0guila&#8221; est\u00e0 gravada a l&#8217;interior de la caixa.<\/p>\n<\/div>\n<\/div>\n<\/div>\n<\/section>\n","protected":false},"featured_media":27717,"comment_status":"open","ping_status":"closed","template":"","meta":{"om_disable_all_campaigns":false,"_monsterinsights_skip_tracking":false,"_monsterinsights_sitenote_active":false,"_monsterinsights_sitenote_note":"","_monsterinsights_sitenote_category":0},"product_brand":[],"product_cat":[411],"product_tag":[429,425],"giftcard-category":[],"class_list":{"0":"post-27681","1":"product","2":"type-product","3":"status-publish","4":"has-post-thumbnail","6":"product_cat-jacob-co","7":"product_tag-edicio-limitada","8":"product_tag-rellotges-desquelet","10":"first","11":"instock","12":"taxable","13":"shipping-taxable","14":"purchasable","15":"product-type-simple"},"aioseo_notices":[],"_links":{"self":[{"href":"https:\/\/raritywatches.com\/ca\/wp-json\/wp\/v2\/product\/27681","targetHints":{"allow":["GET"]}}],"collection":[{"href":"https:\/\/raritywatches.com\/ca\/wp-json\/wp\/v2\/product"}],"about":[{"href":"https:\/\/raritywatches.com\/ca\/wp-json\/wp\/v2\/types\/product"}],"replies":[{"embeddable":true,"href":"https:\/\/raritywatches.com\/ca\/wp-json\/wp\/v2\/comments?post=27681"}],"version-history":[{"count":1,"href":"https:\/\/raritywatches.com\/ca\/wp-json\/wp\/v2\/product\/27681\/revisions"}],"predecessor-version":[{"id":27722,"href":"https:\/\/raritywatches.com\/ca\/wp-json\/wp\/v2\/product\/27681\/revisions\/27722"}],"wp:featuredmedia":[{"embeddable":true,"href":"https:\/\/raritywatches.com\/ca\/wp-json\/wp\/v2\/media\/27717"}],"wp:attachment":[{"href":"https:\/\/raritywatches.com\/ca\/wp-json\/wp\/v2\/media?parent=27681"}],"wp:term":[{"taxonomy":"product_brand","embeddable":true,"href":"https:\/\/raritywatches.com\/ca\/wp-json\/wp\/v2\/product_brand?post=27681"},{"taxonomy":"product_cat","embeddable":true,"href":"https:\/\/raritywatches.com\/ca\/wp-json\/wp\/v2\/product_cat?post=27681"},{"taxonomy":"product_tag","embeddable":true,"href":"https:\/\/raritywatches.com\/ca\/wp-json\/wp\/v2\/product_tag?post=27681"},{"taxonomy":"giftcard-category","embeddable":true,"href":"https:\/\/raritywatches.com\/ca\/wp-json\/wp\/v2\/giftcard-category?post=27681"}],"curies":[{"name":"wp","href":"https:\/\/api.w.org\/{rel}","templated":true}]}}