{"id":27576,"date":"2023-02-09T09:46:40","date_gmt":"2023-02-09T08:46:40","guid":{"rendered":"https:\/\/raritywatches.com\/product\/jacobco-epic-x-chrono-black-khabib\/"},"modified":"2023-02-09T10:02:37","modified_gmt":"2023-02-09T10:02:37","slug":"jacobco-epic-x-chrono-negre-khabib","status":"publish","type":"product","link":"https:\/\/raritywatches.com\/ca\/producte\/jacobco-epic-x-chrono-negre-khabib\/","title":{"rendered":"Jacob&amp;Co Epic X Chrono Black Khabib"},"content":{"rendered":"","protected":false},"excerpt":{"rendered":"<section id=\"epic-chrono-titanium-khabib-321508\" class=\"layout-hero-image-callouts\" data-page-id=\"321508\" data-theme=\"\" data-layout-id=\"6600\" data-title=\"Epic Chrono Titanium Khabib\">\n<div class=\"width-container\">\n<div class=\"callout-container\">\n<h1 class=\"page-title\">Epic X Chrono Black Khabib<\/h1>\n<h2 class=\"section-title\">HIST\u00d2RIA<\/h2>\n<div class=\"content-container\">\n<p>L&#8217;Oct\u00f2gon de l&#8217;Ultimate Fighting Championship (UFC), sovint anomenat &#8220;g\u00e0bia&#8221;, \u00e9s un dels llocs m\u00e9s perillosos de la Terra. Es necessita un coratge especial per entrar en aquest camp, i alguna cosa encara m\u00e9s especial per sortir vencedor. Khabib Nurmagomedov ha sortit triomfant de l&#8217;Oct\u00f2gon 29 vegades, i mai ha perdut.<\/p>\n<p>Jacob &amp; Co. nom\u00e9s col\u00b7labora amb el millor dels millors, com Bugatti, Lionel Messi, Supreme i altres. Estem orgullosos d&#8217;associar-nos amb Khabib, el campi\u00f3 mundial de pes lleuger de la UFC i \u00e0mpliament considerat el millor lluitador lliure per lliura en arts marcials mixtes (MMA). Conegut com &#8220;The Eagle&#8221;, Khabib va treballar estretament amb Jacob &amp; Co. per crear quatre rellotges d&#8217;edici\u00f3 limitada.<\/p>\n<\/div>\n<div class=\"buttons-container\"><\/div>\n<\/div>\n<\/div>\n<\/section>\n<section id=\"story-321509\" class=\"layout-single-content-image\" data-page-id=\"321509\" data-theme=\"\" data-layout-id=\"6596\" data-title=\"STORY\">\n<div class=\"width-container\">\n<div class=\"image-column\"><img decoding=\"async\" class=\"content-image lazyload\" data-src=\"https:\/\/transform.octanecdn.com\/crop\/700x650\/https:\/\/dynamix-cdn.s3.amazonaws.com\/jacobandcocom\/jacobandcocom_288553792.jpg\" alt=\"una m\u00e0 que sost\u00e9 un rellotge\" src=\"data:image\/gif;base64,R0lGODlhAQABAAAAACH5BAEKAAEALAAAAAABAAEAAAICTAEAOw==\"><\/div>\n<\/div>\n<div><\/div>\n<div class=\"width-container\">\n<div class=\"content-column inview-cascade-fade-up inview\">\n<div class=\"buttons-container\"><\/div>\n<\/div>\n<\/div>\n<\/section>\n<section id=\"the-partnership-324324\" class=\"layout-single-content-image\" data-page-id=\"324324\" data-theme=\"\" data-layout-id=\"6596\" data-title=\"THE PARTNERSHIP\">\n<div class=\"width-container\">\n<div class=\"image-column\"><img decoding=\"async\" class=\"content-image lazyload\" data-src=\"https:\/\/transform.octanecdn.com\/crop\/700x650\/https:\/\/dynamix-cdn.s3.amazonaws.com\/jacobandcocom\/jacobandcocom_107092520.jpg\" alt=\"logotip\" src=\"data:image\/gif;base64,R0lGODlhAQABAAAAACH5BAEKAAEALAAAAAABAAEAAAICTAEAOw==\"><\/div>\n<div class=\"content-column inview-cascade-fade-up inview\">\n<h2 class=\"section-title\">L&#8217;ASOCIACI\u00d3<\/h2>\n<div class=\"content-container\">\n<p>El fundador i president de Jacob &amp; Co., Jacob Arabo, \u00e9s un amant del joc de lluita i ha assistit a moltes baralles de MMA al llarg dels anys.<\/p>\n<p>&#8220;S\u00f3c un gran fan de Khabib&#8221;, diu el Sr. Arabo. &#8220;He estat seguint la seva carrera durant molt de temps i quan el seu equip es va acostar a nosaltres per treballar junts per crear uns rellotges d&#8217;edici\u00f3 limitada, estava molt emocionat. Per a mi, Khabib \u00e9s el millor lluitador lliure per lliura del planeta i ajusta la marca a una &#8220;T&#8221;. En m\u00e9s d&#8217;un sentit, \u00e9s el moment de Khabib&#8221;.<\/p>\n<p>Per a Khabib, l&#8217;associaci\u00f3 t\u00e9 tot el sentit. &#8220;S\u00f3c diferent a cap altre lluitador d&#8217;avui i Jacob &amp; Co. \u00e9s de la mateixa manera, diferent de totes les altres marques&#8221;, diu. &#8220;Encaixem perfectament junts&#8221;.<\/p>\n<p>La col\u00b7laboraci\u00f3 inclou quatre rellotges Epic X: dues versions Epic X Chrono, un Epic X Skeleton i un Epic X Tourbillon Skeleton.<\/p>\n<\/div>\n<div class=\"buttons-container\"><\/div>\n<\/div>\n<\/div>\n<\/section>\n<section id=\"29-0-324323\" class=\"layout-single-content-image\" data-page-id=\"324323\" data-theme=\"\" data-layout-id=\"6596\" data-title=\"29-0\">\n<div class=\"width-container\">\n<div class=\"image-column\"><img decoding=\"async\" class=\"content-image lazyload\" data-src=\"https:\/\/transform.octanecdn.com\/crop\/700x650\/https:\/\/dynamix-cdn.s3.amazonaws.com\/jacobandcocom\/jacobandcocom_529107399.jpg\" alt=\"un primer pla d'un rellotge\" src=\"data:image\/gif;base64,R0lGODlhAQABAAAAACH5BAEKAAEALAAAAAABAAEAAAICTAEAOw==\"><\/div>\n<div class=\"content-column inview-cascade-fade-up inview\">\n<h2 class=\"section-title\">29-0<\/h2>\n<div class=\"content-container\">\n<p>Khabib Nurmagomedov mai ha perdut en la seva carrera a l&#8217;Ultimate Fighting Championship (UFC). Com a resultat, aquest rellotge Epic X est\u00e0 estampat amb la llegenda &#8220;29-0&#8221; a la posici\u00f3 de les 6 en punt, que \u00e9s el r\u00e8cord de Khabib a la UFC. Ara que Khabib s&#8217;ha retirat, aquest r\u00e8cord quedar\u00e0 consagrat a la hist\u00f2ria de les arts marcials mixtes<\/p>\n<\/div>\n<div class=\"buttons-container\"><\/div>\n<\/div>\n<\/div>\n<\/section>\n<section id=\"video-349975\" class=\"layout-single-content-image\" data-page-id=\"349975\" data-theme=\"\" data-layout-id=\"6596\" data-title=\"Video\">\n<div class=\"width-container\">\n<div class=\"image-column\">\n<div class=\"play-btn js-modal-controller\" data-channel=\"vimeo\" data-video-id=\"513010204\"><\/div>\n<p><img decoding=\"async\" class=\"content-image lazyload\" data-src=\"https:\/\/transform.octanecdn.com\/crop\/700x650\/https:\/\/dynamix-cdn.s3.amazonaws.com\/jacobandcocom\/jacobandcocom_403831900.jpg\" alt=\"una m\u00e0 que sost\u00e9 un rellotge\" src=\"data:image\/gif;base64,R0lGODlhAQABAAAAACH5BAEKAAEALAAAAAABAAEAAAICTAEAOw==\"><\/p>\n<\/div>\n<p>&nbsp;<\/p>\n<\/div>\n<\/section>\n<section id=\"the-appeal-of-the-chronograph-321510\" class=\"layout-single-content-image\" data-page-id=\"321510\" data-theme=\"\" data-layout-id=\"6596\" data-title=\"THE APPEAL OF THE CHRONOGRAPH\">\n<div class=\"width-container\">\n<div class=\"image-column\"><img decoding=\"async\" class=\"content-image lazyload\" data-src=\"https:\/\/transform.octanecdn.com\/crop\/700x650\/https:\/\/dynamix-cdn.s3.amazonaws.com\/jacobandcocom\/jacobandcocom_613909083.jpg\" alt=\"\" src=\"data:image\/gif;base64,R0lGODlhAQABAAAAACH5BAEKAAEALAAAAAABAAEAAAICTAEAOw==\"><\/div>\n<div class=\"content-column inview-cascade-fade-up inview\">\n<h2 class=\"section-title\">L&#8217;ATRECCI\u00d3 DEL CRON\u00d2GRAF<\/h2>\n<div class=\"content-container\">\n<p>Els cron\u00f2grafs s\u00f3n una de les complicacions m\u00e9s populars en la rellotgeria i s&#8217;utilitzen en rellotges tant per a homes com per a dones. Hi ha alguna cosa en el cron\u00f2graf que capta la imaginaci\u00f3 de la gent i, com a tal, aquesta complicaci\u00f3 \u00e9s sens dubte molt demandada.<\/p>\n<p>Utilitzar un cron\u00f2graf \u00e9s f\u00e0cil i divertit, i molt funcional. El cron\u00f2graf \u00e9s una cosa que podeu utilitzar per mesurar l&#8217;hora, no nom\u00e9s per llegir-la. A causa d&#8217;aix\u00f2, teniu una interacci\u00f3 amb el rellotge. La interactivitat fa que les coses siguin completament diferents, ja que est\u00e0s fent alguna cosa, no nom\u00e9s llegint alguna cosa. En fer aix\u00f2, no podeu controlar el temps, per\u00f2 aneu en aquesta direcci\u00f3.<\/p>\n<p>Els cron\u00f2grafs s\u00f3n molt populars perqu\u00e8 ofereixen una complicaci\u00f3 molt accessible i un disseny est\u00e0ndard de la qual \u00e9s molt atractiu.<\/p>\n<p>L&#8217;Epic X Chrono est\u00e0 dissenyat espec\u00edficament, de manera que t\u00e9 un estil t\u00e8cnic i esportiu amb els polsadors del cron\u00f2graf al costat de la caixa, l&#8217;esfera bi-compax equilibrada i la visi\u00f3 del moviment a trav\u00e9s de l&#8217;esfera de cristall mineral.<\/p>\n<\/div>\n<div class=\"buttons-container\"><\/div>\n<\/div>\n<\/div>\n<\/section>\n<section id=\"movement-321511\" class=\"layout-single-content-image\" data-page-id=\"321511\" data-theme=\"\" data-layout-id=\"6596\" data-title=\"MOVEMENT\">\n<div class=\"width-container\">\n<div class=\"image-column\"><img decoding=\"async\" class=\"content-image lazyload\" data-src=\"https:\/\/transform.octanecdn.com\/crop\/700x650\/https:\/\/dynamix-cdn.s3.amazonaws.com\/jacobandcocom\/jacobandcocom_420400757.jpg\" alt=\"un primer pla d'un rellotge\" src=\"data:image\/gif;base64,R0lGODlhAQABAAAAACH5BAEKAAEALAAAAAABAAEAAAICTAEAOw==\"><\/div>\n<div class=\"content-column inview-cascade-fade-up inview\">\n<h2 class=\"section-title\">MOVIMENT<\/h2>\n<div class=\"content-container\">\n<p>El moviment cron\u00f2graf de rodes de columnes Swiss Made es considera la part superior de la l\u00ednia, ja que \u00e9s sofisticat i molt fiable. El moviment autom\u00e0tic de l&#8217;Epic X Chrono est\u00e0 semi-esqueletitzat, mostrant la seva naturalesa t\u00e8cnica a trav\u00e9s de l&#8217;esfera de cristall mineral que el cobreix.<\/p>\n<p>Controlats per dos polsadors (inici\/parada i reinici), els segons es compten amb la m\u00e0 central del cron\u00f2graf i els minuts es marquen amb el subesfera de la dreta.<\/p>\n<\/div>\n<div class=\"buttons-container\"><\/div>\n<\/div>\n<\/div>\n<\/section>\n<section id=\"strap-324325\" class=\"layout-single-content-image\" data-page-id=\"324325\" data-theme=\"\" data-layout-id=\"6596\" data-title=\"Strap\">\n<div class=\"width-container\">\n<div class=\"image-column\"><img decoding=\"async\" class=\"content-image lazyload\" data-src=\"https:\/\/transform.octanecdn.com\/crop\/700x650\/https:\/\/dynamix-cdn.s3.amazonaws.com\/jacobandcocom\/jacobandcocom_596761425.jpg\" alt=\"un primer pla d'un rellotge\" src=\"data:image\/gif;base64,R0lGODlhAQABAAAAACH5BAEKAAEALAAAAAABAAEAAAICTAEAOw==\"><\/div>\n<div class=\"content-column inview-cascade-fade-up inview\">\n<h2 class=\"section-title\">Corretja<\/h2>\n<div class=\"content-container\">\n<p>Aquest rellotge ve amb una corretja de goma negra o Cordura, amb un tancament desplegable de titani i PVD negre.<\/p>\n<\/div>\n<div class=\"buttons-container\"><\/div>\n<\/div>\n<\/div>\n<\/section>\n<section id=\"case-321512\" class=\"layout-single-content-image\" data-page-id=\"321512\" data-theme=\"\" data-layout-id=\"6596\" data-title=\"CASE\">\n<div class=\"width-container\">\n<div class=\"image-column\"><img decoding=\"async\" class=\"content-image lazyload\" data-src=\"https:\/\/transform.octanecdn.com\/crop\/700x650\/https:\/\/dynamix-cdn.s3.amazonaws.com\/jacobandcocom\/jacobandcocom_591646139.jpg\" alt=\"\" src=\"data:image\/gif;base64,R0lGODlhAQABAAAAACH5BAEKAAEALAAAAAABAAEAAAICTAEAOw==\"><\/div>\n<div class=\"content-column inview-cascade-fade-up inview\">\n<h2 class=\"section-title\">CAIXA<\/h2>\n<div class=\"content-container\">\n<p>La caixa de 47 mm de l&#8217;Epic X Chrono t\u00e9 un disseny atrevit, creant una forma de &#8220;X&#8221; amb les puntes prominents i despr\u00e9s travessant la caixa i les estructures arquitect\u00f2niques del moviment.<\/p>\n<p>La caixa compta amb un cristall de safir antireflectant, un bisell de cer\u00e0mica i polsadors de goma, una corona cargolada i un bisell giratori interior, controlat per la corona abatible a les 10 en punt.<\/p>\n<p>Resistent a l&#8217;aigua fins a 200 metres, l&#8217;Epic X Chrono \u00e9s un veritable rellotge esportiu que fa una declaraci\u00f3 contundent i est\u00e0 dissenyat per agafar qualsevol cosa i tot el que puguis llan\u00e7ar-hi.<\/p>\n<\/div>\n<div class=\"buttons-container\"><\/div>\n<\/div>\n<\/div>\n<\/section>\n<section id=\"the-dial-321513\" class=\"layout-single-content-image\" data-page-id=\"321513\" data-theme=\"\" data-layout-id=\"6596\" data-title=\"THE DIAL\">\n<div class=\"width-container\">\n<div class=\"image-column\"><img decoding=\"async\" class=\"content-image lazyload\" data-src=\"https:\/\/transform.octanecdn.com\/crop\/700x650\/https:\/\/dynamix-cdn.s3.amazonaws.com\/jacobandcocom\/jacobandcocom_281268772.jpg\" alt=\"\" src=\"data:image\/gif;base64,R0lGODlhAQABAAAAACH5BAEKAAEALAAAAAABAAEAAAICTAEAOw==\"><\/div>\n<div class=\"content-column inview-cascade-fade-up inview\">\n<h2 class=\"section-title\">EL DIAL<\/h2>\n<div class=\"content-container\">\n<p>L&#8217;Epic X Chrono t\u00e9 un disseny bi-compax, amb el subdial dret per als minuts del cron\u00f2graf i el subesfera esquerre per als segons corrents.<\/p>\n<p>&nbsp;<\/p>\n<p>Les agulles esqueletitzades amb puntes luminescents Super-LumiNova indiquen l&#8217;hora en t\u00e0ndem amb un bisell interior giratori de l&#8217;Epic X Chrono, ajustat mitjan\u00e7ant la corona a la posici\u00f3 de les 10 en punt. Solucions d&#8217;enginyeria fascinants i la veritable dedicaci\u00f3 als m\u00e9s alts est\u00e0ndards de funcionalitat i comoditat es reflecteixen en aquests detalls m\u00e9s petits.<\/p>\n<\/div>\n<div class=\"buttons-container\"><\/div>\n<\/div>\n<\/div>\n<\/section>\n<section id=\"at-a-glance--321514\" class=\"layout-single-content-image\" data-page-id=\"321514\" data-theme=\"\" data-layout-id=\"6596\" data-title=\"AT A GLANCE:\">\n<div class=\"width-container\">\n<div class=\"image-column\"><img decoding=\"async\" class=\"content-image lazyload\" data-src=\"https:\/\/transform.octanecdn.com\/crop\/700x650\/https:\/\/dynamix-cdn.s3.amazonaws.com\/jacobandcocom\/jacobandcocom_360854074.jpg\" alt=\"una m\u00e0 que sost\u00e9 un rellotge\" src=\"data:image\/gif;base64,R0lGODlhAQABAAAAACH5BAEKAAEALAAAAAABAAEAAAICTAEAOw==\"><\/div>\n<div class=\"content-column inview-cascade-fade-up inview\">\n<h2 class=\"section-title\">D&#8217;UN PULL D&#8217;ULL:<\/h2>\n<div class=\"content-container\">\n<p>Moviment cron\u00f2graf autom\u00e0tic semi-esqueletitzat amb roda de columnes<\/p>\n<p>Acabats detallats de gamma alta durant tot el moviment<\/p>\n<p>Esfera de cristall mineral de colors, exposant el moviment autom\u00e0tic a sota<\/p>\n<p>Cristall de safir antireflectant a la part davantera i posterior, de manera que el moviment d&#8217;alta rellotgeria es mostra completament<\/p>\n<p>Estoig atrevit i en forma de X de 47 mm<\/p>\n<p>Banda de goma perforada \u00fanica<\/p>\n<p>Disseny de cron\u00f2graf bi-compax<\/p>\n<p>Bisell giratori intern \u00fanic<\/p>\n<\/div>\n<\/div>\n<\/div>\n<\/section>\n","protected":false},"featured_media":27578,"comment_status":"open","ping_status":"closed","template":"","meta":{"om_disable_all_campaigns":false,"_monsterinsights_skip_tracking":false,"_monsterinsights_sitenote_active":false,"_monsterinsights_sitenote_note":"","_monsterinsights_sitenote_category":0},"product_brand":[],"product_cat":[411],"product_tag":[429,426,428],"giftcard-category":[],"class_list":{"0":"post-27576","1":"product","2":"type-product","3":"status-publish","4":"has-post-thumbnail","6":"product_cat-jacob-co","7":"product_tag-edicio-limitada","8":"product_tag-rellotges-de-super-luxe","9":"product_tag-rellotges-esportius","11":"first","12":"instock","13":"taxable","14":"shipping-taxable","15":"purchasable","16":"product-type-simple"},"aioseo_notices":[],"_links":{"self":[{"href":"https:\/\/raritywatches.com\/ca\/wp-json\/wp\/v2\/product\/27576","targetHints":{"allow":["GET"]}}],"collection":[{"href":"https:\/\/raritywatches.com\/ca\/wp-json\/wp\/v2\/product"}],"about":[{"href":"https:\/\/raritywatches.com\/ca\/wp-json\/wp\/v2\/types\/product"}],"replies":[{"embeddable":true,"href":"https:\/\/raritywatches.com\/ca\/wp-json\/wp\/v2\/comments?post=27576"}],"version-history":[{"count":3,"href":"https:\/\/raritywatches.com\/ca\/wp-json\/wp\/v2\/product\/27576\/revisions"}],"predecessor-version":[{"id":27627,"href":"https:\/\/raritywatches.com\/ca\/wp-json\/wp\/v2\/product\/27576\/revisions\/27627"}],"wp:featuredmedia":[{"embeddable":true,"href":"https:\/\/raritywatches.com\/ca\/wp-json\/wp\/v2\/media\/27578"}],"wp:attachment":[{"href":"https:\/\/raritywatches.com\/ca\/wp-json\/wp\/v2\/media?parent=27576"}],"wp:term":[{"taxonomy":"product_brand","embeddable":true,"href":"https:\/\/raritywatches.com\/ca\/wp-json\/wp\/v2\/product_brand?post=27576"},{"taxonomy":"product_cat","embeddable":true,"href":"https:\/\/raritywatches.com\/ca\/wp-json\/wp\/v2\/product_cat?post=27576"},{"taxonomy":"product_tag","embeddable":true,"href":"https:\/\/raritywatches.com\/ca\/wp-json\/wp\/v2\/product_tag?post=27576"},{"taxonomy":"giftcard-category","embeddable":true,"href":"https:\/\/raritywatches.com\/ca\/wp-json\/wp\/v2\/giftcard-category?post=27576"}],"curies":[{"name":"wp","href":"https:\/\/api.w.org\/{rel}","templated":true}]}}