{"id":27566,"date":"2023-02-08T12:31:16","date_gmt":"2023-02-08T11:31:16","guid":{"rendered":"https:\/\/raritywatches.com\/product\/jacobco-gotham-city-or-rosa\/"},"modified":"2023-02-09T10:35:07","modified_gmt":"2023-02-09T10:35:07","slug":"jacobco-gotham-city-rose-gold","status":"publish","type":"product","link":"https:\/\/raritywatches.com\/ca\/producte\/jacobco-gotham-city-rose-gold\/","title":{"rendered":"Jacob&amp;Co Gotham City Or rosa"},"content":{"rendered":"","protected":false},"excerpt":{"rendered":"<section id=\"story-487264\" class=\"layout-single-content-image\" data-page-id=\"487264\" data-theme=\"\" data-layout-id=\"6596\" data-title=\"Story\">\n<div class=\"width-container\">\n<div class=\"content-column inview-cascade-fade-up inview\">\n<h1 class=\"page-title\">Or rosa de Gotham City<\/h1>\n<\/div>\n<\/div>\n<\/section>\n<section id=\"the-strap-487271\" class=\"layout-single-content-image\" data-page-id=\"487271\" data-theme=\"\" data-layout-id=\"6596\" data-title=\"The strap\">\n<div class=\"width-container\">\n<div class=\"content-column inview-cascade-fade-up inview\">\n<div class=\"content-container\">\n<section id=\"story-487264\" class=\"layout-single-content-image\" data-page-id=\"487264\" data-theme=\"\" data-layout-id=\"6596\" data-title=\"Story\">\n<div class=\"width-container\">\n<div class=\"content-column inview-cascade-fade-up inview\">\n<h2 class=\"section-title\">Hist\u00f2ria<\/h2>\n<div class=\"content-container\">\n<p>El 2022, Jacob &amp; Co. es va associar amb la central de c\u00f2mics DC Comics per dissenyar un rellotge completament nou. Gotham City \u00e9s un rellotge tem\u00e0tic de Batman que s&#8217;inspira en els gustos i prefer\u00e8ncies personals de Jacob Arabo. \u00c9s un fan de Batman, igual que Benjamin Arabov, CEO de Jacob &amp; Co. Aquest rellotge \u00e9s el resultat d&#8217;una profunda implicaci\u00f3 individual i un s\u00edmbol del que representen Batman i Bruce Wayne. En la ment del creador Bob Kane, la vertical i fosca Gotham City \u00e9s un substitut de la ciutat de Nova York, on es va crear i operar Jacob &amp; Co.<\/p>\n<p>The Gotham City est\u00e0 destinada a un p\u00fablic de Jacob &amp; Co. que tamb\u00e9 es relaciona amb la seva identitat secreta: la d&#8217;un multimilionari playboy, despreocupat i dotat d&#8217;un molt bon gust. La dualitat del personatge del c\u00f2mic inventada per Bob Kane es potencia a Gotham City. La versi\u00f3 d&#8217;or rosa de 18 quilates de Gotham City s&#8217;edita com una s\u00e8rie limitada de 36 peces.<\/p>\n<\/div>\n<div class=\"buttons-container\"><\/div>\n<\/div>\n<\/div>\n<\/section>\n<section id=\"a-metaphorical-tool-487265\" class=\"layout-single-content-image\" data-page-id=\"487265\" data-theme=\"\" data-layout-id=\"6596\" data-title=\"A metaphorical tool\">\n<div class=\"width-container\">\n<div class=\"image-column\"><img decoding=\"async\" class=\"content-image lazyload\" data-src=\"https:\/\/transform.octanecdn.com\/crop\/700x650\/https:\/\/dynamix-cdn.s3.amazonaws.com\/jacobandcocom\/jacobandcocom_969206953.jpg\" alt=\"un primer pla del tauler d'un cotxe\" src=\"data:image\/gif;base64,R0lGODlhAQABAAAAACH5BAEKAAEALAAAAAABAAEAAAICTAEAOw==\"><\/div>\n<div class=\"content-column inview-cascade-fade-up inview\">\n<h2 class=\"section-title\">Una eina metaf\u00f2rica<\/h2>\n<div class=\"content-container\">\n<p>Igual que la ciutat que porta el nom, Gotham City \u00e9s una construcci\u00f3 arquitect\u00f2nica. El seu moviment, la seva caixa, la seva estructura en capes s\u00f3n el resultat d&#8217;un proc\u00e9s de disseny integral i avan\u00e7at. Va m\u00e9s enll\u00e0 de l&#8217;est\u00e8tica per entrar en l&#8217;\u00e0mbit del simbolisme. Cada part del rellotge, sigui visible o oculta, t\u00e9 un significat. Una c\u00e0psula simb\u00f2lica, honra tant Batman com Bruce Wayne, i tot el que representen.<\/p>\n<p>La corona est\u00e0 coberta amb una goma amb forma de pneum\u00e0tics del Batm\u00f2bil. La forma de les puntes est\u00e0 pensada per assemblar-se al disseny multifac\u00e8tic del Batsuit. Les g\u00e0bies del tourbillon volador tenen forma de ganxos. I de manera destacada, la part central de l&#8217;esfera est\u00e0 tallada d&#8217;una llosa d&#8217;\u00f2nix posterior i t\u00e9 la forma de l&#8217;emblema de Batman. Destacat per un contorn neoral que brilla blau a la foscor, aquest \u00e9s un homenatge al BatSignal.<\/p>\n<\/div>\n<div class=\"buttons-container\"><\/div>\n<\/div>\n<\/div>\n<\/section>\n<section id=\"the-movement-487266\" class=\"layout-single-content-image\" data-page-id=\"487266\" data-theme=\"\" data-layout-id=\"6596\" data-title=\"The movement\">\n<div class=\"width-container\">\n<div class=\"image-column\"><img decoding=\"async\" class=\"content-image lazyload\" data-src=\"https:\/\/transform.octanecdn.com\/crop\/700x650\/https:\/\/dynamix-cdn.s3.amazonaws.com\/jacobandcocom\/jacobandcocom_833095800.jpg\" alt=\"un primer pla del tauler d'un cotxe\" src=\"data:image\/gif;base64,R0lGODlhAQABAAAAACH5BAEKAAEALAAAAAABAAEAAAICTAEAOw==\"><\/div>\n<div class=\"content-column inview-cascade-fade-up inview\">\n<h2 class=\"section-title\">El moviment<\/h2>\n<div class=\"content-container\">\n<p>El calibre JCFM10 presenta hores i minuts descentrats, una reserva d&#8217;energia que arriba a les 48 hores i est\u00e0 regulat per tourbillons dobles, voladors, seq\u00fcencials i de tres eixos situats a les 5 i les 7 en punt. La seva naturalesa t\u00e8cnica altament avan\u00e7ada est\u00e0 a l&#8217;altura de la gamma tecnol\u00f2gica d&#8217;eines, dispositius, m\u00e0quines i equips que Batman t\u00e9 a la seva disposici\u00f3.<\/p>\n<p>Aquest calibre de 382 components tamb\u00e9 forma part d&#8217;una ambici\u00f3 m\u00e9s \u00e0mplia. Com tot el que compon aquest rellotge, el seu disseny \u00e9s un homenatge als s\u00edmbols i caracter\u00edstiques del Batman. La manera com estan dissenyades les g\u00e0bies del tourbillon, el pont en forma de ratpenat que ocupa la major part de l&#8217;esquena del moviment, tenen tot un significat i participen en fer d&#8217;aquest rellotge una creaci\u00f3 a mig cam\u00ed entre el conjunt d&#8217;eines del Cavaller Fosc i la vestimenta de Bruce Wayne.<\/p>\n<\/div>\n<div class=\"buttons-container\"><\/div>\n<\/div>\n<\/div>\n<\/section>\n<section id=\"the-tourbillons-487267\" class=\"layout-single-content-image\" data-page-id=\"487267\" data-theme=\"\" data-layout-id=\"6596\" data-title=\"The tourbillons\">\n<div class=\"width-container\">\n<div class=\"image-column\"><img decoding=\"async\" class=\"content-image lazyload\" data-src=\"https:\/\/transform.octanecdn.com\/crop\/700x650\/https:\/\/dynamix-cdn.s3.amazonaws.com\/jacobandcocom\/jacobandcocom_329778599.jpg\" alt=\"un primer pla de la roda d'un cotxe\" src=\"data:image\/gif;base64,R0lGODlhAQABAAAAACH5BAEKAAEALAAAAAABAAEAAAICTAEAOw==\"><\/div>\n<div class=\"content-column inview-cascade-fade-up inview\">\n<h2 class=\"section-title\">Els tourbillons<\/h2>\n<div class=\"content-container\">\n<p>El calibre JCFM10 inclou un parell de tourbillons de triple eix, seq\u00fcencials, voladors i d&#8217;alta velocitat. Cadascun d&#8217;ells gira al llarg de tres eixos diferents. Cada eix condueix una g\u00e0bia independent. El primer, el m\u00e9s exterior, fa un gir complet en 180 segons, el segon en 24 segons i el tercer, el m\u00e9s proper al volant de 3 Hz, en 48 segons. En comparaci\u00f3 amb la rotaci\u00f3 tradicional d&#8217;un minut d&#8217;un tourbillon pla, i amb molts tourbillons multi-eix, 24 i 48 segons s\u00f3n xifres molt altes. Aix\u00f2 explica per qu\u00e8 Jacob &amp; Co. els anomena tourbillons d&#8217;alta velocitat.<\/p>\n<p>Muntat a la roda que mou el tourbillon, una molla acumula energia per permetre que les g\u00e0bies saltin cap endavant. No nom\u00e9s es mouen en petits moviments incrementals, sin\u00f3 grans, creant una s\u00e8rie de moviments seq\u00fcencials, molt visibles, amb pauses entremig.<\/p>\n<p>Els tourbillons dins del calibre JCFM10 no tenen pont superior. La seva \u00fanica connexi\u00f3 a terra a la placa principal de crom negre passa a sota, cosa que els converteix en tourbillons voladors.<\/p>\n<\/div>\n<div class=\"buttons-container\"><\/div>\n<\/div>\n<\/div>\n<\/section>\n<section id=\"the-dial-487268\" class=\"layout-single-content-image\" data-page-id=\"487268\" data-theme=\"\" data-layout-id=\"6596\" data-title=\"The dial\">\n<div class=\"width-container\">\n<div class=\"image-column\"><img decoding=\"async\" class=\"content-image lazyload\" data-src=\"https:\/\/transform.octanecdn.com\/crop\/700x650\/https:\/\/dynamix-cdn.s3.amazonaws.com\/jacobandcocom\/jacobandcocom_108213244.jpg\" alt=\"un primer pla de la roda d'un cotxe\" src=\"data:image\/gif;base64,R0lGODlhAQABAAAAACH5BAEKAAEALAAAAAABAAEAAAICTAEAOw==\"><\/div>\n<div class=\"content-column inview-cascade-fade-up inview\">\n<h2 class=\"section-title\">El dial<\/h2>\n<div class=\"content-container\">\n<p>Aquesta superf\u00edcie central, que \u00e9s la major part de l&#8217;esfera de Gotham City, t\u00e9 la forma de l&#8217;emblema del ratpenat. S&#8217;ha tallat en una llosa d&#8217;\u00f2nix mass\u00eds, una pedra dura que \u00e9s perfectament negra i polida. S&#8217;ha delineat encara m\u00e9s amb un contorn fet de Neoralithe. Aquest compost est\u00e0 acolorit de groc, l&#8217;altre color de Batman, i cont\u00e9 SuperLumiNova. Brilla blau a la foscor.<\/p>\n<p>Junts, aquests dos atributs s\u00f3n un cop d&#8217;ull al Batsignal: projectar una ombra a la foscor amb l&#8217;ajuda de la llum, un altre cop d&#8217;ullet a la naturalesa ambigua del Batman.<\/p>\n<\/div>\n<div class=\"buttons-container\"><\/div>\n<\/div>\n<\/div>\n<\/section>\n<section id=\"the-case-487269\" class=\"layout-single-content-image\" data-page-id=\"487269\" data-theme=\"\" data-layout-id=\"6596\" data-title=\"The case\">\n<div class=\"width-container\">\n<div class=\"image-column\"><img decoding=\"async\" class=\"content-image lazyload\" data-src=\"https:\/\/transform.octanecdn.com\/crop\/700x650\/https:\/\/dynamix-cdn.s3.amazonaws.com\/jacobandcocom\/jacobandcocom_968934603.jpg\" alt=\"un primer pla del tauler d'un cotxe\" src=\"data:image\/gif;base64,R0lGODlhAQABAAAAACH5BAEKAAEALAAAAAABAAEAAAICTAEAOw==\"><\/div>\n<div class=\"content-column inview-cascade-fade-up inview\">\n<h2 class=\"section-title\">El cas<\/h2>\n<div class=\"content-container\">\n<p>La caixa de Gotham City mesura 45,5 mm de di\u00e0metre i 17,2 de gruix, en gran part a causa de la revoluci\u00f3 de cercle complet dels tourbillons de triple eix. Est\u00e0 fet d&#8217;or rosa de 18K. El metall preci\u00f3s ha estat escollit per representar el costat de Bruce Wayne del doble personatge de Bob Kane. El disseny multifac\u00e8tic de les puntes est\u00e0 inspirat en diverses caracter\u00edstiques de disseny de Batman, com els seus vehicles i la m\u00e0scara.<\/p>\n<\/div>\n<div class=\"buttons-container\"><\/div>\n<\/div>\n<\/div>\n<\/section>\n<section id=\"the-caseback-487270\" class=\"layout-single-content-image\" data-page-id=\"487270\" data-theme=\"\" data-layout-id=\"6596\" data-title=\"The caseback\">\n<div class=\"width-container\">\n<div class=\"image-column\"><img decoding=\"async\" class=\"content-image lazyload\" data-src=\"https:\/\/transform.octanecdn.com\/crop\/700x650\/https:\/\/dynamix-cdn.s3.amazonaws.com\/jacobandcocom\/jacobandcocom_252425267.jpg\" alt=\"un objecte circular groc i negre\" src=\"data:image\/gif;base64,R0lGODlhAQABAAAAACH5BAEKAAEALAAAAAABAAEAAAICTAEAOw==\"><\/div>\n<div class=\"content-column inview-cascade-fade-up inview\">\n<h2 class=\"section-title\">LA FOSA<\/h2>\n<div class=\"content-container\">\n<p>L&#8217;esquena del Rose Gold Gotham City \u00e9s totalment transparent. Proporciona una visi\u00f3 panor\u00e0mica i sense obstacles sobre els nombrosos i avan\u00e7ats acabats del calibre JCFM10. En particular, es fa molt evident l&#8217;ample pont en forma de ratpenat que en cobreix la major part. Aquesta superf\u00edcie punxeguda i daurada mostra que el ratpenat es troba al cor del rellotge de Jacob &amp; Co amb tema Bat.<\/p>\n<\/div>\n<div class=\"buttons-container\"><\/div>\n<\/div>\n<\/div>\n<\/section>\n<section id=\"the-strap-487271\" class=\"layout-single-content-image\" data-page-id=\"487271\" data-theme=\"\" data-layout-id=\"6596\" data-title=\"The strap\">\n<div class=\"width-container\">\n<div class=\"image-column\"><img decoding=\"async\" class=\"content-image lazyload\" data-src=\"https:\/\/transform.octanecdn.com\/crop\/700x650\/https:\/\/dynamix-cdn.s3.amazonaws.com\/jacobandcocom\/jacobandcocom_962619790.jpg\" alt=\"logotip\" src=\"data:image\/gif;base64,R0lGODlhAQABAAAAACH5BAEKAAEALAAAAAABAAEAAAICTAEAOw==\"><\/div>\n<div class=\"content-column inview-cascade-fade-up inview\">\n<h2 class=\"section-title\">La corretja<\/h2>\n<div class=\"content-container\">\n<p>L&#8217;\u00faltima part del conjunt de trets de disseny d&#8217;homenatge de Gotham City \u00e9s la corretja de goma que la subjecta. Aquest darrer homenatge al Batman \u00e9s una insinuaci\u00f3 directa del color groc i negre de l&#8217;esfera. La part en contacte amb la pell est\u00e0 feta de cautx\u00fa groc texturat. La seva superf\u00edcie ha estat dissenyada per millorar la comoditat i la portabilitat.<\/p>\n<p>La part superior est\u00e0 dissenyada com el nil\u00f3 bal\u00edstic, un tipus de teixit que es troba en armilles antibales i equipament t\u00e8xtil avan\u00e7at. Un cop d&#8217;ull a la capa amb la qual s&#8217;embolica el Batman.<\/p>\n<\/div>\n<\/div>\n<\/div>\n<\/section>\n<\/div>\n<\/div>\n<\/div>\n<\/section>\n","protected":false},"featured_media":27551,"comment_status":"open","ping_status":"closed","template":"","meta":{"om_disable_all_campaigns":false,"_monsterinsights_skip_tracking":false,"_monsterinsights_sitenote_active":false,"_monsterinsights_sitenote_note":"","_monsterinsights_sitenote_category":0},"product_brand":[],"product_cat":[411],"product_tag":[429,464,461],"giftcard-category":[],"class_list":{"0":"post-27566","1":"product","2":"type-product","3":"status-publish","4":"has-post-thumbnail","6":"product_cat-jacob-co","7":"product_tag-edicio-limitada","8":"product_tag-rellotges-de-comics","9":"product_tag-rellotges-de-pellicules-de-culte","11":"first","12":"instock","13":"taxable","14":"shipping-taxable","15":"purchasable","16":"product-type-simple"},"aioseo_notices":[],"_links":{"self":[{"href":"https:\/\/raritywatches.com\/ca\/wp-json\/wp\/v2\/product\/27566","targetHints":{"allow":["GET"]}}],"collection":[{"href":"https:\/\/raritywatches.com\/ca\/wp-json\/wp\/v2\/product"}],"about":[{"href":"https:\/\/raritywatches.com\/ca\/wp-json\/wp\/v2\/types\/product"}],"replies":[{"embeddable":true,"href":"https:\/\/raritywatches.com\/ca\/wp-json\/wp\/v2\/comments?post=27566"}],"version-history":[{"count":1,"href":"https:\/\/raritywatches.com\/ca\/wp-json\/wp\/v2\/product\/27566\/revisions"}],"predecessor-version":[{"id":27726,"href":"https:\/\/raritywatches.com\/ca\/wp-json\/wp\/v2\/product\/27566\/revisions\/27726"}],"wp:featuredmedia":[{"embeddable":true,"href":"https:\/\/raritywatches.com\/ca\/wp-json\/wp\/v2\/media\/27551"}],"wp:attachment":[{"href":"https:\/\/raritywatches.com\/ca\/wp-json\/wp\/v2\/media?parent=27566"}],"wp:term":[{"taxonomy":"product_brand","embeddable":true,"href":"https:\/\/raritywatches.com\/ca\/wp-json\/wp\/v2\/product_brand?post=27566"},{"taxonomy":"product_cat","embeddable":true,"href":"https:\/\/raritywatches.com\/ca\/wp-json\/wp\/v2\/product_cat?post=27566"},{"taxonomy":"product_tag","embeddable":true,"href":"https:\/\/raritywatches.com\/ca\/wp-json\/wp\/v2\/product_tag?post=27566"},{"taxonomy":"giftcard-category","embeddable":true,"href":"https:\/\/raritywatches.com\/ca\/wp-json\/wp\/v2\/giftcard-category?post=27566"}],"curies":[{"name":"wp","href":"https:\/\/api.w.org\/{rel}","templated":true}]}}