{"id":27467,"date":"2023-02-08T12:04:39","date_gmt":"2023-02-08T11:04:39","guid":{"rendered":"https:\/\/raritywatches.com\/product\/gotham-city-black-dlc-titanium\/"},"modified":"2023-02-09T11:45:58","modified_gmt":"2023-02-09T11:45:58","slug":"gotham-city-negre-dlc-titani","status":"publish","type":"product","link":"https:\/\/raritywatches.com\/ca\/producte\/gotham-city-negre-dlc-titani\/","title":{"rendered":"Jacob&amp;Co Gotham City Black DLC Titanium"},"content":{"rendered":"","protected":false},"excerpt":{"rendered":"<section id=\"hero---image-with-callouts-487239\" class=\"layout-hero-image-callouts\" data-page-id=\"487239\" data-theme=\"\" data-layout-id=\"6600\" data-title=\"Hero - Image with Callouts\">\n<div class=\"width-container\">\n<div class=\"callout-container\">\n<h1 class=\"page-title\">Gotham City Black DLC Titanium<\/h1>\n<\/div>\n<\/div>\n<\/section>\n<section id=\"story-487240\" class=\"layout-single-content-image\" data-page-id=\"487240\" data-theme=\"\" data-layout-id=\"6596\" data-title=\"Story\">\n<div class=\"width-container\">\n<div class=\"image-column\">\n<div class=\"play-btn js-modal-controller\" data-channel=\"vimeo\" data-video-id=\"687194237\"><\/div>\n<\/div>\n<\/div>\n<\/section>\n<section id=\"the-strap-487254\" class=\"layout-single-content-image\" data-page-id=\"487254\" data-theme=\"\" data-layout-id=\"6596\" data-title=\"The strap\">\n<div class=\"width-container\">\n<div class=\"content-column inview-cascade-fade-up inview\">\n<div class=\"content-container\">\n<section id=\"story-487240\" class=\"layout-single-content-image\" data-page-id=\"487240\" data-theme=\"\" data-layout-id=\"6596\" data-title=\"Story\">\n<div class=\"width-container\">\n<div class=\"content-column inview-cascade-fade-up inview\">\n<h2 class=\"section-title\">Hist\u00f2ria<\/h2>\n<div class=\"content-container\">\n<p>El 2022, Jacob &amp; Co. es va associar amb la central de c\u00f2mics DC Comics per dissenyar un rellotge completament nou. Gotham City \u00e9s un rellotge tem\u00e0tic de Batman que s&#8217;inspira en els gustos i prefer\u00e8ncies personals de Jacob Arabo. \u00c9s un fan de Batman, igual que Benjamin Arabov, CEO de Jacob &amp; Co. Aquest rellotge \u00e9s el resultat d&#8217;una profunda implicaci\u00f3 individual i un s\u00edmbol del que representa Batman. En la ment del creador Bob Kane, la vertical i fosca Gotham City \u00e9s un substitut de la ciutat de Nova York, on es va crear i operar Jacob &amp; Co.<\/p>\n<p>The Gotham City est\u00e0 destinada a un p\u00fablic de Jacob &amp; Co. que tamb\u00e9 es relaciona amb la seva identitat secreta: la d&#8217;un multimilionari playboy, despreocupat i dotat d&#8217;un molt bon gust. La dualitat del personatge del c\u00f2mic inventada per Bob Kane es potencia a Gotham City. La versi\u00f3 Black DLC de Gotham City s&#8217;edita com una s\u00e8rie limitada de 36 peces.<\/p>\n<\/div>\n<div class=\"buttons-container\"><\/div>\n<\/div>\n<\/div>\n<\/section>\n<section id=\"a-metaphorical-tool-487244\" class=\"layout-single-content-image\" data-page-id=\"487244\" data-theme=\"\" data-layout-id=\"6596\" data-title=\"A metaphorical tool\">\n<div class=\"width-container\">\n<div class=\"image-column\"><img decoding=\"async\" class=\"content-image lazyload\" data-src=\"https:\/\/transform.octanecdn.com\/crop\/700x650\/https:\/\/dynamix-cdn.s3.amazonaws.com\/jacobandcocom\/jacobandcocom_736653032.jpg\" alt=\"un primer pla del tauler d'un cotxe\" src=\"data:image\/gif;base64,R0lGODlhAQABAAAAACH5BAEKAAEALAAAAAABAAEAAAICTAEAOw==\"><\/div>\n<div class=\"content-column inview-cascade-fade-up inview\">\n<h2 class=\"section-title\">Una eina metaf\u00f2rica<\/h2>\n<div class=\"content-container\">\n<p>Igual que la ciutat que porta el nom, Gotham City \u00e9s una construcci\u00f3 arquitect\u00f2nica. El seu moviment, la seva caixa, la seva estructura en capes s\u00f3n el resultat d&#8217;un proc\u00e9s de disseny integral i avan\u00e7at. Va m\u00e9s enll\u00e0 de l&#8217;est\u00e8tica per entrar en l&#8217;\u00e0mbit del simbolisme. Cada part del rellotge, sigui visible o oculta, t\u00e9 un significat. Una c\u00e0psula simb\u00f2lica, fa honor a Batman i tot el que representa.<\/p>\n<p>La corona est\u00e0 coberta amb una goma amb forma de pneum\u00e0tics del Batm\u00f2bil. La forma de les puntes est\u00e0 pensada per assemblar-se al disseny multifac\u00e8tic del Batsuit. Les g\u00e0bies del tourbillon volador tenen forma de ganxos. I de manera destacada, la part central de l&#8217;esfera est\u00e0 tallada d&#8217;una llosa d&#8217;\u00f2nix posterior i t\u00e9 la forma de l&#8217;emblema de Batman. Destacat per un contorn neoral que brilla blau a la foscor, aquest \u00e9s un homenatge al BatSignal.<\/p>\n<\/div>\n<div class=\"buttons-container\"><\/div>\n<\/div>\n<\/div>\n<\/section>\n<section id=\"the-movement-487245\" class=\"layout-single-content-image\" data-page-id=\"487245\" data-theme=\"\" data-layout-id=\"6596\" data-title=\"The movement\">\n<div class=\"width-container\">\n<div class=\"image-column\"><img decoding=\"async\" class=\"content-image lazyload\" data-src=\"https:\/\/transform.octanecdn.com\/crop\/700x650\/https:\/\/dynamix-cdn.s3.amazonaws.com\/jacobandcocom\/jacobandcocom_976710891.jpg\" alt=\"un primer pla del tauler d'un cotxe\" src=\"data:image\/gif;base64,R0lGODlhAQABAAAAACH5BAEKAAEALAAAAAABAAEAAAICTAEAOw==\"><\/div>\n<div class=\"content-column inview-cascade-fade-up inview\">\n<h2 class=\"section-title\">El moviment<\/h2>\n<div class=\"content-container\">\n<p>El calibre JCFM10 presenta hores i minuts descentrats, una reserva d&#8217;energia que arriba a les 48 hores i est\u00e0 regulat per tourbillons dobles, voladors, seq\u00fcencials i de tres eixos situats a les 5 i les 7 en punt. La seva naturalesa t\u00e8cnica altament avan\u00e7ada est\u00e0 a l&#8217;altura de la gamma tecnol\u00f2gica d&#8217;eines, dispositius, m\u00e0quines i equips que Batman t\u00e9 a la seva disposici\u00f3.<\/p>\n<p>Aquest calibre de 382 components tamb\u00e9 forma part d&#8217;una ambici\u00f3 m\u00e9s \u00e0mplia. Com tot el que compon aquest rellotge, el seu disseny \u00e9s un homenatge als s\u00edmbols i caracter\u00edstiques del Batman. La forma en qu\u00e8 estan dissenyades les g\u00e0bies del tourbillon, el fet que passen del gris al negre total mentre giren, el pont en forma de ratpenat que ocupa la major part de l&#8217;esquena del moviment, tots porten significat i participen en fer d&#8217;aquest rellotge una part del Kit d&#8217;eines del cavaller fosc.<\/p>\n<\/div>\n<div class=\"buttons-container\"><\/div>\n<\/div>\n<\/div>\n<\/section>\n<section id=\"the-tourbillons-487246\" class=\"layout-single-content-image\" data-page-id=\"487246\" data-theme=\"\" data-layout-id=\"6596\" data-title=\"The tourbillons\">\n<div class=\"width-container\">\n<div class=\"image-column\"><img decoding=\"async\" class=\"content-image lazyload\" data-src=\"https:\/\/transform.octanecdn.com\/crop\/700x650\/https:\/\/dynamix-cdn.s3.amazonaws.com\/jacobandcocom\/jacobandcocom_612665840.jpg\" alt=\"un primer pla de la roda d'un cotxe\" src=\"data:image\/gif;base64,R0lGODlhAQABAAAAACH5BAEKAAEALAAAAAABAAEAAAICTAEAOw==\"><\/div>\n<div class=\"content-column inview-cascade-fade-up inview\">\n<h2 class=\"section-title\">Els tourbillons<\/h2>\n<div class=\"content-container\">\n<p>El calibre JCFM10 inclou un parell de tourbillons de triple eix, seq\u00fcencials, voladors i d&#8217;alta velocitat. Cadascun d&#8217;ells gira al llarg de tres eixos diferents. Cada eix condueix una g\u00e0bia independent. El primer, el m\u00e9s exterior, fa un gir complet en 180 segons, el segon en 24 segons i el tercer, el m\u00e9s proper al volant de 3 Hz, en 48 segons. En comparaci\u00f3 amb la rotaci\u00f3 tradicional d&#8217;un minut d&#8217;un tourbillon pla, i amb molts tourbillons multi-eix, 24 i 48 segons s\u00f3n xifres molt altes. Aix\u00f2 explica per qu\u00e8 Jacob &amp; Co. els anomena tourbillons d&#8217;alta velocitat.<\/p>\n<p>Muntat a la roda que mou el tourbillon, una molla acumula energia per permetre que les g\u00e0bies saltin cap endavant. No nom\u00e9s es mouen en petits moviments incrementals, sin\u00f3 grans, creant una s\u00e8rie de moviments seq\u00fcencials, molt visibles, amb pauses entremig.<\/p>\n<p>Els tourbillons dins del calibre JCFM10 no tenen pont superior. La seva \u00fanica connexi\u00f3 a terra a la placa principal de crom negre passa a sota, cosa que els converteix en tourbillons voladors.<\/p>\n<\/div>\n<div class=\"buttons-container\"><\/div>\n<\/div>\n<\/div>\n<\/section>\n<section id=\"the-dial-487249\" class=\"layout-single-content-image\" data-page-id=\"487249\" data-theme=\"\" data-layout-id=\"6596\" data-title=\"The dial\">\n<div class=\"width-container\">\n<div class=\"image-column\"><img decoding=\"async\" class=\"content-image lazyload\" data-src=\"https:\/\/transform.octanecdn.com\/crop\/700x650\/https:\/\/dynamix-cdn.s3.amazonaws.com\/jacobandcocom\/jacobandcocom_275168939.jpg\" alt=\"un primer pla de la roda d'un cotxe\" src=\"data:image\/gif;base64,R0lGODlhAQABAAAAACH5BAEKAAEALAAAAAABAAEAAAICTAEAOw==\"><\/div>\n<div class=\"content-column inview-cascade-fade-up inview\">\n<h2 class=\"section-title\">El dial<\/h2>\n<div class=\"content-container\">\n<p>Aquesta superf\u00edcie central, que \u00e9s la major part de l&#8217;esfera de Gotham City, t\u00e9 la forma de l&#8217;emblema del ratpenat. S&#8217;ha tallat en una llosa d&#8217;\u00f2nix mass\u00eds, una pedra dura que \u00e9s perfectament negra i polida. S&#8217;ha delineat encara m\u00e9s amb un contorn fet de Neoralithe. Aquest compost est\u00e0 acolorit de groc, l&#8217;altre color de Batman, i cont\u00e9 SuperLumiNova. Brilla blau a la foscor.<\/p>\n<p>Junts, aquests dos atributs s\u00f3n un cop d&#8217;ull al Batsignal: projectar una ombra a la foscor amb l&#8217;ajuda de la llum, un altre cop d&#8217;ullet a la naturalesa ambigua del Batman.<\/p>\n<\/div>\n<div class=\"buttons-container\"><\/div>\n<\/div>\n<\/div>\n<\/section>\n<section id=\"the-case-487250\" class=\"layout-single-content-image\" data-page-id=\"487250\" data-theme=\"\" data-layout-id=\"6596\" data-title=\"The case\">\n<div class=\"width-container\">\n<div class=\"image-column\"><img decoding=\"async\" class=\"content-image lazyload\" data-src=\"https:\/\/transform.octanecdn.com\/crop\/700x650\/https:\/\/dynamix-cdn.s3.amazonaws.com\/jacobandcocom\/jacobandcocom_286805684.jpg\" alt=\"un primer pla del tauler d'un cotxe\" src=\"data:image\/gif;base64,R0lGODlhAQABAAAAACH5BAEKAAEALAAAAAABAAEAAAICTAEAOw==\"><\/div>\n<div class=\"content-column inview-cascade-fade-up inview\">\n<h2 class=\"section-title\">El cas<\/h2>\n<div class=\"content-container\">\n<p>La caixa de Gotham City mesura 45,5 mm de di\u00e0metre i 17,2 de gruix, en gran part a causa de la revoluci\u00f3 de cercle complet dels tourbillons de triple eix. Est\u00e0 fet de titani DLC negre. El titani \u00e9s lleuger i dif\u00edcil de comen\u00e7ar, i s&#8217;utilitza en molts espais aeri i aplicacions avan\u00e7ades. DLC \u00e9s una tecnologia que cobreix el metall amb una s\u00e8rie d&#8217;\u00e0toms de carboni que imita la de l&#8217;estructura cristal\u00b7lina c\u00fabica perfecta que proporciona al diamant una resist\u00e8ncia extrema al desgast.<\/p>\n<p>El disseny multifac\u00e8tic de les puntes est\u00e0 inspirat en diverses caracter\u00edstiques de disseny de Batman, com els seus vehicles i la m\u00e0scara. La caixa de titani ha estat completament acabada amb t\u00e8cniques que la fan mate. El sorra i el raspallat horitzontal suprimeixen tots els rastres de brillantor i poliment.<\/p>\n<\/div>\n<div class=\"buttons-container\"><\/div>\n<\/div>\n<\/div>\n<\/section>\n<section id=\"the-caseback-487252\" class=\"layout-single-content-image\" data-page-id=\"487252\" data-theme=\"\" data-layout-id=\"6596\" data-title=\"The caseback\">\n<div class=\"width-container\">\n<div class=\"image-column\"><img decoding=\"async\" class=\"content-image lazyload\" data-src=\"https:\/\/transform.octanecdn.com\/crop\/700x650\/https:\/\/dynamix-cdn.s3.amazonaws.com\/jacobandcocom\/jacobandcocom_249436920.jpg\" alt=\"un objecte circular groc i negre\" src=\"data:image\/gif;base64,R0lGODlhAQABAAAAACH5BAEKAAEALAAAAAABAAEAAAICTAEAOw==\"><\/div>\n<div class=\"content-column inview-cascade-fade-up inview\">\n<h2 class=\"section-title\">El fons de caixa<\/h2>\n<div class=\"content-container\">\n<p>L&#8217;esquena de Gotham City est\u00e0 coberta amb un dibuix de la signatura. La figura de Batman que va utilitzar Jacob &amp; Co. prov\u00e9 d&#8217;un episodi del 2003 escrit per Jim Lee. Potser l&#8217;artista m\u00e9s influent de Batman en els \u00faltims 20 anys, Lee va crear un retrat seminal i intransigent del Cavaller Fosc. La seva representaci\u00f3 \u00e9s una gesta artesanal en si mateixa.<\/p>\n<p>La part inferior d&#8217;una placa de safir est\u00e0 gravada amb l\u00e0ser amb un disseny de Batman i les signatures habituals de la marca, la de Jacob &amp; Co. i la de DC comics. Les parts buides de la placa estan farcides amb laca negra i la resta amb groc.<\/p>\n<\/div>\n<div class=\"buttons-container\"><\/div>\n<\/div>\n<\/div>\n<\/section>\n<section id=\"the-strap-487254\" class=\"layout-single-content-image\" data-page-id=\"487254\" data-theme=\"\" data-layout-id=\"6596\" data-title=\"The strap\">\n<div class=\"width-container\">\n<div class=\"image-column\"><img decoding=\"async\" class=\"content-image lazyload\" data-src=\"https:\/\/transform.octanecdn.com\/crop\/700x650\/https:\/\/dynamix-cdn.s3.amazonaws.com\/jacobandcocom\/jacobandcocom_999232880.jpg\" alt=\"logotip\" src=\"data:image\/gif;base64,R0lGODlhAQABAAAAACH5BAEKAAEALAAAAAABAAEAAAICTAEAOw==\"><\/div>\n<div class=\"content-column inview-cascade-fade-up inview\">\n<h2 class=\"section-title\">La corretja<\/h2>\n<div class=\"content-container\">\n<p>L&#8217;\u00faltima part del conjunt de trets de disseny d&#8217;homenatge de Gotham City \u00e9s la corretja de goma que la subjecta. Aquest darrer homenatge al Batman \u00e9s una insinuaci\u00f3 directa de la combinaci\u00f3 de colors groc i negre de l&#8217;esfera. La part en contacte amb la pell est\u00e0 feta de cautx\u00fa groc texturat. La seva superf\u00edcie ha estat dissenyada per millorar la comoditat i la portabilitat.<\/p>\n<p>La part superior est\u00e0 dissenyada com el nil\u00f3 bal\u00edstic, un tipus de teixit que es troba en armilles antibales i equipament t\u00e8xtil avan\u00e7at. Un cop d&#8217;ull a la capa amb la qual s&#8217;embolica el Batman.<\/p>\n<\/div>\n<\/div>\n<\/div>\n<\/section>\n<\/div>\n<\/div>\n<\/div>\n<\/section>\n","protected":false},"featured_media":27498,"comment_status":"open","ping_status":"closed","template":"","meta":{"om_disable_all_campaigns":false,"_monsterinsights_skip_tracking":false,"_monsterinsights_sitenote_active":false,"_monsterinsights_sitenote_note":"","_monsterinsights_sitenote_category":0},"product_brand":[],"product_cat":[411],"product_tag":[429,464,461],"giftcard-category":[],"class_list":{"0":"post-27467","1":"product","2":"type-product","3":"status-publish","4":"has-post-thumbnail","6":"product_cat-jacob-co","7":"product_tag-edicio-limitada","8":"product_tag-rellotges-de-comics","9":"product_tag-rellotges-de-pellicules-de-culte","11":"first","12":"instock","13":"taxable","14":"shipping-taxable","15":"purchasable","16":"product-type-simple"},"aioseo_notices":[],"_links":{"self":[{"href":"https:\/\/raritywatches.com\/ca\/wp-json\/wp\/v2\/product\/27467","targetHints":{"allow":["GET"]}}],"collection":[{"href":"https:\/\/raritywatches.com\/ca\/wp-json\/wp\/v2\/product"}],"about":[{"href":"https:\/\/raritywatches.com\/ca\/wp-json\/wp\/v2\/types\/product"}],"replies":[{"embeddable":true,"href":"https:\/\/raritywatches.com\/ca\/wp-json\/wp\/v2\/comments?post=27467"}],"version-history":[{"count":3,"href":"https:\/\/raritywatches.com\/ca\/wp-json\/wp\/v2\/product\/27467\/revisions"}],"predecessor-version":[{"id":27730,"href":"https:\/\/raritywatches.com\/ca\/wp-json\/wp\/v2\/product\/27467\/revisions\/27730"}],"wp:featuredmedia":[{"embeddable":true,"href":"https:\/\/raritywatches.com\/ca\/wp-json\/wp\/v2\/media\/27498"}],"wp:attachment":[{"href":"https:\/\/raritywatches.com\/ca\/wp-json\/wp\/v2\/media?parent=27467"}],"wp:term":[{"taxonomy":"product_brand","embeddable":true,"href":"https:\/\/raritywatches.com\/ca\/wp-json\/wp\/v2\/product_brand?post=27467"},{"taxonomy":"product_cat","embeddable":true,"href":"https:\/\/raritywatches.com\/ca\/wp-json\/wp\/v2\/product_cat?post=27467"},{"taxonomy":"product_tag","embeddable":true,"href":"https:\/\/raritywatches.com\/ca\/wp-json\/wp\/v2\/product_tag?post=27467"},{"taxonomy":"giftcard-category","embeddable":true,"href":"https:\/\/raritywatches.com\/ca\/wp-json\/wp\/v2\/giftcard-category?post=27467"}],"curies":[{"name":"wp","href":"https:\/\/api.w.org\/{rel}","templated":true}]}}