{"id":26998,"date":"2023-01-26T20:53:44","date_gmt":"2023-01-26T19:53:44","guid":{"rendered":"https:\/\/raritywatches.com\/product\/jacob-co-epic-x-titani-blau-cel\/"},"modified":"2023-02-08T12:44:42","modified_gmt":"2023-02-08T12:44:42","slug":"jacob-co-epic-x-titani-blau-cel","status":"publish","type":"product","link":"https:\/\/raritywatches.com\/ca\/producte\/jacob-co-epic-x-titani-blau-cel\/","title":{"rendered":"Jacob &amp; Co EPIC X Titani blau cel"},"content":{"rendered":"","protected":false},"excerpt":{"rendered":"<h2 class=\"section-title\">HIST\u00d2RIA<\/h2>\n<div class=\"content-container\">\n<p>L&#8217;Epic X \u00e9s una evoluci\u00f3 moderna d&#8217;una de les formes m\u00e9s tradicionals de rellotgeria. El rellotge obert, o &#8220;esqueletitzat&#8221;, permet que el moviment sigui visible tant a trav\u00e9s de l&#8217;esfera com de la part posterior del rellotge, eliminant el m\u00e0xim de metall possible sense comprometre la funcionalitat. L&#8217;objectiu del rellotger que elabora un rellotge obert \u00e9s aconseguir el m\u00e0xim nivell de transpar\u00e8ncia possible; la combinaci\u00f3 desafiant de la lleugeresa visual amb la integritat estructural.<\/p>\n<p>La funda Epic X \u00e9s atrevida i elegant, per\u00f2 robusta, de manera que realment us pot acompanyar durant tot el dia, a l&#8217;oficina, a un sopar informal o fins i tot a una festa elegant.<\/p>\n<\/div>\n<h2 class=\"section-title\">MOVIMENT ESQUELETITZAT<\/h2>\n<div class=\"content-container\">\n<p>L&#8217;esqueletitzaci\u00f3 \u00e9s una tradici\u00f3 mil\u00b7len\u00e0ria en la rellotgeria. El repte \u00e9s eliminar prou material del moviment per fer-lo gaireb\u00e9 transparent, sense afectar el seu rendiment, precisi\u00f3 o robustesa.<\/p>\n<p>Els rellotgers de Jacob &amp; Co. han estat esqueletitzant els moviments durant d\u00e8cades, de manera que entenen exactament on i quant s&#8217;han de treure, i el resultat \u00e9s un moviment gaireb\u00e9 transparent, configurat verticalment per maximitzar la bellesa d&#8217;aquest petit motor al canell.<\/p>\n<p>El moviment de vent manual de l&#8217;Epic X es col\u00b7loca verticalment i s&#8217;esqueletitza despr\u00e9s s&#8217;acaba finament, de manera que \u00e9s gaireb\u00e9 transparent.<\/p>\n<\/div>\n<h2 class=\"section-title\">CAIXA I CRISTAL<\/h2>\n<div class=\"content-container\">\n<p>El disseny d&#8217;aquest estoig de 44 mm \u00e9s atrevit i distintiu, amb la seva potent forma &#8220;X&#8221;. El moviment del vent manual es mostra a trav\u00e9s dels cristalls de safir antireflectants davant i darrere.<\/p>\n<\/div>\n<h2 class=\"section-title\">ESFER I MANS<\/h2>\n<div class=\"content-container\">\n<p>La bellesa dels rellotges esqueletitzats \u00e9s que no hi ha esferes; en canvi, els cristalls de safir de la m\u00e9s alta qualitat exposen els detalls del moviment, les rodes, els engranatges, l&#8217;equilibri, els ponts i el can\u00f3 del moll principal. Les mans esqueletitzades en forma de fulla al centre, que indiquen les hores i els minuts, suren sobre l&#8217;esplendor mec\u00e0nica.<\/p>\n<\/div>\n<p>&nbsp;<\/p>\n","protected":false},"featured_media":29018,"comment_status":"open","ping_status":"closed","template":"","meta":{"om_disable_all_campaigns":false,"_monsterinsights_skip_tracking":false,"_monsterinsights_sitenote_active":false,"_monsterinsights_sitenote_note":"","_monsterinsights_sitenote_category":0},"product_brand":[],"product_cat":[411],"product_tag":[425,426,422],"giftcard-category":[],"class_list":{"0":"post-26998","1":"product","2":"type-product","3":"status-publish","4":"has-post-thumbnail","6":"product_cat-jacob-co","7":"product_tag-rellotges-desquelet","8":"product_tag-rellotges-de-super-luxe","9":"product_tag-rellotges-de-vestir","11":"first","12":"instock","13":"taxable","14":"shipping-taxable","15":"purchasable","16":"product-type-simple"},"aioseo_notices":[],"_links":{"self":[{"href":"https:\/\/raritywatches.com\/ca\/wp-json\/wp\/v2\/product\/26998","targetHints":{"allow":["GET"]}}],"collection":[{"href":"https:\/\/raritywatches.com\/ca\/wp-json\/wp\/v2\/product"}],"about":[{"href":"https:\/\/raritywatches.com\/ca\/wp-json\/wp\/v2\/types\/product"}],"replies":[{"embeddable":true,"href":"https:\/\/raritywatches.com\/ca\/wp-json\/wp\/v2\/comments?post=26998"}],"version-history":[{"count":1,"href":"https:\/\/raritywatches.com\/ca\/wp-json\/wp\/v2\/product\/26998\/revisions"}],"predecessor-version":[{"id":27562,"href":"https:\/\/raritywatches.com\/ca\/wp-json\/wp\/v2\/product\/26998\/revisions\/27562"}],"wp:featuredmedia":[{"embeddable":true,"href":"https:\/\/raritywatches.com\/ca\/wp-json\/wp\/v2\/media\/29018"}],"wp:attachment":[{"href":"https:\/\/raritywatches.com\/ca\/wp-json\/wp\/v2\/media?parent=26998"}],"wp:term":[{"taxonomy":"product_brand","embeddable":true,"href":"https:\/\/raritywatches.com\/ca\/wp-json\/wp\/v2\/product_brand?post=26998"},{"taxonomy":"product_cat","embeddable":true,"href":"https:\/\/raritywatches.com\/ca\/wp-json\/wp\/v2\/product_cat?post=26998"},{"taxonomy":"product_tag","embeddable":true,"href":"https:\/\/raritywatches.com\/ca\/wp-json\/wp\/v2\/product_tag?post=26998"},{"taxonomy":"giftcard-category","embeddable":true,"href":"https:\/\/raritywatches.com\/ca\/wp-json\/wp\/v2\/giftcard-category?post=26998"}],"curies":[{"name":"wp","href":"https:\/\/api.w.org\/{rel}","templated":true}]}}