{"id":26988,"date":"2023-01-26T20:54:37","date_gmt":"2023-01-26T19:54:37","guid":{"rendered":"https:\/\/raritywatches.com\/product\/jacob-co-epic-x-black\/"},"modified":"2023-02-09T11:39:22","modified_gmt":"2023-02-09T11:39:22","slug":"jacob-co-epic-x-negre-titani","status":"publish","type":"product","link":"https:\/\/raritywatches.com\/ca\/producte\/jacob-co-epic-x-negre-titani\/","title":{"rendered":"Jacob&amp;Co EPIC X CHRONO BLACK"},"content":{"rendered":"","protected":false},"excerpt":{"rendered":"<section id=\"hero---image-with-callouts-332700\" class=\"layout-hero-image-callouts\" data-page-id=\"332700\" data-theme=\"\" data-layout-id=\"6600\" data-title=\"Hero - Image with Callouts\">\n<div class=\"width-container\">\n<div class=\"callout-container\">\n<h1 class=\"page-title\">EPIC X CHRONO NEGRE<\/h1>\n<h2 class=\"section-title\">HIST\u00d2RIA<\/h2>\n<div class=\"content-container\">\n<p>Amb l&#8217;atrevit disseny Epic X uns passos m\u00e9s enll\u00e0, Jacob &amp; Co. ha creat l&#8217;Epic X Chrono, un rellotge esportiu de 47 mm esportiu, cridaner i extremadament atractiu.<\/p>\n<p>Amb un moviment semi-esqueletitzat, visible a trav\u00e9s de l&#8217;esfera de cristall mineral de colors, l&#8217;Epic X Chrono inclou un moviment cron\u00f2graf de roda de columnes de gamma alta amb un disseny bi-compax.<\/p>\n<p>Disponible en una varietat de materials i colors, l&#8217;Epic X Chrono \u00e9s el rellotge m\u00e9s esportiu de Jacob &amp; Co.<\/p>\n<\/div>\n<div class=\"buttons-container\"><\/div>\n<\/div>\n<\/div>\n<\/section>\n<section id=\"story-332701\" class=\"layout-single-content-image\" data-page-id=\"332701\" data-theme=\"\" data-layout-id=\"6596\" data-title=\"STORY\">\n<div class=\"width-container\">\n<div class=\"image-column\"><img decoding=\"async\" class=\"content-image lazyload\" data-src=\"https:\/\/transform.octanecdn.com\/crop\/700x650\/https:\/\/dynamix-cdn.s3.amazonaws.com\/jacobandcocom\/jacobandcocom_569089544.jpg\" alt=\"\" src=\"data:image\/gif;base64,R0lGODlhAQABAAAAACH5BAEKAAEALAAAAAABAAEAAAICTAEAOw==\"><\/div>\n<div class=\"content-column inview-cascade-fade-up inview\">\n<div class=\"buttons-container\"><\/div>\n<\/div>\n<\/div>\n<\/section>\n<section id=\"the-appeal-of-the-chronograph-332702\" class=\"layout-single-content-image\" data-page-id=\"332702\" data-theme=\"\" data-layout-id=\"6596\" data-title=\"THE APPEAL OF THE CHRONOGRAPH\">\n<div class=\"width-container\">\n<div class=\"image-column\"><img decoding=\"async\" class=\"content-image lazyload\" data-src=\"https:\/\/transform.octanecdn.com\/crop\/700x650\/https:\/\/dynamix-cdn.s3.amazonaws.com\/jacobandcocom\/jacobandcocom_662060804.jpg\" alt=\"un rellotge al costat d'un rellotge\" src=\"data:image\/gif;base64,R0lGODlhAQABAAAAACH5BAEKAAEALAAAAAABAAEAAAICTAEAOw==\"><\/div>\n<div class=\"content-column inview-cascade-fade-up inview\">\n<h2 class=\"section-title\">L&#8217;ATRECCI\u00d3 DEL CRON\u00d2GRAF<\/h2>\n<div class=\"content-container\">\n<p>Els cron\u00f2grafs s\u00f3n una de les complicacions m\u00e9s populars en la rellotgeria i s&#8217;utilitzen en rellotges tant per a homes com per a dones. Hi ha alguna cosa en el cron\u00f2graf que capta la imaginaci\u00f3 de la gent i, com a tal, aquesta complicaci\u00f3 \u00e9s sens dubte molt demandada.<\/p>\n<p>Utilitzar un cron\u00f2graf \u00e9s f\u00e0cil i divertit, i molt funcional. El cron\u00f2graf \u00e9s una cosa que podeu utilitzar per mesurar l&#8217;hora, no nom\u00e9s per llegir-la. A causa d&#8217;aix\u00f2, teniu una interacci\u00f3 amb el rellotge. La interactivitat fa que les coses siguin completament diferents, ja que est\u00e0s fent alguna cosa, no nom\u00e9s llegint alguna cosa. En fer aix\u00f2, no podeu controlar el temps, per\u00f2 aneu en aquesta direcci\u00f3.<\/p>\n<p>Els cron\u00f2grafs s\u00f3n molt populars perqu\u00e8 ofereixen una complicaci\u00f3 molt accessible i un disseny est\u00e0ndard de la qual \u00e9s molt atractiu.<\/p>\n<p>L&#8217;Epic X Chrono est\u00e0 dissenyat espec\u00edficament, de manera que t\u00e9 un estil t\u00e8cnic i esportiu amb els polsadors del cron\u00f2graf al costat de la caixa, l&#8217;esfera bi-compax equilibrada i la visi\u00f3 del moviment a trav\u00e9s de l&#8217;esfera de cristall mineral.<\/p>\n<\/div>\n<div class=\"buttons-container\"><\/div>\n<\/div>\n<\/div>\n<\/section>\n<section id=\"movement-332703\" class=\"layout-single-content-image\" data-page-id=\"332703\" data-theme=\"\" data-layout-id=\"6596\" data-title=\"MOVEMENT\">\n<div class=\"width-container\">\n<div class=\"image-column\"><img decoding=\"async\" class=\"content-image lazyload\" data-src=\"https:\/\/transform.octanecdn.com\/crop\/700x650\/https:\/\/dynamix-cdn.s3.amazonaws.com\/jacobandcocom\/jacobandcocom_399741910.jpg\" alt=\"\" src=\"data:image\/gif;base64,R0lGODlhAQABAAAAACH5BAEKAAEALAAAAAABAAEAAAICTAEAOw==\"><\/div>\n<div class=\"content-column inview-cascade-fade-up inview\">\n<h2 class=\"section-title\">MOVIMENT<\/h2>\n<div class=\"content-container\">\n<p>El moviment cron\u00f2graf de rodes de columnes Swiss Made es considera la part superior de la l\u00ednia, ja que \u00e9s sofisticat i molt fiable. El moviment autom\u00e0tic de l&#8217;Epic X Chrono est\u00e0 semi-esqueletitzat, mostrant la seva naturalesa t\u00e8cnica a trav\u00e9s de l&#8217;esfera de cristall mineral que el cobreix.<\/p>\n<p>Controlats per dos polsadors (inici\/parada i reinici), els segons es compten amb la m\u00e0 central del cron\u00f2graf i els minuts es marquen amb el subesfera de la dreta.<\/p>\n<\/div>\n<div class=\"buttons-container\"><\/div>\n<\/div>\n<\/div>\n<\/section>\n<section id=\"case-crystal-332704\" class=\"layout-single-content-image\" data-page-id=\"332704\" data-theme=\"\" data-layout-id=\"6596\" data-title=\"CASE &amp; CRYSTAL\">\n<div class=\"width-container\">\n<div class=\"image-column\"><img decoding=\"async\" class=\"content-image lazyload\" data-src=\"https:\/\/transform.octanecdn.com\/crop\/700x650\/https:\/\/dynamix-cdn.s3.amazonaws.com\/jacobandcocom\/jacobandcocom_747564976.jpg\" alt=\"un rellotge al costat d'un rellotge\" src=\"data:image\/gif;base64,R0lGODlhAQABAAAAACH5BAEKAAEALAAAAAABAAEAAAICTAEAOw==\"><\/div>\n<div class=\"content-column inview-cascade-fade-up inview\">\n<h2 class=\"section-title\">CAIXA I CRISTAL<\/h2>\n<div class=\"content-container\">\n<p>La caixa de 47 mm de l&#8217;Epic X Chrono t\u00e9 un disseny atrevit, creant una forma de &#8220;X&#8221; amb les puntes prominents i despr\u00e9s travessant la caixa i les estructures arquitect\u00f2niques del moviment.<\/p>\n<p>La caixa compta amb un cristall de safir antireflectant, un bisell de cer\u00e0mica i polsadors de goma, una corona cargolada i un bisell giratori interior, controlat per la corona abatible a les 10 en punt.<\/p>\n<p>Resistent a l&#8217;aigua fins a 200 metres, l&#8217;Epic X Chrono \u00e9s un veritable rellotge esportiu que fa una declaraci\u00f3 contundent i est\u00e0 dissenyat per portar qualsevol cosa i tot el que puguis llan\u00e7ar.<\/p>\n<\/div>\n<div class=\"buttons-container\"><\/div>\n<\/div>\n<\/div>\n<\/section>\n<section id=\"the-dial-332705\" class=\"layout-single-content-image\" data-page-id=\"332705\" data-theme=\"\" data-layout-id=\"6596\" data-title=\"THE DIAL\">\n<div class=\"width-container\">\n<div class=\"image-column\"><img decoding=\"async\" class=\"content-image lazyload\" data-src=\"https:\/\/transform.octanecdn.com\/crop\/700x650\/https:\/\/dynamix-cdn.s3.amazonaws.com\/jacobandcocom\/jacobandcocom_937670011.jpg\" alt=\"\" src=\"data:image\/gif;base64,R0lGODlhAQABAAAAACH5BAEKAAEALAAAAAABAAEAAAICTAEAOw==\"><\/div>\n<div class=\"content-column inview-cascade-fade-up inview\">\n<h2 class=\"section-title\">EL DIAL<\/h2>\n<div class=\"content-container\">\n<p>L&#8217;Epic X Chrono t\u00e9 un disseny bi-compax, amb el subdial dret per als minuts del cron\u00f2graf i el subesfera esquerre per als segons corrents. L&#8217;esfera en si \u00e9s de cristall mineral de colors, cosa que permet veure el moviment del cron\u00f2graf de la roda de columnes a continuaci\u00f3.<\/p>\n<p>Les agulles de les hores i els minuts estan esqueletitzades i amb punta amb Super-LumiNova. La m\u00e0 central dels segons \u00e9s vermella, igual que la m\u00e0 del comptador de minuts.<\/p>\n<\/div>\n<div class=\"buttons-container\"><\/div>\n<\/div>\n<\/div>\n<\/section>\n<section id=\"at-a-glance--332706\" class=\"layout-single-content-image\" data-page-id=\"332706\" data-theme=\"\" data-layout-id=\"6596\" data-title=\"AT A GLANCE:\">\n<div class=\"width-container\">\n<div class=\"image-column\"><img decoding=\"async\" class=\"content-image lazyload\" data-src=\"https:\/\/transform.octanecdn.com\/crop\/700x650\/https:\/\/dynamix-cdn.s3.amazonaws.com\/jacobandcocom\/jacobandcocom_682595089.jpg\" alt=\"\" src=\"data:image\/gif;base64,R0lGODlhAQABAAAAACH5BAEKAAEALAAAAAABAAEAAAICTAEAOw==\"><\/div>\n<div class=\"content-column inview-cascade-fade-up inview\">\n<h2 class=\"section-title\">D&#8217;UN PULL D&#8217;ULL:<\/h2>\n<div class=\"content-container\">\n<p>Moviment cron\u00f2graf autom\u00e0tic semi-esqueletitzat amb roda de columnes<\/p>\n<p>Acabats detallats de gamma alta durant tot el moviment<\/p>\n<p>Esfera de cristall mineral de colors, exposant el moviment autom\u00e0tic a sota<\/p>\n<p>Cristall de safir antireflectant a la part davantera i posterior, de manera que el moviment d&#8217;alta rellotgeria es mostra completament<\/p>\n<p>Estoig atrevit i en forma de X de 47 mm<\/p>\n<p>Banda de goma perforada \u00fanica<\/p>\n<p>Disseny de cron\u00f2graf bi-compax<\/p>\n<p>Bisell giratori intern \u00fanic<\/p>\n<\/div>\n<\/div>\n<\/div>\n<\/section>\n","protected":false},"featured_media":26731,"comment_status":"open","ping_status":"closed","template":"","meta":{"om_disable_all_campaigns":false,"_monsterinsights_skip_tracking":false,"_monsterinsights_sitenote_active":false,"_monsterinsights_sitenote_note":"","_monsterinsights_sitenote_category":0},"product_brand":[],"product_cat":[411],"product_tag":[425,426,422],"giftcard-category":[],"class_list":{"0":"post-26988","1":"product","2":"type-product","3":"status-publish","4":"has-post-thumbnail","6":"product_cat-jacob-co","7":"product_tag-rellotges-desquelet","8":"product_tag-rellotges-de-super-luxe","9":"product_tag-rellotges-de-vestir","11":"first","12":"instock","13":"taxable","14":"shipping-taxable","15":"purchasable","16":"product-type-simple"},"aioseo_notices":[],"_links":{"self":[{"href":"https:\/\/raritywatches.com\/ca\/wp-json\/wp\/v2\/product\/26988","targetHints":{"allow":["GET"]}}],"collection":[{"href":"https:\/\/raritywatches.com\/ca\/wp-json\/wp\/v2\/product"}],"about":[{"href":"https:\/\/raritywatches.com\/ca\/wp-json\/wp\/v2\/types\/product"}],"replies":[{"embeddable":true,"href":"https:\/\/raritywatches.com\/ca\/wp-json\/wp\/v2\/comments?post=26988"}],"version-history":[{"count":1,"href":"https:\/\/raritywatches.com\/ca\/wp-json\/wp\/v2\/product\/26988\/revisions"}],"predecessor-version":[{"id":27779,"href":"https:\/\/raritywatches.com\/ca\/wp-json\/wp\/v2\/product\/26988\/revisions\/27779"}],"wp:featuredmedia":[{"embeddable":true,"href":"https:\/\/raritywatches.com\/ca\/wp-json\/wp\/v2\/media\/26731"}],"wp:attachment":[{"href":"https:\/\/raritywatches.com\/ca\/wp-json\/wp\/v2\/media?parent=26988"}],"wp:term":[{"taxonomy":"product_brand","embeddable":true,"href":"https:\/\/raritywatches.com\/ca\/wp-json\/wp\/v2\/product_brand?post=26988"},{"taxonomy":"product_cat","embeddable":true,"href":"https:\/\/raritywatches.com\/ca\/wp-json\/wp\/v2\/product_cat?post=26988"},{"taxonomy":"product_tag","embeddable":true,"href":"https:\/\/raritywatches.com\/ca\/wp-json\/wp\/v2\/product_tag?post=26988"},{"taxonomy":"giftcard-category","embeddable":true,"href":"https:\/\/raritywatches.com\/ca\/wp-json\/wp\/v2\/giftcard-category?post=26988"}],"curies":[{"name":"wp","href":"https:\/\/api.w.org\/{rel}","templated":true}]}}