{"id":26412,"date":"2023-01-10T11:19:34","date_gmt":"2023-01-10T10:19:34","guid":{"rendered":"https:\/\/raritywatches.com\/product\/epos-3441-dd\/"},"modified":"2023-01-31T07:53:14","modified_gmt":"2023-01-31T07:53:14","slug":"epos-3441-dd","status":"publish","type":"product","link":"https:\/\/raritywatches.com\/ca\/producte\/epos-3441-dd\/","title":{"rendered":"Epos 3441 DD"},"content":{"rendered":"","protected":false},"excerpt":{"rendered":"<p>Rellotge de busseig autom\u00e0tic ple de funcions amb indicaci\u00f3 de dies laborables, bisell de cer\u00e0mica i v\u00e0lvula d&#8217;heli.<\/p>\n","protected":false},"featured_media":26407,"comment_status":"open","ping_status":"closed","template":"","meta":{"om_disable_all_campaigns":false,"_monsterinsights_skip_tracking":false,"_monsterinsights_sitenote_active":false,"_monsterinsights_sitenote_note":"","_monsterinsights_sitenote_category":0},"product_brand":[],"product_cat":[351],"product_tag":[436],"giftcard-category":[],"class_list":{"0":"post-26412","1":"product","2":"type-product","3":"status-publish","4":"has-post-thumbnail","6":"product_cat-epos-ca","7":"product_tag-rellotges-de-busseig","9":"first","10":"instock","11":"taxable","12":"shipping-taxable","13":"purchasable","14":"product-type-simple"},"aioseo_notices":[],"_links":{"self":[{"href":"https:\/\/raritywatches.com\/ca\/wp-json\/wp\/v2\/product\/26412","targetHints":{"allow":["GET"]}}],"collection":[{"href":"https:\/\/raritywatches.com\/ca\/wp-json\/wp\/v2\/product"}],"about":[{"href":"https:\/\/raritywatches.com\/ca\/wp-json\/wp\/v2\/types\/product"}],"replies":[{"embeddable":true,"href":"https:\/\/raritywatches.com\/ca\/wp-json\/wp\/v2\/comments?post=26412"}],"version-history":[{"count":1,"href":"https:\/\/raritywatches.com\/ca\/wp-json\/wp\/v2\/product\/26412\/revisions"}],"predecessor-version":[{"id":26414,"href":"https:\/\/raritywatches.com\/ca\/wp-json\/wp\/v2\/product\/26412\/revisions\/26414"}],"wp:featuredmedia":[{"embeddable":true,"href":"https:\/\/raritywatches.com\/ca\/wp-json\/wp\/v2\/media\/26407"}],"wp:attachment":[{"href":"https:\/\/raritywatches.com\/ca\/wp-json\/wp\/v2\/media?parent=26412"}],"wp:term":[{"taxonomy":"product_brand","embeddable":true,"href":"https:\/\/raritywatches.com\/ca\/wp-json\/wp\/v2\/product_brand?post=26412"},{"taxonomy":"product_cat","embeddable":true,"href":"https:\/\/raritywatches.com\/ca\/wp-json\/wp\/v2\/product_cat?post=26412"},{"taxonomy":"product_tag","embeddable":true,"href":"https:\/\/raritywatches.com\/ca\/wp-json\/wp\/v2\/product_tag?post=26412"},{"taxonomy":"giftcard-category","embeddable":true,"href":"https:\/\/raritywatches.com\/ca\/wp-json\/wp\/v2\/giftcard-category?post=26412"}],"curies":[{"name":"wp","href":"https:\/\/api.w.org\/{rel}","templated":true}]}}