{"id":26332,"date":"2023-01-10T10:39:25","date_gmt":"2023-01-10T09:39:25","guid":{"rendered":"https:\/\/raritywatches.com\/product\/epos-3435-verso-2-2\/"},"modified":"2025-04-26T07:06:38","modified_gmt":"2025-04-26T06:06:38","slug":"epos-3435-verso-2-2","status":"publish","type":"product","link":"https:\/\/raritywatches.com\/ca\/producte\/epos-3435-verso-2-2\/","title":{"rendered":"Epos 3435 Verso 2"},"content":{"rendered":"","protected":false},"excerpt":{"rendered":"<p>Rellotge d&#8217;edici\u00f3 limitada de mig esquelet amb esfera de tres parts, modificaci\u00f3 interna &#8220;Verso&#8221; i puls\u00f2metre a la part posterior.<\/p>\n","protected":false},"featured_media":25306,"comment_status":"open","ping_status":"closed","template":"","meta":{"om_disable_all_campaigns":false,"_monsterinsights_skip_tracking":false,"_monsterinsights_sitenote_active":false,"_monsterinsights_sitenote_note":"","_monsterinsights_sitenote_category":0},"product_brand":[],"product_cat":[351],"product_tag":[425,422],"giftcard-category":[],"class_list":{"0":"post-26332","1":"product","2":"type-product","3":"status-publish","4":"has-post-thumbnail","6":"product_cat-epos-ca","7":"product_tag-rellotges-desquelet","8":"product_tag-rellotges-de-vestir","10":"first","11":"instock","12":"taxable","13":"shipping-taxable","14":"purchasable","15":"product-type-simple"},"aioseo_notices":[],"_links":{"self":[{"href":"https:\/\/raritywatches.com\/ca\/wp-json\/wp\/v2\/product\/26332","targetHints":{"allow":["GET"]}}],"collection":[{"href":"https:\/\/raritywatches.com\/ca\/wp-json\/wp\/v2\/product"}],"about":[{"href":"https:\/\/raritywatches.com\/ca\/wp-json\/wp\/v2\/types\/product"}],"replies":[{"embeddable":true,"href":"https:\/\/raritywatches.com\/ca\/wp-json\/wp\/v2\/comments?post=26332"}],"version-history":[{"count":1,"href":"https:\/\/raritywatches.com\/ca\/wp-json\/wp\/v2\/product\/26332\/revisions"}],"predecessor-version":[{"id":26335,"href":"https:\/\/raritywatches.com\/ca\/wp-json\/wp\/v2\/product\/26332\/revisions\/26335"}],"wp:featuredmedia":[{"embeddable":true,"href":"https:\/\/raritywatches.com\/ca\/wp-json\/wp\/v2\/media\/25306"}],"wp:attachment":[{"href":"https:\/\/raritywatches.com\/ca\/wp-json\/wp\/v2\/media?parent=26332"}],"wp:term":[{"taxonomy":"product_brand","embeddable":true,"href":"https:\/\/raritywatches.com\/ca\/wp-json\/wp\/v2\/product_brand?post=26332"},{"taxonomy":"product_cat","embeddable":true,"href":"https:\/\/raritywatches.com\/ca\/wp-json\/wp\/v2\/product_cat?post=26332"},{"taxonomy":"product_tag","embeddable":true,"href":"https:\/\/raritywatches.com\/ca\/wp-json\/wp\/v2\/product_tag?post=26332"},{"taxonomy":"giftcard-category","embeddable":true,"href":"https:\/\/raritywatches.com\/ca\/wp-json\/wp\/v2\/giftcard-category?post=26332"}],"curies":[{"name":"wp","href":"https:\/\/api.w.org\/{rel}","templated":true}]}}