{"id":26285,"date":"2023-01-03T13:43:37","date_gmt":"2023-01-03T12:43:37","guid":{"rendered":"https:\/\/raritywatches.com\/product\/jean-bugatti-or-rosa\/"},"modified":"2023-01-31T07:58:44","modified_gmt":"2023-01-31T07:58:44","slug":"jean-bugatti-rose-gold","status":"publish","type":"product","link":"https:\/\/raritywatches.com\/ca\/producte\/jean-bugatti-rose-gold\/","title":{"rendered":"Jacob &amp; Co Jean Bugatti Rose Gold"},"content":{"rendered":"","protected":false},"excerpt":{"rendered":"<h2 class=\"section-title\">HIST\u00d2RIA<\/h2>\n<div class=\"content-container\">\n<p><span lang=\"EN-GB\">Despr\u00e9s de llan\u00e7ar rellotges tan superlatius com el Chiron o el Twin Turbo Furious Bugatti, tots relacionats amb la hist\u00f2ria contempor\u00e0nia de Bugatti, Jacob &amp; Co. va decidir explorar una altra faceta del llegat de la marca d&#8217;hipercotxes. L&#8217;edici\u00f3 limitada d&#8217;or rosa del Jean Bugatti celebra un innovador extraordinari i les seves interpretacions avantguardistes i art\u00edstiques de l&#8217;automoci\u00f3. <\/span><\/p>\n<p><span lang=\"EN-GB\">Jean Bugatti era el fill gran del fundador Ettore Bugatti. Nascut el 1909, el mateix any en qu\u00e8 Ettore va establir la seva nova empresa a Molsheim, Als\u00e0cia, al nord-est de Fran\u00e7a. De petit, a Jean li agradava veure com el seu pare i els dibuixants dissenyaven i es desenvolupaven. Sovint corria en secret per les instal\u00b7lacions de producci\u00f3 veient com els dibuixos cobraven vida. Jove, curi\u00f3s i experimental com era, el franc\u00e8s de postguerra &#8220;Ann\u00e9es Folles&#8221; (anys bojos) va tenir una gran influ\u00e8ncia en ell. Visitaria el seu avi Carlo, que des del 1875 era membre de l&#8217;Acad\u00e9mie des Beaux Arts de Par\u00eds, tantes vegades com podia a la capital francesa. A Carlo Bugatti li agradava barrejar materials, cultures i estils en els seus mobles i artefactes decoratius, inspirant a Jean a fer el mateix en els seus dissenys d&#8217;autom\u00f2bils. <\/span><\/p>\n<p><span lang=\"EN-GB\">Aix\u00f2 va donar lloc a obres mestres com la s\u00e8rie duoton Type 50, el Type 41 Royale amb la dist\u00e0ncia entre eixos m\u00e9s llarga de la hist\u00f2ria i el Type 57SC Atlantic, el cotxe de col\u00b7leccionista m\u00e9s car del m\u00f3n. L&#8217;Atl\u00e0ntic tenia un cap\u00f3 extremadament llarg i una part posterior de forma ovalada que s&#8217;estenia gaireb\u00e9 fins a terra, del qual sobresurten sis tubs d&#8217;escapament prims. La caracter\u00edstica de disseny destacada era la costura elevada de l&#8217;Atl\u00e0ntic que anava verticalment des de la frontissa del cap\u00f3 dividit fins a la cua. Proporcions desconegudes en el m\u00f3n de l&#8217;automoci\u00f3 de l&#8217;\u00e8poca.<\/span><\/p>\n<\/div>\n<h2 class=\"section-title\">SOBRE LA COL\u00b7LABORACI\u00d3<\/h2>\n<div class=\"content-container\">\n<p><span lang=\"EN-GB\">El 2019, Bugatti i Jacob &amp; Co. van signar una associaci\u00f3 de diversos anys per crear rellotges \u00fanics i mai vists. Aquests rellotges s\u00f3n fidels a l&#8217;esperit d&#8217;ambdues empreses, alhora que porten la rellotgeria a cotes impossibles.<\/span><\/p>\n<p><span lang=\"EN-GB\">Per inaugurar aquesta associaci\u00f3 liderada per la performance, es van crear dos rellotges. Aquests rellotges, basats en el Twin Turbo Furious i l&#8217;Epic X Chrono, es van inspirar directament en el disseny i l&#8217;esperit \u00fanics dels hipercotxes Bugatti.<\/span><\/p>\n<p><span lang=\"EN-GB\">El 2020, Jacob &amp; Co. i Bugatti van presentar nous rellotges a la col\u00b7lecci\u00f3 Twin Turbo Furious i el Bugatti Chiron, una l\u00ednia completament nova. El 2022, aquesta associaci\u00f3 afegeix una faceta hist\u00f2rica, cl\u00e0ssica i encara d&#8217;alt rendiment amb el Jean Bugatti.<\/span><\/p>\n<\/div>\n<h2 class=\"section-title\">DISPOSICI\u00d3 SINGULAR<\/h2>\n<div class=\"content-container\">\n<p><span lang=\"EN-GB\">El sentit del disseny de l&#8217;autom\u00f2bil de Jean Bugatti estava definitivament fora de la caixa. Tamb\u00e9 ho \u00e9s l&#8217;aparici\u00f3 del rellotge hom\u00f2nim. Pot semblar cl\u00e0ssic, per\u00f2 com era d&#8217;esperar de Jacob &amp; Co., realment no ho \u00e9s. Amb dues grans obertures a les 5 i 7 en punt sota discs de safir fumat, amb les mans apuntant en una direcci\u00f3 que no t\u00e9 sentit aparent, amb una gran obertura vertical a les 6 en punt, el Jean Bugatti \u00e9s desconcertant, potser engany\u00f3s. <\/span><\/p>\n<p><span lang=\"EN-GB\">Apuntant cap a dins, situades a la vora exterior de l&#8217;esfera, dues agulles curtes i vermelles indiquen les hores i els minuts. El parell d&#8217;agulles curtes i blaves ancorades al centre de l&#8217;esfera s\u00f3n les agulles del cron\u00f2graf. El primer, m\u00e9s llarg, representa les unitats del segon del cron\u00f2graf. L&#8217;altre s&#8217;encarrega de les desenes del segon del cron\u00f2graf. Les dues obertures del dial, a les 5 i a les 7, alberguen un parell de tourbillons voladors d&#8217;un minut. <\/span><\/p>\n<\/div>\n<h2 class=\"section-title\">DOBLE RETROGR\u00c0 I CRON\u00d2GRAF DIGITAL<\/h2>\n<div class=\"content-container\">\n<p><span lang=\"EN-GB\">El Jean Bugatti compta amb un cron\u00f2graf la disposici\u00f3, les funcions i el rendiment del qual s\u00f3n sens dubte \u00fanics. Els seus segons de cron\u00f2graf s\u00f3n doblement retr\u00f2grads. Els minuts del cron\u00f2graf s\u00f3n digitals i saltants. Tots dos es basen en un \u00f2rgan regulador separat d&#8217;alta freq\u00fc\u00e8ncia de 5 Hz amb un can\u00f3 dedicat. La seva acci\u00f3 est\u00e0 coordinada per una roda de columnes amb embragatge horitzontal.<\/span><\/p>\n<p><span lang=\"EN-GB\">Es basa en les agulles situades al centre del rellotge. Quan s&#8217;activa el polsador d&#8217;arrencada\/parada, la primera m\u00e0 comen\u00e7a a moure&#8217;s de 0 a 10. Quan arriba a 10, salta cap enrere fins a 0 i comen\u00e7a el seu curs de nou. Mentrestant, l&#8217;altra m\u00e0 ha saltat endavant, de 00 a 01. La seq\u00fc\u00e8ncia es repeteix mentre el cron\u00f2graf estigui en funcionament. Despr\u00e9s de 59 segons, la m\u00e0 m\u00e9s curta arriba a 60 i salta cap enrere fins a 00. En aquell moment, al medall\u00f3 oval de les 6, un disc amb n\u00fameros daurats ha saltat instant\u00e0niament del 00 al 01. <\/span><\/p>\n<p><span lang=\"EN-GB\">A m\u00e9s, quan el cron\u00f2graf s&#8217;atura i es reinicia, les mans dels segons no salten cap enrere a l&#8217;instant. Continuen lentament el seu curs cap a la seva posici\u00f3 final, i nom\u00e9s llavors poden fer el seu darrer salt retr\u00f2grad. Aquesta \u00e9s una de les moltes caracter\u00edstiques \u00faniques del Jean Bugatti.<\/span><\/p>\n<\/div>\n<h2 class=\"section-title\">TOURBILLONS VOLANTS BESOS<\/h2>\n<div class=\"content-container\">\n<p><span lang=\"EN-GB\">Les dues obertures del dial de Jean Bugatti alberguen un parell de tourbillons d&#8217;un minut. Situats sota un cristall de safir fumat, integren una caracter\u00edstica de disseny que millora encara m\u00e9s la naturalesa Buatti d&#8217;aquest rellotge. Una g\u00e0bia de tourbillon de Jacob &amp; Co. es pot modificar de moltes maneres per transmetre un missatge de disseny. En aquest cas, se li ha donat la forma del logotip de Bugatti EB. Aquest component est\u00e0 fabricat en acer perfectament polit. <\/span><\/p>\n<p><span lang=\"EN-GB\">Com que nom\u00e9s estan subjectes als seus suports, aquests dos sistemes giratoris s\u00f3n tourbillons voladors. El seu per\u00edode de rotaci\u00f3 \u00e9s d&#8217;un minut cl\u00e0ssic i la freq\u00fc\u00e8ncia del volant que alberguen \u00e9s de 3 Hz. <\/span><\/p>\n<\/div>\n<h2 class=\"section-title\">MOVIMENT<\/h2>\n<div class=\"content-container\">\n<p><span lang=\"EN-GB\">El calibre JCFM09 ha estat desenvolupat exclusivament per al Jean Bugatti. Est\u00e0 format per un total de 470 components. Aquest nombre inusualment elevat \u00e9s una conseq\u00fc\u00e8ncia directa de les complicacions avan\u00e7ades i de l&#8217;estructura dual del moviment. A la mateixa placa principal, coexisteixen dos sistemes diferents i interconnectats. Una \u00e9s la part de cronometratge, amb un can\u00f3 dedicat, tren d&#8217;engranatges, tourbillons bessons, tots els quals condueixen la visualitzaci\u00f3 de l&#8217;hora perif\u00e8rica. <\/span><\/p>\n<p><span lang=\"EN-GB\">L&#8217;altra \u00e9s la part del cron\u00f2graf. Posseeix el seu propi can\u00f3, vinculat a un \u00f2rgan regulador dedicat, que oscil\u00b7la a 36.000 pulsacions per hora, o 5 Hz. Quan l&#8217;accionen els polsadors, el volant assoleix immediatament la seva amplitud i freq\u00fc\u00e8ncia \u00f2ptimes per conduir les agulles del cron\u00f2graf amb la m\u00e0xima precisi\u00f3.<\/span><\/p>\n<p><span lang=\"EN-GB\">La impressi\u00f3 gr\u00e0fica que deixa el calibre JCFM09 \u00e9s impressionant. Els components calats estan molt polits i bisellats. Destaquen sobre el tel\u00f3 de fons d&#8217;una placa principal de gra circular, tota enfosquida. Un bosc de molles, palanques, embragatges i impressionants ponts polits amb miralls creen un entorn t\u00e8cnic dens. En aquest sentit, com en molts altres, el Jean Bugatti \u00e9s un rellotge per contemplar. <\/span><\/p>\n<\/div>\n<h2 class=\"section-title\">ESFERA ORNAT<\/h2>\n<div class=\"content-container\">\n<p><span lang=\"EN-GB\">El Jean Bugatti alberga una esfera que no s&#8217;ha vist en els 20 anys de rellotgeria de Jacob &amp; Co. Una base lacada en blanc crema est\u00e0 equipada amb un parell d&#8217;aplicacions banyades en or rosa. Defineixen un sector de 225\u00b0 pel qual circulen les agulles del cron\u00f2graf. Es complementen amb n\u00fameros ar\u00e0bics aplicats que actuen com a escala. El m\u00e9s exterior va de 0 a 10 i l&#8217;altre, a l&#8217;interior, va de 00 a 60.<\/span><\/p>\n<p><span lang=\"EN-GB\">La frontera entre la superf\u00edcie de l&#8217;esfera i les tres obertures entre les 5 i les 7 en punt est\u00e0 marcada per un altre aplic d&#8217;or rosa. Defineix les zones on es troben els tourbillons i els minuts del cron\u00f2graf digital.<\/span><\/p>\n<p><span lang=\"EN-GB\">Un aplic lacat i xapat en or rosa es troba just a sota de les agulles del cron\u00f2graf, que recorda l&#8217;ess\u00e8ncia Bugatti del Jean Bugatti.<\/span><\/p>\n<\/div>\n<h2 class=\"section-title\">CAIXA I CRISTAL<\/h2>\n<div class=\"content-container\">\n<p><span lang=\"EN-GB\">El Jean Bugatti est\u00e0 fabricat amb or rosa de 18 quilates. El metall preci\u00f3s est\u00e0 polit a tot arreu i en forma d&#8217;una caixa rodona, amb un bisell arrodonit, unes agulles curtes arrodonides i elaborades per a una facilitat d&#8217;\u00fas \u00f2ptima. <\/span><\/p>\n<p><span lang=\"EN-GB\">La caixa de Jean Bugatti mesura 46 mm de di\u00e0metre i 16 mm de gruix. El seu vidre de safir t\u00e9 forma de c\u00fapula, les corbes de la qual s\u00f3n una prolongaci\u00f3 de la bisell i la caixa. El fons de la caixa est\u00e0 equipat amb un cristall de safir transparent i ofereix una visi\u00f3 sense obstruccions del calibre JCFM09.<\/span><\/p>\n<\/div>\n","protected":false},"featured_media":25852,"comment_status":"open","ping_status":"closed","template":"","meta":{"om_disable_all_campaigns":false,"_monsterinsights_skip_tracking":false,"_monsterinsights_sitenote_active":false,"_monsterinsights_sitenote_note":"","_monsterinsights_sitenote_category":0},"product_brand":[],"product_cat":[411],"product_tag":[429,426],"giftcard-category":[],"class_list":{"0":"post-26285","1":"product","2":"type-product","3":"status-publish","4":"has-post-thumbnail","6":"product_cat-jacob-co","7":"product_tag-edicio-limitada","8":"product_tag-rellotges-de-super-luxe","10":"first","11":"instock","12":"taxable","13":"shipping-taxable","14":"purchasable","15":"product-type-simple"},"aioseo_notices":[],"_links":{"self":[{"href":"https:\/\/raritywatches.com\/ca\/wp-json\/wp\/v2\/product\/26285","targetHints":{"allow":["GET"]}}],"collection":[{"href":"https:\/\/raritywatches.com\/ca\/wp-json\/wp\/v2\/product"}],"about":[{"href":"https:\/\/raritywatches.com\/ca\/wp-json\/wp\/v2\/types\/product"}],"replies":[{"embeddable":true,"href":"https:\/\/raritywatches.com\/ca\/wp-json\/wp\/v2\/comments?post=26285"}],"version-history":[{"count":2,"href":"https:\/\/raritywatches.com\/ca\/wp-json\/wp\/v2\/product\/26285\/revisions"}],"predecessor-version":[{"id":27010,"href":"https:\/\/raritywatches.com\/ca\/wp-json\/wp\/v2\/product\/26285\/revisions\/27010"}],"wp:featuredmedia":[{"embeddable":true,"href":"https:\/\/raritywatches.com\/ca\/wp-json\/wp\/v2\/media\/25852"}],"wp:attachment":[{"href":"https:\/\/raritywatches.com\/ca\/wp-json\/wp\/v2\/media?parent=26285"}],"wp:term":[{"taxonomy":"product_brand","embeddable":true,"href":"https:\/\/raritywatches.com\/ca\/wp-json\/wp\/v2\/product_brand?post=26285"},{"taxonomy":"product_cat","embeddable":true,"href":"https:\/\/raritywatches.com\/ca\/wp-json\/wp\/v2\/product_cat?post=26285"},{"taxonomy":"product_tag","embeddable":true,"href":"https:\/\/raritywatches.com\/ca\/wp-json\/wp\/v2\/product_tag?post=26285"},{"taxonomy":"giftcard-category","embeddable":true,"href":"https:\/\/raritywatches.com\/ca\/wp-json\/wp\/v2\/giftcard-category?post=26285"}],"curies":[{"name":"wp","href":"https:\/\/api.w.org\/{rel}","templated":true}]}}