{"id":26262,"date":"2023-01-03T13:15:00","date_gmt":"2023-01-03T12:15:00","guid":{"rendered":"https:\/\/raritywatches.com\/product\/epic-x-chrono-messi-full-baguette\/"},"modified":"2025-12-08T05:55:39","modified_gmt":"2025-12-08T04:55:39","slug":"epic-x-chrono-messi-full-baguette","status":"publish","type":"product","link":"https:\/\/raritywatches.com\/ca\/producte\/epic-x-chrono-messi-full-baguette\/","title":{"rendered":"Jacob &amp; Co Epic X Chrono Messi Full Baguette"},"content":{"rendered":"","protected":false},"excerpt":{"rendered":"<h2 class=\"section-title\">Hist\u00f2ria<\/h2>\n<div class=\"content-container\">\n<p>Si el vostre objectiu \u00e9s passar el dia desapercebut, el nou Epic X Chrono Messi Full Baguette definitivament NO \u00e9s per a vosaltres.<\/p>\n<p>Aquest \u00e9s el segon any que Jacob &amp; Co. s&#8217;associa amb el futbolista Lionel Messi en una col\u00b7lecci\u00f3 exclusiva de rellotges d&#8217;edici\u00f3 limitada. El GOAT marca tend\u00e8ncies, sobretot pel que fa als rellotges, i aquesta nova pe\u00e7a \u00fanica \u00e9s for\u00e7a sorprenent.<\/p>\n<p>La col\u00b7lecci\u00f3 actual inclou un Epic X Chrono Messi de titani, un model en or rosa i una versi\u00f3 en or blanc i baguette. Ara, aquesta pe\u00e7a \u00fanica eleva el llist\u00f3, amb gaireb\u00e9 totes les superf\u00edcies disponibles amb pedres precioses.<\/p>\n<p>La caixa i les anelles d&#8217;or blanc de 18 quilates de 47 mm estan engastades amb un total de 141 quirats de diamants Baguette, amb les corones engastades amb diamants rodons \u00fanics. Fins i tot l&#8217;esfera de cristall mineral blau est\u00e0 adornada amb diamants, robins i safirs, mentre que el fermall de la corretja de goma oberta o de caiman tamb\u00e9 est\u00e0 engastat amb diamants baguette.<\/p>\n<p>Els diamants, els robins i els safirs posen aquesta pe\u00e7a en una companyia enriquida, ja que els experts en muntadors de diamants Jacob &amp; Co. s\u00f3n inigualables a la ind\u00fastria del rellotge i la joieria. Es tracta d&#8217;un <em>recorregut de for\u00e7a<\/em> de l&#8217;art de la col\u00b7locaci\u00f3 de joies, ja que les pedres precioses complementen l&#8217;atrevit estil en forma de X de l&#8217;Epic X Chrono en lloc de desbordar. Encara es pot apreciar l&#8217;estructura de la caixa \u00fanica d&#8217;or blanc, fent una declaraci\u00f3 al canell.<\/p>\n<\/div>\n<h2 class=\"section-title\">Associaci\u00f3<\/h2>\n<div class=\"content-container\">\n<p>Lionel Messi, el golejador m\u00e9s prol\u00edfic del futbol i, sens dubte, el millor jugador de futbol modern, podria haver escollit qualsevol empresa de rellotges del m\u00f3n per treballar, i va triar Jacob &amp; Co., la marca m\u00e9s creativa de l&#8217;alta rellotgeria. Va dir a Jacob Arabo, el fundador de Jacob &amp; Co., quan es va finalitzar l&#8217;associaci\u00f3: &#8220;Seguir\u00e9 intentant fer el millor possible al camp i junts realitzarem la nostra visi\u00f3&#8221;.<\/p>\n<p>Aquesta associaci\u00f3 a llarg termini entre dos l\u00edders dels seus respectius camps ja ha creat tres edicions limitades de l&#8217;Epic X Chrono Messi, que incorpora els colors de la bandera argentina, el fam\u00f3s n\u00famero 10 de Messi, el seu logotip estilitzat &#8220;M&#8221; i la seva signatura a la fons de caixa.<\/p>\n<p>Elogiat a nivell mundial per la seva incre\u00efble precisi\u00f3 i velocitat en el bell joc i seguit pel seu estil de vida que marca tend\u00e8ncies, Messi va treballar estretament amb Jacob &amp; Co, donant la seva aportaci\u00f3 personal i les seves marques comercials \u00faniques quan va dissenyar l&#8217;Epic X Chrono &#8220;Messi&#8221; Limited Edition.<\/p>\n<p>&#8220;A Jacob &amp; Co., ens assegurem que ens associem amb els millors del m\u00f3n, o no ens associem en absolut&#8221;, diu Jacob Arabo, fundador de Jacob &amp; Co. &#8220;Amb Messi i l&#8217;Epic X Chrono, sens dubte ho hem aconseguit&#8221;.<\/p>\n<\/div>\n<h2 class=\"section-title\">TOQUES \u00daNICS DE MESSI<\/h2>\n<div class=\"content-container\">\n<p>Aquesta associaci\u00f3 a llarg termini entre dos l\u00edders dels seus respectius camps ha creat edicions limitades i peces \u00faniques basades en l&#8217;Epic X Chrono.<\/p>\n<p>A cada rellotge hi ha els colors blau i blanc de la bandera de l&#8217;Argentina, el pa\u00eds natal de Messi.<\/p>\n<p>El fam\u00f3s n\u00famero 10 de Messi est\u00e0 ressaltat en vermell al bisell i el seu logotip estilitzat &#8220;M&#8221; es troba a la posici\u00f3 de les sis del dial. I amb un toc especial, la signatura de Messi es troba al fons de l&#8217;exhibici\u00f3.<\/p>\n<\/div>\n<p>&nbsp;<\/p>\n<h2 class=\"section-title\">L&#8217;\u00c8PIC X CRONO<\/h2>\n<div class=\"content-container\">\n<p>Jacob &amp; Co. va dissenyar l&#8217;Epic X per ser el veritable rellotge esportiu de la seva col\u00b7lecci\u00f3, aix\u00ed que quin millor rellotge per dedicar-lo a Lionel Messi?<\/p>\n<p>Aquest rellotge \u00e9s aspre i llest, amb resist\u00e8ncia als cops integrada, resist\u00e8ncia a l&#8217;aigua fins a 200 metres i un moviment cron\u00f2graf de roda de columnes d&#8217;alta rellotgeria. El disseny bi-compax presenta dos subesferes de cron\u00f2graf a l&#8217;esfera de cristall mineral, que mostra el moviment semi-esqueletitzat. Un cristall de safir antireflectant ho protegeix tot, davant i darrere.<\/p>\n<\/div>\n<h2 class=\"section-title\">PE\u00c7A \u00daNICA<\/h2>\n<div class=\"content-container\">\n<p>Aquest rellotge \u00fanic t\u00e9 els tocs de Messi, incl\u00f2s el seu logotip, la M estilitzada, a l&#8217;esfera a les sis en punt, i la seva signatura al vidre de safir a la part posterior del rellotge.<\/p>\n<p>Lionel Messi sap el que \u00e9s girar el cap all\u00e0 on va. Si portes aquest rellotge, tu tamb\u00e9 pots.<\/p>\n<\/div>\n<h2 class=\"section-title\">MOVIMENT<\/h2>\n<div class=\"content-container\">\n<p>El moviment d&#8217;alta qualitat \u00e9s un moviment de cron\u00f2graf de rodes de columnes fabricat en Su\u00efssa, parcialment esqueletitzat. Controlats per dos polsadors (inici\/parada i reinici), els segons es compten amb la m\u00e0 central del cron\u00f2graf i els minuts es marquen amb el subesfera de la dreta.<\/p>\n<\/div>\n<h2 class=\"section-title\">CAIXA DE DIAMANT<\/h2>\n<div class=\"content-container\">\n<p>La caixa de titani i or blanc de 47 mm inclou un cristall de safir antireflectant, un bisell de cer\u00e0mica i polsadors de goma. Resistent a l&#8217;aigua fins a 200 metres, la caixa tamb\u00e9 t\u00e9 una corona cargolada i un bisell giratori interior, controlat per la corona push-down a les 10 h. Cada superf\u00edcie disponible de la caixa i el bisell est\u00e0 engastada a m\u00e0 amb diamants blancs tallats en baguette.<\/p>\n<\/div>\n<h2 class=\"section-title\">ESFER I MANS<\/h2>\n<div class=\"content-container\">\n<p>L&#8217;Epic X Chrono Messi Full Baguette t\u00e9 un disseny bi-compax, amb el subdial dret per als minuts del cron\u00f2graf i el subesfera esquerre per als segons corrents. L&#8217;esfera en si \u00e9s de cristall mineral de colors, cosa que permet veure el moviment del cron\u00f2graf de la roda de columnes a continuaci\u00f3.<\/p>\n<p>Les agulles esqueletitzades completen el car\u00e0cter transparent de l&#8217;esfera.<\/p>\n<p>El bisell interior de l&#8217;Epic X Chrono Messi Full Baguette est\u00e0 engastat amb diamants i pedres precioses de colors, i les l\u00ednies &#8220;X&#8221; de l&#8217;esfera estan engastades amb diamants tallats en baguette.<\/p>\n<\/div>\n<h2 class=\"section-title\">D&#8217;UN ULL<\/h2>\n<div class=\"content-container\">\n<p>Moviment de cron\u00f2graf de roda de columnes de fabricaci\u00f3 su\u00efssa<\/p>\n<p>Colors blau i blanc per a l&#8217;Argentina, el pa\u00eds natal de Messi<\/p>\n<p>El fam\u00f3s n\u00famero 10 de Messi destacat en vermell al bisell<\/p>\n<p>El logotip &#8220;M&#8221; estilitzat de Messi a la posici\u00f3 de les sis<\/p>\n<p>Signatura de Messi al fons de l&#8217;exhibici\u00f3<\/p>\n<p>Caixa de titani de 47 mm<\/p>\n<p>Cada superf\u00edcie disponible de la caixa, el bisell interior i el dial estan enganxats a m\u00e0 amb diamants blancs tallats en baguette i pedres precioses de colors<\/p>\n<p>Doble vidre de safir antireflectant<\/p>\n<p>Resistent a l&#8217;aigua fins a 200 metres<\/p>\n<\/div>\n","protected":false},"featured_media":25783,"comment_status":"open","ping_status":"closed","template":"","meta":{"om_disable_all_campaigns":false,"_monsterinsights_skip_tracking":false,"_monsterinsights_sitenote_active":false,"_monsterinsights_sitenote_note":"","_monsterinsights_sitenote_category":0},"product_brand":[],"product_cat":[411],"product_tag":[],"giftcard-category":[],"class_list":{"0":"post-26262","1":"product","2":"type-product","3":"status-publish","4":"has-post-thumbnail","6":"product_cat-jacob-co","8":"first","9":"outofstock","10":"taxable","11":"shipping-taxable","12":"product-type-simple"},"aioseo_notices":[],"_links":{"self":[{"href":"https:\/\/raritywatches.com\/ca\/wp-json\/wp\/v2\/product\/26262","targetHints":{"allow":["GET"]}}],"collection":[{"href":"https:\/\/raritywatches.com\/ca\/wp-json\/wp\/v2\/product"}],"about":[{"href":"https:\/\/raritywatches.com\/ca\/wp-json\/wp\/v2\/types\/product"}],"replies":[{"embeddable":true,"href":"https:\/\/raritywatches.com\/ca\/wp-json\/wp\/v2\/comments?post=26262"}],"version-history":[{"count":2,"href":"https:\/\/raritywatches.com\/ca\/wp-json\/wp\/v2\/product\/26262\/revisions"}],"predecessor-version":[{"id":26958,"href":"https:\/\/raritywatches.com\/ca\/wp-json\/wp\/v2\/product\/26262\/revisions\/26958"}],"wp:featuredmedia":[{"embeddable":true,"href":"https:\/\/raritywatches.com\/ca\/wp-json\/wp\/v2\/media\/25783"}],"wp:attachment":[{"href":"https:\/\/raritywatches.com\/ca\/wp-json\/wp\/v2\/media?parent=26262"}],"wp:term":[{"taxonomy":"product_brand","embeddable":true,"href":"https:\/\/raritywatches.com\/ca\/wp-json\/wp\/v2\/product_brand?post=26262"},{"taxonomy":"product_cat","embeddable":true,"href":"https:\/\/raritywatches.com\/ca\/wp-json\/wp\/v2\/product_cat?post=26262"},{"taxonomy":"product_tag","embeddable":true,"href":"https:\/\/raritywatches.com\/ca\/wp-json\/wp\/v2\/product_tag?post=26262"},{"taxonomy":"giftcard-category","embeddable":true,"href":"https:\/\/raritywatches.com\/ca\/wp-json\/wp\/v2\/giftcard-category?post=26262"}],"curies":[{"name":"wp","href":"https:\/\/api.w.org\/{rel}","templated":true}]}}