{"id":26247,"date":"2023-01-03T13:02:27","date_gmt":"2023-01-03T12:02:27","guid":{"rendered":"https:\/\/raritywatches.com\/product\/epic-x-chrono-messi-titani-i-or-blanc\/"},"modified":"2023-01-29T11:13:21","modified_gmt":"2023-01-29T11:13:21","slug":"epic-x-chrono-messi-titani-i-or-blanc","status":"publish","type":"product","link":"https:\/\/raritywatches.com\/ca\/producte\/epic-x-chrono-messi-titani-i-or-blanc\/","title":{"rendered":"Jacob &amp; Co Epic X Chrono Messi Titani i or blanc"},"content":{"rendered":"","protected":false},"excerpt":{"rendered":"<p>Lionel Messi, el golejador m\u00e9s prol\u00edfic del futbol i, sens dubte, el millor jugador de futbol modern, podria haver escollit qualsevol empresa de rellotges del m\u00f3n per treballar, i va triar Jacob &amp; Co., una de les marques m\u00e9s creatives de l&#8217;alta rellotgeria. Va dir a Jacob Arabo, el fundador de Jacob &amp; Co., quan es va finalitzar l&#8217;associaci\u00f3: &#8220;Seguir\u00e9 intentant fer el millor possible al camp i junts realitzarem la nostra visi\u00f3&#8221;.<\/p>\n<p>Elogiat a nivell mundial per la seva incre\u00efble precisi\u00f3 i velocitat en el bell joc i seguit pel seu estil de vida que marca tend\u00e8ncia, Messi va treballar estretament amb Jacob &amp; Co, donant la seva aportaci\u00f3 personal i les seves marques comercials \u00faniques quan va dissenyar les Edicions Limitades Epic X Chrono &#8220;Messi&#8221;.<\/p>\n<p>&#8220;A Jacob &amp; Co., ens assegurem que ens associem amb els millors del m\u00f3n, o no ens associem en absolut&#8221;, diu Jacob Arabo, fundador de Jacob &amp; Co. &#8220;Amb Messi i l&#8217;Epic X Chrono, sens dubte ho hem aconseguit&#8221;.<\/p>\n<p>Per a aquesta associaci\u00f3, Jacob &amp; Co. va triar el rellotge m\u00e9s esportiu de la nostra l\u00ednia, l&#8217;Epic X Chrono, per adaptar-lo a un dels atletes d&#8217;elit m\u00e9s esportius del m\u00f3n.<\/p>\n","protected":false},"featured_media":25717,"comment_status":"open","ping_status":"closed","template":"","meta":{"om_disable_all_campaigns":false,"_monsterinsights_skip_tracking":false,"_monsterinsights_sitenote_active":false,"_monsterinsights_sitenote_note":"","_monsterinsights_sitenote_category":0},"product_brand":[],"product_cat":[411],"product_tag":[],"giftcard-category":[],"class_list":{"0":"post-26247","1":"product","2":"type-product","3":"status-publish","4":"has-post-thumbnail","6":"product_cat-jacob-co","8":"first","9":"instock","10":"taxable","11":"shipping-taxable","12":"purchasable","13":"product-type-simple"},"aioseo_notices":[],"_links":{"self":[{"href":"https:\/\/raritywatches.com\/ca\/wp-json\/wp\/v2\/product\/26247","targetHints":{"allow":["GET"]}}],"collection":[{"href":"https:\/\/raritywatches.com\/ca\/wp-json\/wp\/v2\/product"}],"about":[{"href":"https:\/\/raritywatches.com\/ca\/wp-json\/wp\/v2\/types\/product"}],"replies":[{"embeddable":true,"href":"https:\/\/raritywatches.com\/ca\/wp-json\/wp\/v2\/comments?post=26247"}],"version-history":[{"count":2,"href":"https:\/\/raritywatches.com\/ca\/wp-json\/wp\/v2\/product\/26247\/revisions"}],"predecessor-version":[{"id":26969,"href":"https:\/\/raritywatches.com\/ca\/wp-json\/wp\/v2\/product\/26247\/revisions\/26969"}],"wp:featuredmedia":[{"embeddable":true,"href":"https:\/\/raritywatches.com\/ca\/wp-json\/wp\/v2\/media\/25717"}],"wp:attachment":[{"href":"https:\/\/raritywatches.com\/ca\/wp-json\/wp\/v2\/media?parent=26247"}],"wp:term":[{"taxonomy":"product_brand","embeddable":true,"href":"https:\/\/raritywatches.com\/ca\/wp-json\/wp\/v2\/product_brand?post=26247"},{"taxonomy":"product_cat","embeddable":true,"href":"https:\/\/raritywatches.com\/ca\/wp-json\/wp\/v2\/product_cat?post=26247"},{"taxonomy":"product_tag","embeddable":true,"href":"https:\/\/raritywatches.com\/ca\/wp-json\/wp\/v2\/product_tag?post=26247"},{"taxonomy":"giftcard-category","embeddable":true,"href":"https:\/\/raritywatches.com\/ca\/wp-json\/wp\/v2\/giftcard-category?post=26247"}],"curies":[{"name":"wp","href":"https:\/\/api.w.org\/{rel}","templated":true}]}}